{"id":6228,"date":"2022-09-07T11:18:47","date_gmt":"2022-09-07T11:18:47","guid":{"rendered":"https:\/\/www.aircompressormpc.com\/producto\/thunder-130-moteur-compresseur-triphase\/"},"modified":"2025-03-11T09:01:42","modified_gmt":"2025-03-11T09:01:42","slug":"moteur-compresseur-sous-130-triphase","status":"publish","type":"product","link":"https:\/\/www.aircompressormpc.com\/fr\/producto\/moteur-compresseur-sous-130-triphase\/","title":{"rendered":"COMPRESSEUR MOTEUR TRIPHAS\u00c9 THUNDER 130 (50L)"},"content":{"rendered":"<h2><span style=\"color: #ff0000;\"><strong>La s\u00e9rie THUNDER. Motocompresseur avec g\u00e9n\u00e9rateur et module de soudage.<\/strong><\/span><\/h2>\n<p><strong>Moteur GX390 + M600<\/strong><\/p>\n<p><strong><span style=\"color: #000000;\">Nos compresseurs de la s\u00e9rie THUNDER sont le compl\u00e9ment parfait de l&rsquo;\u00e9quipement des v\u00e9hicules industriels ou commerciaux qui ont besoin d&rsquo;une autonomie en mati\u00e8re d&rsquo;alimentation en \u00e9lectricit\u00e9 et en eau, mais qui ont des limites d&rsquo;espace et de poids.<\/span><\/strong><\/p>\n<p><span style=\"color: #4a4a4a;\">Son moteur <strong>Honda GX390<\/strong> garantit une<strong> faible consommation d&rsquo;huile et de carburant, tout en offrant des niveaux de bruit et de vibration limit\u00e9s<\/strong>. Il comprend \u00e9galement un d\u00e9marreur \u00e9lectrique pour un d\u00e9marrage facile.<\/span><\/p>\n<p><span style=\"color: #4a4a4a;\">La t\u00eate du compresseur est compos\u00e9e de deux \u00e9tages et de deux cylindres en fonte et d&rsquo;une soupape automatique pour un contr\u00f4le maximal de l&rsquo;\u00e9tranglement.<\/span><\/p>\n<p><span style=\"color: #4a4a4a;\">L&rsquo;alternateur poss\u00e8de un r\u00e9gulateur de tension de sortie et des condensateurs.<\/span><\/p>\n<p><span style=\"color: #4a4a4a;\">Il comprend \u00e9galement des \u00e9quipements de filtrage et de lubrification.<\/span><\/p>\n<table border=\"0\" frame=\"VOID\" rules=\"NONE\" cellspacing=\"0\">\n<colgroup>\n<col width=\"86\" \/>\n<col width=\"86\" \/>\n<col width=\"86\" \/>\n<col width=\"86\" \/>\n<col width=\"86\" \/>\n<col width=\"86\" \/>\n<col width=\"86\" \/>\n<col width=\"86\" \/>\n<col width=\"86\" \/>\n<col width=\"86\" \/><\/colgroup>\n<tbody>\n<tr>\n<td align=\"CENTER\" bgcolor=\"#CA1E16\" width=\"86\" height=\"32\"><span style=\"color: #ffffff; font-family: Futura Std Condensed;\">Code<\/span><\/td>\n<td align=\"CENTER\" bgcolor=\"#CA1E16\" width=\"86\"><span style=\"color: #ffffff; font-family: Futura Std Condensed;\">Mod\u00e8le<br \/>\n<\/span><\/td>\n<td align=\"CENTER\" bgcolor=\"#CA1E16\" width=\"86\"><i><span style=\"color: #ffffff; font-family: Futura Std Condensed;\">Litres<\/span><\/i><\/td>\n<td align=\"CENTER\" bgcolor=\"#CA1E16\" width=\"86\"><i><span style=\"color: #ffffff; font-family: Futura Std Condensed;\">G\u00e9n\u00e9rateur<\/span><\/i><\/td>\n<td align=\"CENTER\" bgcolor=\"#CA1E16\" width=\"86\"><i><span style=\"color: #ffffff; font-family: Futura Std Condensed;\">Air aspir\u00e9<\/span><\/i><\/td>\n<td align=\"CENTER\" bgcolor=\"#CA1E16\" width=\"86\"><i><span style=\"color: #ffffff; font-family: Futura Std Condensed;\">Tension de sortie<br \/>\n<\/span><\/i><\/td>\n<td align=\"CENTER\" bgcolor=\"#CA1E16\" width=\"86\"><i><span style=\"color: #ffffff; font-family: Futura Std Condensed;\">Puissance (HP)<\/span><\/i><\/td>\n<td align=\"CENTER\" bgcolor=\"#CA1E16\" width=\"86\"><i><span style=\"color: #ffffff; font-family: Futura Std Condensed;\">P.max.<br \/>\n(Bar)<\/span><\/i><\/td>\n<td align=\"CENTER\" bgcolor=\"#CA1E16\" width=\"86\"><i><span style=\"color: #ffffff; font-family: Futura Std Condensed;\">Longueur\/largeur\/hauteur (cm)<\/span><\/i><\/td>\n<td align=\"CENTER\" bgcolor=\"#CA1E16\" width=\"86\"><span style=\"color: #ffffff; font-family: Futura Std Condensed;\">D\u00e9but<\/span><\/td>\n<\/tr>\n<tr>\n<td align=\"CENTER\" bgcolor=\"#DCE2EB\" height=\"30\"><b><span style=\"color: #ca1e16; font-family: Futura Std Condensed;\">1.101.228<\/span><\/b><\/td>\n<td align=\"CENTER\"><b><span style=\"color: #ca1e16; font-family: Futura Std Condensed;\">THUNDER 130 TRIPHAS\u00c9<\/span><\/b><\/td>\n<td align=\"CENTER\"><span style=\"color: #000000; font-family: Futura Std Condensed;\">50<\/span><\/td>\n<td align=\"CENTER\"><span style=\"color: #000000; font-family: Futura Std Condensed;\">7 KvA III\/3,5 Kva II<\/span><\/td>\n<td align=\"CENTER\"><span style=\"color: #000000; font-family: Futura Std Condensed;\">900<\/span><\/td>\n<td align=\"CENTER\"><span style=\"color: #000000; font-family: Futura Std Condensed;\"><br \/>\n400 III\/ 230 -50Hz(II)<\/span><\/td>\n<td align=\"CENTER\"><span style=\"color: #000000; font-family: Futura Std Condensed;\">13<\/span><\/td>\n<td align=\"CENTER\"><span style=\"color: #000000; font-family: Futura Std Condensed;\">14<\/span><\/td>\n<td align=\"CENTER\"><span style=\"color: #000000; font-family: Futura Std Condensed;\">120 x 50 x 95<\/span><\/td>\n<td align=\"CENTER\"><span style=\"color: #ca1e16; font-family: Futura Std Condensed;\">\u00c9lectrique\/Manuel<\/span><\/td>\n<\/tr>\n<\/tbody>\n<\/table>\n<p><img loading=\"lazy\" decoding=\"async\" class=\"alignnone wp-image-9438 size-large\" src=\"https:\/\/www.aircompressormpc.com\/wp-content\/uploads\/2022\/07\/COMPRESOR-PARA-ASISTENCIA-EN-CARRETERA-MPC-THUNDER-130-e1739955072885-1024x772.jpg\" alt=\"COMPRESOR PARA FURGONETAS MPC\" width=\"1024\" height=\"772\" srcset=\"https:\/\/www.aircompressormpc.com\/wp-content\/uploads\/2022\/07\/COMPRESOR-PARA-ASISTENCIA-EN-CARRETERA-MPC-THUNDER-130-e1739955072885-1024x772.jpg 1024w, https:\/\/www.aircompressormpc.com\/wp-content\/uploads\/2022\/07\/COMPRESOR-PARA-ASISTENCIA-EN-CARRETERA-MPC-THUNDER-130-e1739955072885-300x226.jpg 300w, https:\/\/www.aircompressormpc.com\/wp-content\/uploads\/2022\/07\/COMPRESOR-PARA-ASISTENCIA-EN-CARRETERA-MPC-THUNDER-130-e1739955072885-768x579.jpg 768w, https:\/\/www.aircompressormpc.com\/wp-content\/uploads\/2022\/07\/COMPRESOR-PARA-ASISTENCIA-EN-CARRETERA-MPC-THUNDER-130-e1739955072885-1536x1157.jpg 1536w, https:\/\/www.aircompressormpc.com\/wp-content\/uploads\/2022\/07\/COMPRESOR-PARA-ASISTENCIA-EN-CARRETERA-MPC-THUNDER-130-e1739955072885-600x452.jpg 600w, https:\/\/www.aircompressormpc.com\/wp-content\/uploads\/2022\/07\/COMPRESOR-PARA-ASISTENCIA-EN-CARRETERA-MPC-THUNDER-130-e1739955072885-64x48.jpg 64w, https:\/\/www.aircompressormpc.com\/wp-content\/uploads\/2022\/07\/COMPRESOR-PARA-ASISTENCIA-EN-CARRETERA-MPC-THUNDER-130-e1739955072885.jpg 2000w\" sizes=\"auto, (max-width: 1024px) 100vw, 1024px\" \/><\/p>\n","protected":false},"excerpt":{"rendered":"<p><img loading=\"lazy\" decoding=\"async\" class=\"alignleft wp-image-16024 size-full\" src=\"https:\/\/www.aircompressormpc.com\/wp-content\/uploads\/2022\/09\/1.101.228-2.jpg\" alt=\"\" width=\"718\" height=\"289\" srcset=\"https:\/\/www.aircompressormpc.com\/wp-content\/uploads\/2022\/09\/1.101.228-2.jpg 718w, https:\/\/www.aircompressormpc.com\/wp-content\/uploads\/2022\/09\/1.101.228-2-300x121.jpg 300w, https:\/\/www.aircompressormpc.com\/wp-content\/uploads\/2022\/09\/1.101.228-2-600x242.jpg 600w, https:\/\/www.aircompressormpc.com\/wp-content\/uploads\/2022\/09\/1.101.228-2-64x26.jpg 64w\" sizes=\"auto, (max-width: 718px) 100vw, 718px\" \/><img loading=\"lazy\" decoding=\"async\" class=\"size-full wp-image-1537 alignleft\" src=\"https:\/\/www.aircompressormpc.com\/wp-content\/uploads\/2017\/02\/EASY_START.png\" alt=\"\" width=\"120\" height=\"85\" srcset=\"https:\/\/www.aircompressormpc.com\/wp-content\/uploads\/2017\/02\/EASY_START.png 318w, https:\/\/www.aircompressormpc.com\/wp-content\/uploads\/2017\/02\/EASY_START-300x214.png 300w\" sizes=\"auto, (max-width: 120px) 100vw, 120px\" \/><img loading=\"lazy\" decoding=\"async\" class=\"size-full wp-image-1588 alignleft\" src=\"https:\/\/www.aircompressormpc.com\/wp-content\/uploads\/2017\/02\/VNG.png\" alt=\"\" width=\"120\" height=\"55\" srcset=\"https:\/\/www.aircompressormpc.com\/wp-content\/uploads\/2017\/02\/VNG.png 369w, https:\/\/www.aircompressormpc.com\/wp-content\/uploads\/2017\/02\/VNG-300x139.png 300w\" sizes=\"auto, (max-width: 120px) 100vw, 120px\" \/><img loading=\"lazy\" decoding=\"async\" class=\"size-full wp-image-1621 alignleft\" src=\"https:\/\/www.aircompressormpc.com\/wp-content\/uploads\/2017\/02\/TCS.png\" alt=\"\" width=\"120\" height=\"49\" srcset=\"https:\/\/www.aircompressormpc.com\/wp-content\/uploads\/2017\/02\/TCS.png 308w, https:\/\/www.aircompressormpc.com\/wp-content\/uploads\/2017\/02\/TCS-300x125.png 300w\" sizes=\"auto, (max-width: 120px) 100vw, 120px\" \/><img loading=\"lazy\" decoding=\"async\" class=\"size-full wp-image-1585 alignleft\" src=\"https:\/\/www.aircompressormpc.com\/wp-content\/uploads\/2017\/02\/AVR2.png\" alt=\"\" width=\"120\" height=\"58\" srcset=\"https:\/\/www.aircompressormpc.com\/wp-content\/uploads\/2017\/02\/AVR2.png 1706w, https:\/\/www.aircompressormpc.com\/wp-content\/uploads\/2017\/02\/AVR2-300x143.png 300w, https:\/\/www.aircompressormpc.com\/wp-content\/uploads\/2017\/02\/AVR2-1024x487.png 1024w, https:\/\/www.aircompressormpc.com\/wp-content\/uploads\/2017\/02\/AVR2-768x366.png 768w, https:\/\/www.aircompressormpc.com\/wp-content\/uploads\/2017\/02\/AVR2-1536x731.png 1536w, https:\/\/www.aircompressormpc.com\/wp-content\/uploads\/2017\/02\/AVR2-600x286.png 600w\" sizes=\"auto, (max-width: 120px) 100vw, 120px\" \/><\/p>\n","protected":false},"featured_media":16045,"template":"","meta":[],"product_brand":[],"product_cat":[679,681,1241,680],"product_tag":[1344,685,692,690,683,688,682,687,686,689,684,691,694],"class_list":{"0":"post-6228","1":"product","2":"type-product","3":"status-publish","4":"has-post-thumbnail","6":"product_cat-motocompresseurs","7":"product_cat-serie-thunder","8":"product_cat-serie-thunder-gasolina-fr","9":"product_cat-unites-mobiles","10":"product_tag-13-hp-fr","11":"product_tag-14-bar-fr","12":"product_tag-200a-fr","13":"product_tag-5-kva-fr","14":"product_tag-50-litres-fr","15":"product_tag-900-l-min-fr","16":"product_tag-compresseur-fr","17":"product_tag-equipement-des-vehicules-fr","18":"product_tag-essence-fr","19":"product_tag-generateur-fr","20":"product_tag-honda-fr","21":"product_tag-soudage","22":"product_tag-tonnerre","24":"first","25":"instock","26":"shipping-taxable","27":"purchasable","28":"product-type-simple"},"aioseo_notices":[],"_links":{"self":[{"href":"https:\/\/www.aircompressormpc.com\/fr\/wp-json\/wp\/v2\/product\/6228","targetHints":{"allow":["GET"]}}],"collection":[{"href":"https:\/\/www.aircompressormpc.com\/fr\/wp-json\/wp\/v2\/product"}],"about":[{"href":"https:\/\/www.aircompressormpc.com\/fr\/wp-json\/wp\/v2\/types\/product"}],"wp:featuredmedia":[{"embeddable":true,"href":"https:\/\/www.aircompressormpc.com\/fr\/wp-json\/wp\/v2\/media\/16045"}],"wp:attachment":[{"href":"https:\/\/www.aircompressormpc.com\/fr\/wp-json\/wp\/v2\/media?parent=6228"}],"wp:term":[{"taxonomy":"product_brand","embeddable":true,"href":"https:\/\/www.aircompressormpc.com\/fr\/wp-json\/wp\/v2\/product_brand?post=6228"},{"taxonomy":"product_cat","embeddable":true,"href":"https:\/\/www.aircompressormpc.com\/fr\/wp-json\/wp\/v2\/product_cat?post=6228"},{"taxonomy":"product_tag","embeddable":true,"href":"https:\/\/www.aircompressormpc.com\/fr\/wp-json\/wp\/v2\/product_tag?post=6228"}],"curies":[{"name":"wp","href":"https:\/\/api.w.org\/{rel}","templated":true}]}}