{"id":5693,"date":"2022-09-02T06:36:16","date_gmt":"2022-09-02T06:36:16","guid":{"rendered":"http:\/\/aircompressormpc.servicioempresa.com\/?post_type=product&#038;p=5693"},"modified":"2022-09-02T06:52:24","modified_gmt":"2022-09-02T06:52:24","slug":"espiral-de-poliuretano-conector-rapido","status":"publish","type":"product","link":"https:\/\/www.aircompressormpc.com\/fr\/producto\/espiral-de-poliuretano-conector-rapido\/","title":{"rendered":"ESPIRAL DE POLIURETANO + CONECTOR R\u00c1PIDO"},"content":{"rendered":"<h1>Manguera espiral de poliuretano con conector r\u00e1pido.<\/h1>\n<p>Manguera espiral de poliuretano, racor orientable en ambos lados, con conector r\u00e1pido. Poliuretano 98 Shore.<\/p>\n<table border=\"0\" frame=\"VOID\" rules=\"NONE\" cellspacing=\"0\">\n<colgroup>\n<col width=\"86\" \/>\n<col width=\"86\" \/>\n<col width=\"86\" \/>\n<col width=\"86\" \/><\/colgroup>\n<tbody>\n<tr>\n<td colspan=\"4\" align=\"CENTER\" width=\"343\" height=\"17\"><i><span style=\"color: #000000; font-family: Futura Std Condensed;\"> Manguera 5&#215;8 metros &#8211; Max. presi\u00f3n : 14 bar<\/span><\/i><\/td>\n<\/tr>\n<tr>\n<td align=\"CENTER\" bgcolor=\"#CD1619\" height=\"17\"><b><span style=\"color: #ffffff; font-family: Futura Std Condensed;\">C\u00f3digo<\/span><\/b><\/td>\n<td align=\"CENTER\" bgcolor=\"#CD1619\"><b><span style=\"color: #ffffff; font-family: Futura Std Condensed;\">Longitud (m)<\/span><\/b><\/td>\n<td align=\"CENTER\" bgcolor=\"#CD1619\"><b><span style=\"color: #ffffff; font-family: Futura Std Condensed;\">Bar<\/span><\/b><\/td>\n<td align=\"CENTER\" bgcolor=\"#CD1619\"><b><span style=\"color: #ffffff; font-family: Futura Std Condensed;\">\u00d8 Int \/ Ext<\/span><\/b><\/td>\n<\/tr>\n<tr>\n<td align=\"CENTER\" bgcolor=\"#DCE2EB\" height=\"17\"><b><span style=\"color: #cd1619; font-family: Futura Std Condensed;\">2.200.027-B<\/span><\/b><\/td>\n<td align=\"CENTER\"><span style=\"color: #000000; font-family: Futura Std Condensed;\">5<\/span><\/td>\n<td align=\"CENTER\"><span style=\"color: #000000; font-family: Futura Std Condensed;\">14<\/span><\/td>\n<td align=\"CENTER\"><span style=\"color: #000000; font-family: Futura Std Condensed;\">05\/08<\/span><\/td>\n<\/tr>\n<tr>\n<td align=\"CENTER\" bgcolor=\"#DCE2EB\" height=\"17\"><b><span style=\"color: #cd1619; font-family: Futura Std Condensed;\">2.200.028-B<\/span><\/b><\/td>\n<td align=\"CENTER\"><span style=\"color: #000000; font-family: Futura Std Condensed;\">10<\/span><\/td>\n<td align=\"CENTER\"><span style=\"color: #000000; font-family: Futura Std Condensed;\">14<\/span><\/td>\n<td align=\"CENTER\"><span style=\"color: #000000; font-family: Futura Std Condensed;\">05\/08<\/span><\/td>\n<\/tr>\n<tr>\n<td align=\"CENTER\" bgcolor=\"#DCE2EB\" height=\"17\"><b><span style=\"color: #cd1619; font-family: Futura Std Condensed;\">2.200.029-B<\/span><\/b><\/td>\n<td align=\"CENTER\"><span style=\"color: #000000; font-family: Futura Std Condensed;\">15<\/span><\/td>\n<td align=\"CENTER\"><span style=\"color: #000000; font-family: Futura Std Condensed;\">14<\/span><\/td>\n<td align=\"CENTER\"><span style=\"color: #000000; font-family: Futura Std Condensed;\">05\/08<\/span><\/td>\n<\/tr>\n<\/tbody>\n<\/table>\n<p>&nbsp;<\/p>\n<table border=\"0\" frame=\"VOID\" rules=\"NONE\" cellspacing=\"0\">\n<colgroup>\n<col width=\"86\" \/>\n<col width=\"86\" \/>\n<col width=\"86\" \/>\n<col width=\"86\" \/><\/colgroup>\n<tbody>\n<tr>\n<td colspan=\"4\" align=\"CENTER\" width=\"343\" height=\"18\"><i><span style=\"color: #000000; font-family: Futura Std Condensed;\"> Manguera 8&#215;12 metros &#8211; Max. presi\u00f3n: 12 bar<\/span><\/i><\/td>\n<\/tr>\n<tr>\n<td align=\"CENTER\" bgcolor=\"#CD1619\" height=\"17\"><b><span style=\"color: #ffffff; font-family: Futura Std Condensed;\">C\u00f3digo<\/span><\/b><\/td>\n<td align=\"CENTER\" bgcolor=\"#CD1619\"><b><span style=\"color: #ffffff; font-family: Futura Std Condensed;\">Longitud (m)<\/span><\/b><\/td>\n<td align=\"CENTER\" bgcolor=\"#CD1619\"><b><span style=\"color: #ffffff; font-family: Futura Std Condensed;\">Bar<\/span><\/b><\/td>\n<td align=\"CENTER\" bgcolor=\"#CD1619\"><b><span style=\"color: #ffffff; font-family: Futura Std Condensed;\">\u00d8 Int \/ Ext<\/span><\/b><\/td>\n<\/tr>\n<tr>\n<td align=\"CENTER\" bgcolor=\"#DCE2EB\" height=\"17\"><b><span style=\"color: #cd1619; font-family: Futura Std Condensed;\">2.200.037-B<\/span><\/b><\/td>\n<td align=\"CENTER\"><span style=\"color: #000000; font-family: Futura Std Condensed;\">5<\/span><\/td>\n<td align=\"CENTER\"><span style=\"color: #000000; font-family: Futura Std Condensed;\">12<\/span><\/td>\n<td align=\"CENTER\"><span style=\"color: #000000; font-family: Futura Std Condensed;\">08\/12<\/span><\/td>\n<\/tr>\n<tr>\n<td align=\"CENTER\" bgcolor=\"#DCE2EB\" height=\"17\"><b><span style=\"color: #cd1619; font-family: Futura Std Condensed;\">2.200.038-B<\/span><\/b><\/td>\n<td align=\"CENTER\"><span style=\"color: #000000; font-family: Futura Std Condensed;\">10<\/span><\/td>\n<td align=\"CENTER\"><span style=\"color: #000000; font-family: Futura Std Condensed;\">12<\/span><\/td>\n<td align=\"CENTER\"><span style=\"color: #000000; font-family: Futura Std Condensed;\">08\/12<\/span><\/td>\n<\/tr>\n<tr>\n<td align=\"CENTER\" bgcolor=\"#DCE2EB\" height=\"17\"><b><span style=\"color: #cd1619; font-family: Futura Std Condensed;\">2.200.039-B<\/span><\/b><\/td>\n<td align=\"CENTER\"><span style=\"color: #000000; font-family: Futura Std Condensed;\">15<\/span><\/td>\n<td align=\"CENTER\"><span style=\"color: #000000; font-family: Futura Std Condensed;\">12<\/span><\/td>\n<td align=\"CENTER\"><span style=\"color: #000000; font-family: Futura Std Condensed;\">08\/12<\/span><\/td>\n<\/tr>\n<\/tbody>\n<\/table>\n<p>&nbsp;<\/p>\n","protected":false},"excerpt":{"rendered":"<p>Manguera espiral de poliuretano con conector r\u00e1pido. Manguera espiral de poliuretano, racor orientable en ambos lados, con conector r\u00e1pido. Poliuretano 98 Shore. Manguera 5&#215;8 metros &#8211; Max. presi\u00f3n : 14 bar C\u00f3digo Longitud (m) Bar \u00d8 Int \/ Ext 2.200.027-B 5 14 05\/08 2.200.028-B 10 14 05\/08 2.200.029-B 15 14 05\/08 &nbsp; Manguera 8&#215;12 metros&hellip;<\/p>\n","protected":false},"featured_media":5695,"template":"","meta":[],"product_brand":[],"product_cat":[536,544],"product_tag":[358,357,491],"class_list":{"0":"post-5693","1":"product","2":"type-product","3":"status-publish","4":"has-post-thumbnail","6":"product_cat-accesorios","7":"product_cat-mangueras","8":"product_tag-alta-presion","9":"product_tag-mangueras","10":"product_tag-rollo-manguera","12":"first","13":"instock","14":"shipping-taxable","15":"purchasable","16":"product-type-simple"},"aioseo_notices":[],"_links":{"self":[{"href":"https:\/\/www.aircompressormpc.com\/fr\/wp-json\/wp\/v2\/product\/5693","targetHints":{"allow":["GET"]}}],"collection":[{"href":"https:\/\/www.aircompressormpc.com\/fr\/wp-json\/wp\/v2\/product"}],"about":[{"href":"https:\/\/www.aircompressormpc.com\/fr\/wp-json\/wp\/v2\/types\/product"}],"wp:featuredmedia":[{"embeddable":true,"href":"https:\/\/www.aircompressormpc.com\/fr\/wp-json\/wp\/v2\/media\/5695"}],"wp:attachment":[{"href":"https:\/\/www.aircompressormpc.com\/fr\/wp-json\/wp\/v2\/media?parent=5693"}],"wp:term":[{"taxonomy":"product_brand","embeddable":true,"href":"https:\/\/www.aircompressormpc.com\/fr\/wp-json\/wp\/v2\/product_brand?post=5693"},{"taxonomy":"product_cat","embeddable":true,"href":"https:\/\/www.aircompressormpc.com\/fr\/wp-json\/wp\/v2\/product_cat?post=5693"},{"taxonomy":"product_tag","embeddable":true,"href":"https:\/\/www.aircompressormpc.com\/fr\/wp-json\/wp\/v2\/product_tag?post=5693"}],"curies":[{"name":"wp","href":"https:\/\/api.w.org\/{rel}","templated":true}]}}