{"id":5171,"date":"2022-08-23T11:04:04","date_gmt":"2022-08-23T11:04:04","guid":{"rendered":"http:\/\/aircompressormpc.servicioempresa.com\/?post_type=product&#038;p=5171"},"modified":"2022-08-23T12:36:02","modified_gmt":"2022-08-23T12:36:02","slug":"val-450-purgador-automatico-1-4-1-2-hi-pro","status":"publish","type":"product","link":"https:\/\/www.aircompressormpc.com\/fr\/producto\/val-450-purgador-automatico-1-4-1-2-hi-pro\/","title":{"rendered":"VAL-450 PURGADOR AUTOM\u00c1TICO 1\/4&Prime;-1\/2&Prime; HI-PRO"},"content":{"rendered":"<p>El purgador autom\u00e1tico de 230V de MPC permite el drenaje eliminando la condensaci\u00f3n de forma eficiente. Incluye una conexi\u00f3n de 1\/4&Prime; con regulaci\u00f3n del ciclo y del tiempo de apertura.<\/p>\n<ul>\n<li>\u00a0V\u00e1lvulas solenoides 230\/50 \/ II.<\/li>\n<li>V\u00e1lvulas 2 posiciones.<\/li>\n<li>Conducto de aire di\u00e1metro 4,5 mm.<\/li>\n<li>Cuerpo de lat\u00f3n con filtro integrado.<\/li>\n<li>\u00a0Grifo de apertura\/cierre con rejilla de filtro.<\/li>\n<\/ul>\n<pre id=\"tw-target-text\" class=\"tw-data-text vk_txt tw-ta tw-text-small\" dir=\"ltr\"><\/pre>\n","protected":false},"excerpt":{"rendered":"<p>El purgador autom\u00e1tico de 230V de MPC permite el drenaje eliminando la condensaci\u00f3n de forma eficiente. Incluye una conexi\u00f3n de 1\/4&Prime; con regulaci\u00f3n del ciclo y del tiempo de apertura. \u00a0V\u00e1lvulas solenoides 230\/50 \/ II. V\u00e1lvulas 2 posiciones. Conducto de aire di\u00e1metro 4,5 mm. Cuerpo de lat\u00f3n con filtro integrado. \u00a0Grifo de apertura\/cierre con rejilla&hellip;<\/p>\n","protected":false},"featured_media":982,"template":"","meta":[],"product_brand":[],"product_cat":[536,541,612],"product_tag":[322,324,325,326],"class_list":{"0":"post-5171","1":"product","2":"type-product","3":"status-publish","4":"has-post-thumbnail","6":"product_cat-accesorios","7":"product_cat-valvulas","8":"product_cat-valvulas-de-purga","9":"product_tag-230v","10":"product_tag-purgador-automatico","11":"product_tag-regulacion-del-ciclo","12":"product_tag-regulacion-tiempo-de-apertura","14":"first","15":"instock","16":"shipping-taxable","17":"purchasable","18":"product-type-simple"},"aioseo_notices":[],"_links":{"self":[{"href":"https:\/\/www.aircompressormpc.com\/fr\/wp-json\/wp\/v2\/product\/5171","targetHints":{"allow":["GET"]}}],"collection":[{"href":"https:\/\/www.aircompressormpc.com\/fr\/wp-json\/wp\/v2\/product"}],"about":[{"href":"https:\/\/www.aircompressormpc.com\/fr\/wp-json\/wp\/v2\/types\/product"}],"wp:featuredmedia":[{"embeddable":true,"href":"https:\/\/www.aircompressormpc.com\/fr\/wp-json\/wp\/v2\/media\/982"}],"wp:attachment":[{"href":"https:\/\/www.aircompressormpc.com\/fr\/wp-json\/wp\/v2\/media?parent=5171"}],"wp:term":[{"taxonomy":"product_brand","embeddable":true,"href":"https:\/\/www.aircompressormpc.com\/fr\/wp-json\/wp\/v2\/product_brand?post=5171"},{"taxonomy":"product_cat","embeddable":true,"href":"https:\/\/www.aircompressormpc.com\/fr\/wp-json\/wp\/v2\/product_cat?post=5171"},{"taxonomy":"product_tag","embeddable":true,"href":"https:\/\/www.aircompressormpc.com\/fr\/wp-json\/wp\/v2\/product_tag?post=5171"}],"curies":[{"name":"wp","href":"https:\/\/api.w.org\/{rel}","templated":true}]}}