{"id":5124,"date":"2022-08-23T09:54:58","date_gmt":"2022-08-23T09:54:58","guid":{"rendered":"http:\/\/aircompressormpc.servicioempresa.com\/?post_type=product&#038;p=5124"},"modified":"2022-08-29T12:32:54","modified_gmt":"2022-08-29T12:32:54","slug":"valvula-corredera-h-h","status":"publish","type":"product","link":"https:\/\/www.aircompressormpc.com\/fr\/producto\/valvula-corredera-h-h\/","title":{"rendered":"VALVULA CORREDERA H-H"},"content":{"rendered":"<h2><span style=\"color: #ff0000;\">V\u00e1vula corredera<\/span><\/h2>\n<p>V\u00e1lvula l\u00ednea construida en UNE- EN 12165. Extremo rosca hembra seg\u00fan UNE-ISO 228-1. Temp. de servicio de -10\u00ba a 90\u00ba. Prensa estopa con guarnici\u00f3n de PTFE. Totalmente cromada. V\u00e1lvula de cierre r\u00e1pido, todo o nada. Apta para sistemas de aire.<\/p>\n<table border=\"0\" frame=\"VOID\" rules=\"NONE\" cellspacing=\"0\">\n<colgroup>\n<col width=\"86\" \/>\n<col width=\"86\" \/>\n<col width=\"86\" \/>\n<col width=\"86\" \/>\n<col width=\"86\" \/><\/colgroup>\n<tbody>\n<tr>\n<td align=\"CENTER\" bgcolor=\"#CD1619\" width=\"86\" height=\"17\"><b><span style=\"color: #ffffff; font-family: Futura Std Condensed;\">C\u00f3digo<\/span><\/b><\/td>\n<td align=\"CENTER\" bgcolor=\"#CD1619\" width=\"86\"><b><span style=\"color: #ffffff; font-family: Futura Std Condensed;\">Rosca<\/span><\/b><\/td>\n<td align=\"CENTER\" bgcolor=\"#CD1619\" width=\"86\"><b><span style=\"color: #ffffff; font-family: Futura Std Condensed;\">D<\/span><\/b><\/td>\n<td align=\"CENTER\" bgcolor=\"#CD1619\" width=\"86\"><b><span style=\"color: #ffffff; font-family: Futura Std Condensed;\">L<\/span><\/b><\/td>\n<td align=\"CENTER\" bgcolor=\"#CD1619\" width=\"86\"><b><span style=\"color: #ffffff; font-family: Futura Std Condensed;\">CH<\/span><\/b><\/td>\n<\/tr>\n<tr>\n<td align=\"CENTER\" bgcolor=\"#DCE2EB\" height=\"17\"><b><span style=\"color: #cd1619; font-family: Futura Std Condensed;\">2.400.360<\/span><\/b><\/td>\n<td style=\"text-align: center;\" align=\"LEFT\"><span style=\"color: #000000; font-family: Futura Std Condensed;\">1\/8\u201d <\/span><\/td>\n<td style=\"text-align: center;\" align=\"RIGHT\"><span style=\"color: #000000; font-family: Futura Std Condensed;\">22<\/span><\/td>\n<td style=\"text-align: center;\" align=\"RIGHT\"><span style=\"color: #000000; font-family: Futura Std Condensed;\">43<\/span><\/td>\n<td style=\"text-align: center;\" align=\"RIGHT\"><span style=\"color: #000000; font-family: Futura Std Condensed;\">14<\/span><\/td>\n<\/tr>\n<tr>\n<td align=\"CENTER\" bgcolor=\"#DCE2EB\" height=\"17\"><b><span style=\"color: #cd1619; font-family: Futura Std Condensed;\">2.400.361<\/span><\/b><\/td>\n<td style=\"text-align: center;\" align=\"LEFT\"><span style=\"color: #000000; font-family: Futura Std Condensed;\">1\/4\u201d<\/span><\/td>\n<td style=\"text-align: center;\" align=\"RIGHT\"><span style=\"color: #000000; font-family: Futura Std Condensed;\">26<\/span><\/td>\n<td style=\"text-align: center;\" align=\"RIGHT\"><span style=\"color: #000000; font-family: Futura Std Condensed;\">50<\/span><\/td>\n<td style=\"text-align: center;\" align=\"RIGHT\"><span style=\"color: #000000; font-family: Futura Std Condensed;\">19<\/span><\/td>\n<\/tr>\n<tr>\n<td align=\"CENTER\" bgcolor=\"#DCE2EB\" height=\"17\"><b><span style=\"color: #cd1619; font-family: Futura Std Condensed;\">2.400.362<\/span><\/b><\/td>\n<td style=\"text-align: center;\" align=\"LEFT\"><span style=\"color: #000000; font-family: Futura Std Condensed;\">3\/8\u201d<\/span><\/td>\n<td style=\"text-align: center;\" align=\"RIGHT\"><span style=\"color: #000000; font-family: Futura Std Condensed;\">32<\/span><\/td>\n<td style=\"text-align: center;\" align=\"RIGHT\"><span style=\"color: #000000; font-family: Futura Std Condensed;\">60<\/span><\/td>\n<td style=\"text-align: center;\" align=\"RIGHT\"><span style=\"color: #000000; font-family: Futura Std Condensed;\">22<\/span><\/td>\n<\/tr>\n<tr>\n<td style=\"text-align: center;\" align=\"CENTER\" bgcolor=\"#DCE2EB\" height=\"17\"><b><span style=\"color: #cd1619; font-family: Futura Std Condensed;\">2.400.363<\/span><\/b><\/td>\n<td style=\"text-align: center;\" align=\"LEFT\"><span style=\"color: #000000; font-family: Futura Std Condensed;\">1\/2\u201d<\/span><\/td>\n<td style=\"text-align: center;\" align=\"RIGHT\"><span style=\"color: #000000; font-family: Futura Std Condensed;\">36<\/span><\/td>\n<td style=\"text-align: center;\" align=\"LEFT\"><span style=\"color: #000000; font-family: Futura Std Condensed;\">65.5<\/span><\/td>\n<td style=\"text-align: center;\" align=\"RIGHT\"><span style=\"color: #000000; font-family: Futura Std Condensed;\">27<\/span><\/td>\n<\/tr>\n<\/tbody>\n<\/table>\n","protected":false},"excerpt":{"rendered":"<p><img loading=\"lazy\" decoding=\"async\" class=\"alignnone wp-image-5120 size-full\" src=\"https:\/\/www.aircompressormpc.com\/wp-content\/uploads\/2022\/08\/icono2.jpg\" alt=\"\" width=\"600\" height=\"308\" \/><\/p>\n","protected":false},"featured_media":5135,"template":"","meta":[],"product_brand":[],"product_cat":[536,541,618],"product_tag":[610,617],"class_list":{"0":"post-5124","1":"product","2":"type-product","3":"status-publish","4":"has-post-thumbnail","6":"product_cat-accesorios","7":"product_cat-valvulas","8":"product_cat-valvulas-linea","9":"product_tag-valvulas","10":"product_tag-valvulas-retencion","12":"first","13":"instock","14":"shipping-taxable","15":"purchasable","16":"product-type-simple"},"aioseo_notices":[],"_links":{"self":[{"href":"https:\/\/www.aircompressormpc.com\/fr\/wp-json\/wp\/v2\/product\/5124","targetHints":{"allow":["GET"]}}],"collection":[{"href":"https:\/\/www.aircompressormpc.com\/fr\/wp-json\/wp\/v2\/product"}],"about":[{"href":"https:\/\/www.aircompressormpc.com\/fr\/wp-json\/wp\/v2\/types\/product"}],"wp:featuredmedia":[{"embeddable":true,"href":"https:\/\/www.aircompressormpc.com\/fr\/wp-json\/wp\/v2\/media\/5135"}],"wp:attachment":[{"href":"https:\/\/www.aircompressormpc.com\/fr\/wp-json\/wp\/v2\/media?parent=5124"}],"wp:term":[{"taxonomy":"product_brand","embeddable":true,"href":"https:\/\/www.aircompressormpc.com\/fr\/wp-json\/wp\/v2\/product_brand?post=5124"},{"taxonomy":"product_cat","embeddable":true,"href":"https:\/\/www.aircompressormpc.com\/fr\/wp-json\/wp\/v2\/product_cat?post=5124"},{"taxonomy":"product_tag","embeddable":true,"href":"https:\/\/www.aircompressormpc.com\/fr\/wp-json\/wp\/v2\/product_tag?post=5124"}],"curies":[{"name":"wp","href":"https:\/\/api.w.org\/{rel}","templated":true}]}}