{"id":4935,"date":"2022-08-05T11:29:16","date_gmt":"2022-08-05T11:29:16","guid":{"rendered":"http:\/\/aircompressormpc.servicioempresa.com\/?post_type=product&#038;p=4935"},"modified":"2022-10-04T08:18:27","modified_gmt":"2022-10-04T08:18:27","slug":"recambio-filtro-linea-cf-0-003-mg-m3","status":"publish","type":"product","link":"https:\/\/www.aircompressormpc.com\/fr\/producto\/recambio-filtro-linea-cf-0-003-mg-m3\/","title":{"rendered":"RECAMBIO FILTRO LINEA CF 0.003 MG\/M3"},"content":{"rendered":"<p>Cartucho de carb\u00f3n activado 0,003 mg \/ m3 para reemplazo.<br \/>\nCa\u00edda de presi\u00f3n: 60 mbar.<br \/>\nMaterial del filtro: carb\u00f3n activado<\/p>\n<table border=\"0\" frame=\"VOID\" rules=\"NONE\" cellspacing=\"0\">\n<colgroup>\n<col width=\"138\" \/>\n<col width=\"138\" \/><\/colgroup>\n<tbody>\n<tr>\n<td align=\"CENTER\" bgcolor=\"#CD1619\" width=\"138\" height=\"17\"><b><span style=\"color: #ffffff;\">C\u00f3digo<\/span><\/b><\/td>\n<td align=\"CENTER\" bgcolor=\"#CD1619\" width=\"138\"><b><span style=\"color: #ffffff;\">Cuerpo de rosca<\/span><\/b><\/td>\n<\/tr>\n<tr>\n<td align=\"CENTER\" bgcolor=\"#DCE2EB\" height=\"17\"><b><span style=\"color: #cd1619;\">0.506.102<\/span><\/b><\/td>\n<td align=\"CENTER\"><span style=\"color: #000000;\">3\/8&Prime;<\/span><\/td>\n<\/tr>\n<tr>\n<td align=\"CENTER\" bgcolor=\"#DCE2EB\" height=\"17\"><b><span style=\"color: #cd1619;\">0.506.103<\/span><\/b><\/td>\n<td align=\"CENTER\"><span style=\"color: #000000;\"> 1\/2&Prime;<\/span><\/td>\n<\/tr>\n<tr>\n<td align=\"CENTER\" bgcolor=\"#DCE2EB\" height=\"17\"><b><span style=\"color: #cd1619;\">0.506.104<\/span><\/b><\/td>\n<td align=\"CENTER\"><span style=\"color: #000000;\">3\/4\u201d<\/span><\/td>\n<\/tr>\n<tr>\n<td align=\"CENTER\" bgcolor=\"#DCE2EB\" height=\"17\"><b><span style=\"color: #cd1619;\">0.506.105<\/span><\/b><\/td>\n<td align=\"CENTER\"><span style=\"color: #000000;\">1\u201d<\/span><\/td>\n<\/tr>\n<tr>\n<td align=\"CENTER\" bgcolor=\"#DCE2EB\" height=\"17\"><b><span style=\"color: #cd1619;\">0.506.106<\/span><\/b><\/td>\n<td align=\"CENTER\"><span style=\"color: #000000;\">1 1\/2\u201d<\/span><\/td>\n<\/tr>\n<tr>\n<td align=\"CENTER\" bgcolor=\"#DCE2EB\" height=\"17\"><b><span style=\"color: #cd1619;\">0.506.107<\/span><\/b><\/td>\n<td align=\"CENTER\"><span style=\"color: #000000;\">2\u201d<\/span><\/td>\n<\/tr>\n<\/tbody>\n<\/table>\n","protected":false},"excerpt":{"rendered":"<p>Cartucho de carb\u00f3n activado 0,003 mg \/ m3 para reemplazo. Ca\u00edda de presi\u00f3n: 60 mbar. Material del filtro: carb\u00f3n activado C\u00f3digo Cuerpo de rosca 0.506.102 3\/8&Prime; 0.506.103 1\/2&Prime; 0.506.104 3\/4\u201d 0.506.105 1\u201d 0.506.106 1 1\/2\u201d 0.506.107 2\u201d<\/p>\n","protected":false},"featured_media":4936,"template":"","meta":[],"product_brand":[],"product_cat":[536,860,542],"product_tag":[514,334,511,402,515],"class_list":{"0":"post-4935","1":"product","2":"type-product","3":"status-publish","4":"has-post-thumbnail","6":"product_cat-accesorios","7":"product_cat-filtracion-lubricacion","8":"product_cat-tratamiento-de-aire","9":"product_tag-equipodefiltraje","10":"product_tag-filtro","11":"product_tag-frl","12":"product_tag-prefiltro","13":"product_tag-unidaddemantenimineto","15":"first","16":"instock","17":"shipping-taxable","18":"purchasable","19":"product-type-simple"},"aioseo_notices":[],"_links":{"self":[{"href":"https:\/\/www.aircompressormpc.com\/fr\/wp-json\/wp\/v2\/product\/4935","targetHints":{"allow":["GET"]}}],"collection":[{"href":"https:\/\/www.aircompressormpc.com\/fr\/wp-json\/wp\/v2\/product"}],"about":[{"href":"https:\/\/www.aircompressormpc.com\/fr\/wp-json\/wp\/v2\/types\/product"}],"wp:featuredmedia":[{"embeddable":true,"href":"https:\/\/www.aircompressormpc.com\/fr\/wp-json\/wp\/v2\/media\/4936"}],"wp:attachment":[{"href":"https:\/\/www.aircompressormpc.com\/fr\/wp-json\/wp\/v2\/media?parent=4935"}],"wp:term":[{"taxonomy":"product_brand","embeddable":true,"href":"https:\/\/www.aircompressormpc.com\/fr\/wp-json\/wp\/v2\/product_brand?post=4935"},{"taxonomy":"product_cat","embeddable":true,"href":"https:\/\/www.aircompressormpc.com\/fr\/wp-json\/wp\/v2\/product_cat?post=4935"},{"taxonomy":"product_tag","embeddable":true,"href":"https:\/\/www.aircompressormpc.com\/fr\/wp-json\/wp\/v2\/product_tag?post=4935"}],"curies":[{"name":"wp","href":"https:\/\/api.w.org\/{rel}","templated":true}]}}