{"id":4926,"date":"2022-08-05T11:07:20","date_gmt":"2022-08-05T11:07:20","guid":{"rendered":"http:\/\/aircompressormpc.servicioempresa.com\/?post_type=product&#038;p=4926"},"modified":"2022-10-04T08:18:50","modified_gmt":"2022-10-04T08:18:50","slug":"recambio-hf-0-1-%ce%bcm","status":"publish","type":"product","link":"https:\/\/www.aircompressormpc.com\/fr\/producto\/recambio-hf-0-1-%ce%bcm\/","title":{"rendered":"RECAMBIO HF 0.1 \u03bcm"},"content":{"rendered":"<p>Recambio del pre-filtro 0,1 \u03bcm para su sustituci\u00f3n.<\/p>\n<p>Ca\u00edda de presi\u00f3n : 50 mbar.<\/p>\n<p>Material del filtro: Microfibras de borosilicato.<\/p>\n<table border=\"0\" frame=\"VOID\" rules=\"NONE\" cellspacing=\"0\">\n<colgroup>\n<col width=\"86\" \/>\n<col width=\"86\" \/><\/colgroup>\n<tbody>\n<tr>\n<td align=\"CENTER\" bgcolor=\"#D80000\" width=\"86\" height=\"19\"><b><span style=\"color: #ffffff; font-family: Futura Std Condensed;\">C\u00f3digo<\/span><\/b><\/td>\n<td align=\"CENTER\" bgcolor=\"#D80000\" width=\"86\"><b><span style=\"color: #ffffff; font-family: Futura Std Condensed;\">Cuerpo de rosca<\/span><\/b><\/td>\n<\/tr>\n<tr>\n<td align=\"CENTER\" bgcolor=\"#D5E9F0\" height=\"17\"><b><span style=\"color: #d80000; font-family: Futura Std Condensed;\">0.504.102<\/span><\/b><\/td>\n<td align=\"CENTER\"><span style=\"color: #000000; font-family: Futura Std Condensed;\">3\/8&Prime;<\/span><\/td>\n<\/tr>\n<tr>\n<td align=\"CENTER\" bgcolor=\"#D5E9F0\" height=\"17\"><b><span style=\"color: #d80000; font-family: Futura Std Condensed;\">0.<\/span><\/b><b><span style=\"color: #d80000; font-family: Futura Std Condensed;\">504.103<\/span><\/b><\/td>\n<td align=\"CENTER\"><span style=\"color: #000000; font-family: Futura Std Condensed;\"> 1\/2&Prime;<\/span><\/td>\n<\/tr>\n<tr>\n<td align=\"CENTER\" bgcolor=\"#D5E9F0\" height=\"17\"><b><span style=\"color: #d80000; font-family: Futura Std Condensed;\">0.<\/span><\/b><b><span style=\"color: #d80000; font-family: Futura Std Condensed;\">504.104<\/span><\/b><\/td>\n<td align=\"CENTER\"><span style=\"color: #000000; font-family: Futura Std Condensed;\">3\/4\u201d<\/span><\/td>\n<\/tr>\n<tr>\n<td align=\"CENTER\" bgcolor=\"#D5E9F0\" height=\"17\"><b><span style=\"color: #d80000; font-family: Futura Std Condensed;\">0.504.105<\/span><\/b><\/td>\n<td align=\"CENTER\"><span style=\"color: #000000; font-family: Futura Std Condensed;\">1\u201d<\/span><\/td>\n<\/tr>\n<tr>\n<td align=\"CENTER\" bgcolor=\"#D5E9F0\" height=\"17\"><b><span style=\"color: #d80000; font-family: Futura Std Condensed;\">0.504.106<\/span><\/b><\/td>\n<td align=\"CENTER\"><span style=\"color: #000000; font-family: Futura Std Condensed;\">1 1\/2\u201d<\/span><\/td>\n<\/tr>\n<tr>\n<td align=\"CENTER\" bgcolor=\"#D5E9F0\" height=\"17\"><b><span style=\"color: #d80000; font-family: Futura Std Condensed;\">0.504.107<\/span><\/b><\/td>\n<td align=\"CENTER\"><span style=\"color: #000000; font-family: Futura Std Condensed;\">2\u201d<\/span><\/td>\n<\/tr>\n<\/tbody>\n<\/table>\n","protected":false},"excerpt":{"rendered":"<p>Recambio del pre-filtro 0,1 \u03bcm para su sustituci\u00f3n. Ca\u00edda de presi\u00f3n : 50 mbar. Material del filtro: Microfibras de borosilicato. C\u00f3digo Cuerpo de rosca 0.504.102 3\/8&Prime; 0.504.103 1\/2&Prime; 0.504.104 3\/4\u201d 0.504.105 1\u201d 0.504.106 1 1\/2\u201d 0.504.107 2\u201d<\/p>\n","protected":false},"featured_media":4927,"template":"","meta":[],"product_brand":[],"product_cat":[536,860,542],"product_tag":[514,334,511,402,515],"class_list":{"0":"post-4926","1":"product","2":"type-product","3":"status-publish","4":"has-post-thumbnail","6":"product_cat-accesorios","7":"product_cat-filtracion-lubricacion","8":"product_cat-tratamiento-de-aire","9":"product_tag-equipodefiltraje","10":"product_tag-filtro","11":"product_tag-frl","12":"product_tag-prefiltro","13":"product_tag-unidaddemantenimineto","15":"first","16":"instock","17":"shipping-taxable","18":"purchasable","19":"product-type-simple"},"aioseo_notices":[],"_links":{"self":[{"href":"https:\/\/www.aircompressormpc.com\/fr\/wp-json\/wp\/v2\/product\/4926","targetHints":{"allow":["GET"]}}],"collection":[{"href":"https:\/\/www.aircompressormpc.com\/fr\/wp-json\/wp\/v2\/product"}],"about":[{"href":"https:\/\/www.aircompressormpc.com\/fr\/wp-json\/wp\/v2\/types\/product"}],"wp:featuredmedia":[{"embeddable":true,"href":"https:\/\/www.aircompressormpc.com\/fr\/wp-json\/wp\/v2\/media\/4927"}],"wp:attachment":[{"href":"https:\/\/www.aircompressormpc.com\/fr\/wp-json\/wp\/v2\/media?parent=4926"}],"wp:term":[{"taxonomy":"product_brand","embeddable":true,"href":"https:\/\/www.aircompressormpc.com\/fr\/wp-json\/wp\/v2\/product_brand?post=4926"},{"taxonomy":"product_cat","embeddable":true,"href":"https:\/\/www.aircompressormpc.com\/fr\/wp-json\/wp\/v2\/product_cat?post=4926"},{"taxonomy":"product_tag","embeddable":true,"href":"https:\/\/www.aircompressormpc.com\/fr\/wp-json\/wp\/v2\/product_tag?post=4926"}],"curies":[{"name":"wp","href":"https:\/\/api.w.org\/{rel}","templated":true}]}}