{"id":4705,"date":"2022-08-04T08:40:21","date_gmt":"2022-08-04T08:40:21","guid":{"rendered":"http:\/\/aircompressormpc.servicioempresa.com\/?post_type=product&#038;p=4705"},"modified":"2022-10-10T11:46:12","modified_gmt":"2022-10-10T11:46:12","slug":"grifo-purga","status":"publish","type":"product","link":"https:\/\/www.aircompressormpc.com\/fr\/producto\/grifo-purga\/","title":{"rendered":"GRIFO PURGA"},"content":{"rendered":"<h2><span style=\"color: #ff0000;\">Grifo purga<\/span><\/h2>\n<p>Rosca c\u00f3nica a dep\u00f3sito. Cierre con tornillo moleteado y ajuste c\u00f3nico contra el cierre.<\/p>\n<table border=\"0\" frame=\"VOID\" rules=\"NONE\" cellspacing=\"0\">\n<colgroup>\n<col width=\"86\" \/>\n<col width=\"86\" \/>\n<col width=\"86\" \/>\n<col width=\"86\" \/>\n<col width=\"86\" \/><\/colgroup>\n<tbody>\n<tr>\n<td align=\"CENTER\" bgcolor=\"#CC1718\" width=\"86\" height=\"32\"><b><span style=\"color: #ffffff; font-family: Futura Std Condensed;\">C\u00f3digo<\/span><\/b><\/td>\n<td align=\"CENTER\" bgcolor=\"#CC1718\" width=\"86\"><b><span style=\"color: #ffffff; font-family: Futura Std Condensed;\">Rosca<\/span><\/b><\/td>\n<td align=\"CENTER\" bgcolor=\"#CC1718\" width=\"86\"><b><span style=\"color: #ffffff; font-family: Futura Std Condensed;\">I<\/span><\/b><\/td>\n<td align=\"CENTER\" bgcolor=\"#CC1718\" width=\"86\"><b><span style=\"color: #ffffff; font-family: Futura Std Condensed;\">H<br \/>\nmm<\/span><\/b><\/td>\n<td align=\"CENTER\" bgcolor=\"#CC1718\" width=\"86\"><b><span style=\"color: #ffffff; font-family: Futura Std Condensed;\">CH<br \/>\nmm<\/span><\/b><\/td>\n<\/tr>\n<tr>\n<td align=\"CENTER\" bgcolor=\"#DBE2EB\" height=\"17\"><b><span style=\"color: #cc1718; font-family: Futura Std Condensed;\">2.333.571<\/span><\/b><\/td>\n<td style=\"text-align: center;\" align=\"LEFT\"><span style=\"color: #000000; font-family: Futura Std Condensed;\">1\/8&Prime;<\/span><\/td>\n<td style=\"text-align: center;\" align=\"RIGHT\"><span style=\"color: #000000; font-family: Futura Std Condensed;\">8<\/span><\/td>\n<td style=\"text-align: center;\" align=\"RIGHT\"><span style=\"color: #000000; font-family: Futura Std Condensed;\">28<\/span><\/td>\n<td style=\"text-align: center;\" align=\"RIGHT\"><span style=\"color: #000000; font-family: Futura Std Condensed;\">14<\/span><\/td>\n<\/tr>\n<tr>\n<td align=\"CENTER\" bgcolor=\"#DBE2EB\" height=\"17\"><b><span style=\"color: #cc1718; font-family: Futura Std Condensed;\">2.333.572<\/span><\/b><\/td>\n<td style=\"text-align: center;\" align=\"LEFT\"><span style=\"color: #000000; font-family: Futura Std Condensed;\">1\/4&Prime;<\/span><\/td>\n<td style=\"text-align: center;\" align=\"RIGHT\"><span style=\"color: #000000; font-family: Futura Std Condensed;\">9<\/span><\/td>\n<td style=\"text-align: center;\" align=\"RIGHT\"><span style=\"color: #000000; font-family: Futura Std Condensed;\">27<\/span><\/td>\n<td style=\"text-align: center;\" align=\"RIGHT\"><span style=\"color: #000000; font-family: Futura Std Condensed;\">14<\/span><\/td>\n<\/tr>\n<tr>\n<td align=\"CENTER\" bgcolor=\"#DBE2EB\" height=\"17\"><b><span style=\"color: #cc1718; font-family: Futura Std Condensed;\">2.333.573<\/span><\/b><\/td>\n<td style=\"text-align: center;\" align=\"LEFT\"><span style=\"color: #000000; font-family: Futura Std Condensed;\">3\/8&Prime;<\/span><\/td>\n<td style=\"text-align: center;\" align=\"RIGHT\"><span style=\"color: #000000; font-family: Futura Std Condensed;\">9<\/span><\/td>\n<td style=\"text-align: center;\" align=\"RIGHT\"><span style=\"color: #000000; font-family: Futura Std Condensed;\">24<\/span><\/td>\n<td style=\"text-align: center;\" align=\"RIGHT\"><span style=\"color: #000000; font-family: Futura Std Condensed;\">17<\/span><\/td>\n<\/tr>\n<\/tbody>\n<\/table>\n<p>&nbsp;<\/p>\n","protected":false},"excerpt":{"rendered":"<p><img loading=\"lazy\" decoding=\"async\" class=\"alignleft wp-image-4691 size-full\" src=\"https:\/\/www.aircompressormpc.com\/wp-content\/uploads\/2022\/08\/icono-grifo-purga.jpg\" alt=\"grifo purga\" width=\"318\" height=\"180\" srcset=\"https:\/\/www.aircompressormpc.com\/wp-content\/uploads\/2022\/08\/icono-grifo-purga.jpg 318w, https:\/\/www.aircompressormpc.com\/wp-content\/uploads\/2022\/08\/icono-grifo-purga-300x170.jpg 300w, https:\/\/www.aircompressormpc.com\/wp-content\/uploads\/2022\/08\/icono-grifo-purga-64x36.jpg 64w\" sizes=\"auto, (max-width: 318px) 100vw, 318px\" \/><\/p>\n","protected":false},"featured_media":4706,"template":"","meta":[],"product_brand":[],"product_cat":[536,541,612],"product_tag":[613,610],"class_list":{"0":"post-4705","1":"product","2":"type-product","3":"status-publish","4":"has-post-thumbnail","6":"product_cat-accesorios","7":"product_cat-valvulas","8":"product_cat-valvulas-de-purga","9":"product_tag-valvula-purga","10":"product_tag-valvulas","12":"first","13":"instock","14":"shipping-taxable","15":"purchasable","16":"product-type-simple"},"aioseo_notices":[],"_links":{"self":[{"href":"https:\/\/www.aircompressormpc.com\/fr\/wp-json\/wp\/v2\/product\/4705","targetHints":{"allow":["GET"]}}],"collection":[{"href":"https:\/\/www.aircompressormpc.com\/fr\/wp-json\/wp\/v2\/product"}],"about":[{"href":"https:\/\/www.aircompressormpc.com\/fr\/wp-json\/wp\/v2\/types\/product"}],"wp:featuredmedia":[{"embeddable":true,"href":"https:\/\/www.aircompressormpc.com\/fr\/wp-json\/wp\/v2\/media\/4706"}],"wp:attachment":[{"href":"https:\/\/www.aircompressormpc.com\/fr\/wp-json\/wp\/v2\/media?parent=4705"}],"wp:term":[{"taxonomy":"product_brand","embeddable":true,"href":"https:\/\/www.aircompressormpc.com\/fr\/wp-json\/wp\/v2\/product_brand?post=4705"},{"taxonomy":"product_cat","embeddable":true,"href":"https:\/\/www.aircompressormpc.com\/fr\/wp-json\/wp\/v2\/product_cat?post=4705"},{"taxonomy":"product_tag","embeddable":true,"href":"https:\/\/www.aircompressormpc.com\/fr\/wp-json\/wp\/v2\/product_tag?post=4705"}],"curies":[{"name":"wp","href":"https:\/\/api.w.org\/{rel}","templated":true}]}}