{"id":4590,"date":"2022-08-03T10:46:36","date_gmt":"2022-08-03T10:46:36","guid":{"rendered":"http:\/\/aircompressormpc.servicioempresa.com\/?post_type=product&#038;p=4590"},"modified":"2022-08-03T11:04:04","modified_gmt":"2022-08-03T11:04:04","slug":"presostato-ne-ma-monofasico-serie-mignon-11","status":"publish","type":"product","link":"https:\/\/www.aircompressormpc.com\/fr\/producto\/presostato-ne-ma-monofasico-serie-mignon-11\/","title":{"rendered":"PRESOSTATO NE-MA MON\u00d3FASICO SERIE MIGNON 11"},"content":{"rendered":"<h2><span style=\"color: #ff0000;\">PRESOSTATO MON\u00d3FASICO<\/span><\/h2>\n<p>Tele-Presostato monof\u00e1sico de arranque directo. Posibilidad de regular presi\u00f3n maxima (Parada) y presi\u00f3n de desfase (Caida).<\/p>\n<table border=\"0\" frame=\"VOID\" rules=\"NONE\" cellspacing=\"0\">\n<colgroup>\n<col width=\"86\" \/>\n<col width=\"86\" \/><\/colgroup>\n<tbody>\n<tr>\n<td align=\"CENTER\" bgcolor=\"#CD1619\" width=\"86\" height=\"17\"><b><span style=\"color: #ffffff; font-family: Helvetica LT Std Cond;\">C\u00f3digo<\/span><\/b><\/td>\n<td align=\"CENTER\" bgcolor=\"#CD1619\" width=\"86\"><b><span style=\"color: #ffffff; font-family: Helvetica LT Std Cond;\">Voltaje<\/span><\/b><\/td>\n<\/tr>\n<tr>\n<td align=\"CENTER\" bgcolor=\"#DCE2EB\" height=\"17\"><b><span style=\"color: #cd1619; font-family: Futura Std Condensed;\">2.322.030<\/span><\/b><\/td>\n<td align=\"CENTER\"><span style=\"color: #000000; font-family: Futura Std Condensed;\">230\/400\/II<\/span><\/td>\n<\/tr>\n<\/tbody>\n<\/table>\n","protected":false},"excerpt":{"rendered":"<p><img loading=\"lazy\" decoding=\"async\" class=\"alignleft wp-image-4604 size-full\" src=\"https:\/\/www.aircompressormpc.com\/wp-content\/uploads\/2022\/08\/nema-agua-y-aire.jpg\" alt=\"\" width=\"138\" height=\"197\" srcset=\"https:\/\/www.aircompressormpc.com\/wp-content\/uploads\/2022\/08\/nema-agua-y-aire.jpg 138w, https:\/\/www.aircompressormpc.com\/wp-content\/uploads\/2022\/08\/nema-agua-y-aire-64x91.jpg 64w\" sizes=\"auto, (max-width: 138px) 100vw, 138px\" \/><img loading=\"lazy\" decoding=\"async\" class=\"alignleft wp-image-4601 size-woocommerce_single\" src=\"https:\/\/www.aircompressormpc.com\/wp-content\/uploads\/2022\/08\/presostato-monofasico-600x443.jpg\" alt=\"\" width=\"600\" height=\"443\" srcset=\"https:\/\/www.aircompressormpc.com\/wp-content\/uploads\/2022\/08\/presostato-monofasico-600x443.jpg 600w, https:\/\/www.aircompressormpc.com\/wp-content\/uploads\/2022\/08\/presostato-monofasico-300x222.jpg 300w, https:\/\/www.aircompressormpc.com\/wp-content\/uploads\/2022\/08\/presostato-monofasico-768x567.jpg 768w, https:\/\/www.aircompressormpc.com\/wp-content\/uploads\/2022\/08\/presostato-monofasico-64x47.jpg 64w, https:\/\/www.aircompressormpc.com\/wp-content\/uploads\/2022\/08\/presostato-monofasico.jpg 800w\" sizes=\"auto, (max-width: 600px) 100vw, 600px\" \/><\/p>\n<p>&nbsp;<\/p>\n","protected":false},"featured_media":4591,"template":"","meta":[],"product_brand":[],"product_cat":[536,539],"product_tag":[600,606],"class_list":{"0":"post-4590","1":"product","2":"type-product","3":"status-publish","4":"has-post-thumbnail","6":"product_cat-accesorios","7":"product_cat-presostatos","8":"product_tag-presostato","9":"product_tag-presostato-monofasico","11":"first","12":"instock","13":"shipping-taxable","14":"purchasable","15":"product-type-simple"},"aioseo_notices":[],"_links":{"self":[{"href":"https:\/\/www.aircompressormpc.com\/fr\/wp-json\/wp\/v2\/product\/4590","targetHints":{"allow":["GET"]}}],"collection":[{"href":"https:\/\/www.aircompressormpc.com\/fr\/wp-json\/wp\/v2\/product"}],"about":[{"href":"https:\/\/www.aircompressormpc.com\/fr\/wp-json\/wp\/v2\/types\/product"}],"wp:featuredmedia":[{"embeddable":true,"href":"https:\/\/www.aircompressormpc.com\/fr\/wp-json\/wp\/v2\/media\/4591"}],"wp:attachment":[{"href":"https:\/\/www.aircompressormpc.com\/fr\/wp-json\/wp\/v2\/media?parent=4590"}],"wp:term":[{"taxonomy":"product_brand","embeddable":true,"href":"https:\/\/www.aircompressormpc.com\/fr\/wp-json\/wp\/v2\/product_brand?post=4590"},{"taxonomy":"product_cat","embeddable":true,"href":"https:\/\/www.aircompressormpc.com\/fr\/wp-json\/wp\/v2\/product_cat?post=4590"},{"taxonomy":"product_tag","embeddable":true,"href":"https:\/\/www.aircompressormpc.com\/fr\/wp-json\/wp\/v2\/product_tag?post=4590"}],"curies":[{"name":"wp","href":"https:\/\/api.w.org\/{rel}","templated":true}]}}