{"id":4507,"date":"2022-08-03T08:53:00","date_gmt":"2022-08-03T08:53:00","guid":{"rendered":"http:\/\/aircompressormpc.servicioempresa.com\/?post_type=product&#038;p=4507"},"modified":"2022-08-03T10:25:32","modified_gmt":"2022-08-03T10:25:32","slug":"mdr3-11-presostato","status":"publish","type":"product","link":"https:\/\/www.aircompressormpc.com\/fr\/producto\/mdr3-11-presostato\/","title":{"rendered":"MDR3\/11 PRESOSTATO"},"content":{"rendered":"<h2><span style=\"color: #ff0000;\">PRESOSTATO GUARDAMOTOR TRIF\u00c1SICO<\/span><\/h2>\n<p>Tele-Presostato trif\u00e1sico de arranque directo guardamotor integrado. Posibilidad de regular presi\u00f3n m\u00e1xima y presi\u00f3n de desfase.<\/p>\n<table border=\"0\" frame=\"VOID\" rules=\"NONE\" cellspacing=\"0\">\n<colgroup>\n<col width=\"86\" \/>\n<col width=\"86\" \/>\n<col width=\"86\" \/><\/colgroup>\n<tbody>\n<tr>\n<td align=\"CENTER\" bgcolor=\"#CD1619\" width=\"86\" height=\"17\"><b><span style=\"color: #ffffff; font-family: Helvetica LT Std Cond;\">C\u00f3digo<\/span><\/b><\/td>\n<td align=\"CENTER\" bgcolor=\"#CD1619\" width=\"86\"><b><span style=\"color: #ffffff; font-family: Helvetica LT Std Cond;\">Amp<\/span><\/b><\/td>\n<td align=\"CENTER\" bgcolor=\"#CD1619\" width=\"86\"><b><span style=\"color: #ffffff; font-family: Helvetica LT Std Cond;\">Voltaje<\/span><\/b><\/td>\n<\/tr>\n<tr>\n<td align=\"CENTER\" bgcolor=\"#DCE2EB\" height=\"17\"><b><span style=\"color: #cd1619; font-family: Futura Std Condensed;\">2.321.023<\/span><\/b><\/td>\n<td align=\"CENTER\">2.5-4<\/td>\n<td align=\"CENTER\"><span style=\"color: #000000; font-family: Futura Std Condensed;\">230\/400\/III<\/span><\/td>\n<\/tr>\n<tr>\n<td align=\"CENTER\" bgcolor=\"#DCE2EB\" height=\"17\"><b><span style=\"color: #cd1619; font-family: Futura Std Condensed;\">2.321.024<\/span><\/b><\/td>\n<td align=\"CENTER\">3-6<\/td>\n<td align=\"CENTER\"><span style=\"color: #000000; font-family: Futura Std Condensed;\">230\/400\/III <\/span><\/td>\n<\/tr>\n<tr>\n<td align=\"CENTER\" bgcolor=\"#DCE2EB\" height=\"17\"><b><span style=\"color: #cd1619; font-family: Futura Std Condensed;\">2.321.025<\/span><\/b><\/td>\n<td align=\"CENTER\">6.3-10<\/td>\n<td align=\"CENTER\"><span style=\"color: #000000; font-family: Futura Std Condensed;\">230\/400\/III<\/span><\/td>\n<\/tr>\n<tr>\n<td align=\"CENTER\" bgcolor=\"#DCE2EB\" height=\"17\"><b><span style=\"color: #cd1619; font-family: Futura Std Condensed;\">2.321.026<\/span><\/b><\/td>\n<td align=\"CENTER\">10-16<\/td>\n<td align=\"CENTER\"><span style=\"color: #000000; font-family: Futura Std Condensed;\">230\/400\/III<\/span><\/td>\n<\/tr>\n<tr>\n<td align=\"CENTER\" bgcolor=\"#DCE2EB\" height=\"17\"><b><span style=\"color: #cd1619; font-family: Futura Std Condensed;\">2.321.027<\/span><\/b><\/td>\n<td align=\"CENTER\">16-20<\/td>\n<td align=\"CENTER\"><span style=\"color: #000000; font-family: Futura Std Condensed;\">230\/400\/III<\/span><\/td>\n<\/tr>\n<tr>\n<td align=\"CENTER\" bgcolor=\"#DCE2EB\" height=\"17\"><b><span style=\"color: #cd1619; font-family: Futura Std Condensed;\">2.32.1028<\/span><\/b><\/td>\n<td align=\"CENTER\">20-24<\/td>\n<td align=\"CENTER\"><span style=\"color: #000000; font-family: Futura Std Condensed;\">230\/400\/III<\/span><\/td>\n<\/tr>\n<\/tbody>\n<\/table>\n","protected":false},"excerpt":{"rendered":"<p><img loading=\"lazy\" decoding=\"async\" class=\"alignleft wp-image-4536 size-woocommerce_gallery_thumbnail\" src=\"https:\/\/www.aircompressormpc.com\/wp-content\/uploads\/2022\/08\/CONDOR-100x100.jpg\" alt=\"CONDOR\" width=\"100\" height=\"100\" srcset=\"https:\/\/www.aircompressormpc.com\/wp-content\/uploads\/2022\/08\/CONDOR-100x100.jpg 100w, https:\/\/www.aircompressormpc.com\/wp-content\/uploads\/2022\/08\/CONDOR-150x150.jpg 150w, https:\/\/www.aircompressormpc.com\/wp-content\/uploads\/2022\/08\/CONDOR-64x64.jpg 64w, https:\/\/www.aircompressormpc.com\/wp-content\/uploads\/2022\/08\/CONDOR.jpg 156w\" sizes=\"auto, (max-width: 100px) 100vw, 100px\" \/><\/p>\n<p><img loading=\"lazy\" decoding=\"async\" class=\"alignleft wp-image-4566 size-woocommerce_gallery_thumbnail\" src=\"https:\/\/www.aircompressormpc.com\/wp-content\/uploads\/2022\/08\/mdr3-2-100x100.jpg\" alt=\"MDR3\" width=\"100\" height=\"100\" srcset=\"https:\/\/www.aircompressormpc.com\/wp-content\/uploads\/2022\/08\/mdr3-2-100x100.jpg 100w, https:\/\/www.aircompressormpc.com\/wp-content\/uploads\/2022\/08\/mdr3-2-150x150.jpg 150w\" sizes=\"auto, (max-width: 100px) 100vw, 100px\" \/><img loading=\"lazy\" decoding=\"async\" class=\"alignleft wp-image-4508 size-woocommerce_single\" src=\"https:\/\/www.aircompressormpc.com\/wp-content\/uploads\/2022\/08\/ICONO-MDR3-600x400.jpg\" alt=\"PRESOSTATO MDR3\" width=\"600\" height=\"400\" srcset=\"https:\/\/www.aircompressormpc.com\/wp-content\/uploads\/2022\/08\/ICONO-MDR3-600x400.jpg 600w, https:\/\/www.aircompressormpc.com\/wp-content\/uploads\/2022\/08\/ICONO-MDR3-300x200.jpg 300w, https:\/\/www.aircompressormpc.com\/wp-content\/uploads\/2022\/08\/ICONO-MDR3-768x512.jpg 768w, https:\/\/www.aircompressormpc.com\/wp-content\/uploads\/2022\/08\/ICONO-MDR3-64x43.jpg 64w, https:\/\/www.aircompressormpc.com\/wp-content\/uploads\/2022\/08\/ICONO-MDR3.jpg 886w\" sizes=\"auto, (max-width: 600px) 100vw, 600px\" \/><\/p>\n","protected":false},"featured_media":4526,"template":"","meta":[],"product_brand":[],"product_cat":[536,539],"product_tag":[601,600,603,602],"class_list":{"0":"post-4507","1":"product","2":"type-product","3":"status-publish","4":"has-post-thumbnail","6":"product_cat-accesorios","7":"product_cat-presostatos","8":"product_tag-mdr3","9":"product_tag-presostato","10":"product_tag-presostato-guardamotor","11":"product_tag-presostato-trifasico","13":"first","14":"instock","15":"shipping-taxable","16":"purchasable","17":"product-type-simple"},"aioseo_notices":[],"_links":{"self":[{"href":"https:\/\/www.aircompressormpc.com\/fr\/wp-json\/wp\/v2\/product\/4507","targetHints":{"allow":["GET"]}}],"collection":[{"href":"https:\/\/www.aircompressormpc.com\/fr\/wp-json\/wp\/v2\/product"}],"about":[{"href":"https:\/\/www.aircompressormpc.com\/fr\/wp-json\/wp\/v2\/types\/product"}],"wp:featuredmedia":[{"embeddable":true,"href":"https:\/\/www.aircompressormpc.com\/fr\/wp-json\/wp\/v2\/media\/4526"}],"wp:attachment":[{"href":"https:\/\/www.aircompressormpc.com\/fr\/wp-json\/wp\/v2\/media?parent=4507"}],"wp:term":[{"taxonomy":"product_brand","embeddable":true,"href":"https:\/\/www.aircompressormpc.com\/fr\/wp-json\/wp\/v2\/product_brand?post=4507"},{"taxonomy":"product_cat","embeddable":true,"href":"https:\/\/www.aircompressormpc.com\/fr\/wp-json\/wp\/v2\/product_cat?post=4507"},{"taxonomy":"product_tag","embeddable":true,"href":"https:\/\/www.aircompressormpc.com\/fr\/wp-json\/wp\/v2\/product_tag?post=4507"}],"curies":[{"name":"wp","href":"https:\/\/api.w.org\/{rel}","templated":true}]}}