{"id":4443,"date":"2016-07-28T12:39:04","date_gmt":"2016-07-28T12:39:04","guid":{"rendered":"http:\/\/aircompressormpc.servicioempresa.com\/?post_type=product&#038;p=4443"},"modified":"2024-05-24T07:12:37","modified_gmt":"2024-05-24T07:12:37","slug":"motocompresor-thunder-70-25-l-2","status":"publish","type":"product","link":"https:\/\/www.aircompressormpc.com\/fr\/producto\/motocompresor-thunder-70-25-l-2\/","title":{"rendered":"MOTOCOMPRESOR THUNDER 70 (200 L)"},"content":{"rendered":"<h2><span style=\"color: #ff0000;\">GAMA THUNDER<\/span><\/h2>\n<h2><span lang=\"en-us\" xml:lang=\"en-us\">Motocompresor de gasolina est\u00e1tico.<\/span><\/h2>\n<h3>Honda GX200 + M280<\/h3>\n<p>Equipo para unidad m\u00f3vil con motor de explosi\u00f3n HONDA (GX Series) con arranque el\u00e9ctrico, refrigerado por aire. Montado sobre doble bancada de Duraluminio, sobre dep\u00f3sito 200 Lts\/ 10 Bar, consiguiendo as\u00ed la m\u00ednima afecci\u00f3n de las vibraciones sobre dep\u00f3sito de aire. Arranque manual. Voltaje de salida 220 V.<\/p>\n<p><strong>Ideal para\u00a0peque\u00f1os veh\u00edculos de asistencia.<\/strong><\/p>\n<p>*Manual de arranque<\/p>\n<table border=\"0\" frame=\"VOID\" rules=\"NONE\" cellspacing=\"0\">\n<colgroup>\n<col width=\"86\" \/>\n<col width=\"86\" \/>\n<col width=\"86\" \/>\n<col width=\"86\" \/>\n<col width=\"86\" \/>\n<col width=\"86\" \/>\n<col width=\"86\" \/>\n<col width=\"86\" \/>\n<col width=\"86\" \/><\/colgroup>\n<tbody>\n<tr>\n<td align=\"CENTER\" bgcolor=\"#CA1E16\" width=\"86\" height=\"32\"><span style=\"color: #ffffff; font-family: Futura Std Condensed;\">C\u00f3digo<\/span><\/td>\n<td align=\"CENTER\" bgcolor=\"#CA1E16\" width=\"86\"><span style=\"color: #ffffff; font-family: Futura Std Condensed;\">Modelo<br \/>\n<\/span><\/td>\n<td align=\"CENTER\" bgcolor=\"#CA1E16\" width=\"86\"><i><span style=\"color: #ffffff; font-family: Futura Std Condensed;\">Litros<\/span><\/i><\/td>\n<td align=\"CENTER\" bgcolor=\"#CA1E16\" width=\"86\"><i><span style=\"color: #ffffff; font-family: Futura Std Condensed;\">Aire Aspirado(l\/min)<\/span><\/i><\/td>\n<td align=\"CENTER\" bgcolor=\"#CA1E16\" width=\"86\"><i><span style=\"color: #ffffff; font-family: Futura Std Condensed;\">Potencia (HP)<\/span><\/i><\/td>\n<td align=\"CENTER\" bgcolor=\"#CA1E16\" width=\"86\"><i><span style=\"color: #ffffff; font-family: Futura Std Condensed;\">P.max.<br \/>\n(Bar)<\/span><\/i><\/td>\n<td align=\"CENTER\" bgcolor=\"#CA1E16\" width=\"86\"><span style=\"color: #ffffff; font-family: Futura Std Condensed;\">Peso (Kg)<\/span><\/td>\n<td align=\"CENTER\" bgcolor=\"#CA1E16\" width=\"86\"><i><span style=\"color: #ffffff; font-family: Futura Std Condensed;\">Largo\/Ancho\/Alto (cm)<\/span><\/i><\/td>\n<td align=\"CENTER\" bgcolor=\"#CA1E16\" width=\"86\"><span style=\"color: #ffffff; font-family: Futura Std Condensed;\">Start<\/span><\/td>\n<\/tr>\n<tr>\n<td align=\"CENTER\" bgcolor=\"#DCE2EB\" height=\"32\"><b><span style=\"color: #ca1e16; font-family: Futura Std Condensed;\">1.100.231<\/span><\/b><\/td>\n<td align=\"CENTER\"><b><span style=\"color: #ca1e16; font-family: Futura Std Condensed;\">THUNDER 70 200L<\/span><\/b><\/td>\n<td align=\"CENTER\"><span style=\"color: #000000; font-family: Futura Std Condensed;\">200<\/span><\/td>\n<td align=\"CENTER\"><span style=\"color: #000000; font-family: Futura Std Condensed;\">330<\/span><\/td>\n<td align=\"CENTER\"><span style=\"color: #000000; font-family: Futura Std Condensed;\">6,5<\/span><\/td>\n<td align=\"CENTER\"><span style=\"color: #000000; font-family: Futura Std Condensed;\">10<\/span><\/td>\n<td align=\"CENTER\"><span style=\"color: #000000; font-family: Futura Std Condensed;\">110<\/span><\/td>\n<td align=\"CENTER\"><span style=\"color: #000000; font-family: Futura Std Condensed;\">95 x 54 x 139<\/span><\/td>\n<td align=\"CENTER\"><span style=\"color: #ca1e16; font-family: Futura Std Condensed;\">Electrical<\/span><\/td>\n<\/tr>\n<\/tbody>\n<\/table>\n","protected":false},"excerpt":{"rendered":"<p><img loading=\"lazy\" decoding=\"async\" class=\"alignleft wp-image-9990 size-full\" src=\"https:\/\/www.aircompressormpc.com\/wp-content\/uploads\/2022\/07\/ICONOS-1.jpg\" alt=\"\" width=\"589\" height=\"237\" srcset=\"https:\/\/www.aircompressormpc.com\/wp-content\/uploads\/2022\/07\/ICONOS-1.jpg 589w, https:\/\/www.aircompressormpc.com\/wp-content\/uploads\/2022\/07\/ICONOS-1-300x121.jpg 300w, https:\/\/www.aircompressormpc.com\/wp-content\/uploads\/2022\/07\/ICONOS-1-64x26.jpg 64w\" sizes=\"auto, (max-width: 589px) 100vw, 589px\" \/><\/p>\n<p><img loading=\"lazy\" decoding=\"async\" class=\" wp-image-3032\" src=\"https:\/\/www.aircompressormpc.com\/wp-content\/uploads\/2022\/03\/EASY_START-300x214.png\" alt=\"EASY START\" width=\"147\" height=\"84\" \/><\/p>\n<p><img loading=\"lazy\" decoding=\"async\" class=\"wp-image-796 alignleft\" src=\"https:\/\/www.aircompressormpc.com\/wp-content\/uploads\/2015\/09\/HONDA-300x107.png\" alt=\"honda\" width=\"127\" height=\"59\" \/><\/p>\n","protected":false},"featured_media":13465,"template":"","meta":[],"product_brand":[],"product_cat":[533,594,535],"product_tag":[297,293,401,236,1201,398,399,400,595],"class_list":{"0":"post-4443","1":"product","2":"type-product","3":"status-publish","4":"has-post-thumbnail","6":"product_cat-motocompresores","7":"product_cat-thunder","8":"product_cat-unidades-moviles","9":"product_tag-200-litros","10":"product_tag-330-l-min","11":"product_tag-6hp","12":"product_tag-compresor","13":"product_tag-descatalogado","14":"product_tag-kohler","15":"product_tag-motocompresor","16":"product_tag-motor-gasolina","17":"product_tag-thunder-2","19":"first","20":"instock","21":"shipping-taxable","22":"purchasable","23":"product-type-simple"},"aioseo_notices":[],"_links":{"self":[{"href":"https:\/\/www.aircompressormpc.com\/fr\/wp-json\/wp\/v2\/product\/4443","targetHints":{"allow":["GET"]}}],"collection":[{"href":"https:\/\/www.aircompressormpc.com\/fr\/wp-json\/wp\/v2\/product"}],"about":[{"href":"https:\/\/www.aircompressormpc.com\/fr\/wp-json\/wp\/v2\/types\/product"}],"wp:featuredmedia":[{"embeddable":true,"href":"https:\/\/www.aircompressormpc.com\/fr\/wp-json\/wp\/v2\/media\/13465"}],"wp:attachment":[{"href":"https:\/\/www.aircompressormpc.com\/fr\/wp-json\/wp\/v2\/media?parent=4443"}],"wp:term":[{"taxonomy":"product_brand","embeddable":true,"href":"https:\/\/www.aircompressormpc.com\/fr\/wp-json\/wp\/v2\/product_brand?post=4443"},{"taxonomy":"product_cat","embeddable":true,"href":"https:\/\/www.aircompressormpc.com\/fr\/wp-json\/wp\/v2\/product_cat?post=4443"},{"taxonomy":"product_tag","embeddable":true,"href":"https:\/\/www.aircompressormpc.com\/fr\/wp-json\/wp\/v2\/product_tag?post=4443"}],"curies":[{"name":"wp","href":"https:\/\/api.w.org\/{rel}","templated":true}]}}