{"id":3135,"date":"2022-05-19T12:43:50","date_gmt":"2022-05-19T12:43:50","guid":{"rendered":"http:\/\/aircompressormpc.servicioempresa.com\/producto\/secador\/"},"modified":"2022-10-04T08:20:22","modified_gmt":"2022-10-04T08:20:22","slug":"secador","status":"publish","type":"product","link":"https:\/\/www.aircompressormpc.com\/fr\/producto\/secador\/","title":{"rendered":"SECADOR"},"content":{"rendered":"<p><strong>Elimina la humedad residual presente en el circuito debido al agente absorbente que poseen.<\/strong> Filtrado hasta 0.01\u03bcm. Se recomiendan para su colocaci\u00f3n cerca del punto de uso. Ideal para colocar detr\u00e1s de la unidad Filtro + Coalescente, siempre cerca del punto de uso.<\/p>\n<ul>\n<li>Presi\u00f3n m\u00e1xima entrada 10 bar<\/li>\n<li>Temperatura m\u00e1xima del aire de entrada de 50\u00baC<\/li>\n<li>P\u00e9rdida m\u00ednima de presi\u00f3n.<\/li>\n<\/ul>\n<table border=\"0\" frame=\"VOID\" rules=\"NONE\" cellspacing=\"0\">\n<colgroup>\n<col width=\"86\" \/>\n<col width=\"86\" \/>\n<col width=\"86\" \/>\n<col width=\"86\" \/>\n<col width=\"86\" \/>\n<col width=\"86\" \/>\n<col width=\"86\" \/>\n<col width=\"86\" \/><\/colgroup>\n<tbody>\n<tr>\n<td align=\"CENTER\" bgcolor=\"#CC1718\" width=\"86\" height=\"17\"><b><span style=\"color: #ffffff; font-family: Futura Std Condensed;\">C\u00f3digo<\/span><\/b><\/td>\n<td align=\"CENTER\" bgcolor=\"#CC1718\" width=\"86\"><b><span style=\"color: #ffffff; font-family: Futura Std Condensed;\">Rosca <\/span><\/b><\/td>\n<td align=\"CENTER\" bgcolor=\"#CC1718\" width=\"86\"><b><span style=\"color: #ffffff; font-family: Futura Std Condensed;\">A<\/span><\/b><\/td>\n<td align=\"CENTER\" bgcolor=\"#CC1718\" width=\"86\"><b><span style=\"color: #ffffff; font-family: Futura Std Condensed;\">B<\/span><\/b><\/td>\n<td align=\"CENTER\" bgcolor=\"#CC1718\" width=\"86\"><b><span style=\"color: #ffffff; font-family: Futura Std Condensed;\">C<\/span><\/b><\/td>\n<td align=\"CENTER\" bgcolor=\"#CC1718\" width=\"86\"><b><span style=\"color: #ffffff; font-family: Futura Std Condensed;\">D<\/span><\/b><\/td>\n<td align=\"CENTER\" bgcolor=\"#CC1718\" width=\"86\"><b><span style=\"color: #ffffff; font-family: Futura Std Condensed;\">E <\/span><\/b><\/td>\n<td align=\"CENTER\" bgcolor=\"#CC1718\" width=\"86\"><b><span style=\"color: #ffffff; font-family: Futura Std Condensed;\">F<\/span><\/b><\/td>\n<\/tr>\n<tr>\n<td align=\"CENTER\" bgcolor=\"#DBE2EB\" height=\"17\"><b><span style=\"color: #cc1718; font-family: Futura Std Condensed;\">2.100.662<\/span><\/b><\/td>\n<td align=\"CENTER\"><span style=\"color: #000000; font-family: Futura Std Condensed;\">\u00bd\u201d<\/span><\/td>\n<td align=\"CENTER\"><span style=\"color: #000000; font-family: Futura Std Condensed;\">60<\/span><\/td>\n<td align=\"CENTER\"><span style=\"color: #000000; font-family: Futura Std Condensed;\">60<\/span><\/td>\n<td align=\"CENTER\"><span style=\"color: #000000; font-family: Futura Std Condensed;\">60<\/span><\/td>\n<td align=\"CENTER\"><span style=\"color: #000000; font-family: Futura Std Condensed;\">46<\/span><\/td>\n<td align=\"CENTER\"><span style=\"color: #000000; font-family: Futura Std Condensed;\">30<\/span><\/td>\n<td align=\"CENTER\"><span style=\"color: #000000; font-family: Futura Std Condensed;\">255<\/span><\/td>\n<\/tr>\n<\/tbody>\n<\/table>\n","protected":false},"excerpt":{"rendered":"<p>Elimina la humedad residual presente en el circuito debido al agente absorbente que poseen. Filtrado hasta 0.01\u03bcm. Se recomiendan para su colocaci\u00f3n cerca del punto de uso. Ideal para colocar detr\u00e1s de la unidad Filtro + Coalescente, siempre cerca del punto de uso. Presi\u00f3n m\u00e1xima entrada 10 bar Temperatura m\u00e1xima del aire de entrada de&hellip;<\/p>\n","protected":false},"featured_media":3413,"template":"","meta":[],"product_brand":[],"product_cat":[536,860,542],"product_tag":[514,511,335,513,512,515],"class_list":{"0":"post-3135","1":"product","2":"type-product","3":"status-publish","4":"has-post-thumbnail","6":"product_cat-accesorios","7":"product_cat-filtracion-lubricacion","8":"product_cat-tratamiento-de-aire","9":"product_tag-equipodefiltraje","10":"product_tag-frl","11":"product_tag-regulador","12":"product_tag-reguladorcompresor","13":"product_tag-reguladordepresion","14":"product_tag-unidaddemantenimineto","16":"first","17":"instock","18":"shipping-taxable","19":"purchasable","20":"product-type-simple"},"aioseo_notices":[],"_links":{"self":[{"href":"https:\/\/www.aircompressormpc.com\/fr\/wp-json\/wp\/v2\/product\/3135","targetHints":{"allow":["GET"]}}],"collection":[{"href":"https:\/\/www.aircompressormpc.com\/fr\/wp-json\/wp\/v2\/product"}],"about":[{"href":"https:\/\/www.aircompressormpc.com\/fr\/wp-json\/wp\/v2\/types\/product"}],"wp:featuredmedia":[{"embeddable":true,"href":"https:\/\/www.aircompressormpc.com\/fr\/wp-json\/wp\/v2\/media\/3413"}],"wp:attachment":[{"href":"https:\/\/www.aircompressormpc.com\/fr\/wp-json\/wp\/v2\/media?parent=3135"}],"wp:term":[{"taxonomy":"product_brand","embeddable":true,"href":"https:\/\/www.aircompressormpc.com\/fr\/wp-json\/wp\/v2\/product_brand?post=3135"},{"taxonomy":"product_cat","embeddable":true,"href":"https:\/\/www.aircompressormpc.com\/fr\/wp-json\/wp\/v2\/product_cat?post=3135"},{"taxonomy":"product_tag","embeddable":true,"href":"https:\/\/www.aircompressormpc.com\/fr\/wp-json\/wp\/v2\/product_tag?post=3135"}],"curies":[{"name":"wp","href":"https:\/\/api.w.org\/{rel}","templated":true}]}}