{"id":3105,"date":"2022-05-17T13:52:24","date_gmt":"2022-05-17T13:52:24","guid":{"rendered":"http:\/\/aircompressormpc.servicioempresa.com\/producto\/filtro-coalescente\/"},"modified":"2022-10-03T13:03:00","modified_gmt":"2022-10-03T13:03:00","slug":"filtro-coalescente","status":"publish","type":"product","link":"https:\/\/www.aircompressormpc.com\/fr\/producto\/filtro-coalescente\/","title":{"rendered":"FILTRO COALESCENTE"},"content":{"rendered":"<p><span style=\"color: #000000;\"><strong>Permite el filtrado por efecto coalescente de la corriente de aire, obteniendo una purificaci\u00f3n del 99,97% para part\u00edculas de hasta 0,01\u03bcm.<\/strong><\/span><\/p>\n<ul>\n<li>Presi\u00f3n m\u00e1xima entrada 20 bar<\/li>\n<li>Temperatura m\u00e1xima del aire de entrada de 50\u00baC<\/li>\n<li>Filtro de aire de entrada recomendado de hasta 4 \u03bcm<\/li>\n<\/ul>\n<p><img loading=\"lazy\" decoding=\"async\" class=\" size-full wp-image-3077\" src=\"https:\/\/www.aircompressormpc.com\/wp-content\/uploads\/2022\/05\/CUERPO-FILTRAJE-plano-CUERPO-FILTRAJE-MPC.jpg\" alt=\"CUERPO FILTRAJE MPC\" width=\"300\" height=\"388\" srcset=\"https:\/\/www.aircompressormpc.com\/wp-content\/uploads\/2022\/05\/CUERPO-FILTRAJE-plano-CUERPO-FILTRAJE-MPC.jpg 873w, https:\/\/www.aircompressormpc.com\/wp-content\/uploads\/2022\/05\/CUERPO-FILTRAJE-plano-CUERPO-FILTRAJE-MPC-232x300.jpg 232w, https:\/\/www.aircompressormpc.com\/wp-content\/uploads\/2022\/05\/CUERPO-FILTRAJE-plano-CUERPO-FILTRAJE-MPC-792x1024.jpg 792w, https:\/\/www.aircompressormpc.com\/wp-content\/uploads\/2022\/05\/CUERPO-FILTRAJE-plano-CUERPO-FILTRAJE-MPC-768x993.jpg 768w, https:\/\/www.aircompressormpc.com\/wp-content\/uploads\/2022\/05\/CUERPO-FILTRAJE-plano-CUERPO-FILTRAJE-MPC-600x776.jpg 600w\" sizes=\"auto, (max-width: 300px) 100vw, 300px\" \/><\/p>\n<table border=\"0\" frame=\"VOID\" rules=\"NONE\" cellspacing=\"0\">\n<colgroup>\n<col width=\"86\" \/>\n<col width=\"86\" \/>\n<col width=\"86\" \/>\n<col width=\"86\" \/>\n<col width=\"86\" \/>\n<col width=\"86\" \/>\n<col width=\"86\" \/>\n<col width=\"86\" \/><\/colgroup>\n<tbody>\n<tr>\n<td align=\"CENTER\" bgcolor=\"#CD1619\" width=\"86\" height=\"17\"><b><span style=\"color: #ffffff; font-family: Futura Std Condensed;\">C\u00f3digo<\/span><\/b><\/td>\n<td align=\"CENTER\" bgcolor=\"#CD1619\" width=\"86\"><b><span style=\"color: #ffffff; font-family: Futura Std Condensed;\">Rosca <\/span><\/b><\/td>\n<td align=\"CENTER\" bgcolor=\"#CD1619\" width=\"86\"><b><span style=\"color: #ffffff; font-family: Futura Std Condensed;\">A<\/span><\/b><\/td>\n<td align=\"CENTER\" bgcolor=\"#CD1619\" width=\"86\"><b><span style=\"color: #ffffff; font-family: Futura Std Condensed;\">B<\/span><\/b><\/td>\n<td align=\"CENTER\" bgcolor=\"#CD1619\" width=\"86\"><b><span style=\"color: #ffffff; font-family: Futura Std Condensed;\">C<\/span><\/b><\/td>\n<td align=\"CENTER\" bgcolor=\"#CD1619\" width=\"86\"><b><span style=\"color: #ffffff; font-family: Futura Std Condensed;\">D<\/span><\/b><\/td>\n<td align=\"CENTER\" bgcolor=\"#CD1619\" width=\"86\"><b><span style=\"color: #ffffff; font-family: Futura Std Condensed;\">E <\/span><\/b><\/td>\n<td align=\"CENTER\" bgcolor=\"#CD1619\" width=\"86\"><b><span style=\"color: #ffffff; font-family: Futura Std Condensed;\">F<\/span><\/b><\/td>\n<\/tr>\n<tr>\n<td align=\"CENTER\" bgcolor=\"#DCE2EB\" height=\"17\"><b><span style=\"color: #cd1619; font-family: Futura Std Condensed;\">2.100.652<\/span><\/b><\/td>\n<td align=\"CENTER\"><span style=\"color: #000000; font-family: Futura Std Condensed;\">1\/2&Prime;<\/span><\/td>\n<td align=\"CENTER\"><span style=\"color: #000000; font-family: Futura Std Condensed;\">60<\/span><\/td>\n<td align=\"CENTER\"><span style=\"color: #000000; font-family: Futura Std Condensed;\">60<\/span><\/td>\n<td align=\"CENTER\"><span style=\"color: #000000; font-family: Futura Std Condensed;\">60<\/span><\/td>\n<td align=\"CENTER\"><span style=\"color: #000000; font-family: Futura Std Condensed;\">46<\/span><\/td>\n<td align=\"CENTER\"><span style=\"color: #000000; font-family: Futura Std Condensed;\">30<\/span><\/td>\n<td align=\"CENTER\"><span style=\"color: #000000; font-family: Futura Std Condensed;\">155<\/span><\/td>\n<\/tr>\n<tr>\n<td align=\"CENTER\" bgcolor=\"#DCE2EB\" height=\"17\"><b><span style=\"color: #cd1619; font-family: Futura Std Condensed;\">2.100.654<\/span><\/b><\/td>\n<td align=\"CENTER\"><span style=\"color: #000000; font-family: Futura Std Condensed;\">1\/4\u201d<\/span><\/td>\n<td align=\"CENTER\"><span style=\"color: #000000; font-family: Futura Std Condensed;\">42<\/span><\/td>\n<td align=\"CENTER\"><span style=\"color: #000000; font-family: Futura Std Condensed;\">42<\/span><\/td>\n<td align=\"CENTER\"><span style=\"color: #000000; font-family: Futura Std Condensed;\">42<\/span><\/td>\n<td align=\"CENTER\"><span style=\"color: #000000; font-family: Futura Std Condensed;\">32<\/span><\/td>\n<td align=\"CENTER\"><span style=\"color: #000000; font-family: Futura Std Condensed;\">21<\/span><\/td>\n<td align=\"CENTER\"><span style=\"color: #000000; font-family: Futura Std Condensed;\">120<\/span><\/td>\n<\/tr>\n<\/tbody>\n<\/table>\n","protected":false},"excerpt":{"rendered":"<p>Permite el filtrado por efecto coalescente de la corriente de aire, obteniendo una purificaci\u00f3n del 99,97% para part\u00edculas de hasta 0,01\u03bcm. Presi\u00f3n m\u00e1xima entrada 20 bar Temperatura m\u00e1xima del aire de entrada de 50\u00baC Filtro de aire de entrada recomendado de hasta 4 \u03bcm C\u00f3digo Rosca A B C D E F 2.100.652 1\/2&Prime; 60&hellip;<\/p>\n","protected":false},"featured_media":4756,"template":"","meta":[],"product_brand":[],"product_cat":[536,860,542],"product_tag":[514,511,335,513,512,515],"class_list":{"0":"post-3105","1":"product","2":"type-product","3":"status-publish","4":"has-post-thumbnail","6":"product_cat-accesorios","7":"product_cat-filtracion-lubricacion","8":"product_cat-tratamiento-de-aire","9":"product_tag-equipodefiltraje","10":"product_tag-frl","11":"product_tag-regulador","12":"product_tag-reguladorcompresor","13":"product_tag-reguladordepresion","14":"product_tag-unidaddemantenimineto","16":"first","17":"instock","18":"shipping-taxable","19":"purchasable","20":"product-type-simple"},"aioseo_notices":[],"_links":{"self":[{"href":"https:\/\/www.aircompressormpc.com\/fr\/wp-json\/wp\/v2\/product\/3105","targetHints":{"allow":["GET"]}}],"collection":[{"href":"https:\/\/www.aircompressormpc.com\/fr\/wp-json\/wp\/v2\/product"}],"about":[{"href":"https:\/\/www.aircompressormpc.com\/fr\/wp-json\/wp\/v2\/types\/product"}],"wp:featuredmedia":[{"embeddable":true,"href":"https:\/\/www.aircompressormpc.com\/fr\/wp-json\/wp\/v2\/media\/4756"}],"wp:attachment":[{"href":"https:\/\/www.aircompressormpc.com\/fr\/wp-json\/wp\/v2\/media?parent=3105"}],"wp:term":[{"taxonomy":"product_brand","embeddable":true,"href":"https:\/\/www.aircompressormpc.com\/fr\/wp-json\/wp\/v2\/product_brand?post=3105"},{"taxonomy":"product_cat","embeddable":true,"href":"https:\/\/www.aircompressormpc.com\/fr\/wp-json\/wp\/v2\/product_cat?post=3105"},{"taxonomy":"product_tag","embeddable":true,"href":"https:\/\/www.aircompressormpc.com\/fr\/wp-json\/wp\/v2\/product_tag?post=3105"}],"curies":[{"name":"wp","href":"https:\/\/api.w.org\/{rel}","templated":true}]}}