{"id":3063,"date":"2022-05-17T09:33:27","date_gmt":"2022-05-17T09:33:27","guid":{"rendered":"http:\/\/aircompressormpc.servicioempresa.com\/producto\/regulador-de-presion\/"},"modified":"2022-10-03T13:04:04","modified_gmt":"2022-10-03T13:04:04","slug":"regulador-de-presion","status":"publish","type":"product","link":"https:\/\/www.aircompressormpc.com\/fr\/producto\/regulador-de-presion\/","title":{"rendered":"REGULADOR DE PRESI\u00d3N"},"content":{"rendered":"<p><strong>El regulador permite que la presi\u00f3n de vapor se ajuste y se mantenga constante, independientemente de la presi\u00f3n de alimentaci\u00f3n<\/strong><\/p>\n<ul>\n<li><span style=\"color: #4a4a4a;\">Regulador de presi\u00f3n cuerpo aluminio.<\/span><\/li>\n<li><span style=\"color: #4a4a4a;\">Presi\u00f3n m\u00e1xima entrada 20 bar<\/span><\/li>\n<li><span style=\"color: #4a4a4a;\">Presi\u00f3n regulaci\u00f3n 0-12 Bar<\/span><\/li>\n<li><span style=\"color: #4a4a4a;\">Regulaci\u00f3n de alta precisi\u00f3n con tuerca de bloqueo<\/span><\/li>\n<\/ul>\n<p><span style=\"color: #4a4a4a;\"><img loading=\"lazy\" decoding=\"async\" class=\" size-full wp-image-3059\" src=\"https:\/\/www.aircompressormpc.com\/wp-content\/uploads\/2022\/05\/2-100-101-REG1-REGULADOR-PRESION-plano-cotas-regulador-de-presion.jpg\" alt=\"cotas regulador de presion\" width=\"300\" height=\"296\" srcset=\"https:\/\/www.aircompressormpc.com\/wp-content\/uploads\/2022\/05\/2-100-101-REG1-REGULADOR-PRESION-plano-cotas-regulador-de-presion.jpg 1290w, https:\/\/www.aircompressormpc.com\/wp-content\/uploads\/2022\/05\/2-100-101-REG1-REGULADOR-PRESION-plano-cotas-regulador-de-presion-300x296.jpg 300w, https:\/\/www.aircompressormpc.com\/wp-content\/uploads\/2022\/05\/2-100-101-REG1-REGULADOR-PRESION-plano-cotas-regulador-de-presion-1024x1009.jpg 1024w, https:\/\/www.aircompressormpc.com\/wp-content\/uploads\/2022\/05\/2-100-101-REG1-REGULADOR-PRESION-plano-cotas-regulador-de-presion-768x757.jpg 768w, https:\/\/www.aircompressormpc.com\/wp-content\/uploads\/2022\/05\/2-100-101-REG1-REGULADOR-PRESION-plano-cotas-regulador-de-presion-600x591.jpg 600w, https:\/\/www.aircompressormpc.com\/wp-content\/uploads\/2022\/05\/2-100-101-REG1-REGULADOR-PRESION-plano-cotas-regulador-de-presion-100x100.jpg 100w\" sizes=\"auto, (max-width: 300px) 100vw, 300px\" \/><\/span><\/p>\n<table border=\"0\" frame=\"VOID\" rules=\"NONE\" cellspacing=\"0\">\n<colgroup>\n<col width=\"86\" \/>\n<col width=\"86\" \/>\n<col width=\"86\" \/>\n<col width=\"86\" \/>\n<col width=\"86\" \/>\n<col width=\"86\" \/>\n<col width=\"86\" \/>\n<col width=\"86\" \/><\/colgroup>\n<tbody>\n<tr>\n<td align=\"CENTER\" bgcolor=\"#CD1619\" width=\"86\" height=\"17\"><b><span style=\"color: #ffffff; font-family: Futura Std Condensed;\">C\u00f3digo<\/span><\/b><\/td>\n<td align=\"CENTER\" bgcolor=\"#CD1619\" width=\"86\"><b><span style=\"color: #ffffff; font-family: Futura Std Condensed;\">Rosca <\/span><\/b><\/td>\n<td align=\"CENTER\" bgcolor=\"#CD1619\" width=\"86\"><b><span style=\"color: #ffffff; font-family: Futura Std Condensed;\">A<\/span><\/b><\/td>\n<td align=\"CENTER\" bgcolor=\"#CD1619\" width=\"86\"><b><span style=\"color: #ffffff; font-family: Futura Std Condensed;\">B<\/span><\/b><\/td>\n<td align=\"CENTER\" bgcolor=\"#CD1619\" width=\"86\"><b><span style=\"color: #ffffff; font-family: Futura Std Condensed;\">C<\/span><\/b><\/td>\n<td align=\"CENTER\" bgcolor=\"#CD1619\" width=\"86\"><b><span style=\"color: #ffffff; font-family: Futura Std Condensed;\">D<\/span><\/b><\/td>\n<td align=\"CENTER\" bgcolor=\"#CD1619\" width=\"86\"><b><span style=\"color: #ffffff; font-family: Futura Std Condensed;\">E <\/span><\/b><\/td>\n<td align=\"CENTER\" bgcolor=\"#CD1619\" width=\"86\"><b><span style=\"color: #ffffff; font-family: Futura Std Condensed;\">F<\/span><\/b><\/td>\n<\/tr>\n<tr>\n<td align=\"CENTER\" bgcolor=\"#DCE2EB\" height=\"17\"><b><span style=\"color: #cd1619; font-family: Futura Std Condensed;\">2.100.301<\/span><\/b><\/td>\n<td align=\"CENTER\"><span style=\"color: #000000; font-family: Futura Std Condensed;\">1&Prime; <\/span><\/td>\n<td align=\"CENTER\"><span style=\"color: #000000; font-family: Futura Std Condensed;\">80<\/span><\/td>\n<td align=\"CENTER\"><span style=\"color: #000000; font-family: Futura Std Condensed;\">80<\/span><\/td>\n<td align=\"CENTER\"><span style=\"color: #000000; font-family: Futura Std Condensed;\">80<\/span><\/td>\n<td align=\"CENTER\"><span style=\"color: #000000; font-family: Futura Std Condensed;\">66<\/span><\/td>\n<td align=\"CENTER\"><span style=\"color: #000000; font-family: Futura Std Condensed;\">85<\/span><\/td>\n<td align=\"CENTER\"><span style=\"color: #000000; font-family: Futura Std Condensed;\">185<\/span><\/td>\n<\/tr>\n<tr>\n<td align=\"CENTER\" bgcolor=\"#DCE2EB\" height=\"17\"><b><span style=\"color: #cd1619; font-family: Futura Std Condensed;\">2.100.312<\/span><\/b><\/td>\n<td align=\"CENTER\"><span style=\"color: #000000; font-family: Futura Std Condensed;\">1\/2&Prime;<\/span><\/td>\n<td align=\"CENTER\"><span style=\"color: #000000; font-family: Futura Std Condensed;\">60<\/span><\/td>\n<td align=\"CENTER\"><span style=\"color: #000000; font-family: Futura Std Condensed;\">60<\/span><\/td>\n<td align=\"CENTER\"><span style=\"color: #000000; font-family: Futura Std Condensed;\">60<\/span><\/td>\n<td align=\"CENTER\"><span style=\"color: #000000; font-family: Futura Std Condensed;\">46<\/span><\/td>\n<td align=\"CENTER\"><span style=\"color: #000000; font-family: Futura Std Condensed;\">60<\/span><\/td>\n<td align=\"CENTER\"><span style=\"color: #000000; font-family: Futura Std Condensed;\">137<\/span><\/td>\n<\/tr>\n<tr>\n<td align=\"CENTER\" bgcolor=\"#DCE2EB\" height=\"17\"><b><span style=\"color: #cd1619; font-family: Futura Std Condensed;\">2.100.314<\/span><\/b><\/td>\n<td align=\"CENTER\"><span style=\"color: #000000; font-family: Futura Std Condensed;\">1\/4&Prime;<\/span><\/td>\n<td align=\"CENTER\"><span style=\"color: #000000; font-family: Futura Std Condensed;\">42<\/span><\/td>\n<td align=\"CENTER\"><span style=\"color: #000000; font-family: Futura Std Condensed;\">42<\/span><\/td>\n<td align=\"CENTER\"><span style=\"color: #000000; font-family: Futura Std Condensed;\">42<\/span><\/td>\n<td align=\"CENTER\"><span style=\"color: #000000; font-family: Futura Std Condensed;\">32<\/span><\/td>\n<td align=\"CENTER\"><span style=\"color: #000000; font-family: Futura Std Condensed;\">50<\/span><\/td>\n<td align=\"CENTER\"><span style=\"color: #000000; font-family: Futura Std Condensed;\">105<\/span><\/td>\n<\/tr>\n<\/tbody>\n<\/table>\n","protected":false},"excerpt":{"rendered":"<p>El regulador permite que la presi\u00f3n de vapor se ajuste y se mantenga constante, independientemente de la presi\u00f3n de alimentaci\u00f3n Regulador de presi\u00f3n cuerpo aluminio. Presi\u00f3n m\u00e1xima entrada 20 bar Presi\u00f3n regulaci\u00f3n 0-12 Bar Regulaci\u00f3n de alta precisi\u00f3n con tuerca de bloqueo C\u00f3digo Rosca A B C D E F 2.100.301 1&Prime; 80 80 80&hellip;<\/p>\n","protected":false},"featured_media":4814,"template":"","meta":[],"product_brand":[],"product_cat":[536,860,542],"product_tag":[514,511,335,513,512,515],"class_list":{"0":"post-3063","1":"product","2":"type-product","3":"status-publish","4":"has-post-thumbnail","6":"product_cat-accesorios","7":"product_cat-filtracion-lubricacion","8":"product_cat-tratamiento-de-aire","9":"product_tag-equipodefiltraje","10":"product_tag-frl","11":"product_tag-regulador","12":"product_tag-reguladorcompresor","13":"product_tag-reguladordepresion","14":"product_tag-unidaddemantenimineto","16":"first","17":"instock","18":"shipping-taxable","19":"purchasable","20":"product-type-simple"},"aioseo_notices":[],"_links":{"self":[{"href":"https:\/\/www.aircompressormpc.com\/fr\/wp-json\/wp\/v2\/product\/3063","targetHints":{"allow":["GET"]}}],"collection":[{"href":"https:\/\/www.aircompressormpc.com\/fr\/wp-json\/wp\/v2\/product"}],"about":[{"href":"https:\/\/www.aircompressormpc.com\/fr\/wp-json\/wp\/v2\/types\/product"}],"wp:featuredmedia":[{"embeddable":true,"href":"https:\/\/www.aircompressormpc.com\/fr\/wp-json\/wp\/v2\/media\/4814"}],"wp:attachment":[{"href":"https:\/\/www.aircompressormpc.com\/fr\/wp-json\/wp\/v2\/media?parent=3063"}],"wp:term":[{"taxonomy":"product_brand","embeddable":true,"href":"https:\/\/www.aircompressormpc.com\/fr\/wp-json\/wp\/v2\/product_brand?post=3063"},{"taxonomy":"product_cat","embeddable":true,"href":"https:\/\/www.aircompressormpc.com\/fr\/wp-json\/wp\/v2\/product_cat?post=3063"},{"taxonomy":"product_tag","embeddable":true,"href":"https:\/\/www.aircompressormpc.com\/fr\/wp-json\/wp\/v2\/product_tag?post=3063"}],"curies":[{"name":"wp","href":"https:\/\/api.w.org\/{rel}","templated":true}]}}