{"id":2763,"date":"2021-09-03T13:40:54","date_gmt":"2021-09-03T13:40:54","guid":{"rendered":"http:\/\/aircompressormpc.servicioempresa.com\/producto\/manometro-con-glicerina-14-m-radial-o-63\/"},"modified":"2023-05-10T11:02:52","modified_gmt":"2023-05-10T11:02:52","slug":"manometro-con-glicerina-14-m-radial-o-63","status":"publish","type":"product","link":"https:\/\/www.aircompressormpc.com\/fr\/producto\/manometro-con-glicerina-14-m-radial-o-63\/","title":{"rendered":"MAN\u00d3METRO GLICERINA 1\/4&Prime;M RADIAL \u00d8 63"},"content":{"rendered":"<h1 class=\"classic-title\" style=\"margin: 0px 0px 16px; font-size: 24px; font-family: 'Open Sans', sans-serif; font-weight: 300; line-height: 30px; color: #444444; padding-bottom: 8px; border-bottom: 1px solid #eeeeee; font-style: normal; letter-spacing: normal; text-indent: 0px; white-space: normal; word-spacing: 0px; background-color: #ffffff; text-transform: capitalize;\"><span style=\"padding-bottom: 8px; border-bottom: 1px solid #d50019; font-weight: 400;\">Man\u00f3metro Con glicerina 1\/4 M<\/span><\/h1>\n<p style=\"color: #000000; font-family: Verdana, Arial, Helvetica, sans-serif; font-size: 11px; font-style: normal; font-weight: 400; letter-spacing: normal; text-indent: 0px; text-transform: none; white-space: normal; word-spacing: 0px;\">Caja de acero inoxidable AISI 304. Fabricados seg\u00fan norma UNE-EN 837-1. Esfera con di\u00e1metro nominal 63. Contienen glicerina. Tap\u00f3n de goma en orificio de llenado. Visor de vidrio. Interiores, tubo bourdon y racord de conexi\u00f3n en lat\u00f3n. Conexi\u00f3n inferior o radial. Conexi\u00f3n mediante rosca macho paralela 1\/4\u201d (BSP) seg\u00fan UNE-EN ISO 228-1. Precisi\u00f3n Clase Cl. 1,6. Doble escala: bar (negro) \/ psi (rojo). Temperatura maxima del fluido: 60 \u02daC.<\/p>\n<table class=\"upper table table-striped catalogo item desktop-no-columns table-hover\" style=\"border: 1px dashed #bbbbbb; color: #000000; font-family: Verdana, Arial, Helvetica, sans-serif; font-size: 11px; font-style: normal; font-weight: 400; letter-spacing: normal; text-transform: none; white-space: normal; word-spacing: 0px;\" width=\"100%\">\n<thead class=\"fondo_1\">\n<tr>\n<th class=\"head\" style=\"font-family: Verdana, Arial, Helvetica, sans-serif; font-size: 11px; border: 1px dashed #bbbbbb;\">\n<div class=\"th-inner\">CODIGO<\/div>\n<\/th>\n<th class=\"head\" style=\"font-family: Verdana, Arial, Helvetica, sans-serif; font-size: 11px; border: 1px dashed #bbbbbb;\">\n<div class=\"th-inner\">Rango presi\u00f3n<\/div>\n<\/th>\n<\/tr>\n<\/thead>\n<tbody>\n<tr>\n<td class=\"titulo\" style=\"font-family: Verdana, Arial, Helvetica, sans-serif; font-size: 11px; border: 1px dashed #bbbbbb;\"><strong>2.326.121<\/strong><\/td>\n<td class=\"general\" style=\"font-family: Verdana, Arial, Helvetica, sans-serif; font-size: 11px; border: 1px dashed #bbbbbb;\">0-1<\/td>\n<\/tr>\n<tr>\n<td class=\"titulo\" style=\"font-family: Verdana, Arial, Helvetica, sans-serif; font-size: 11px; border: 1px dashed #bbbbbb;\"><strong>2.326.122<\/strong><\/td>\n<td class=\"general\" style=\"font-family: Verdana, Arial, Helvetica, sans-serif; font-size: 11px; border: 1px dashed #bbbbbb;\">0-2<\/td>\n<\/tr>\n<tr>\n<td class=\"titulo\" style=\"font-family: Verdana, Arial, Helvetica, sans-serif; font-size: 11px; border: 1px dashed #bbbbbb;\"><strong>2.326.123<\/strong><\/td>\n<td class=\"general\" style=\"font-family: Verdana, Arial, Helvetica, sans-serif; font-size: 11px; border: 1px dashed #bbbbbb;\">0-4<\/td>\n<\/tr>\n<tr>\n<td class=\"titulo\" style=\"font-family: Verdana, Arial, Helvetica, sans-serif; font-size: 11px; border: 1px dashed #bbbbbb;\"><strong>2.326.124<\/strong><\/td>\n<td class=\"general\" style=\"font-family: Verdana, Arial, Helvetica, sans-serif; font-size: 11px; border: 1px dashed #bbbbbb;\">0-6<\/td>\n<\/tr>\n<tr>\n<td class=\"titulo\" style=\"font-family: Verdana, Arial, Helvetica, sans-serif; font-size: 11px; border: 1px dashed #bbbbbb;\"><strong>2.326.125<\/strong><\/td>\n<td class=\"general\" style=\"font-family: Verdana, Arial, Helvetica, sans-serif; font-size: 11px; border: 1px dashed #bbbbbb;\">0-10<\/td>\n<\/tr>\n<tr>\n<td class=\"titulo\" style=\"font-family: Verdana, Arial, Helvetica, sans-serif; font-size: 11px; border: 1px dashed #bbbbbb;\"><strong>2.326.126<\/strong><\/td>\n<td class=\"general\" style=\"font-family: Verdana, Arial, Helvetica, sans-serif; font-size: 11px; border: 1px dashed #bbbbbb;\">0-16<\/td>\n<\/tr>\n<tr>\n<td class=\"titulo\" style=\"font-family: Verdana, Arial, Helvetica, sans-serif; font-size: 11px; border: 1px dashed #bbbbbb;\"><strong>2.326.127<\/strong><\/td>\n<td class=\"general\" style=\"font-family: Verdana, Arial, Helvetica, sans-serif; font-size: 11px; border: 1px dashed #bbbbbb;\">0-25<\/td>\n<\/tr>\n<tr>\n<td class=\"titulo\" style=\"font-family: Verdana, Arial, Helvetica, sans-serif; font-size: 11px; border: 1px dashed #bbbbbb;\"><strong>2.326.128<\/strong><\/td>\n<td class=\"general\" style=\"font-family: Verdana, Arial, Helvetica, sans-serif; font-size: 11px; border: 1px dashed #bbbbbb;\">0-60<\/td>\n<\/tr>\n<tr>\n<td class=\"titulo\" style=\"font-family: Verdana, Arial, Helvetica, sans-serif; font-size: 11px; border: 1px dashed #bbbbbb;\"><strong>2.326.129<\/strong><\/td>\n<td class=\"general\" style=\"font-family: Verdana, Arial, Helvetica, sans-serif; font-size: 11px; border: 1px dashed #bbbbbb;\">0-100<\/td>\n<\/tr>\n<tr>\n<td class=\"titulo\" style=\"font-family: Verdana, Arial, Helvetica, sans-serif; font-size: 11px; border: 1px dashed #bbbbbb;\"><strong>2.326.130<\/strong><\/td>\n<td class=\"general\" style=\"font-family: Verdana, Arial, Helvetica, sans-serif; font-size: 11px; border: 1px dashed #bbbbbb;\">0-160<\/td>\n<\/tr>\n<\/tbody>\n<\/table>\n<p>&nbsp;<\/p>\n","protected":false},"excerpt":{"rendered":"<p><span style=\"color: #4a4a4a;\">Conexi\u00f3n inferior o radial<\/span><\/p>\n","protected":false},"featured_media":2756,"template":"","meta":[],"product_brand":[],"product_cat":[536,1061,542],"product_tag":[1062,449],"class_list":{"0":"post-2763","1":"product","2":"type-product","3":"status-publish","4":"has-post-thumbnail","6":"product_cat-accesorios","7":"product_cat-manometro","8":"product_cat-tratamiento-de-aire","9":"product_tag-manometro","10":"product_tag-mpc","12":"first","13":"instock","14":"shipping-taxable","15":"purchasable","16":"product-type-simple"},"aioseo_notices":[],"_links":{"self":[{"href":"https:\/\/www.aircompressormpc.com\/fr\/wp-json\/wp\/v2\/product\/2763","targetHints":{"allow":["GET"]}}],"collection":[{"href":"https:\/\/www.aircompressormpc.com\/fr\/wp-json\/wp\/v2\/product"}],"about":[{"href":"https:\/\/www.aircompressormpc.com\/fr\/wp-json\/wp\/v2\/types\/product"}],"wp:featuredmedia":[{"embeddable":true,"href":"https:\/\/www.aircompressormpc.com\/fr\/wp-json\/wp\/v2\/media\/2756"}],"wp:attachment":[{"href":"https:\/\/www.aircompressormpc.com\/fr\/wp-json\/wp\/v2\/media?parent=2763"}],"wp:term":[{"taxonomy":"product_brand","embeddable":true,"href":"https:\/\/www.aircompressormpc.com\/fr\/wp-json\/wp\/v2\/product_brand?post=2763"},{"taxonomy":"product_cat","embeddable":true,"href":"https:\/\/www.aircompressormpc.com\/fr\/wp-json\/wp\/v2\/product_cat?post=2763"},{"taxonomy":"product_tag","embeddable":true,"href":"https:\/\/www.aircompressormpc.com\/fr\/wp-json\/wp\/v2\/product_tag?post=2763"}],"curies":[{"name":"wp","href":"https:\/\/api.w.org\/{rel}","templated":true}]}}