{"id":2711,"date":"2021-08-19T14:39:40","date_gmt":"2021-08-19T14:39:40","guid":{"rendered":"http:\/\/aircompressormpc.servicioempresa.com\/producto\/micro-grifo-instantaneo-metalico\/"},"modified":"2022-08-23T11:21:23","modified_gmt":"2022-08-23T11:21:23","slug":"micro-grifo-instantaneo-metalico","status":"publish","type":"product","link":"https:\/\/www.aircompressormpc.com\/fr\/producto\/micro-grifo-instantaneo-metalico\/","title":{"rendered":"MICRO GRIFO INSTANT\u00c1NEO MET\u00c1LICO"},"content":{"rendered":"<h2><span style=\"color: #ff0000;\">Micro grifo<\/span><\/h2>\n<p><span style=\"color: #4a4a4a;\">\u00a0Micro grifo instant\u00e1neo met\u00e1lico, para circuitos neum\u00e1ticos, hidr\u00e1ulicos y oleodin\u00e1micos<\/span>. Temperatura:O-Ring NBR: Min.-20\u00b0C\/ Max.+80\u00b0C. Tubos de conexi\u00f3n de\u00a0 cobre y aluminio. GAS C\u00f3nica ISO 7 (BSPT) &#8211; BS 21 &#8211; DIN 2999. GAS Cil\u00edndrica ISO 228 (BSPP).Maneta est\u00e1ndar negra.<\/p>\n<table border=\"0\" frame=\"VOID\" rules=\"NONE\" cellspacing=\"0\">\n<colgroup>\n<col width=\"86\" \/>\n<col width=\"86\" \/>\n<col width=\"86\" \/>\n<col width=\"86\" \/>\n<col width=\"86\" \/><\/colgroup>\n<tbody>\n<tr>\n<td align=\"CENTER\" bgcolor=\"#CD1619\" width=\"86\" height=\"32\"><b><span style=\"color: #ffffff; font-family: Futura Std Condensed;\">C\u00f3digo<\/span><\/b><\/td>\n<td style=\"text-align: center;\" align=\"CENTER\" bgcolor=\"#CD1619\" width=\"86\"><b><span style=\"color: #ffffff; font-family: Futura Std Condensed;\">D<\/span><\/b><\/td>\n<td style=\"text-align: center;\" align=\"CENTER\" bgcolor=\"#CD1619\" width=\"86\"><b><span style=\"color: #ffffff; font-family: Futura Std Condensed;\">H<br \/>\nmm<\/span><\/b><\/td>\n<td style=\"text-align: center;\" align=\"CENTER\" bgcolor=\"#CD1619\" width=\"86\"><b><span style=\"color: #ffffff; font-family: Futura Std Condensed;\">L<br \/>\nmm<\/span><\/b><\/td>\n<td style=\"text-align: center;\" align=\"CENTER\" bgcolor=\"#CD1619\" width=\"86\"><b><span style=\"color: #ffffff; font-family: Futura Std Condensed;\">CH<br \/>\nmm<\/span><\/b><\/td>\n<\/tr>\n<tr>\n<td align=\"CENTER\" bgcolor=\"#DCE2EB\" height=\"17\"><b><span style=\"color: #cd1619; font-family: Futura Std Condensed;\">2.333.560<\/span><\/b><\/td>\n<td style=\"text-align: center;\" align=\"LEFT\"><span style=\"color: #000000; font-family: Futura Std Condensed;\">D4<\/span><\/td>\n<td style=\"text-align: center;\" align=\"RIGHT\"><span style=\"color: #000000; font-family: Futura Std Condensed;\">21,5<\/span><\/td>\n<td style=\"text-align: center;\" align=\"RIGHT\"><span style=\"color: #000000; font-family: Futura Std Condensed;\">43<\/span><\/td>\n<td style=\"text-align: center;\" align=\"RIGHT\"><span style=\"color: #000000; font-family: Futura Std Condensed;\">14<\/span><\/td>\n<\/tr>\n<tr>\n<td align=\"CENTER\" bgcolor=\"#DCE2EB\" height=\"17\"><b><span style=\"color: #cd1619; font-family: Futura Std Condensed;\">2.333.561<\/span><\/b><\/td>\n<td style=\"text-align: center;\" align=\"LEFT\"><span style=\"color: #000000; font-family: Futura Std Condensed;\">D6<\/span><\/td>\n<td style=\"text-align: center;\" align=\"RIGHT\"><span style=\"color: #000000; font-family: Futura Std Condensed;\">21,5<\/span><\/td>\n<td style=\"text-align: center;\" align=\"RIGHT\"><span style=\"color: #000000; font-family: Futura Std Condensed;\">46,5<\/span><\/td>\n<td style=\"text-align: center;\" align=\"RIGHT\"><span style=\"color: #000000; font-family: Futura Std Condensed;\">14<\/span><\/td>\n<\/tr>\n<tr>\n<td align=\"CENTER\" bgcolor=\"#DCE2EB\" height=\"17\"><b><span style=\"color: #cd1619; font-family: Futura Std Condensed;\">2.333.562<\/span><\/b><\/td>\n<td style=\"text-align: center;\" align=\"LEFT\"><span style=\"color: #000000; font-family: Futura Std Condensed;\">D8<\/span><\/td>\n<td style=\"text-align: center;\" align=\"RIGHT\"><span style=\"color: #000000; font-family: Futura Std Condensed;\">21,5<\/span><\/td>\n<td style=\"text-align: center;\" align=\"RIGHT\"><span style=\"color: #000000; font-family: Futura Std Condensed;\">43<\/span><\/td>\n<td style=\"text-align: center;\" align=\"RIGHT\"><span style=\"color: #000000; font-family: Futura Std Condensed;\">14<\/span><\/td>\n<\/tr>\n<\/tbody>\n<\/table>\n<p style=\"text-align: center;\">\n","protected":false},"excerpt":{"rendered":"<p><img loading=\"lazy\" decoding=\"async\" class=\"alignnone wp-image-5120 size-full\" src=\"https:\/\/www.aircompressormpc.com\/wp-content\/uploads\/2022\/08\/icono2.jpg\" alt=\"\" width=\"600\" height=\"308\" \/><\/p>\n","protected":false},"featured_media":2707,"template":"","meta":[],"product_brand":[],"product_cat":[536,541,618],"product_tag":[449,500,499],"class_list":{"0":"post-2711","1":"product","2":"type-product","3":"status-publish","4":"has-post-thumbnail","6":"product_cat-accesorios","7":"product_cat-valvulas","8":"product_cat-valvulas-linea","9":"product_tag-mpc","10":"product_tag-valvula","11":"product_tag-valvula-linea","13":"first","14":"instock","15":"shipping-taxable","16":"purchasable","17":"product-type-simple"},"aioseo_notices":[],"_links":{"self":[{"href":"https:\/\/www.aircompressormpc.com\/fr\/wp-json\/wp\/v2\/product\/2711","targetHints":{"allow":["GET"]}}],"collection":[{"href":"https:\/\/www.aircompressormpc.com\/fr\/wp-json\/wp\/v2\/product"}],"about":[{"href":"https:\/\/www.aircompressormpc.com\/fr\/wp-json\/wp\/v2\/types\/product"}],"wp:featuredmedia":[{"embeddable":true,"href":"https:\/\/www.aircompressormpc.com\/fr\/wp-json\/wp\/v2\/media\/2707"}],"wp:attachment":[{"href":"https:\/\/www.aircompressormpc.com\/fr\/wp-json\/wp\/v2\/media?parent=2711"}],"wp:term":[{"taxonomy":"product_brand","embeddable":true,"href":"https:\/\/www.aircompressormpc.com\/fr\/wp-json\/wp\/v2\/product_brand?post=2711"},{"taxonomy":"product_cat","embeddable":true,"href":"https:\/\/www.aircompressormpc.com\/fr\/wp-json\/wp\/v2\/product_cat?post=2711"},{"taxonomy":"product_tag","embeddable":true,"href":"https:\/\/www.aircompressormpc.com\/fr\/wp-json\/wp\/v2\/product_tag?post=2711"}],"curies":[{"name":"wp","href":"https:\/\/api.w.org\/{rel}","templated":true}]}}