{"id":2705,"date":"2021-08-19T14:25:45","date_gmt":"2021-08-19T14:25:45","guid":{"rendered":"http:\/\/aircompressormpc.servicioempresa.com\/producto\/micro-grifo-m-conico-instantaneo-metalico\/"},"modified":"2022-08-25T06:18:25","modified_gmt":"2022-08-25T06:18:25","slug":"micro-grifo-m-conico-instantaneo-metalico","status":"publish","type":"product","link":"https:\/\/www.aircompressormpc.com\/fr\/producto\/micro-grifo-m-conico-instantaneo-metalico\/","title":{"rendered":"MICRO GRIFO M- CONICO &#8211; INSTANT\u00c1NEO MET\u00c1LICO"},"content":{"rendered":"<h2><span style=\"color: #ff0000;\">Micro grifo<\/span><\/h2>\n<p>Micro grifo para circuitos neum\u00e1ticos, hidr\u00e1ulicos y oleodin\u00e1micos. Temperatura:O-Ring NBR: Min.-20\u00b0C\/ Max.+80\u00b0C. Tubos de conexi\u00f3n de\u00a0 cobre y aluminio. GAS C\u00f3nica ISO 7 (BSPT) &#8211; BS 21 &#8211; DIN 2999. GAS Cil\u00edndrica ISO 228 (BSPP).Maneta est\u00e1ndar negra.<\/p>\n<table border=\"0\" frame=\"VOID\" rules=\"NONE\" cellspacing=\"0\">\n<colgroup>\n<col width=\"86\" \/>\n<col width=\"86\" \/>\n<col width=\"86\" \/>\n<col width=\"86\" \/>\n<col width=\"86\" \/>\n<col width=\"86\" \/><\/colgroup>\n<tbody>\n<tr>\n<td align=\"CENTER\" bgcolor=\"#CD1619\" width=\"86\" height=\"32\"><b><span style=\"color: #ffffff; font-family: Futura Std Condensed;\">C\u00f3digo<\/span><\/b><\/td>\n<td align=\"CENTER\" bgcolor=\"#CD1619\" width=\"86\"><b><span style=\"color: #ffffff; font-family: Futura Std Condensed;\">\u00d8<\/span><\/b><\/td>\n<td align=\"CENTER\" bgcolor=\"#CD1619\" width=\"86\"><b><span style=\"color: #ffffff; font-family: Futura Std Condensed;\">D<\/span><\/b><\/td>\n<td align=\"CENTER\" bgcolor=\"#CD1619\" width=\"86\"><b><span style=\"color: #ffffff; font-family: Futura Std Condensed;\">H<br \/>\nmm<\/span><\/b><\/td>\n<td align=\"CENTER\" bgcolor=\"#CD1619\" width=\"86\"><b><span style=\"color: #ffffff; font-family: Futura Std Condensed;\">L<br \/>\nmm<\/span><\/b><\/td>\n<td align=\"CENTER\" bgcolor=\"#CD1619\" width=\"86\"><b><span style=\"color: #ffffff; font-family: Futura Std Condensed;\">CH<br \/>\nmm<\/span><\/b><\/td>\n<\/tr>\n<tr>\n<td align=\"CENTER\" bgcolor=\"#DCE2EB\" height=\"32\"><b><span style=\"color: #cd1619; font-family: Futura Std Condensed;\">2.333.551<\/span><\/b><\/td>\n<td align=\"LEFT\"><span style=\"color: #000000; font-family: Futura Std Condensed;\">1\/8&Prime;<\/span><\/td>\n<td align=\"LEFT\"><span style=\"color: #000000; font-family: Futura Std Condensed;\">D4<\/span><\/td>\n<td align=\"RIGHT\"><span style=\"color: #000000; font-family: Futura Std Condensed;\">21,5<\/span><\/td>\n<td align=\"RIGHT\"><span style=\"color: #000000; font-family: Futura Std Condensed;\">41<\/span><\/td>\n<td align=\"RIGHT\"><span style=\"color: #000000; font-family: Futura Std Condensed;\">14<\/span><\/td>\n<\/tr>\n<tr>\n<td align=\"CENTER\" bgcolor=\"#DCE2EB\" height=\"17\"><b><span style=\"color: #cd1619; font-family: Futura Std Condensed;\">2.333.552<\/span><\/b><\/td>\n<td align=\"LEFT\"><span style=\"color: #000000; font-family: Futura Std Condensed;\">1\/4&Prime;<\/span><\/td>\n<td align=\"LEFT\"><span style=\"color: #000000; font-family: Futura Std Condensed;\">D4<\/span><\/td>\n<td align=\"RIGHT\"><span style=\"color: #000000; font-family: Futura Std Condensed;\">21,5<\/span><\/td>\n<td align=\"RIGHT\"><span style=\"color: #000000; font-family: Futura Std Condensed;\">44<\/span><\/td>\n<td align=\"RIGHT\"><span style=\"color: #000000; font-family: Futura Std Condensed;\">14<\/span><\/td>\n<\/tr>\n<tr>\n<td align=\"CENTER\" bgcolor=\"#DCE2EB\" height=\"17\"><b><span style=\"color: #cd1619; font-family: Futura Std Condensed;\">2.333.553<\/span><\/b><\/td>\n<td align=\"LEFT\"><span style=\"color: #000000; font-family: Futura Std Condensed;\">1\/8&Prime;<\/span><\/td>\n<td align=\"LEFT\"><span style=\"color: #000000; font-family: Futura Std Condensed;\">D6<\/span><\/td>\n<td align=\"RIGHT\"><span style=\"color: #000000; font-family: Futura Std Condensed;\">21,5<\/span><\/td>\n<td align=\"RIGHT\"><span style=\"color: #000000; font-family: Futura Std Condensed;\">41<\/span><\/td>\n<td align=\"RIGHT\"><span style=\"color: #000000; font-family: Futura Std Condensed;\">14<\/span><\/td>\n<\/tr>\n<tr>\n<td align=\"CENTER\" bgcolor=\"#DCE2EB\" height=\"17\"><b><span style=\"color: #cd1619; font-family: Futura Std Condensed;\">2.333.554<\/span><\/b><\/td>\n<td align=\"LEFT\"><span style=\"color: #000000; font-family: Futura Std Condensed;\">1\/4&Prime;<\/span><\/td>\n<td align=\"LEFT\"><span style=\"color: #000000; font-family: Futura Std Condensed;\">D6<\/span><\/td>\n<td align=\"RIGHT\"><span style=\"color: #000000; font-family: Futura Std Condensed;\">21,5<\/span><\/td>\n<td align=\"RIGHT\"><span style=\"color: #000000; font-family: Futura Std Condensed;\">44<\/span><\/td>\n<td align=\"RIGHT\"><span style=\"color: #000000; font-family: Futura Std Condensed;\">14<\/span><\/td>\n<\/tr>\n<tr>\n<td align=\"CENTER\" bgcolor=\"#DCE2EB\" height=\"17\"><b><span style=\"color: #cd1619; font-family: Futura Std Condensed;\">2.333.555<\/span><\/b><\/td>\n<td align=\"LEFT\"><span style=\"color: #000000; font-family: Futura Std Condensed;\">3\/8&Prime;<\/span><\/td>\n<td align=\"LEFT\"><span style=\"color: #000000; font-family: Futura Std Condensed;\">D6<\/span><\/td>\n<td align=\"RIGHT\"><span style=\"color: #000000; font-family: Futura Std Condensed;\">21,5<\/span><\/td>\n<td align=\"RIGHT\"><span style=\"color: #000000; font-family: Futura Std Condensed;\">44,5<\/span><\/td>\n<td align=\"RIGHT\"><span style=\"color: #000000; font-family: Futura Std Condensed;\">14<\/span><\/td>\n<\/tr>\n<tr>\n<td align=\"CENTER\" bgcolor=\"#DCE2EB\" height=\"17\"><b><span style=\"color: #cd1619; font-family: Futura Std Condensed;\">2.333.556<\/span><\/b><\/td>\n<td align=\"LEFT\"><span style=\"color: #000000; font-family: Futura Std Condensed;\">1\/8&Prime;<\/span><\/td>\n<td align=\"LEFT\"><span style=\"color: #000000; font-family: Futura Std Condensed;\">D8<\/span><\/td>\n<td align=\"RIGHT\"><span style=\"color: #000000; font-family: Futura Std Condensed;\">21,5<\/span><\/td>\n<td align=\"RIGHT\"><span style=\"color: #000000; font-family: Futura Std Condensed;\">44,5<\/span><\/td>\n<td align=\"RIGHT\"><span style=\"color: #000000; font-family: Futura Std Condensed;\">14<\/span><\/td>\n<\/tr>\n<tr>\n<td align=\"CENTER\" bgcolor=\"#DCE2EB\" height=\"17\"><b><span style=\"color: #cd1619; font-family: Futura Std Condensed;\">2.333.557<\/span><\/b><\/td>\n<td align=\"LEFT\"><span style=\"color: #000000; font-family: Futura Std Condensed;\">1\/4&Prime;<\/span><\/td>\n<td align=\"LEFT\"><span style=\"color: #000000; font-family: Futura Std Condensed;\">D8<\/span><\/td>\n<td align=\"RIGHT\"><span style=\"color: #000000; font-family: Futura Std Condensed;\">21,5<\/span><\/td>\n<td align=\"RIGHT\"><span style=\"color: #000000; font-family: Futura Std Condensed;\">45<\/span><\/td>\n<td align=\"RIGHT\"><span style=\"color: #000000; font-family: Futura Std Condensed;\">14<\/span><\/td>\n<\/tr>\n<tr>\n<td align=\"CENTER\" bgcolor=\"#DCE2EB\" height=\"17\"><b><span style=\"color: #cd1619; font-family: Futura Std Condensed;\">2.333.558<\/span><\/b><\/td>\n<td align=\"LEFT\"><span style=\"color: #000000; font-family: Futura Std Condensed;\">3\/8&Prime;<\/span><\/td>\n<td align=\"LEFT\"><span style=\"color: #000000; font-family: Futura Std Condensed;\">D8<\/span><\/td>\n<td align=\"RIGHT\"><span style=\"color: #000000; font-family: Futura Std Condensed;\">21,5<\/span><\/td>\n<td align=\"RIGHT\"><span style=\"color: #000000; font-family: Futura Std Condensed;\">45,5<\/span><\/td>\n<td align=\"RIGHT\"><span style=\"color: #000000; font-family: Futura Std Condensed;\">14<\/span><\/td>\n<\/tr>\n<\/tbody>\n<\/table>\n","protected":false},"excerpt":{"rendered":"<p><span style=\"color: #4a4a4a;\">\u00a0Micro grifo M (c\u00f3nico) &#8211; instant\u00e1neo met\u00e1lico, para circuitos neum\u00e1ticos, hidr\u00e1ulicos y oleodin\u00e1micos<\/span><\/p>\n","protected":false},"featured_media":2698,"template":"","meta":[],"product_brand":[],"product_cat":[536,541,618],"product_tag":[449,500,499],"class_list":{"0":"post-2705","1":"product","2":"type-product","3":"status-publish","4":"has-post-thumbnail","6":"product_cat-accesorios","7":"product_cat-valvulas","8":"product_cat-valvulas-linea","9":"product_tag-mpc","10":"product_tag-valvula","11":"product_tag-valvula-linea","13":"first","14":"instock","15":"shipping-taxable","16":"purchasable","17":"product-type-simple"},"aioseo_notices":[],"_links":{"self":[{"href":"https:\/\/www.aircompressormpc.com\/fr\/wp-json\/wp\/v2\/product\/2705","targetHints":{"allow":["GET"]}}],"collection":[{"href":"https:\/\/www.aircompressormpc.com\/fr\/wp-json\/wp\/v2\/product"}],"about":[{"href":"https:\/\/www.aircompressormpc.com\/fr\/wp-json\/wp\/v2\/types\/product"}],"wp:featuredmedia":[{"embeddable":true,"href":"https:\/\/www.aircompressormpc.com\/fr\/wp-json\/wp\/v2\/media\/2698"}],"wp:attachment":[{"href":"https:\/\/www.aircompressormpc.com\/fr\/wp-json\/wp\/v2\/media?parent=2705"}],"wp:term":[{"taxonomy":"product_brand","embeddable":true,"href":"https:\/\/www.aircompressormpc.com\/fr\/wp-json\/wp\/v2\/product_brand?post=2705"},{"taxonomy":"product_cat","embeddable":true,"href":"https:\/\/www.aircompressormpc.com\/fr\/wp-json\/wp\/v2\/product_cat?post=2705"},{"taxonomy":"product_tag","embeddable":true,"href":"https:\/\/www.aircompressormpc.com\/fr\/wp-json\/wp\/v2\/product_tag?post=2705"}],"curies":[{"name":"wp","href":"https:\/\/api.w.org\/{rel}","templated":true}]}}