{"id":2687,"date":"2021-08-19T12:11:27","date_gmt":"2021-08-19T12:11:27","guid":{"rendered":"http:\/\/aircompressormpc.servicioempresa.com\/producto\/micro-grifo-esfera-m-conico-tubo-bicono\/"},"modified":"2022-08-24T12:45:16","modified_gmt":"2022-08-24T12:45:16","slug":"micro-grifo-esfera-m-conico-tubo-bicono","status":"publish","type":"product","link":"https:\/\/www.aircompressormpc.com\/fr\/producto\/micro-grifo-esfera-m-conico-tubo-bicono\/","title":{"rendered":"MICRO GRIFO ESFERA M CONICO &#8211; TUBO (BICONO)"},"content":{"rendered":"<h2><span style=\"color: #ff0000;\">Micro grifo<\/span><\/h2>\n<p>Micro grifo para circuitos neum\u00e1ticos, hidr\u00e1ulicos y oleodin\u00e1micos. Temperatura:O-Ring NBR: Min.-20\u00b0C\/ Max.+80\u00b0C. Tubos de conexi\u00f3n de\u00a0 cobre, aluminio, acero tubos de pl\u00e1stico (PA,PU,PE, etc.) a montarse con \u00e1nima de refuerzo interna. GAS C\u00f3nica ISO 7 (BSPT) &#8211; BS 21 &#8211; DIN 2999. GAS Cil\u00edndrica ISO 228 (BSPP).Maneta est\u00e1ndar negra.<\/p>\n<table border=\"0\" frame=\"VOID\" rules=\"NONE\" cellspacing=\"0\">\n<colgroup>\n<col width=\"86\" \/>\n<col width=\"86\" \/>\n<col width=\"86\" \/>\n<col width=\"86\" \/>\n<col width=\"86\" \/>\n<col width=\"86\" \/><\/colgroup>\n<tbody>\n<tr>\n<td align=\"CENTER\" bgcolor=\"#CD1619\" width=\"86\" height=\"32\"><b><span style=\"color: #ffffff; font-family: Futura Std Condensed;\">C\u00f3digo<\/span><\/b><\/td>\n<td align=\"CENTER\" bgcolor=\"#CD1619\" width=\"86\"><b><span style=\"color: #ffffff; font-family: Futura Std Condensed;\">Rosca<\/span><\/b><\/td>\n<td align=\"CENTER\" bgcolor=\"#CD1619\" width=\"86\"><b><span style=\"color: #ffffff; font-family: Futura Std Condensed;\">D<\/span><\/b><\/td>\n<td align=\"CENTER\" bgcolor=\"#CD1619\" width=\"86\"><b><span style=\"color: #ffffff; font-family: Futura Std Condensed;\">H<br \/>\nmm<\/span><\/b><\/td>\n<td align=\"CENTER\" bgcolor=\"#CD1619\" width=\"86\"><b><span style=\"color: #ffffff; font-family: Futura Std Condensed;\">L<br \/>\nmm<\/span><\/b><\/td>\n<td align=\"CENTER\" bgcolor=\"#CD1619\" width=\"86\"><b><span style=\"color: #ffffff; font-family: Futura Std Condensed;\">CH<br \/>\nmm<\/span><\/b><\/td>\n<\/tr>\n<tr>\n<td align=\"CENTER\" bgcolor=\"#DCE2EB\" height=\"17\"><b><span style=\"color: #cd1619; font-family: Futura Std Condensed;\">2.333.531<\/span><\/b><\/td>\n<td style=\"text-align: center;\" align=\"LEFT\"><span style=\"color: #000000; font-family: Futura Std Condensed;\">1\/8\u201d<\/span><\/td>\n<td style=\"text-align: center;\" align=\"LEFT\"><span style=\"color: #000000; font-family: Futura Std Condensed;\">D6<\/span><\/td>\n<td style=\"text-align: center;\" align=\"RIGHT\"><span style=\"color: #000000; font-family: Futura Std Condensed;\">21,5<\/span><\/td>\n<td style=\"text-align: center;\" align=\"RIGHT\"><span style=\"color: #000000; font-family: Futura Std Condensed;\">33<\/span><\/td>\n<td style=\"text-align: center;\" align=\"RIGHT\"><span style=\"color: #000000; font-family: Futura Std Condensed;\">14<\/span><\/td>\n<\/tr>\n<tr>\n<td style=\"text-align: center;\" align=\"CENTER\" bgcolor=\"#DCE2EB\" height=\"17\"><b><span style=\"color: #cd1619; font-family: Futura Std Condensed;\">2.333.532<\/span><\/b><\/td>\n<td style=\"text-align: center;\" align=\"LEFT\"><span style=\"color: #000000; font-family: Futura Std Condensed;\">1\/4\u201d<\/span><\/td>\n<td style=\"text-align: center;\" align=\"LEFT\"><span style=\"color: #000000; font-family: Futura Std Condensed;\">D6<\/span><\/td>\n<td style=\"text-align: center;\" align=\"RIGHT\"><span style=\"color: #000000; font-family: Futura Std Condensed;\">21,5<\/span><\/td>\n<td style=\"text-align: center;\" align=\"RIGHT\"><span style=\"color: #000000; font-family: Futura Std Condensed;\">33,5<\/span><\/td>\n<td style=\"text-align: center;\" align=\"RIGHT\"><span style=\"color: #000000; font-family: Futura Std Condensed;\">14<\/span><\/td>\n<\/tr>\n<tr>\n<td style=\"text-align: center;\" align=\"CENTER\" bgcolor=\"#DCE2EB\" height=\"17\"><b><span style=\"color: #cd1619; font-family: Futura Std Condensed;\">2.333.534<\/span><\/b><\/td>\n<td style=\"text-align: center;\" align=\"LEFT\"><span style=\"color: #000000; font-family: Futura Std Condensed;\">1\/8\u201d<\/span><\/td>\n<td style=\"text-align: center;\" align=\"LEFT\"><span style=\"color: #000000; font-family: Futura Std Condensed;\">D8<\/span><\/td>\n<td style=\"text-align: center;\" align=\"RIGHT\"><span style=\"color: #000000; font-family: Futura Std Condensed;\">21,5<\/span><\/td>\n<td style=\"text-align: center;\" align=\"RIGHT\"><span style=\"color: #000000; font-family: Futura Std Condensed;\">36,5<\/span><\/td>\n<td style=\"text-align: center;\" align=\"RIGHT\"><span style=\"color: #000000; font-family: Futura Std Condensed;\">14<\/span><\/td>\n<\/tr>\n<tr>\n<td align=\"CENTER\" bgcolor=\"#DCE2EB\" height=\"17\"><b><span style=\"color: #cd1619; font-family: Futura Std Condensed;\">2.333.535<\/span><\/b><\/td>\n<td style=\"text-align: center;\" align=\"LEFT\"><span style=\"color: #000000; font-family: Futura Std Condensed;\">1\/4\u201d<\/span><\/td>\n<td style=\"text-align: center;\" align=\"LEFT\"><span style=\"color: #000000; font-family: Futura Std Condensed;\">D8<\/span><\/td>\n<td style=\"text-align: center;\" align=\"RIGHT\"><span style=\"color: #000000; font-family: Futura Std Condensed;\">21,5<\/span><\/td>\n<td style=\"text-align: center;\" align=\"RIGHT\"><span style=\"color: #000000; font-family: Futura Std Condensed;\">37<\/span><\/td>\n<td style=\"text-align: center;\" align=\"RIGHT\"><span style=\"color: #000000; font-family: Futura Std Condensed;\">14<\/span><\/td>\n<\/tr>\n<tr>\n<td style=\"text-align: center;\" align=\"CENTER\" bgcolor=\"#DCE2EB\" height=\"17\"><b><span style=\"color: #cd1619; font-family: Futura Std Condensed;\">2.333.536<\/span><\/b><\/td>\n<td style=\"text-align: center;\" align=\"LEFT\"><span style=\"color: #000000; font-family: Futura Std Condensed;\">3\/8\u201d<\/span><\/td>\n<td style=\"text-align: center;\" align=\"LEFT\"><span style=\"color: #000000; font-family: Futura Std Condensed;\">D8<\/span><\/td>\n<td style=\"text-align: center;\" align=\"RIGHT\"><span style=\"color: #000000; font-family: Futura Std Condensed;\">23<\/span><\/td>\n<td style=\"text-align: center;\" align=\"RIGHT\"><span style=\"color: #000000; font-family: Futura Std Condensed;\">45,5<\/span><\/td>\n<td style=\"text-align: center;\" align=\"RIGHT\"><span style=\"color: #000000; font-family: Futura Std Condensed;\">14<\/span><\/td>\n<\/tr>\n<\/tbody>\n<\/table>\n","protected":false},"excerpt":{"rendered":"<p><span style=\"color: #4a4a4a;\">Micro grifo esfera M c\u00f3nico &#8211; tubo (bicono)\u00a0para circuitos neum\u00e1ticos, hidr\u00e1ulicos y oleodin\u00e1micos<\/span><\/p>\n","protected":false},"featured_media":2680,"template":"","meta":[],"product_brand":[],"product_cat":[536,43,541,618],"product_tag":[449,500,499],"class_list":{"0":"post-2687","1":"product","2":"type-product","3":"status-publish","4":"has-post-thumbnail","6":"product_cat-accesorios","7":"product_cat-inicio","8":"product_cat-valvulas","9":"product_cat-valvulas-linea","10":"product_tag-mpc","11":"product_tag-valvula","12":"product_tag-valvula-linea","14":"first","15":"instock","16":"shipping-taxable","17":"purchasable","18":"product-type-simple"},"aioseo_notices":[],"_links":{"self":[{"href":"https:\/\/www.aircompressormpc.com\/fr\/wp-json\/wp\/v2\/product\/2687","targetHints":{"allow":["GET"]}}],"collection":[{"href":"https:\/\/www.aircompressormpc.com\/fr\/wp-json\/wp\/v2\/product"}],"about":[{"href":"https:\/\/www.aircompressormpc.com\/fr\/wp-json\/wp\/v2\/types\/product"}],"wp:featuredmedia":[{"embeddable":true,"href":"https:\/\/www.aircompressormpc.com\/fr\/wp-json\/wp\/v2\/media\/2680"}],"wp:attachment":[{"href":"https:\/\/www.aircompressormpc.com\/fr\/wp-json\/wp\/v2\/media?parent=2687"}],"wp:term":[{"taxonomy":"product_brand","embeddable":true,"href":"https:\/\/www.aircompressormpc.com\/fr\/wp-json\/wp\/v2\/product_brand?post=2687"},{"taxonomy":"product_cat","embeddable":true,"href":"https:\/\/www.aircompressormpc.com\/fr\/wp-json\/wp\/v2\/product_cat?post=2687"},{"taxonomy":"product_tag","embeddable":true,"href":"https:\/\/www.aircompressormpc.com\/fr\/wp-json\/wp\/v2\/product_tag?post=2687"}],"curies":[{"name":"wp","href":"https:\/\/api.w.org\/{rel}","templated":true}]}}