{"id":2669,"date":"2021-08-19T11:28:26","date_gmt":"2021-08-19T11:28:26","guid":{"rendered":"http:\/\/aircompressormpc.servicioempresa.com\/producto\/microgrifo-esfera-m-conico-h\/"},"modified":"2022-08-29T08:37:54","modified_gmt":"2022-08-29T08:37:54","slug":"microgrifo-esfera-m-conico-h","status":"publish","type":"product","link":"https:\/\/www.aircompressormpc.com\/fr\/producto\/microgrifo-esfera-m-conico-h\/","title":{"rendered":"MICROGRIFO ESFERA M (C\u00d3NICO)-H"},"content":{"rendered":"<h2><span style=\"color: #ff0000;\">Micro grifo<\/span><\/h2>\n<p>Microgrifo para circuitos neum\u00e1ticos, hidr\u00e1ulicos y oleodin\u00e1micos. Temperatura:O-Ring NBR: Min.-20\u00b0C\/ Max.+80\u00b0C. Tubos de conexi\u00f3n de\u00a0 cobre, aluminio, acero tubos de pl\u00e1stico (PA,PU,PE, etc.) a montarse con \u00e1nima de refuerzo interna. GAS C\u00f3nica ISO 7 (BSPT) &#8211; BS 21 &#8211; DIN 2999. GAS Cil\u00edndrica ISO 228 (BSPP).Maneta est\u00e1ndar negra.<\/p>\n<table border=\"0\" frame=\"VOID\" rules=\"NONE\" cellspacing=\"0\">\n<colgroup>\n<col width=\"86\" \/>\n<col width=\"86\" \/>\n<col width=\"86\" \/>\n<col width=\"86\" \/>\n<col width=\"86\" \/>\n<col width=\"86\" \/><\/colgroup>\n<tbody>\n<tr>\n<td align=\"CENTER\" bgcolor=\"#CD1619\" width=\"86\" height=\"32\"><b><span style=\"color: #ffffff; font-family: Futura Std Condensed;\">C\u00f3digo<\/span><\/b><\/td>\n<td align=\"CENTER\" bgcolor=\"#CD1619\" width=\"86\"><b><span style=\"color: #ffffff; font-family: Futura Std Condensed;\">Rosca<\/span><\/b><\/td>\n<td align=\"CENTER\" bgcolor=\"#CD1619\" width=\"86\"><b><span style=\"color: #ffffff; font-family: Futura Std Condensed;\">H<br \/>\nmm<\/span><\/b><\/td>\n<td align=\"CENTER\" bgcolor=\"#CD1619\" width=\"86\"><b><span style=\"color: #ffffff; font-family: Futura Std Condensed;\">L<br \/>\nmm<\/span><\/b><\/td>\n<td align=\"CENTER\" bgcolor=\"#CD1619\" width=\"86\"><b><span style=\"color: #ffffff; font-family: Futura Std Condensed;\">L1<br \/>\nmm<\/span><\/b><\/td>\n<td align=\"CENTER\" bgcolor=\"#CD1619\" width=\"86\"><b><span style=\"color: #ffffff; font-family: Futura Std Condensed;\">CH<br \/>\nmm<\/span><\/b><\/td>\n<\/tr>\n<tr>\n<td align=\"CENTER\" bgcolor=\"#DCE2EB\" height=\"17\"><b><span style=\"color: #cd1619; font-family: Futura Std Condensed;\">2.333.511<\/span><\/b><\/td>\n<td align=\"LEFT\"><span style=\"color: #000000; font-family: Futura Std Condensed;\">1\/8\u201d<\/span><\/td>\n<td align=\"RIGHT\"><span style=\"color: #000000; font-family: Futura Std Condensed;\">21,5<\/span><\/td>\n<td align=\"RIGHT\"><span style=\"color: #000000; font-family: Futura Std Condensed;\">35,5<\/span><\/td>\n<td align=\"RIGHT\"><span style=\"color: #000000; font-family: Futura Std Condensed;\">19,5<\/span><\/td>\n<td align=\"RIGHT\"><span style=\"color: #000000; font-family: Futura Std Condensed;\">14<\/span><\/td>\n<\/tr>\n<tr>\n<td align=\"CENTER\" bgcolor=\"#DCE2EB\" height=\"17\"><b><span style=\"color: #cd1619; font-family: Futura Std Condensed;\">2.333.512<\/span><\/b><\/td>\n<td align=\"LEFT\"><span style=\"color: #000000; font-family: Futura Std Condensed;\">1\/8&Prime;<\/span><\/td>\n<td align=\"RIGHT\"><span style=\"color: #000000; font-family: Futura Std Condensed;\">21,5<\/span><\/td>\n<td align=\"RIGHT\"><span style=\"color: #000000; font-family: Futura Std Condensed;\">36<\/span><\/td>\n<td align=\"RIGHT\"><span style=\"color: #000000; font-family: Futura Std Condensed;\">19,5<\/span><\/td>\n<td align=\"RIGHT\"><span style=\"color: #000000; font-family: Futura Std Condensed;\">14<\/span><\/td>\n<\/tr>\n<tr>\n<td align=\"CENTER\" bgcolor=\"#DCE2EB\" height=\"17\"><b><span style=\"color: #cd1619; font-family: Futura Std Condensed;\">2.333.513<\/span><\/b><\/td>\n<td align=\"LEFT\"><span style=\"color: #000000; font-family: Futura Std Condensed;\">1\/4\u201d<\/span><\/td>\n<td align=\"RIGHT\"><span style=\"color: #000000; font-family: Futura Std Condensed;\">21,5<\/span><\/td>\n<td align=\"RIGHT\"><span style=\"color: #000000; font-family: Futura Std Condensed;\">41<\/span><\/td>\n<td align=\"RIGHT\"><span style=\"color: #000000; font-family: Futura Std Condensed;\">19,5<\/span><\/td>\n<td align=\"RIGHT\"><span style=\"color: #000000; font-family: Futura Std Condensed;\">14<\/span><\/td>\n<\/tr>\n<tr>\n<td align=\"CENTER\" bgcolor=\"#DCE2EB\" height=\"17\"><b><span style=\"color: #cd1619; font-family: Futura Std Condensed;\">2.333.514<\/span><\/b><\/td>\n<td align=\"LEFT\"><span style=\"color: #000000; font-family: Futura Std Condensed;\">1\/4\u201d<\/span><\/td>\n<td align=\"RIGHT\"><span style=\"color: #000000; font-family: Futura Std Condensed;\">21,5<\/span><\/td>\n<td align=\"RIGHT\"><span style=\"color: #000000; font-family: Futura Std Condensed;\">41,5<\/span><\/td>\n<td align=\"RIGHT\"><span style=\"color: #000000; font-family: Futura Std Condensed;\">19,5<\/span><\/td>\n<td align=\"RIGHT\"><span style=\"color: #000000; font-family: Futura Std Condensed;\">14<\/span><\/td>\n<\/tr>\n<tr>\n<td align=\"CENTER\" bgcolor=\"#DCE2EB\" height=\"17\"><b><span style=\"color: #cd1619; font-family: Futura Std Condensed;\">2.333.515<\/span><\/b><\/td>\n<td align=\"LEFT\"><span style=\"color: #000000; font-family: Futura Std Condensed;\">3\/8\u201d<\/span><\/td>\n<td align=\"RIGHT\"><span style=\"color: #000000; font-family: Futura Std Condensed;\">23<\/span><\/td>\n<td align=\"RIGHT\"><span style=\"color: #000000; font-family: Futura Std Condensed;\">44,5<\/span><\/td>\n<td align=\"RIGHT\"><span style=\"color: #000000; font-family: Futura Std Condensed;\">19,5<\/span><\/td>\n<td align=\"RIGHT\"><span style=\"color: #000000; font-family: Futura Std Condensed;\">18<\/span><\/td>\n<\/tr>\n<tr>\n<td align=\"CENTER\" bgcolor=\"#DCE2EB\" height=\"17\"><b><span style=\"color: #cd1619; font-family: Futura Std Condensed;\">2.333.517<\/span><\/b><\/td>\n<td align=\"LEFT\"><span style=\"color: #000000; font-family: Futura Std Condensed;\">1\/2\u201d<\/span><\/td>\n<td align=\"RIGHT\"><span style=\"color: #000000; font-family: Futura Std Condensed;\">33<\/span><\/td>\n<td align=\"RIGHT\"><span style=\"color: #000000; font-family: Futura Std Condensed;\">58<\/span><\/td>\n<td align=\"RIGHT\"><span style=\"color: #000000; font-family: Futura Std Condensed;\">26,5<\/span><\/td>\n<td align=\"RIGHT\"><span style=\"color: #000000; font-family: Futura Std Condensed;\">22<\/span><\/td>\n<\/tr>\n<\/tbody>\n<\/table>\n<p>&nbsp;<\/p>\n","protected":false},"excerpt":{"rendered":"<p><img loading=\"lazy\" decoding=\"async\" class=\"alignnone wp-image-5476 size-full\" src=\"https:\/\/www.aircompressormpc.com\/wp-content\/uploads\/2021\/08\/icono-e1661762183465.jpg\" alt=\"icono\" width=\"436\" height=\"159\" srcset=\"https:\/\/www.aircompressormpc.com\/wp-content\/uploads\/2021\/08\/icono-e1661762183465.jpg 436w, https:\/\/www.aircompressormpc.com\/wp-content\/uploads\/2021\/08\/icono-e1661762183465-300x109.jpg 300w, https:\/\/www.aircompressormpc.com\/wp-content\/uploads\/2021\/08\/icono-e1661762183465-64x23.jpg 64w\" sizes=\"auto, (max-width: 436px) 100vw, 436px\" \/><\/p>\n","protected":false},"featured_media":2662,"template":"","meta":[],"product_brand":[],"product_cat":[536,541,618],"product_tag":[449,500,499],"class_list":{"0":"post-2669","1":"product","2":"type-product","3":"status-publish","4":"has-post-thumbnail","6":"product_cat-accesorios","7":"product_cat-valvulas","8":"product_cat-valvulas-linea","9":"product_tag-mpc","10":"product_tag-valvula","11":"product_tag-valvula-linea","13":"first","14":"instock","15":"shipping-taxable","16":"purchasable","17":"product-type-simple"},"aioseo_notices":[],"_links":{"self":[{"href":"https:\/\/www.aircompressormpc.com\/fr\/wp-json\/wp\/v2\/product\/2669","targetHints":{"allow":["GET"]}}],"collection":[{"href":"https:\/\/www.aircompressormpc.com\/fr\/wp-json\/wp\/v2\/product"}],"about":[{"href":"https:\/\/www.aircompressormpc.com\/fr\/wp-json\/wp\/v2\/types\/product"}],"wp:featuredmedia":[{"embeddable":true,"href":"https:\/\/www.aircompressormpc.com\/fr\/wp-json\/wp\/v2\/media\/2662"}],"wp:attachment":[{"href":"https:\/\/www.aircompressormpc.com\/fr\/wp-json\/wp\/v2\/media?parent=2669"}],"wp:term":[{"taxonomy":"product_brand","embeddable":true,"href":"https:\/\/www.aircompressormpc.com\/fr\/wp-json\/wp\/v2\/product_brand?post=2669"},{"taxonomy":"product_cat","embeddable":true,"href":"https:\/\/www.aircompressormpc.com\/fr\/wp-json\/wp\/v2\/product_cat?post=2669"},{"taxonomy":"product_tag","embeddable":true,"href":"https:\/\/www.aircompressormpc.com\/fr\/wp-json\/wp\/v2\/product_tag?post=2669"}],"curies":[{"name":"wp","href":"https:\/\/api.w.org\/{rel}","templated":true}]}}