{"id":2618,"date":"2021-08-18T12:56:23","date_gmt":"2021-08-18T12:56:23","guid":{"rendered":"http:\/\/aircompressormpc.servicioempresa.com\/producto\/valvula-linea-orientable-con-maneta-mariposa-cierre-esfera-m-h\/"},"modified":"2022-09-22T09:12:33","modified_gmt":"2022-09-22T09:12:33","slug":"valvula-linea-orientable-con-maneta-mariposa-cierre-esfera-m-h","status":"publish","type":"product","link":"https:\/\/www.aircompressormpc.com\/fr\/producto\/valvula-linea-orientable-con-maneta-mariposa-cierre-esfera-m-h\/","title":{"rendered":"VALVULA LINEA ORIENTABLE CON MANETA MARIPOSA CIERRE ESFERA M-H"},"content":{"rendered":"<h1 class=\"classic-title\" style=\"margin: 0px 0px 16px; font-size: 24px; font-family: 'Open Sans', sans-serif; font-weight: 300; line-height: 30px; color: #444444; padding-bottom: 8px; border-bottom: 1px solid #eeeeee; font-style: normal; letter-spacing: normal; text-indent: 0px; white-space: normal; word-spacing: 0px; background-color: #ffffff; text-transform: capitalize;\"><span style=\"padding-bottom: 8px; border-bottom: 1px solid #d50019; font-weight: 400;\">VALVULA LINEA ORIENTABLE CON MANETA MARIPOSA CIERRE ESFERA M-H<\/span><\/h1>\n<p>Lat\u00f3n niquelado seg\u00fan UNE- EN 12165. Extremo rosca macho seg\u00fan UNE-ISO 228-1. Temperatura. de servicio de -10\u00ba a 110\u00ba. Prensa estopa con guarnici\u00f3n de PTFE. Maneta de mariposa de aluminio azul. V\u00e1lvula de cierre r\u00e1pido, todo o nada, 1\/4 de vuelta.<\/p>\n<p>Apta para sistemas de aire, agua fr\u00eda y caliente.<\/p>\n<table class=\"upper table table-striped catalogo item desktop-no-columns table-hover\" width=\"100%\">\n<thead class=\"fondo_1\">\n<tr>\n<th class=\"head\">\n<div class=\"th-inner\">CODIGO<\/div>\n<\/th>\n<th class=\"head\">\n<div class=\"fht-cell\">ROSCA<\/div>\n<\/th>\n<\/tr>\n<\/thead>\n<tbody>\n<tr>\n<td class=\"titulo\"><strong>2.333.254<\/strong><\/td>\n<td class=\"general\">1\/2&Prime;<\/td>\n<\/tr>\n<tr>\n<td class=\"titulo\"><strong>2.333.255<\/strong><\/td>\n<td class=\"general\">3\/4&Prime;<\/td>\n<\/tr>\n<tr>\n<td class=\"titulo\"><strong>2.333.256<\/strong><\/td>\n<td class=\"general\">1&Prime;<\/td>\n<\/tr>\n<tr>\n<td class=\"titulo\"><strong>2.333.257<\/strong><\/td>\n<td class=\"general\">1.1\/4&Prime;<\/td>\n<\/tr>\n<\/tbody>\n<\/table>\n<p>&nbsp;<\/p>\n","protected":false},"excerpt":{"rendered":"<p>&nbsp;<\/p>\n<p><img loading=\"lazy\" decoding=\"async\" class=\"alignnone wp-image-6626 size-full\" src=\"https:\/\/www.aircompressormpc.com\/wp-content\/uploads\/2021\/08\/ICONO-25-e1663837484195.jpg\" alt=\"\" width=\"442\" height=\"153\" srcset=\"https:\/\/www.aircompressormpc.com\/wp-content\/uploads\/2021\/08\/ICONO-25-e1663837484195.jpg 442w, https:\/\/www.aircompressormpc.com\/wp-content\/uploads\/2021\/08\/ICONO-25-e1663837484195-300x104.jpg 300w, https:\/\/www.aircompressormpc.com\/wp-content\/uploads\/2021\/08\/ICONO-25-e1663837484195-64x22.jpg 64w\" sizes=\"auto, (max-width: 442px) 100vw, 442px\" \/><\/p>\n","protected":false},"featured_media":2611,"template":"","meta":[],"product_brand":[],"product_cat":[536,541,618],"product_tag":[449,500,499],"class_list":{"0":"post-2618","1":"product","2":"type-product","3":"status-publish","4":"has-post-thumbnail","6":"product_cat-accesorios","7":"product_cat-valvulas","8":"product_cat-valvulas-linea","9":"product_tag-mpc","10":"product_tag-valvula","11":"product_tag-valvula-linea","13":"first","14":"instock","15":"shipping-taxable","16":"purchasable","17":"product-type-simple"},"aioseo_notices":[],"_links":{"self":[{"href":"https:\/\/www.aircompressormpc.com\/fr\/wp-json\/wp\/v2\/product\/2618","targetHints":{"allow":["GET"]}}],"collection":[{"href":"https:\/\/www.aircompressormpc.com\/fr\/wp-json\/wp\/v2\/product"}],"about":[{"href":"https:\/\/www.aircompressormpc.com\/fr\/wp-json\/wp\/v2\/types\/product"}],"wp:featuredmedia":[{"embeddable":true,"href":"https:\/\/www.aircompressormpc.com\/fr\/wp-json\/wp\/v2\/media\/2611"}],"wp:attachment":[{"href":"https:\/\/www.aircompressormpc.com\/fr\/wp-json\/wp\/v2\/media?parent=2618"}],"wp:term":[{"taxonomy":"product_brand","embeddable":true,"href":"https:\/\/www.aircompressormpc.com\/fr\/wp-json\/wp\/v2\/product_brand?post=2618"},{"taxonomy":"product_cat","embeddable":true,"href":"https:\/\/www.aircompressormpc.com\/fr\/wp-json\/wp\/v2\/product_cat?post=2618"},{"taxonomy":"product_tag","embeddable":true,"href":"https:\/\/www.aircompressormpc.com\/fr\/wp-json\/wp\/v2\/product_tag?post=2618"}],"curies":[{"name":"wp","href":"https:\/\/api.w.org\/{rel}","templated":true}]}}