{"id":2564,"date":"2021-07-30T09:59:38","date_gmt":"2021-07-30T09:59:38","guid":{"rendered":"http:\/\/aircompressormpc.servicioempresa.com\/producto\/valvula-linea-con-maneta-cierre-esfera-m-m\/"},"modified":"2022-09-22T10:45:53","modified_gmt":"2022-09-22T10:45:53","slug":"valvula-linea-con-maneta-cierre-esfera-m-m","status":"publish","type":"product","link":"https:\/\/www.aircompressormpc.com\/fr\/producto\/valvula-linea-con-maneta-cierre-esfera-m-m\/","title":{"rendered":"V\u00c1LVULA L\u00cdNEA CON MANETA CIERRE ESFERA M-M"},"content":{"rendered":"<h1 class=\"classic-title\" style=\"margin: 0px 0px 16px; font-size: 24px; font-family: 'Open Sans', sans-serif; font-weight: 300; line-height: 30px; color: #444444; padding-bottom: 8px; border-bottom: 1px solid #eeeeee; font-style: normal; letter-spacing: normal; text-indent: 0px; white-space: normal; word-spacing: 0px; background-color: #ffffff; text-transform: capitalize;\"><span style=\"padding-bottom: 8px; border-bottom: 1px solid #d50019; font-weight: 400;\">V\u00c1LVULA L\u00cdNEA CON MANETA CIERRE ESFERA M-M<\/span><\/h1>\n<p>Lat\u00f3n niquelado seg\u00fan UNE- EN 12165. Extremo rosca macho seg\u00fan UNE-ISO 228-1. Temperatura. de servicio de -10\u00ba a 110\u00ba. Prensa estopa con guarnici\u00f3n de PTFE. Maneta de acero plastificada azul. V\u00e1lvula de cierre r\u00e1pido, todo o nada, 1\/4 de vuelta. Apta para sistemas de aire, agua fr\u00eda y caliente.<\/p>\n<table class=\"upper table table-striped catalogo item desktop-no-columns table-hover\" width=\"100%\">\n<thead class=\"fondo_1\">\n<tr>\n<th class=\"head\">\n<div class=\"th-inner\">CODIGO<\/div>\n<div class=\"fht-cell\"><\/div>\n<\/th>\n<th class=\"head\">\n<div class=\"th-inner\">ROSCA<\/div>\n<div class=\"fht-cell\"><\/div>\n<\/th>\n<\/tr>\n<\/thead>\n<tbody>\n<tr>\n<td class=\"titulo\"><strong><a>2.333.044<\/a><\/strong><\/td>\n<td class=\"general\">1\/2&Prime;<\/td>\n<\/tr>\n<tr>\n<td class=\"titulo\"><strong><a>2.333.045<\/a><\/strong><\/td>\n<td class=\"general\">3\/4&Prime;<\/td>\n<\/tr>\n<tr>\n<td class=\"titulo\"><strong><a>2.333.046<\/a><\/strong><\/td>\n<td class=\"general\">1&Prime;<\/td>\n<\/tr>\n<tr>\n<td class=\"titulo\"><strong><a>2.333.047<\/a><\/strong><\/td>\n<td class=\"general\">1.1\/4&Prime;<\/td>\n<\/tr>\n<tr>\n<td class=\"titulo\"><strong><a>2.333.048<\/a><\/strong><\/td>\n<td class=\"general\">1&Prime;<\/td>\n<\/tr>\n<tr>\n<td class=\"titulo\"><strong><a>2.333.049<\/a><\/strong><\/td>\n<td class=\"general\">1&Prime;1\/4<\/td>\n<\/tr>\n<\/tbody>\n<\/table>\n<p>&nbsp;<\/p>\n","protected":false},"excerpt":{"rendered":"<p><span style=\"color: #4a4a4a;\"><img loading=\"lazy\" decoding=\"async\" class=\"alignnone wp-image-5120 size-full\" src=\"https:\/\/www.aircompressormpc.com\/wp-content\/uploads\/2022\/08\/icono2-e1663843460179.jpg\" alt=\"\" width=\"501\" height=\"175\" srcset=\"https:\/\/www.aircompressormpc.com\/wp-content\/uploads\/2022\/08\/icono2-e1663843460179.jpg 501w, https:\/\/www.aircompressormpc.com\/wp-content\/uploads\/2022\/08\/icono2-e1663843460179-300x105.jpg 300w, https:\/\/www.aircompressormpc.com\/wp-content\/uploads\/2022\/08\/icono2-e1663843460179-64x22.jpg 64w\" sizes=\"auto, (max-width: 501px) 100vw, 501px\" \/><\/span><\/p>\n","protected":false},"featured_media":2557,"template":"","meta":[],"product_brand":[],"product_cat":[536,541,618],"product_tag":[449,500,499],"class_list":{"0":"post-2564","1":"product","2":"type-product","3":"status-publish","4":"has-post-thumbnail","6":"product_cat-accesorios","7":"product_cat-valvulas","8":"product_cat-valvulas-linea","9":"product_tag-mpc","10":"product_tag-valvula","11":"product_tag-valvula-linea","13":"first","14":"instock","15":"shipping-taxable","16":"purchasable","17":"product-type-simple"},"aioseo_notices":[],"_links":{"self":[{"href":"https:\/\/www.aircompressormpc.com\/fr\/wp-json\/wp\/v2\/product\/2564","targetHints":{"allow":["GET"]}}],"collection":[{"href":"https:\/\/www.aircompressormpc.com\/fr\/wp-json\/wp\/v2\/product"}],"about":[{"href":"https:\/\/www.aircompressormpc.com\/fr\/wp-json\/wp\/v2\/types\/product"}],"wp:featuredmedia":[{"embeddable":true,"href":"https:\/\/www.aircompressormpc.com\/fr\/wp-json\/wp\/v2\/media\/2557"}],"wp:attachment":[{"href":"https:\/\/www.aircompressormpc.com\/fr\/wp-json\/wp\/v2\/media?parent=2564"}],"wp:term":[{"taxonomy":"product_brand","embeddable":true,"href":"https:\/\/www.aircompressormpc.com\/fr\/wp-json\/wp\/v2\/product_brand?post=2564"},{"taxonomy":"product_cat","embeddable":true,"href":"https:\/\/www.aircompressormpc.com\/fr\/wp-json\/wp\/v2\/product_cat?post=2564"},{"taxonomy":"product_tag","embeddable":true,"href":"https:\/\/www.aircompressormpc.com\/fr\/wp-json\/wp\/v2\/product_tag?post=2564"}],"curies":[{"name":"wp","href":"https:\/\/api.w.org\/{rel}","templated":true}]}}