{"id":2492,"date":"2021-07-29T08:22:39","date_gmt":"2021-07-29T08:22:39","guid":{"rendered":"http:\/\/aircompressormpc.servicioempresa.com\/producto\/racor-recto-macho-prensatubo-fijo-cilindrico-or\/"},"modified":"2022-09-27T10:11:27","modified_gmt":"2022-09-27T10:11:27","slug":"racor-recto-macho-prensatubo-fijo-cilindrico-or","status":"publish","type":"product","link":"https:\/\/www.aircompressormpc.com\/fr\/producto\/racor-recto-macho-prensatubo-fijo-cilindrico-or\/","title":{"rendered":"RACOR RECTO MACHO PRENSATUBO FIJO CILINDRICO + OR"},"content":{"rendered":"<h1 class=\"classic-title\" style=\"margin: 0px 0px 16px; font-size: 24px; font-family: 'Open Sans', sans-serif; font-weight: 300; line-height: 30px; color: #444444; padding-bottom: 8px; border-bottom: 1px solid #eeeeee; font-style: normal; letter-spacing: normal; text-indent: 0px; white-space: normal; word-spacing: 0px; background-color: #ffffff; text-transform: capitalize;\"><span style=\"padding-bottom: 8px; border-bottom: 1px solid #d50019; font-weight: 400;\">RACOR RECTO MACHO<br \/>\n<\/span><\/h1>\n<p style=\"margin: 0px 0px 1em; padding: 0px; border: 0px; font-style: normal; font-weight: 400; line-height: 18px; font-family: Roboto, Helvetica, sans-serif; font-size: 13px; vertical-align: baseline; color: #666666; letter-spacing: normal; text-indent: 0px; text-transform: none; white-space: normal; word-spacing: 0px; background-color: #ffffff;\"><span style=\"margin: 0px; padding: 0px; border: 0px; font-style: inherit; font-variant: inherit; font-weight: inherit; line-height: inherit; font-family: inherit; font-size: 13px; vertical-align: baseline; color: #4a4a4a;\">Racor recto macho prensatubo fijo cil\u00edndrico . V\u00e1lido para tubos PU,PE,PA.<\/span><\/p>\n<p style=\"margin: 0px 0px 1em; padding: 0px; border: 0px; font-style: normal; font-weight: 400; line-height: 18px; font-family: Roboto, Helvetica, sans-serif; font-size: 13px; vertical-align: baseline; color: #666666; letter-spacing: normal; text-indent: 0px; text-transform: none; white-space: normal; word-spacing: 0px; background-color: #ffffff;\"><span style=\"margin: 0px; padding: 0px; border: 0px; font-style: inherit; font-variant: inherit; font-weight: inherit; line-height: inherit; font-family: inherit; font-size: 13px; vertical-align: baseline; color: #4a4a4a;\">Para m\u00e1s informaci\u00f3n, consulte la ficha t\u00e9cnica.<\/span><\/p>\n<table class=\"upper table table-striped catalogo item desktop-no-columns table-hover\" width=\"100%\">\n<thead class=\"fondo_1\">\n<tr>\n<th class=\"head\">\n<div class=\"th-inner\">CODIGO<\/div>\n<div class=\"fht-cell\"><\/div>\n<\/th>\n<th class=\"head\">\n<div class=\"th-inner\">D<\/div>\n<div class=\"fht-cell\"><\/div>\n<\/th>\n<th class=\"head\">\n<div class=\"th-inner\"><\/div>\n<div class=\"fht-cell\"><\/div>\n<\/th>\n<\/tr>\n<\/thead>\n<tbody>\n<tr>\n<td class=\"titulo\"><strong><a>2.420.160<\/a><\/strong><\/td>\n<td class=\"general\">D 4&#215;2,7<\/td>\n<td class=\"general\">\u00a0M5<\/td>\n<\/tr>\n<tr>\n<td class=\"titulo\"><strong><a>2.420.161<\/a><\/strong><\/td>\n<td class=\"general\">D 4&#215;2,7<\/td>\n<td class=\"general\">M6<\/td>\n<\/tr>\n<tr>\n<td class=\"titulo\"><strong><a>2.420.162<\/a><\/strong><\/td>\n<td class=\"general\">D 6X4<\/td>\n<td class=\"general\">\u00a0M5<\/td>\n<\/tr>\n<tr>\n<td class=\"titulo\"><strong><a>2.420.163<\/a><\/strong><\/td>\n<td class=\"general\">D 6&#215;4<\/td>\n<td class=\"general\">\u00a0M6<\/td>\n<\/tr>\n<tr>\n<td class=\"titulo\"><strong><a>2.420.164<\/a><\/strong><\/td>\n<td class=\"general\">D 6&#215;4<\/td>\n<td class=\"general\">\u00a0M12x1<\/td>\n<\/tr>\n<tr>\n<td class=\"titulo\"><strong><a>2.420.165<\/a><\/strong><\/td>\n<td class=\"general\">D 6&#215;4<\/td>\n<td class=\"general\">\u00a0M12x1,25<\/td>\n<\/tr>\n<tr>\n<td class=\"titulo\"><strong><a>2.420.166<\/a><\/strong><\/td>\n<td class=\"general\">D 6&#215;4<\/td>\n<td class=\"general\">\u00a0M12x1,5<\/td>\n<\/tr>\n<tr>\n<td class=\"titulo\"><strong><a>2.420.167<\/a><\/strong><\/td>\n<td class=\"general\">D 8&#215;6<\/td>\n<td class=\"general\">\u00a0M12x1,25<\/td>\n<\/tr>\n<tr>\n<td class=\"titulo\"><strong><a>2.420.168<\/a><\/strong><\/td>\n<td class=\"general\">D 8&#215;6<\/td>\n<td class=\"general\">\u00a0M12x1,5<\/td>\n<\/tr>\n<\/tbody>\n<\/table>\n<p>&nbsp;<\/p>\n","protected":false},"excerpt":{"rendered":"<p><span style=\"color: #4a4a4a;\"><img loading=\"lazy\" decoding=\"async\" class=\"alignnone wp-image-5791 size-medium\" src=\"https:\/\/www.aircompressormpc.com\/wp-content\/uploads\/2021\/07\/PLANTILLA-ICONOS-e1662119265442-300x163.jpg\" alt=\"\" width=\"300\" height=\"163\" \/><\/span><\/p>\n","protected":false},"featured_media":2485,"template":"","meta":[],"product_brand":[],"product_cat":[536,543,850],"product_tag":[496,649],"class_list":{"0":"post-2492","1":"product","2":"type-product","3":"status-publish","4":"has-post-thumbnail","6":"product_cat-accesorios","7":"product_cat-racores","8":"product_cat-racores-prensados","9":"product_tag-racor","10":"product_tag-racor-prensado","12":"first","13":"instock","14":"shipping-taxable","15":"purchasable","16":"product-type-simple"},"aioseo_notices":[],"_links":{"self":[{"href":"https:\/\/www.aircompressormpc.com\/fr\/wp-json\/wp\/v2\/product\/2492","targetHints":{"allow":["GET"]}}],"collection":[{"href":"https:\/\/www.aircompressormpc.com\/fr\/wp-json\/wp\/v2\/product"}],"about":[{"href":"https:\/\/www.aircompressormpc.com\/fr\/wp-json\/wp\/v2\/types\/product"}],"wp:featuredmedia":[{"embeddable":true,"href":"https:\/\/www.aircompressormpc.com\/fr\/wp-json\/wp\/v2\/media\/2485"}],"wp:attachment":[{"href":"https:\/\/www.aircompressormpc.com\/fr\/wp-json\/wp\/v2\/media?parent=2492"}],"wp:term":[{"taxonomy":"product_brand","embeddable":true,"href":"https:\/\/www.aircompressormpc.com\/fr\/wp-json\/wp\/v2\/product_brand?post=2492"},{"taxonomy":"product_cat","embeddable":true,"href":"https:\/\/www.aircompressormpc.com\/fr\/wp-json\/wp\/v2\/product_cat?post=2492"},{"taxonomy":"product_tag","embeddable":true,"href":"https:\/\/www.aircompressormpc.com\/fr\/wp-json\/wp\/v2\/product_tag?post=2492"}],"curies":[{"name":"wp","href":"https:\/\/api.w.org\/{rel}","templated":true}]}}