{"id":2420,"date":"2021-07-21T14:56:11","date_gmt":"2021-07-21T14:56:11","guid":{"rendered":"http:\/\/aircompressormpc.servicioempresa.com\/producto\/tuerca-cierrre-tubo-muelle\/"},"modified":"2022-09-27T10:12:37","modified_gmt":"2022-09-27T10:12:37","slug":"tuerca-cierrre-tubo-muelle","status":"publish","type":"product","link":"https:\/\/www.aircompressormpc.com\/fr\/producto\/tuerca-cierrre-tubo-muelle\/","title":{"rendered":"TUERCA CIERRE TUBO +\u00a0 MUELLE"},"content":{"rendered":"<h1 class=\"classic-title\" style=\"margin: 0px 0px 16px; font-size: 24px; font-family: 'Open Sans', sans-serif; font-weight: 300; line-height: 30px; color: #444444; padding-bottom: 8px; border-bottom: 1px solid #eeeeee; font-style: normal; letter-spacing: normal; text-indent: 0px; white-space: normal; word-spacing: 0px; background-color: #ffffff; text-transform: capitalize;\"><span style=\"padding-bottom: 8px; border-bottom: 1px solid #d50019; font-weight: 400;\">TUERCA CIERRE TUBO +\u00a0 mUELLE<br \/>\n<\/span><\/h1>\n<p>Para m\u00e1s informaci\u00f3n, consulte la ficha t\u00e9cnica.<\/p>\n<table class=\"upper table table-striped catalogo item desktop-no-columns table-hover\" width=\"100%\">\n<thead class=\"fondo_1\">\n<tr>\n<th class=\"head\">\n<div class=\"th-inner\">CODIGO<\/div>\n<div class=\"fht-cell\"><\/div>\n<\/th>\n<th class=\"head\">\n<div class=\"th-inner\">Rosca<\/div>\n<div class=\"fht-cell\"><\/div>\n<\/th>\n<th class=\"head\">\n<div class=\"th-inner\">Rosca<\/div>\n<div class=\"fht-cell\"><\/div>\n<\/th>\n<\/tr>\n<\/thead>\n<tbody>\n<tr>\n<td class=\"titulo\"><strong>2.420.091<\/strong><\/td>\n<td class=\"general\">D 6&#215;4<\/td>\n<td class=\"general\">M10x1<\/td>\n<\/tr>\n<tr>\n<td class=\"titulo\"><strong>2.420.092<\/strong><\/td>\n<td class=\"general\">D 8&#215;6<\/td>\n<td class=\"general\">M12x1<\/td>\n<\/tr>\n<tr>\n<td class=\"titulo\"><strong>2.420.093<\/strong><\/td>\n<td class=\"general\">D 10&#215;8<\/td>\n<td class=\"general\">M14x1<\/td>\n<\/tr>\n<tr>\n<td class=\"titulo\"><strong>2.420.094<\/strong><\/td>\n<td class=\"general\">D 12&#215;10<\/td>\n<td class=\"general\">M16x1<\/td>\n<\/tr>\n<tr>\n<td class=\"titulo\"><strong>2.420.095<\/strong><\/td>\n<td class=\"general\">D 8&#215;5<\/td>\n<td class=\"general\">M12x1<\/td>\n<\/tr>\n<tr>\n<td class=\"titulo\"><strong>2.420.096<\/strong><\/td>\n<td class=\"general\">D 10&#215;6<\/td>\n<td class=\"general\">M14X1<\/td>\n<\/tr>\n<tr>\n<td class=\"titulo\"><strong>2.420.098<\/strong><\/td>\n<td class=\"general\">D 12&#215;8<\/td>\n<td class=\"general\">M16X1<\/td>\n<\/tr>\n<\/tbody>\n<\/table>\n","protected":false},"excerpt":{"rendered":"<p><img loading=\"lazy\" decoding=\"async\" class=\"alignnone wp-image-5791 size-full\" src=\"https:\/\/www.aircompressormpc.com\/wp-content\/uploads\/2021\/07\/PLANTILLA-ICONOS-e1662119502389.jpg\" alt=\"\" width=\"143\" height=\"141\" srcset=\"https:\/\/www.aircompressormpc.com\/wp-content\/uploads\/2021\/07\/PLANTILLA-ICONOS-e1662119502389.jpg 143w, https:\/\/www.aircompressormpc.com\/wp-content\/uploads\/2021\/07\/PLANTILLA-ICONOS-e1662119502389-100x100.jpg 100w, https:\/\/www.aircompressormpc.com\/wp-content\/uploads\/2021\/07\/PLANTILLA-ICONOS-e1662119502389-64x63.jpg 64w\" sizes=\"auto, (max-width: 143px) 100vw, 143px\" \/><\/p>\n","protected":false},"featured_media":2416,"template":"","meta":[],"product_brand":[],"product_cat":[536,543,852],"product_tag":[854],"class_list":{"0":"post-2420","1":"product","2":"type-product","3":"status-publish","4":"has-post-thumbnail","6":"product_cat-accesorios","7":"product_cat-racores","8":"product_cat-racores-muelle","9":"product_tag-racor-con-muelle","11":"first","12":"instock","13":"shipping-taxable","14":"purchasable","15":"product-type-simple"},"aioseo_notices":[],"_links":{"self":[{"href":"https:\/\/www.aircompressormpc.com\/fr\/wp-json\/wp\/v2\/product\/2420","targetHints":{"allow":["GET"]}}],"collection":[{"href":"https:\/\/www.aircompressormpc.com\/fr\/wp-json\/wp\/v2\/product"}],"about":[{"href":"https:\/\/www.aircompressormpc.com\/fr\/wp-json\/wp\/v2\/types\/product"}],"wp:featuredmedia":[{"embeddable":true,"href":"https:\/\/www.aircompressormpc.com\/fr\/wp-json\/wp\/v2\/media\/2416"}],"wp:attachment":[{"href":"https:\/\/www.aircompressormpc.com\/fr\/wp-json\/wp\/v2\/media?parent=2420"}],"wp:term":[{"taxonomy":"product_brand","embeddable":true,"href":"https:\/\/www.aircompressormpc.com\/fr\/wp-json\/wp\/v2\/product_brand?post=2420"},{"taxonomy":"product_cat","embeddable":true,"href":"https:\/\/www.aircompressormpc.com\/fr\/wp-json\/wp\/v2\/product_cat?post=2420"},{"taxonomy":"product_tag","embeddable":true,"href":"https:\/\/www.aircompressormpc.com\/fr\/wp-json\/wp\/v2\/product_tag?post=2420"}],"curies":[{"name":"wp","href":"https:\/\/api.w.org\/{rel}","templated":true}]}}