{"id":2399,"date":"2021-07-21T14:23:55","date_gmt":"2021-07-21T14:23:55","guid":{"rendered":"http:\/\/aircompressormpc.servicioempresa.com\/producto\/racor-con-muelle-fijo-hembra\/"},"modified":"2022-09-27T10:14:27","modified_gmt":"2022-09-27T10:14:27","slug":"racor-con-muelle-fijo-hembra","status":"publish","type":"product","link":"https:\/\/www.aircompressormpc.com\/fr\/producto\/racor-con-muelle-fijo-hembra\/","title":{"rendered":"RACOR CON MUELLE FIJO HEMBRA"},"content":{"rendered":"<h1 class=\"classic-title\" style=\"margin: 0px 0px 16px; font-size: 24px; font-family: 'Open Sans', sans-serif; font-weight: 300; line-height: 30px; color: #444444; padding-bottom: 8px; border-bottom: 1px solid #eeeeee; font-style: normal; letter-spacing: normal; text-indent: 0px; white-space: normal; word-spacing: 0px; background-color: #ffffff; text-transform: capitalize;\"><span style=\"padding-bottom: 8px; border-bottom: 1px solid #d50019; font-weight: 400;\">RACOR CON MUELLE<br \/>\n<\/span><\/h1>\n<p>Racor hembra c\u00f3nico con muelle. V\u00e1lido para tubos PU,PE,PA.<\/p>\n<p>Para m\u00e1s informaci\u00f3n, consulte la ficha t\u00e9cnica.<\/p>\n<table class=\"upper table table-striped catalogo item desktop-no-columns table-hover\" width=\"100%\">\n<thead class=\"fondo_1\">\n<tr>\n<th class=\"head\">\n<div class=\"th-inner\">CODIGO<\/div>\n<div class=\"fht-cell\"><\/div>\n<\/th>\n<th class=\"head\">\n<div class=\"th-inner\">D<\/div>\n<div class=\"fht-cell\"><\/div>\n<\/th>\n<th class=\"head\">\n<div class=\"th-inner\">Rosca<\/div>\n<div class=\"fht-cell\"><\/div>\n<\/th>\n<\/tr>\n<\/thead>\n<tbody>\n<tr>\n<td class=\"titulo\"><strong>2.420.061<\/strong><\/td>\n<td class=\"general\">D 6&#215;4<\/td>\n<td class=\"general\">\u00a01\/8&Prime;<\/td>\n<\/tr>\n<tr>\n<td class=\"titulo\"><strong>2.420.062<\/strong><\/td>\n<td class=\"general\">D 6&#215;4<\/td>\n<td class=\"general\">\u00a01\/4&Prime;<\/td>\n<\/tr>\n<tr>\n<td class=\"titulo\"><strong>2.420.063<\/strong><\/td>\n<td class=\"general\">D\u00a06&#215;4<\/td>\n<td class=\"general\">\u00a03\/8&Prime;<\/td>\n<\/tr>\n<tr>\n<td class=\"titulo\"><strong>2.420.064<\/strong><\/td>\n<td class=\"general\">D 8&#215;6<\/td>\n<td class=\"general\">\u00a01\/8&Prime;<\/td>\n<\/tr>\n<tr>\n<td class=\"titulo\"><strong>2.420.065<\/strong><\/td>\n<td class=\"general\">D 8&#215;6<\/td>\n<td class=\"general\">\u00a01\/4&Prime;<\/td>\n<\/tr>\n<tr>\n<td class=\"titulo\"><strong>2.420.066<\/strong><\/td>\n<td class=\"general\">D\u00a08&#215;6<\/td>\n<td class=\"general\">\u00a03\/8&Prime;<\/td>\n<\/tr>\n<tr>\n<td class=\"titulo\"><strong>2.420.067<\/strong><\/td>\n<td class=\"general\">D 10&#215;8<\/td>\n<td class=\"general\">\u00a01\/4&Prime;<\/td>\n<\/tr>\n<tr>\n<td class=\"titulo\"><strong>2.420.068<\/strong><\/td>\n<td class=\"general\">D 10&#215;8<\/td>\n<td class=\"general\">\u00a03\/8&Prime;<\/td>\n<\/tr>\n<tr>\n<td class=\"titulo\"><strong>2.420.069<\/strong><\/td>\n<td class=\"general\">D 10X8<\/td>\n<td class=\"general\">\u00a01\/2&Prime;<\/td>\n<\/tr>\n<tr>\n<td class=\"titulo\"><strong>2.420.070<\/strong><\/td>\n<td class=\"general\">D 12X10<\/td>\n<td class=\"general\">\u00a03\/8&Prime;<\/td>\n<\/tr>\n<\/tbody>\n<\/table>\n","protected":false},"excerpt":{"rendered":"<p><img loading=\"lazy\" decoding=\"async\" class=\"alignnone size-medium wp-image-5791\" src=\"https:\/\/www.aircompressormpc.com\/wp-content\/uploads\/2021\/07\/PLANTILLA-ICONOS-e1662119265442-300x163.jpg\" alt=\"\" width=\"300\" height=\"163\" \/><\/p>\n","protected":false},"featured_media":2392,"template":"","meta":[],"product_brand":[],"product_cat":[536,543,852],"product_tag":[854],"class_list":{"0":"post-2399","1":"product","2":"type-product","3":"status-publish","4":"has-post-thumbnail","6":"product_cat-accesorios","7":"product_cat-racores","8":"product_cat-racores-muelle","9":"product_tag-racor-con-muelle","11":"first","12":"instock","13":"shipping-taxable","14":"purchasable","15":"product-type-simple"},"aioseo_notices":[],"_links":{"self":[{"href":"https:\/\/www.aircompressormpc.com\/fr\/wp-json\/wp\/v2\/product\/2399","targetHints":{"allow":["GET"]}}],"collection":[{"href":"https:\/\/www.aircompressormpc.com\/fr\/wp-json\/wp\/v2\/product"}],"about":[{"href":"https:\/\/www.aircompressormpc.com\/fr\/wp-json\/wp\/v2\/types\/product"}],"wp:featuredmedia":[{"embeddable":true,"href":"https:\/\/www.aircompressormpc.com\/fr\/wp-json\/wp\/v2\/media\/2392"}],"wp:attachment":[{"href":"https:\/\/www.aircompressormpc.com\/fr\/wp-json\/wp\/v2\/media?parent=2399"}],"wp:term":[{"taxonomy":"product_brand","embeddable":true,"href":"https:\/\/www.aircompressormpc.com\/fr\/wp-json\/wp\/v2\/product_brand?post=2399"},{"taxonomy":"product_cat","embeddable":true,"href":"https:\/\/www.aircompressormpc.com\/fr\/wp-json\/wp\/v2\/product_cat?post=2399"},{"taxonomy":"product_tag","embeddable":true,"href":"https:\/\/www.aircompressormpc.com\/fr\/wp-json\/wp\/v2\/product_tag?post=2399"}],"curies":[{"name":"wp","href":"https:\/\/api.w.org\/{rel}","templated":true}]}}