{"id":2375,"date":"2021-07-21T12:47:00","date_gmt":"2021-07-21T12:47:00","guid":{"rendered":"http:\/\/aircompressormpc.servicioempresa.com\/producto\/racor-con-muelle-giratorio-macho-conico\/"},"modified":"2022-09-27T10:16:29","modified_gmt":"2022-09-27T10:16:29","slug":"racor-con-muelle-giratorio-macho-conico","status":"publish","type":"product","link":"https:\/\/www.aircompressormpc.com\/fr\/producto\/racor-con-muelle-giratorio-macho-conico\/","title":{"rendered":"RACOR CON MUELLE GIRATORIO MACHO C\u00d3NICO"},"content":{"rendered":"<h1 class=\"classic-title\" style=\"margin: 0px 0px 16px; font-size: 24px; font-family: 'Open Sans', sans-serif; font-weight: 300; line-height: 30px; color: #444444; padding-bottom: 8px; border-bottom: 1px solid #eeeeee; font-style: normal; letter-spacing: normal; text-indent: 0px; white-space: normal; word-spacing: 0px; background-color: #ffffff; text-transform: capitalize;\"><span style=\"padding-bottom: 8px; border-bottom: 1px solid #d50019; font-weight: 400;\">RACOR cON MUELLE<br \/>\n<\/span><\/h1>\n<p style=\"margin: 0px 0px 1em; padding: 0px; border: 0px; font-style: normal; font-weight: 400; line-height: 18px; font-family: Roboto, Helvetica, sans-serif; font-size: 13px; vertical-align: baseline; color: #666666; letter-spacing: normal; text-indent: 0px; text-transform: none; white-space: normal; word-spacing: 0px; background-color: #ffffff;\"><span style=\"margin: 0px; padding: 0px; border: 0px; font-style: inherit; font-variant: inherit; font-weight: inherit; line-height: inherit; font-family: inherit; font-size: 13px; vertical-align: baseline; color: #4a4a4a;\"><span style=\"margin: 0px; padding: 0px; border: 0px; font-style: inherit; font-variant: inherit; font-weight: inherit; line-height: inherit; font-family: inherit; font-size: 13px; vertical-align: baseline; color: #4a4a4a;\">\u00a0Racor macho c\u00f3nico (con conexi\u00f3n giratoria)con muelle. V\u00e1lido para tubos PU,PE,PA.<\/span><\/span><\/p>\n<p style=\"margin: 0px 0px 1em; padding: 0px; border: 0px; font-style: normal; font-weight: 400; line-height: 18px; font-family: Roboto, Helvetica, sans-serif; font-size: 13px; vertical-align: baseline; color: #666666; letter-spacing: normal; text-indent: 0px; text-transform: none; white-space: normal; word-spacing: 0px; background-color: #ffffff;\"><span style=\"margin: 0px; padding: 0px; border: 0px; font-style: inherit; font-variant: inherit; font-weight: inherit; line-height: inherit; font-family: inherit; font-size: 13px; vertical-align: baseline; color: #4a4a4a;\">Para m\u00e1s informaci\u00f3n, consulte la ficha t\u00e9cnica.<\/span><\/p>\n<table class=\"upper table table-striped catalogo item desktop-no-columns table-hover\" style=\"border: 1px dashed #bbbbbb;\" width=\"100%\">\n<thead class=\"fondo_1\">\n<tr>\n<th class=\"head\" style=\"font-family: Verdana, Arial, Helvetica, sans-serif; font-size: 11px; border: 1px dashed #bbbbbb;\">\n<div class=\"th-inner\">CODIGO<\/div>\n<div class=\"fht-cell\"><\/div>\n<\/th>\n<th class=\"head\" style=\"font-family: Verdana, Arial, Helvetica, sans-serif; font-size: 11px; border: 1px dashed #bbbbbb;\">\n<div class=\"th-inner\">Rosca<\/div>\n<div class=\"fht-cell\"><\/div>\n<\/th>\n<th class=\"head\" style=\"font-family: Verdana, Arial, Helvetica, sans-serif; font-size: 11px; border: 1px dashed #bbbbbb;\">\n<div class=\"th-inner\">Rosca<\/div>\n<div class=\"fht-cell\"><\/div>\n<\/th>\n<\/tr>\n<\/thead>\n<tbody>\n<tr>\n<td class=\"titulo\" style=\"font-family: Verdana, Arial, Helvetica, sans-serif; font-size: 11px; border: 1px dashed #bbbbbb;\"><strong><a>2.420.002<\/a><\/strong><\/td>\n<td class=\"general\" style=\"font-family: Verdana, Arial, Helvetica, sans-serif; font-size: 11px; border: 1px dashed #bbbbbb;\">D 6&#215;4<\/td>\n<td class=\"general\" style=\"font-family: Verdana, Arial, Helvetica, sans-serif; font-size: 11px; border: 1px dashed #bbbbbb;\">D 1\/4&Prime;<\/td>\n<\/tr>\n<tr>\n<td class=\"titulo\" style=\"font-family: Verdana, Arial, Helvetica, sans-serif; font-size: 11px; border: 1px dashed #bbbbbb;\"><strong><a>2.420.003<\/a><\/strong><\/td>\n<td class=\"general\" style=\"font-family: Verdana, Arial, Helvetica, sans-serif; font-size: 11px; border: 1px dashed #bbbbbb;\">D\u00a08&#215;5<\/td>\n<td class=\"general\" style=\"font-family: Verdana, Arial, Helvetica, sans-serif; font-size: 11px; border: 1px dashed #bbbbbb;\">D 1\/8&Prime;<\/td>\n<\/tr>\n<tr>\n<td class=\"titulo\" style=\"font-family: Verdana, Arial, Helvetica, sans-serif; font-size: 11px; border: 1px dashed #bbbbbb;\"><strong><a>2.420.004<\/a><\/strong><\/td>\n<td class=\"general\" style=\"font-family: Verdana, Arial, Helvetica, sans-serif; font-size: 11px; border: 1px dashed #bbbbbb;\">D 8&#215;5<\/td>\n<td class=\"general\" style=\"font-family: Verdana, Arial, Helvetica, sans-serif; font-size: 11px; border: 1px dashed #bbbbbb;\">D 1\/4&Prime;<\/td>\n<\/tr>\n<tr>\n<td class=\"titulo\" style=\"font-family: Verdana, Arial, Helvetica, sans-serif; font-size: 11px; border: 1px dashed #bbbbbb;\"><strong><a>2.420.005<\/a><\/strong><\/td>\n<td class=\"general\" style=\"font-family: Verdana, Arial, Helvetica, sans-serif; font-size: 11px; border: 1px dashed #bbbbbb;\">D 8&#215;6<\/td>\n<td class=\"general\" style=\"font-family: Verdana, Arial, Helvetica, sans-serif; font-size: 11px; border: 1px dashed #bbbbbb;\">D 1\/8&Prime;<\/td>\n<\/tr>\n<tr>\n<td class=\"titulo\" style=\"font-family: Verdana, Arial, Helvetica, sans-serif; font-size: 11px; border: 1px dashed #bbbbbb;\"><strong><a>2.420.006<\/a><\/strong><\/td>\n<td class=\"general\" style=\"font-family: Verdana, Arial, Helvetica, sans-serif; font-size: 11px; border: 1px dashed #bbbbbb;\">D 8&#215;6<\/td>\n<td class=\"general\" style=\"font-family: Verdana, Arial, Helvetica, sans-serif; font-size: 11px; border: 1px dashed #bbbbbb;\">D 1\/4&Prime;<\/td>\n<\/tr>\n<tr>\n<td class=\"titulo\" style=\"font-family: Verdana, Arial, Helvetica, sans-serif; font-size: 11px; border: 1px dashed #bbbbbb;\"><strong><a>2.420.007<\/a><\/strong><\/td>\n<td class=\"general\" style=\"font-family: Verdana, Arial, Helvetica, sans-serif; font-size: 11px; border: 1px dashed #bbbbbb;\">D 10&#215;6,5<\/td>\n<td class=\"general\" style=\"font-family: Verdana, Arial, Helvetica, sans-serif; font-size: 11px; border: 1px dashed #bbbbbb;\">D 1\/4&Prime;<\/td>\n<\/tr>\n<tr>\n<td class=\"titulo\" style=\"font-family: Verdana, Arial, Helvetica, sans-serif; font-size: 11px; border: 1px dashed #bbbbbb;\"><strong><a>2.420.008<\/a><\/strong><\/td>\n<td class=\"general\" style=\"font-family: Verdana, Arial, Helvetica, sans-serif; font-size: 11px; border: 1px dashed #bbbbbb;\">D 10&#215;8<\/td>\n<td class=\"general\" style=\"font-family: Verdana, Arial, Helvetica, sans-serif; font-size: 11px; border: 1px dashed #bbbbbb;\">D 1\/4&Prime;<\/td>\n<\/tr>\n<tr>\n<td class=\"titulo\" style=\"font-family: Verdana, Arial, Helvetica, sans-serif; font-size: 11px; border: 1px dashed #bbbbbb;\"><strong><a>2.420.010<\/a><\/strong><\/td>\n<td class=\"general\" style=\"font-family: Verdana, Arial, Helvetica, sans-serif; font-size: 11px; border: 1px dashed #bbbbbb;\">D 12&#215;8<\/td>\n<td class=\"general\" style=\"font-family: Verdana, Arial, Helvetica, sans-serif; font-size: 11px; border: 1px dashed #bbbbbb;\">D 3\/8&Prime;<\/td>\n<\/tr>\n<tr>\n<td class=\"titulo\" style=\"font-family: Verdana, Arial, Helvetica, sans-serif; font-size: 11px; border: 1px dashed #bbbbbb;\"><strong><a>2.420.011<\/a><\/strong><\/td>\n<td class=\"general\" style=\"font-family: Verdana, Arial, Helvetica, sans-serif; font-size: 11px; border: 1px dashed #bbbbbb;\">D 12&#215;10<\/td>\n<td class=\"general\" style=\"font-family: Verdana, Arial, Helvetica, sans-serif; font-size: 11px; border: 1px dashed #bbbbbb;\">D 3\/8&Prime;<\/td>\n<\/tr>\n<\/tbody>\n<\/table>\n<p>&nbsp;<\/p>\n<p style=\"margin: 0px 0px 1em; padding: 0px; border: 0px; font-style: normal; font-weight: 400; line-height: 18px; font-family: Roboto, Helvetica, sans-serif; font-size: 13px; vertical-align: baseline; color: #666666; letter-spacing: normal; text-indent: 0px; text-transform: none; white-space: normal; word-spacing: 0px; background-color: #ffffff;\">\n<p style=\"margin: 0px 0px 1em; padding: 0px; border: 0px; font-style: normal; font-weight: 400; line-height: 18px; font-family: Roboto, Helvetica, sans-serif; font-size: 13px; vertical-align: baseline; color: #666666; letter-spacing: normal; text-indent: 0px; text-transform: none; white-space: normal; word-spacing: 0px; background-color: #ffffff;\">\n","protected":false},"excerpt":{"rendered":"<p><img loading=\"lazy\" decoding=\"async\" class=\"alignnone wp-image-5791 size-full\" src=\"https:\/\/www.aircompressormpc.com\/wp-content\/uploads\/2021\/07\/PLANTILLA-ICONOS-e1662119502389.jpg\" alt=\"\" width=\"143\" height=\"141\" srcset=\"https:\/\/www.aircompressormpc.com\/wp-content\/uploads\/2021\/07\/PLANTILLA-ICONOS-e1662119502389.jpg 143w, https:\/\/www.aircompressormpc.com\/wp-content\/uploads\/2021\/07\/PLANTILLA-ICONOS-e1662119502389-100x100.jpg 100w, https:\/\/www.aircompressormpc.com\/wp-content\/uploads\/2021\/07\/PLANTILLA-ICONOS-e1662119502389-64x63.jpg 64w\" sizes=\"auto, (max-width: 143px) 100vw, 143px\" \/><\/p>\n","protected":false},"featured_media":2368,"template":"","meta":[],"product_brand":[],"product_cat":[536,543,852],"product_tag":[854],"class_list":{"0":"post-2375","1":"product","2":"type-product","3":"status-publish","4":"has-post-thumbnail","6":"product_cat-accesorios","7":"product_cat-racores","8":"product_cat-racores-muelle","9":"product_tag-racor-con-muelle","11":"first","12":"instock","13":"shipping-taxable","14":"purchasable","15":"product-type-simple"},"aioseo_notices":[],"_links":{"self":[{"href":"https:\/\/www.aircompressormpc.com\/fr\/wp-json\/wp\/v2\/product\/2375","targetHints":{"allow":["GET"]}}],"collection":[{"href":"https:\/\/www.aircompressormpc.com\/fr\/wp-json\/wp\/v2\/product"}],"about":[{"href":"https:\/\/www.aircompressormpc.com\/fr\/wp-json\/wp\/v2\/types\/product"}],"wp:featuredmedia":[{"embeddable":true,"href":"https:\/\/www.aircompressormpc.com\/fr\/wp-json\/wp\/v2\/media\/2368"}],"wp:attachment":[{"href":"https:\/\/www.aircompressormpc.com\/fr\/wp-json\/wp\/v2\/media?parent=2375"}],"wp:term":[{"taxonomy":"product_brand","embeddable":true,"href":"https:\/\/www.aircompressormpc.com\/fr\/wp-json\/wp\/v2\/product_brand?post=2375"},{"taxonomy":"product_cat","embeddable":true,"href":"https:\/\/www.aircompressormpc.com\/fr\/wp-json\/wp\/v2\/product_cat?post=2375"},{"taxonomy":"product_tag","embeddable":true,"href":"https:\/\/www.aircompressormpc.com\/fr\/wp-json\/wp\/v2\/product_tag?post=2375"}],"curies":[{"name":"wp","href":"https:\/\/api.w.org\/{rel}","templated":true}]}}