{"id":2348,"date":"2021-07-20T09:06:20","date_gmt":"2021-07-20T09:06:20","guid":{"rendered":"http:\/\/aircompressormpc.servicioempresa.com\/producto\/tapon-galvanizado-ccuadradillo-m\/"},"modified":"2022-09-27T10:52:07","modified_gmt":"2022-09-27T10:52:07","slug":"tapon-galvanizado-ccuadradillo-m","status":"publish","type":"product","link":"https:\/\/www.aircompressormpc.com\/fr\/producto\/tapon-galvanizado-ccuadradillo-m\/","title":{"rendered":"TAP\u00d3N GALVANIZADO CON CUADRADILLO M"},"content":{"rendered":"<h1 class=\"classic-title\" style=\"margin: 0px 0px 16px; font-size: 24px; font-family: 'Open Sans', sans-serif; font-weight: 300; line-height: 30px; color: #444444; padding-bottom: 8px; border-bottom: 1px solid #eeeeee; font-style: normal; letter-spacing: normal; text-indent: 0px; white-space: normal; word-spacing: 0px; background-color: #ffffff; text-transform: capitalize;\"><span style=\"padding-bottom: 8px; border-bottom: 1px solid #d50019; font-weight: 400;\">TAP\u00d3N GALVANIZADO c\/CUADRADILLO M.<br \/>\n<\/span><\/h1>\n<p><span style=\"color: #4a4a4a;\">El hierro fundido inicial, fundici\u00f3n blanca, con galvanizado mediante inmersi\u00f3n<br \/>\nen caliente cumpliendo los requisitos exigidos por la norma EN 10242. <\/span><\/p>\n<p><span style=\"margin: 0px; padding: 0px; border: 0px; font-style: inherit; font-variant: inherit; font-weight: inherit; line-height: inherit; font-family: inherit; font-size: 13px; vertical-align: baseline; color: #4a4a4a;\">\u00a0Para m\u00e1s informaci\u00f3n, consulte la ficha t\u00e9cnica.<\/span><span style=\"margin: 0px; padding: 0px; border: 0px; font-style: inherit; font-variant: inherit; font-weight: inherit; line-height: inherit; font-family: inherit; font-size: 13px; vertical-align: baseline; color: #4a4a4a;\">.<\/span><\/p>\n<table class=\"upper table table-striped catalogo item desktop-no-columns table-hover\" width=\"100%\">\n<thead class=\"fondo_1\">\n<tr>\n<th class=\"head\">\n<div class=\"th-inner\">CODIGO<\/div>\n<div class=\"fht-cell\"><\/div>\n<\/th>\n<th class=\"head\">\n<div class=\"th-inner\">ROSCA<\/div>\n<div class=\"fht-cell\"><\/div>\n<\/th>\n<th class=\"head\">\n<div class=\"th-inner\">Gr<\/div>\n<div class=\"fht-cell\"><\/div>\n<\/th>\n<\/tr>\n<\/thead>\n<tbody>\n<tr>\n<td class=\"titulo\"><strong><a>2.434.402<\/a><\/strong><\/td>\n<td class=\"general\">3\/8&Prime;<\/td>\n<td class=\"general\">33<\/td>\n<\/tr>\n<tr>\n<td class=\"titulo\"><strong><a>2.434.403<\/a><\/strong><\/td>\n<td class=\"general\">1\/2&Prime;<\/td>\n<td class=\"general\">58<\/td>\n<\/tr>\n<tr>\n<td class=\"titulo\"><strong><strong><a>2.434.404<\/a><\/strong><\/strong><\/td>\n<td class=\"general\">3\/4&Prime;<\/td>\n<td class=\"general\">79<\/td>\n<\/tr>\n<tr>\n<td class=\"titulo\"><strong><strong><a>2.434.405<\/a><\/strong><\/strong><\/td>\n<td class=\"general\">1&Prime;<\/td>\n<td class=\"general\">142<\/td>\n<\/tr>\n<tr>\n<td class=\"titulo\"><strong><strong><a>2.434.406<\/a><\/strong><\/strong><\/td>\n<td class=\"general\">1.1\/4&Prime;<\/td>\n<td class=\"general\">205<\/td>\n<\/tr>\n<tr>\n<td class=\"titulo\"><strong><strong><a>2.434.407<\/a><\/strong><\/strong><\/td>\n<td class=\"general\">1.1\/2&Prime;<\/td>\n<td class=\"general\">202<\/td>\n<\/tr>\n<tr>\n<td class=\"titulo\"><strong><strong><a>2.434.408<\/a><\/strong><\/strong><\/td>\n<td class=\"general\">2&Prime;<\/td>\n<td class=\"general\">408<\/td>\n<\/tr>\n<\/tbody>\n<\/table>\n<p style=\"margin: 0px 0px 1em; padding: 0px; border: 0px; font-style: normal; font-weight: 400; line-height: 18px; font-family: Roboto, Helvetica, sans-serif; font-size: 13px; vertical-align: baseline; color: #666666; letter-spacing: normal; text-indent: 0px; text-transform: none; white-space: normal; word-spacing: 0px; background-color: #ffffff;\">\n<p style=\"margin: 0px 0px 1em; padding: 0px; border: 0px; font-style: normal; font-weight: 400; line-height: 18px; font-family: Roboto, Helvetica, sans-serif; font-size: 13px; vertical-align: baseline; color: #666666; letter-spacing: normal; text-indent: 0px; text-transform: none; white-space: normal; word-spacing: 0px; background-color: #ffffff;\">\n<p style=\"margin: 0px 0px 1em; padding: 0px; border: 0px; font-style: normal; font-weight: 400; line-height: 18px; font-family: Roboto, Helvetica, sans-serif; font-size: 13px; vertical-align: baseline; color: #666666; letter-spacing: normal; text-indent: 0px; text-transform: none; white-space: normal; word-spacing: 0px; background-color: #ffffff;\">\n","protected":false},"excerpt":{"rendered":"<p><img loading=\"lazy\" decoding=\"async\" class=\"alignnone wp-image-6671 size-full\" src=\"https:\/\/www.aircompressormpc.com\/wp-content\/uploads\/2021\/07\/60.jpg\" alt=\"\" width=\"442\" height=\"154\" srcset=\"https:\/\/www.aircompressormpc.com\/wp-content\/uploads\/2021\/07\/60.jpg 442w, https:\/\/www.aircompressormpc.com\/wp-content\/uploads\/2021\/07\/60-300x105.jpg 300w, https:\/\/www.aircompressormpc.com\/wp-content\/uploads\/2021\/07\/60-64x22.jpg 64w\" sizes=\"auto, (max-width: 442px) 100vw, 442px\" \/><\/p>\n","protected":false},"featured_media":2341,"template":"","meta":[],"product_brand":[],"product_cat":[536,543,851],"product_tag":[496],"class_list":{"0":"post-2348","1":"product","2":"type-product","3":"status-publish","4":"has-post-thumbnail","6":"product_cat-accesorios","7":"product_cat-racores","8":"product_cat-racores-galvanizados","9":"product_tag-racor","11":"first","12":"instock","13":"shipping-taxable","14":"purchasable","15":"product-type-simple"},"aioseo_notices":[],"_links":{"self":[{"href":"https:\/\/www.aircompressormpc.com\/fr\/wp-json\/wp\/v2\/product\/2348","targetHints":{"allow":["GET"]}}],"collection":[{"href":"https:\/\/www.aircompressormpc.com\/fr\/wp-json\/wp\/v2\/product"}],"about":[{"href":"https:\/\/www.aircompressormpc.com\/fr\/wp-json\/wp\/v2\/types\/product"}],"wp:featuredmedia":[{"embeddable":true,"href":"https:\/\/www.aircompressormpc.com\/fr\/wp-json\/wp\/v2\/media\/2341"}],"wp:attachment":[{"href":"https:\/\/www.aircompressormpc.com\/fr\/wp-json\/wp\/v2\/media?parent=2348"}],"wp:term":[{"taxonomy":"product_brand","embeddable":true,"href":"https:\/\/www.aircompressormpc.com\/fr\/wp-json\/wp\/v2\/product_brand?post=2348"},{"taxonomy":"product_cat","embeddable":true,"href":"https:\/\/www.aircompressormpc.com\/fr\/wp-json\/wp\/v2\/product_cat?post=2348"},{"taxonomy":"product_tag","embeddable":true,"href":"https:\/\/www.aircompressormpc.com\/fr\/wp-json\/wp\/v2\/product_tag?post=2348"}],"curies":[{"name":"wp","href":"https:\/\/api.w.org\/{rel}","templated":true}]}}