{"id":2240,"date":"2021-07-19T09:41:33","date_gmt":"2021-07-19T09:41:33","guid":{"rendered":"http:\/\/aircompressormpc.servicioempresa.com\/producto\/racor-codo-90-galvanizado-macho\/"},"modified":"2022-09-27T10:39:39","modified_gmt":"2022-09-27T10:39:39","slug":"racor-codo-90-galvanizado-macho","status":"publish","type":"product","link":"https:\/\/www.aircompressormpc.com\/fr\/producto\/racor-codo-90-galvanizado-macho\/","title":{"rendered":"RACOR CODO 90\u00ba GALVANIZADO MACHO"},"content":{"rendered":"<h1 class=\"classic-title\" style=\"margin: 0px 0px 16px; font-size: 24px; font-family: 'Open Sans', sans-serif; font-weight: 300; line-height: 30px; color: #444444; padding-bottom: 8px; border-bottom: 1px solid #eeeeee; font-style: normal; letter-spacing: normal; text-indent: 0px; white-space: normal; word-spacing: 0px; background-color: #ffffff; text-transform: capitalize;\"><span style=\"padding-bottom: 8px; border-bottom: 1px solid #d50019; font-weight: 400;\">RACOR cODO 90\u00ba GALVANIZADO MACHO<\/span><\/h1>\n<p><span style=\"color: #4a4a4a;\">El hierro fundido inicial, fundici\u00f3n blanca, con galvanizado mediante inmersi\u00f3n en caliente cumpliendo los requisitos exigidos por la norma EN 10242. Rosca c\u00f3nica.<\/span><\/p>\n<table class=\"upper table table-striped catalogo item desktop-no-columns table-hover\" width=\"100%\">\n<thead class=\"fondo_1\">\n<tr>\n<th class=\"head\">\n<div class=\"th-inner\">CODIGO<\/div>\n<div class=\"fht-cell\"><\/div>\n<\/th>\n<th class=\"head\">\n<div class=\"th-inner\">ROSCA<\/div>\n<div class=\"fht-cell\"><\/div>\n<\/th>\n<th class=\"head\">\n<div class=\"th-inner\">Gr<\/div>\n<div class=\"fht-cell\"><\/div>\n<\/th>\n<\/tr>\n<\/thead>\n<tbody>\n<tr>\n<td class=\"titulo\"><strong><a>2.434.102<\/a><\/strong><\/td>\n<td class=\"general\">3\/8&Prime;<\/td>\n<td class=\"general\">37<\/td>\n<\/tr>\n<tr>\n<td class=\"titulo\"><strong><a>2.434.103<\/a><\/strong><\/td>\n<td class=\"general\">1\/2&Prime;<\/td>\n<td class=\"general\">65<\/td>\n<\/tr>\n<tr>\n<td class=\"titulo\"><strong><strong><a>2.434.104<\/a><\/strong><\/strong><\/td>\n<td class=\"general\">3\/4&Prime;<\/td>\n<td class=\"general\">106<\/td>\n<\/tr>\n<tr>\n<td class=\"titulo\"><strong><strong><a>2.434.105<\/a><\/strong><\/strong><\/td>\n<td class=\"general\">1&Prime;<\/td>\n<td class=\"general\">185<\/td>\n<\/tr>\n<tr>\n<td class=\"titulo\"><strong><strong><a>2.434.106<\/a><\/strong><\/strong><\/td>\n<td class=\"general\">1.1\/4&Prime;<\/td>\n<td class=\"general\">295<\/td>\n<\/tr>\n<tr>\n<td class=\"titulo\"><strong><strong><a>2.434.107<\/a><\/strong><\/strong><\/td>\n<td class=\"general\">1.1\/2&Prime;<\/td>\n<td class=\"general\">341<\/td>\n<\/tr>\n<tr>\n<td class=\"titulo\"><strong><strong><a>2.434.108<\/a><\/strong><\/strong><\/td>\n<td class=\"general\">2&Prime;<\/td>\n<td class=\"general\">564<\/td>\n<\/tr>\n<\/tbody>\n<\/table>\n","protected":false},"excerpt":{"rendered":"<p><img loading=\"lazy\" decoding=\"async\" class=\"alignnone wp-image-5881 size-full\" src=\"https:\/\/www.aircompressormpc.com\/wp-content\/uploads\/2021\/07\/icono-1-e1662454466260.jpg\" alt=\"\" width=\"600\" height=\"148\" srcset=\"https:\/\/www.aircompressormpc.com\/wp-content\/uploads\/2021\/07\/icono-1-e1662454466260.jpg 600w, https:\/\/www.aircompressormpc.com\/wp-content\/uploads\/2021\/07\/icono-1-e1662454466260-300x74.jpg 300w, https:\/\/www.aircompressormpc.com\/wp-content\/uploads\/2021\/07\/icono-1-e1662454466260-64x16.jpg 64w\" sizes=\"auto, (max-width: 600px) 100vw, 600px\" \/><\/p>\n","protected":false},"featured_media":2233,"template":"","meta":[],"product_brand":[],"product_cat":[536,543,851],"product_tag":[853],"class_list":{"0":"post-2240","1":"product","2":"type-product","3":"status-publish","4":"has-post-thumbnail","6":"product_cat-accesorios","7":"product_cat-racores","8":"product_cat-racores-galvanizados","9":"product_tag-racor-galvanizado","11":"first","12":"instock","13":"shipping-taxable","14":"purchasable","15":"product-type-simple"},"aioseo_notices":[],"_links":{"self":[{"href":"https:\/\/www.aircompressormpc.com\/fr\/wp-json\/wp\/v2\/product\/2240","targetHints":{"allow":["GET"]}}],"collection":[{"href":"https:\/\/www.aircompressormpc.com\/fr\/wp-json\/wp\/v2\/product"}],"about":[{"href":"https:\/\/www.aircompressormpc.com\/fr\/wp-json\/wp\/v2\/types\/product"}],"wp:featuredmedia":[{"embeddable":true,"href":"https:\/\/www.aircompressormpc.com\/fr\/wp-json\/wp\/v2\/media\/2233"}],"wp:attachment":[{"href":"https:\/\/www.aircompressormpc.com\/fr\/wp-json\/wp\/v2\/media?parent=2240"}],"wp:term":[{"taxonomy":"product_brand","embeddable":true,"href":"https:\/\/www.aircompressormpc.com\/fr\/wp-json\/wp\/v2\/product_brand?post=2240"},{"taxonomy":"product_cat","embeddable":true,"href":"https:\/\/www.aircompressormpc.com\/fr\/wp-json\/wp\/v2\/product_cat?post=2240"},{"taxonomy":"product_tag","embeddable":true,"href":"https:\/\/www.aircompressormpc.com\/fr\/wp-json\/wp\/v2\/product_tag?post=2240"}],"curies":[{"name":"wp","href":"https:\/\/api.w.org\/{rel}","templated":true}]}}