{"id":2177,"date":"2021-07-15T08:52:03","date_gmt":"2021-07-15T08:52:03","guid":{"rendered":"http:\/\/aircompressormpc.servicioempresa.com\/producto\/racor-intermedio-hidraulico-macho-macho-bsp-60\/"},"modified":"2022-09-27T11:49:50","modified_gmt":"2022-09-27T11:49:50","slug":"racor-intermedio-hidraulico-macho-macho-bsp-60","status":"publish","type":"product","link":"https:\/\/www.aircompressormpc.com\/fr\/producto\/racor-intermedio-hidraulico-macho-macho-bsp-60\/","title":{"rendered":"RACOR INTERMEDIO HIDR\u00c1ULICO MACHO-MACHO BSP (60 \u00b0)"},"content":{"rendered":"<h1 class=\"classic-title\" style=\"margin: 0px 0px 16px; font-size: 24px; font-family: 'Open Sans', sans-serif; font-weight: 300; line-height: 30px; color: #444444; padding-bottom: 8px; border-bottom: 1px solid #eeeeee; font-style: normal; letter-spacing: normal; text-indent: 0px; white-space: normal; word-spacing: 0px; background-color: #ffffff; text-transform: capitalize;\"><span style=\"padding-bottom: 8px; border-bottom: 1px solid #d50019; font-weight: 400;\">RACOR INTERMEDIO HIDR\u00c1ULICO MACHO-MACHO BSP (60 \u00b0)<\/span><\/h1>\n<p><span style=\"color: #4a4a4a;\">Adaptador con rosca macho-macho BSP 60 \u00b0 cono en acero al carbono.<\/span><\/p>\n<p>Fabricado de acuerdo con ISO8434. Para m\u00e1s informaci\u00f3n, consulte la ficha t\u00e9cnica.<\/p>\n<table class=\"upper table table-striped catalogo item desktop-no-columns table-hover\" width=\"100%\">\n<thead class=\"fondo_1\">\n<tr>\n<th class=\"head\">\n<div class=\"th-inner\">CODIGO<\/div>\n<div class=\"fht-cell\"><\/div>\n<\/th>\n<th class=\"head\">\n<div class=\"th-inner\">ROSCA<\/div>\n<div class=\"fht-cell\"><\/div>\n<\/th>\n<th class=\"head\">\n<div class=\"th-inner\">ROSCA<\/div>\n<div class=\"fht-cell\"><\/div>\n<\/th>\n<\/tr>\n<\/thead>\n<tbody>\n<tr>\n<td class=\"titulo\"><strong><a>2.425.002<\/a><\/strong><\/td>\n<td class=\"general\">1\/4&Prime; BSP<\/td>\n<td class=\"general\">1\/4&Prime; BSP<\/td>\n<\/tr>\n<tr>\n<td class=\"titulo\"><strong><a>2.425.003<\/a><\/strong><\/td>\n<td class=\"general\">3\/8&Prime; BSP<\/td>\n<td class=\"general\">3\/8&Prime; BSP<\/td>\n<\/tr>\n<tr>\n<td class=\"titulo\"><strong><a>2.425.004<\/a><\/strong><\/td>\n<td class=\"general\">1\/2&Prime; BSP<\/td>\n<td class=\"general\">1\/2&Prime; BSP<\/td>\n<\/tr>\n<tr>\n<td class=\"titulo\"><strong><a>2.425.005<\/a><\/strong><\/td>\n<td class=\"general\">3\/4&Prime; BSP<\/td>\n<td class=\"general\">3\/4&Prime; BSP<\/td>\n<\/tr>\n<tr>\n<td class=\"titulo\"><strong><a>2.425.006<\/a><\/strong><\/td>\n<td class=\"general\">1&Prime; BSP<\/td>\n<td class=\"general\">1&Prime; BSP<\/td>\n<\/tr>\n<tr>\n<td class=\"titulo\"><strong><a>2.425.007<\/a><\/strong><\/td>\n<td class=\"general\">1&Prime;1\/4 BSP<\/td>\n<td class=\"general\">1&Prime;1\/4 BSP<\/td>\n<\/tr>\n<tr>\n<td class=\"titulo\"><strong><a>2.425.008<\/a><\/strong><\/td>\n<td class=\"general\">1&Prime;1\/2 BSP<\/td>\n<td class=\"general\">1&Prime;1\/2 BSP<\/td>\n<\/tr>\n<tr>\n<td class=\"titulo\"><strong><a>2.425.009<\/a><\/strong><\/td>\n<td class=\"general\">2&Prime; BSP<\/td>\n<td class=\"general\">2&Prime; BSP<\/td>\n<\/tr>\n<\/tbody>\n<\/table>\n","protected":false},"excerpt":{"rendered":"<p><img loading=\"lazy\" decoding=\"async\" class=\"alignnone wp-image-6761 size-full\" src=\"https:\/\/www.aircompressormpc.com\/wp-content\/uploads\/2021\/07\/180-e1664279052844.jpg\" alt=\"\" width=\"400\" height=\"138\" srcset=\"https:\/\/www.aircompressormpc.com\/wp-content\/uploads\/2021\/07\/180-e1664279052844.jpg 400w, https:\/\/www.aircompressormpc.com\/wp-content\/uploads\/2021\/07\/180-e1664279052844-300x104.jpg 300w, https:\/\/www.aircompressormpc.com\/wp-content\/uploads\/2021\/07\/180-e1664279052844-64x22.jpg 64w\" sizes=\"auto, (max-width: 400px) 100vw, 400px\" \/><\/p>\n","protected":false},"featured_media":2170,"template":"","meta":[],"product_brand":[],"product_cat":[536,543,855],"product_tag":[492],"class_list":{"0":"post-2177","1":"product","2":"type-product","3":"status-publish","4":"has-post-thumbnail","6":"product_cat-accesorios","7":"product_cat-racores","8":"product_cat-racores-hidraulica","9":"product_tag-racor-hidraulico","11":"first","12":"instock","13":"shipping-taxable","14":"purchasable","15":"product-type-simple"},"aioseo_notices":[],"_links":{"self":[{"href":"https:\/\/www.aircompressormpc.com\/fr\/wp-json\/wp\/v2\/product\/2177","targetHints":{"allow":["GET"]}}],"collection":[{"href":"https:\/\/www.aircompressormpc.com\/fr\/wp-json\/wp\/v2\/product"}],"about":[{"href":"https:\/\/www.aircompressormpc.com\/fr\/wp-json\/wp\/v2\/types\/product"}],"wp:featuredmedia":[{"embeddable":true,"href":"https:\/\/www.aircompressormpc.com\/fr\/wp-json\/wp\/v2\/media\/2170"}],"wp:attachment":[{"href":"https:\/\/www.aircompressormpc.com\/fr\/wp-json\/wp\/v2\/media?parent=2177"}],"wp:term":[{"taxonomy":"product_brand","embeddable":true,"href":"https:\/\/www.aircompressormpc.com\/fr\/wp-json\/wp\/v2\/product_brand?post=2177"},{"taxonomy":"product_cat","embeddable":true,"href":"https:\/\/www.aircompressormpc.com\/fr\/wp-json\/wp\/v2\/product_cat?post=2177"},{"taxonomy":"product_tag","embeddable":true,"href":"https:\/\/www.aircompressormpc.com\/fr\/wp-json\/wp\/v2\/product_tag?post=2177"}],"curies":[{"name":"wp","href":"https:\/\/api.w.org\/{rel}","templated":true}]}}