{"id":16988,"date":"2017-02-14T10:40:13","date_gmt":"2017-02-14T10:40:13","guid":{"rendered":"https:\/\/www.aircompressormpc.com\/producto\/thunder-130-bedplate-2\/"},"modified":"2017-02-14T10:40:13","modified_gmt":"2017-02-14T10:40:13","slug":"thunder-130-bedplate-2","status":"publish","type":"product","link":"https:\/\/www.aircompressormpc.com\/fr\/producto\/thunder-130-bedplate-2\/","title":{"rendered":"THUNDER 130 BEDPLATE"},"content":{"rendered":"<h1 style=\"text-align: left;\">THUNDER 130 BANK avec moteur HONDA GX390 et t\u00eate M600<\/h1>\n<ul>\n<li style=\"text-align: left;\"><span style=\"color: #4a4a4a;\">Lit \u00e0 moteur \u00e0 essence<\/span><\/li>\n<li style=\"text-align: left;\">  D\u00e9marrage \u00e9lectrique\/manuel<\/li>\n<li style=\"text-align: left;\">Syst\u00e8me d&rsquo;acc\u00e9l\u00e9ration inclus.<\/li>\n<li style=\"text-align: left;\">Sortie d&rsquo;air pour tuyau femelle de 3\/4&Prime;.<\/li>\n<li style=\"text-align: left;\">  Kit 4 pieds de mise \u00e0 niveau.<br \/>\n<table border=\"0\" frame=\"VOID\" rules=\"NONE\" cellspacing=\"0\">\n<colgroup>\n<col width=\"86\">\n<col width=\"86\">\n<col width=\"86\">\n<col width=\"86\">\n<col width=\"86\">\n<col width=\"86\">\n<col width=\"86\">\n<col width=\"86\">\n<col width=\"86\"><\/colgroup>\n<tbody>\n<tr>\n<td align=\"CENTER\" bgcolor=\"#CA1E16\" width=\"86\" height=\"32\"><span style=\"color: #ffffff; font-family: Futura Std Condensed;\">Code<\/span><\/td>\n<td align=\"CENTER\" bgcolor=\"#CA1E16\" width=\"110\"><span style=\"color: #ffffff; font-family: Futura Std Condensed;\">Mod\u00e8le<br \/>\n<\/span><\/td>\n<td align=\"CENTER\" bgcolor=\"#CA1E16\" width=\"86\"><i><span style=\"color: #ffffff; font-family: Futura Std Condensed;\">Air aspir\u00e9 (L\/min)<\/span><\/i><\/td>\n<td align=\"CENTER\" bgcolor=\"#CA1E16\" width=\"86\"><i><span style=\"color: #ffffff; font-family: Futura Std Condensed;\">Puissance (HP)<\/span><\/i><\/td>\n<td align=\"CENTER\" bgcolor=\"#CA1E16\" width=\"86\"><i><span style=\"color: #ffffff; font-family: Futura Std Condensed;\">P.max.<br \/>\n(Bar)<\/span><\/i><\/td>\n<td align=\"CENTER\" bgcolor=\"#CA1E16\" width=\"86\"><i><span style=\"color: #ffffff; font-family: Futura Std Condensed;\">R.P.M<\/span><\/i><\/td>\n<td align=\"CENTER\" bgcolor=\"#CA1E16\" width=\"86\"><span style=\"color: #ffffff; font-family: Futura Std Condensed;\">Kva<\/span><\/td>\n<\/tr>\n<tr>\n<td align=\"CENTER\" bgcolor=\"#DCE2EB\" height=\"17\"><b><span style=\"color: #ca1e16; font-family: Futura Std Condensed;\">1.100.204<\/span><\/b><\/td>\n<td align=\"CENTER\"><b><span style=\"color: #ca1e16; font-family: Futura Std Condensed;\">PLAQUE D&rsquo;ASSISE THUNDER 130\/ II<\/span><\/b><\/td>\n<td align=\"CENTER\"><span style=\"color: #000000; font-family: Futura Std Condensed;\">900<\/span><\/td>\n<td align=\"CENTER\"><span style=\"color: #000000; font-family: Futura Std Condensed;\">13<\/span><\/td>\n<td align=\"CENTER\"><span style=\"color: #000000; font-family: Futura Std Condensed;\">14<\/span><\/td>\n<td align=\"CENTER\"><span style=\"color: #000000; font-family: Futura Std Condensed;\">1.400<\/span><\/td>\n<td align=\"CENTER\"><span style=\"color: #000000; font-family: Futura Std Condensed;\">5 KVA III<\/span><\/td>\n<\/tr>\n<tr>\n<td align=\"CENTER\" bgcolor=\"#DCE2EB\" height=\"17\"><b><span style=\"color: #ca1e16; font-family: Futura Std Condensed;\">1.100.206<\/span><\/b><\/td>\n<td align=\"CENTER\"><b><span style=\"color: #ca1e16; font-family: Futura Std Condensed;\">THUNDER 130\/ MMA BEDPLATE<\/span><\/b><\/td>\n<td align=\"CENTER\"><span style=\"color: #000000; font-family: Futura Std Condensed;\">900<\/span><\/td>\n<td align=\"CENTER\"><span style=\"color: #000000; font-family: Futura Std Condensed;\">13<\/span><\/td>\n<td align=\"CENTER\"><span style=\"color: #000000; font-family: Futura Std Condensed;\">14<\/span><\/td>\n<td align=\"CENTER\"><span style=\"color: #000000; font-family: Futura Std Condensed;\">1.300<\/span><\/td>\n<td align=\"CENTER\"><span style=\"color: #000000; font-family: Futura Std Condensed;\">180 A-MMA 3,5 KVA II<\/span><\/td>\n<\/tr>\n<tr>\n<td align=\"CENTER\" bgcolor=\"#DCE2EB\" height=\"17\"><b><span style=\"color: #ca1e16; font-family: Futura Std Condensed;\">1.100.208<\/span><\/b><\/td>\n<td align=\"CENTER\"><b><span style=\"color: #ca1e16; font-family: Futura Std Condensed;\">PLAQUE D&rsquo;ASSISE THUNDER 130\/ III<\/span><\/b><\/td>\n<td align=\"CENTER\"><span style=\"color: #000000; font-family: Futura Std Condensed;\">900<\/span><\/td>\n<td align=\"CENTER\"><span style=\"color: #000000; font-family: Futura Std Condensed;\">13<\/span><\/td>\n<td align=\"CENTER\"><span style=\"color: #000000; font-family: Futura Std Condensed;\">14<\/span><\/td>\n<td align=\"CENTER\"><span style=\"color: #000000; font-family: Futura Std Condensed;\">1.400<\/span><\/td>\n<td align=\"CENTER\"><span style=\"color: #000000; font-family: Futura Std Condensed;\">7 KVA III et 3,5 KVA II<\/span><\/td>\n<\/tr>\n<\/tbody>\n<\/table>\n<h4><span style=\"color: #9b9b9b;\"><em>* Les piles et la valve automatique ne sont pas incluses.<\/em><\/span><\/h4>\n<\/li>\n<\/ul>\n<p>&nbsp;<\/p>\n","protected":false},"excerpt":{"rendered":"<p><img loading=\"lazy\" decoding=\"async\" class=\"alignnone wp-image-3008\" src=\"https:\/\/www.aircompressormpc.com\/wp-content\/uploads\/2022\/03\/logotipos_eolo_200-iconos-eolo-200-e1713430286571-300x117.png\" alt=\"TCS VRS\" width=\"159\" height=\"62\" srcset=\"https:\/\/www.aircompressormpc.com\/wp-content\/uploads\/2022\/03\/logotipos_eolo_200-iconos-eolo-200-e1713430286571-300x117.png 300w, https:\/\/www.aircompressormpc.com\/wp-content\/uploads\/2022\/03\/logotipos_eolo_200-iconos-eolo-200-e1713430286571-64x25.png 64w, https:\/\/www.aircompressormpc.com\/wp-content\/uploads\/2022\/03\/logotipos_eolo_200-iconos-eolo-200-e1713430286571.png 343w\" sizes=\"auto, (max-width: 159px) 100vw, 159px\" \/><\/p>\n","protected":false},"featured_media":16787,"template":"","meta":[],"product_brand":[],"product_cat":[1165],"product_tag":[685,688,791,684],"class_list":{"0":"post-16988","1":"product","2":"type-product","3":"status-publish","4":"has-post-thumbnail","6":"product_cat-supports-de-sangles","7":"product_tag-14-bar-fr","8":"product_tag-900-l-min-fr","9":"product_tag-electrique-fr","10":"product_tag-honda-fr","12":"first","13":"instock","14":"shipping-taxable","15":"purchasable","16":"product-type-simple"},"aioseo_notices":[],"_links":{"self":[{"href":"https:\/\/www.aircompressormpc.com\/fr\/wp-json\/wp\/v2\/product\/16988","targetHints":{"allow":["GET"]}}],"collection":[{"href":"https:\/\/www.aircompressormpc.com\/fr\/wp-json\/wp\/v2\/product"}],"about":[{"href":"https:\/\/www.aircompressormpc.com\/fr\/wp-json\/wp\/v2\/types\/product"}],"wp:featuredmedia":[{"embeddable":true,"href":"https:\/\/www.aircompressormpc.com\/fr\/wp-json\/wp\/v2\/media\/16787"}],"wp:attachment":[{"href":"https:\/\/www.aircompressormpc.com\/fr\/wp-json\/wp\/v2\/media?parent=16988"}],"wp:term":[{"taxonomy":"product_brand","embeddable":true,"href":"https:\/\/www.aircompressormpc.com\/fr\/wp-json\/wp\/v2\/product_brand?post=16988"},{"taxonomy":"product_cat","embeddable":true,"href":"https:\/\/www.aircompressormpc.com\/fr\/wp-json\/wp\/v2\/product_cat?post=16988"},{"taxonomy":"product_tag","embeddable":true,"href":"https:\/\/www.aircompressormpc.com\/fr\/wp-json\/wp\/v2\/product_tag?post=16988"}],"curies":[{"name":"wp","href":"https:\/\/api.w.org\/{rel}","templated":true}]}}