{"id":16985,"date":"2017-02-22T16:20:42","date_gmt":"2017-02-22T16:20:42","guid":{"rendered":"https:\/\/www.aircompressormpc.com\/producto\/banc-thunder-70\/"},"modified":"2017-02-22T16:20:42","modified_gmt":"2017-02-22T16:20:42","slug":"banc-thunder-70","status":"publish","type":"product","link":"https:\/\/www.aircompressormpc.com\/fr\/producto\/banc-thunder-70\/","title":{"rendered":"BANC THUNDER 70"},"content":{"rendered":"<h1>Plateau Thunder 70 avec moteur CH 270 kholer + poup\u00e9e M280<\/h1>\n<ul>\n<li><span style=\"color: #4a4a4a;\">Supports de moteur \u00e0 essence sp\u00e9cialement con\u00e7us pour les v\u00e9hicules pr\u00e9sentant des configurations d&rsquo;espace particuli\u00e8res.<\/span><\/li>\n<li>  D\u00e9marrage \u00e9lectrique \/ manuel<\/li>\n<li><span style=\"color: #4a4a4a;\">Sortie d&rsquo;air : tuyau femelle de 3\/4\u00a0\u00bb.<\/span><\/li>\n<li><span style=\"color: #4a4a4a;\">  Kit 4 pieds de mise \u00e0 niveau.<\/span><\/li>\n<\/ul>\n<p>&nbsp;<\/p>\n<table border=\"0\" frame=\"VOID\" rules=\"NONE\" cellspacing=\"0\">\n<colgroup>\n<col width=\"86\">\n<col width=\"86\">\n<col width=\"86\">\n<col width=\"86\">\n<col width=\"86\">\n<col width=\"86\">\n<col width=\"86\">\n<col width=\"86\">\n<col width=\"86\"><\/colgroup>\n<tbody>\n<tr>\n<td align=\"CENTER\" bgcolor=\"#CA1E16\" width=\"86\" height=\"32\"><span style=\"color: #ffffff; font-family: Futura Std Condensed;\">Code<\/span><\/td>\n<td align=\"CENTER\" bgcolor=\"#CA1E16\" width=\"110\"><span style=\"color: #ffffff; font-family: Futura Std Condensed;\">Mod\u00e8le<br \/>\n<\/span><\/td>\n<td align=\"CENTER\" bgcolor=\"#CA1E16\" width=\"86\"><i><span style=\"color: #ffffff; font-family: Futura Std Condensed;\">Air aspir\u00e9 (L\/min)<\/span><\/i><\/td>\n<td align=\"CENTER\" bgcolor=\"#CA1E16\" width=\"86\"><i><span style=\"color: #ffffff; font-family: Futura Std Condensed;\">Puissance (HP)<\/span><\/i><\/td>\n<td align=\"CENTER\" bgcolor=\"#CA1E16\" width=\"86\"><i><span style=\"color: #ffffff; font-family: Futura Std Condensed;\">P.max.<br \/>\n(Bar)<\/span><\/i><\/td>\n<td align=\"CENTER\" bgcolor=\"#CA1E16\" width=\"86\"><i><span style=\"color: #ffffff; font-family: Futura Std Condensed;\">R.P.M<\/span><\/i><\/td>\n<td align=\"CENTER\" bgcolor=\"#CA1E16\" width=\"86\"><span style=\"color: #ffffff; font-family: Futura Std Condensed;\">Kva<\/span><\/td>\n<\/tr>\n<tr>\n<td align=\"CENTER\" bgcolor=\"#DCE2EB\" height=\"17\"><b><span style=\"color: #ca1e16; font-family: Futura Std Condensed;\">1.160.209<\/span><\/b><\/td>\n<td align=\"CENTER\"><b><span style=\"color: #ca1e16; font-family: Futura Std Condensed;\">BANC THUNDER 70<\/span><\/b><\/td>\n<td align=\"CENTER\"><span style=\"color: #000000; font-family: Futura Std Condensed;\">330<\/span><\/td>\n<td align=\"CENTER\"><span style=\"color: #000000; font-family: Futura Std Condensed;\">7<\/span><\/td>\n<td align=\"CENTER\"><span style=\"color: #000000; font-family: Futura Std Condensed;\">14<\/span><\/td>\n<td align=\"CENTER\"><span style=\"color: #000000; font-family: Futura Std Condensed;\">1.400<\/span><\/td>\n<td align=\"CENTER\"><span style=\"color: #000000; font-family: Futura Std Condensed;\">3 KVA III<\/span><\/td>\n<\/tr>\n<\/tbody>\n<\/table>\n<h4><span style=\"color: #9b9b9b;\"><em>* Les piles et la valve automatique ne sont pas incluses.<\/em><\/span><br \/>\n<span style=\"color: #9b9b9b;\"><em>** Combinable avec des r\u00e9servoirs.<\/em><\/span><\/h4>\n","protected":false},"excerpt":{"rendered":"<p>&nbsp;<\/p>\n<p><img loading=\"lazy\" decoding=\"async\" class=\"alignleft wp-image-16781 size-full\" src=\"https:\/\/www.aircompressormpc.com\/wp-content\/uploads\/2017\/02\/1.160.209.jpg\" alt=\"\" width=\"745\" height=\"290\" srcset=\"https:\/\/www.aircompressormpc.com\/wp-content\/uploads\/2017\/02\/1.160.209.jpg 745w, https:\/\/www.aircompressormpc.com\/wp-content\/uploads\/2017\/02\/1.160.209-300x117.jpg 300w, https:\/\/www.aircompressormpc.com\/wp-content\/uploads\/2017\/02\/1.160.209-600x234.jpg 600w, https:\/\/www.aircompressormpc.com\/wp-content\/uploads\/2017\/02\/1.160.209-64x25.jpg 64w\" sizes=\"auto, (max-width: 745px) 100vw, 745px\" \/><img loading=\"lazy\" decoding=\"async\" class=\"alignnone wp-image-3008\" src=\"https:\/\/www.aircompressormpc.com\/wp-content\/uploads\/2022\/03\/logotipos_eolo_200-iconos-eolo-200-e1713430286571-300x117.png\" alt=\"TCS VRS\" width=\"151\" height=\"59\" srcset=\"https:\/\/www.aircompressormpc.com\/wp-content\/uploads\/2022\/03\/logotipos_eolo_200-iconos-eolo-200-e1713430286571-300x117.png 300w, https:\/\/www.aircompressormpc.com\/wp-content\/uploads\/2022\/03\/logotipos_eolo_200-iconos-eolo-200-e1713430286571-64x25.png 64w, https:\/\/www.aircompressormpc.com\/wp-content\/uploads\/2022\/03\/logotipos_eolo_200-iconos-eolo-200-e1713430286571.png 343w\" sizes=\"auto, (max-width: 151px) 100vw, 151px\" \/><img loading=\"lazy\" decoding=\"async\" class=\"alignnone wp-image-3026\" src=\"https:\/\/www.aircompressormpc.com\/wp-content\/uploads\/2022\/03\/AVR2-300x143.png\" alt=\"\" width=\"170\" height=\"81\" srcset=\"https:\/\/www.aircompressormpc.com\/wp-content\/uploads\/2022\/03\/AVR2-300x143.png 300w, https:\/\/www.aircompressormpc.com\/wp-content\/uploads\/2022\/03\/AVR2-1024x487.png 1024w, https:\/\/www.aircompressormpc.com\/wp-content\/uploads\/2022\/03\/AVR2-768x366.png 768w, https:\/\/www.aircompressormpc.com\/wp-content\/uploads\/2022\/03\/AVR2-1536x731.png 1536w, https:\/\/www.aircompressormpc.com\/wp-content\/uploads\/2022\/03\/AVR2-600x286.png 600w, https:\/\/www.aircompressormpc.com\/wp-content\/uploads\/2022\/03\/AVR2.png 1706w\" sizes=\"auto, (max-width: 170px) 100vw, 170px\" \/><\/p>\n","protected":false},"featured_media":16777,"template":"","meta":[],"product_brand":[],"product_cat":[1165],"product_tag":[685,1373,791,687,800],"class_list":{"0":"post-16985","1":"product","2":"type-product","3":"status-publish","4":"has-post-thumbnail","6":"product_cat-supports-de-sangles","7":"product_tag-14-bar-fr","8":"product_tag-demarreur-electrique","9":"product_tag-electrique-fr","10":"product_tag-equipement-des-vehicules-fr","11":"product_tag-kohler-fr","13":"first","14":"instock","15":"shipping-taxable","16":"purchasable","17":"product-type-simple"},"aioseo_notices":[],"_links":{"self":[{"href":"https:\/\/www.aircompressormpc.com\/fr\/wp-json\/wp\/v2\/product\/16985","targetHints":{"allow":["GET"]}}],"collection":[{"href":"https:\/\/www.aircompressormpc.com\/fr\/wp-json\/wp\/v2\/product"}],"about":[{"href":"https:\/\/www.aircompressormpc.com\/fr\/wp-json\/wp\/v2\/types\/product"}],"wp:featuredmedia":[{"embeddable":true,"href":"https:\/\/www.aircompressormpc.com\/fr\/wp-json\/wp\/v2\/media\/16777"}],"wp:attachment":[{"href":"https:\/\/www.aircompressormpc.com\/fr\/wp-json\/wp\/v2\/media?parent=16985"}],"wp:term":[{"taxonomy":"product_brand","embeddable":true,"href":"https:\/\/www.aircompressormpc.com\/fr\/wp-json\/wp\/v2\/product_brand?post=16985"},{"taxonomy":"product_cat","embeddable":true,"href":"https:\/\/www.aircompressormpc.com\/fr\/wp-json\/wp\/v2\/product_cat?post=16985"},{"taxonomy":"product_tag","embeddable":true,"href":"https:\/\/www.aircompressormpc.com\/fr\/wp-json\/wp\/v2\/product_tag?post=16985"}],"curies":[{"name":"wp","href":"https:\/\/api.w.org\/{rel}","templated":true}]}}