{"id":16983,"date":"2017-02-14T11:12:02","date_gmt":"2017-02-14T11:12:02","guid":{"rendered":"https:\/\/www.aircompressormpc.com\/producto\/banc-eolo-204\/"},"modified":"2017-02-14T11:12:02","modified_gmt":"2017-02-14T11:12:02","slug":"banc-eolo-204","status":"publish","type":"product","link":"https:\/\/www.aircompressormpc.com\/fr\/producto\/banc-eolo-204\/","title":{"rendered":"BANC EOLO 204"},"content":{"rendered":"<h1>Plateau Eolo 204 avec moteur HONDA GX630 + poup\u00e9e M1600<\/h1>\n<ul>\n<li><span style=\"color: #4a4a4a;\">Supports de moteur \u00e0 essence sp\u00e9cialement con\u00e7us pour les v\u00e9hicules pr\u00e9sentant des configurations d&rsquo;espace particuli\u00e8res.<\/span><\/li>\n<li>  D\u00e9marrage \u00e9lectrique \/ manuel<\/li>\n<li><span style=\"color: #4a4a4a;\">Sortie d&rsquo;air : tuyau femelle de 3\/4\u00a0\u00bb.<\/span><\/li>\n<li><span style=\"color: #4a4a4a;\">  Kit 4 pieds de mise \u00e0 niveau.<\/span><\/li>\n<\/ul>\n<table border=\"0\" frame=\"VOID\" rules=\"NONE\" cellspacing=\"0\">\n<colgroup>\n<col width=\"86\">\n<col width=\"86\">\n<col width=\"86\">\n<col width=\"86\">\n<col width=\"86\">\n<col width=\"86\"> <\/colgroup>\n<tbody>\n<tr>\n<td align=\"CENTER\" bgcolor=\"#CA1E16\" width=\"86\" height=\"32\"><span style=\"color: #ffffff; font-family: Futura Std Condensed;\">Code<\/span><\/td>\n<td align=\"CENTER\" bgcolor=\"#CA1E16\" width=\"110\"><span style=\"color: #ffffff; font-family: Futura Std Condensed;\">Mod\u00e8le<br \/>\n<\/span><\/td>\n<td align=\"CENTER\" bgcolor=\"#CA1E16\" width=\"86\"><i><span style=\"color: #ffffff; font-family: Futura Std Condensed;\">Air aspir\u00e9 (L\/min)<\/span><\/i><\/td>\n<td align=\"CENTER\" bgcolor=\"#CA1E16\" width=\"86\"><i><span style=\"color: #ffffff; font-family: Futura Std Condensed;\">Puissance (HP)<\/span><\/i><\/td>\n<td align=\"CENTER\" bgcolor=\"#CA1E16\" width=\"86\"><i><span style=\"color: #ffffff; font-family: Futura Std Condensed;\">P.max.<br \/>\n(Bar)<\/span><\/i><\/td>\n<td align=\"CENTER\" bgcolor=\"#CA1E16\" width=\"86\"><i><span style=\"color: #ffffff; font-family: Futura Std Condensed;\">R.P.M<\/span><\/i><\/td>\n<\/tr>\n<tr>\n<td align=\"CENTER\" bgcolor=\"#DCE2EB\" height=\"17\"><b><span style=\"color: #ca1e16; font-family: Futura Std Condensed;\">1.100.198<\/span><\/b><\/td>\n<td align=\"CENTER\"><b><span style=\"color: #ca1e16; font-family: Futura Std Condensed;\">BANC EOLO 204<\/span><\/b><\/td>\n<td align=\"CENTER\"><span style=\"color: #000000; font-family: Futura Std Condensed;\">1.800<\/span><\/td>\n<td align=\"CENTER\"><span style=\"color: #000000; font-family: Futura Std Condensed;\">19<\/span><\/td>\n<td align=\"CENTER\"><span style=\"color: #000000; font-family: Futura Std Condensed;\">14<\/span><\/td>\n<td align=\"CENTER\"><span style=\"color: #000000; font-family: Futura Std Condensed;\">1.400<\/span><\/td>\n<\/tr>\n<\/tbody>\n<\/table>\n<h4><span style=\"color: #9b9b9b;\"><em>* Les piles et la valve automatique ne sont pas incluses.<\/em><\/span><br \/>\n<span style=\"color: #9b9b9b;\"><em>** Combinable avec des r\u00e9servoirs.<\/em><\/span><\/h4>\n","protected":false},"excerpt":{"rendered":"<p><img loading=\"lazy\" decoding=\"async\" class=\"alignleft wp-image-16804 size-full\" src=\"https:\/\/www.aircompressormpc.com\/wp-content\/uploads\/2017\/02\/ICONO-1.100.198.jpg\" alt=\"\" width=\"577\" height=\"300\" srcset=\"https:\/\/www.aircompressormpc.com\/wp-content\/uploads\/2017\/02\/ICONO-1.100.198.jpg 577w, https:\/\/www.aircompressormpc.com\/wp-content\/uploads\/2017\/02\/ICONO-1.100.198-300x156.jpg 300w, https:\/\/www.aircompressormpc.com\/wp-content\/uploads\/2017\/02\/ICONO-1.100.198-64x33.jpg 64w\" sizes=\"auto, (max-width: 577px) 100vw, 577px\" \/><\/p>\n","protected":false},"featured_media":16800,"template":"","meta":[],"product_brand":[],"product_cat":[1165],"product_tag":[685,688,791,684],"class_list":{"0":"post-16983","1":"product","2":"type-product","3":"status-publish","4":"has-post-thumbnail","6":"product_cat-supports-de-sangles","7":"product_tag-14-bar-fr","8":"product_tag-900-l-min-fr","9":"product_tag-electrique-fr","10":"product_tag-honda-fr","12":"first","13":"instock","14":"shipping-taxable","15":"purchasable","16":"product-type-simple"},"aioseo_notices":[],"_links":{"self":[{"href":"https:\/\/www.aircompressormpc.com\/fr\/wp-json\/wp\/v2\/product\/16983","targetHints":{"allow":["GET"]}}],"collection":[{"href":"https:\/\/www.aircompressormpc.com\/fr\/wp-json\/wp\/v2\/product"}],"about":[{"href":"https:\/\/www.aircompressormpc.com\/fr\/wp-json\/wp\/v2\/types\/product"}],"wp:featuredmedia":[{"embeddable":true,"href":"https:\/\/www.aircompressormpc.com\/fr\/wp-json\/wp\/v2\/media\/16800"}],"wp:attachment":[{"href":"https:\/\/www.aircompressormpc.com\/fr\/wp-json\/wp\/v2\/media?parent=16983"}],"wp:term":[{"taxonomy":"product_brand","embeddable":true,"href":"https:\/\/www.aircompressormpc.com\/fr\/wp-json\/wp\/v2\/product_brand?post=16983"},{"taxonomy":"product_cat","embeddable":true,"href":"https:\/\/www.aircompressormpc.com\/fr\/wp-json\/wp\/v2\/product_cat?post=16983"},{"taxonomy":"product_tag","embeddable":true,"href":"https:\/\/www.aircompressormpc.com\/fr\/wp-json\/wp\/v2\/product_tag?post=16983"}],"curies":[{"name":"wp","href":"https:\/\/api.w.org\/{rel}","templated":true}]}}