{"id":16637,"date":"2025-03-13T08:14:49","date_gmt":"2025-03-13T08:14:49","guid":{"rendered":"https:\/\/www.aircompressormpc.com\/?post_type=product&#038;p=16637"},"modified":"2025-05-02T09:51:39","modified_gmt":"2025-05-02T09:51:39","slug":"honda-b-gas-600-plaque-de-lit-2","status":"publish","type":"product","link":"https:\/\/www.aircompressormpc.com\/fr\/producto\/honda-b-gas-600-plaque-de-lit-2\/","title":{"rendered":"PLAQUE D&rsquo;ASSISE THUNDER 200D"},"content":{"rendered":"<p><span style=\"color: #4a4a4a;\"><strong>Plateau avec poup\u00e9e M-600 entra\u00een\u00e9e par un moteur HONDA GX 270.<\/strong><\/span><\/p>\n<p>L&rsquo;\u00e9quipement est mont\u00e9 sur un cadre en acier robuste.<\/p>\n<table border=\"0\" frame=\"VOID\" rules=\"NONE\" cellspacing=\"0\">\n<colgroup>\n<col width=\"86\">\n<col width=\"86\">\n<col width=\"86\">\n<col width=\"86\">\n<col width=\"86\">\n<col width=\"86\">\n<col width=\"86\">\n<col width=\"86\">\n<col width=\"86\"><\/colgroup>\n<tbody>\n<tr>\n<td align=\"CENTER\" bgcolor=\"#CA1E16\" width=\"86\" height=\"32\"><span style=\"color: #ffffff; font-family: Futura Std Condensed;\">Code<\/span><\/td>\n<td align=\"CENTER\" bgcolor=\"#CA1E16\" width=\"110\"><span style=\"color: #ffffff; font-family: Futura Std Condensed;\">Mod\u00e8le<br \/>\n<\/span><\/td>\n<td align=\"CENTER\" bgcolor=\"#CA1E16\" width=\"86\"><i><span style=\"color: #ffffff; font-family: Futura Std Condensed;\">Air aspir\u00e9 (L\/min)<\/span><\/i><\/td>\n<td align=\"CENTER\" bgcolor=\"#CA1E16\" width=\"86\"><i><span style=\"color: #ffffff; font-family: Futura Std Condensed;\">Puissance (HP)<\/span><\/i><\/td>\n<td align=\"CENTER\" bgcolor=\"#CA1E16\" width=\"86\"><i><span style=\"color: #ffffff; font-family: Futura Std Condensed;\">P.max.<br \/>\n(Bar)<\/span><\/i><\/td>\n<td align=\"CENTER\" bgcolor=\"#CA1E16\" width=\"86\"><i><span style=\"color: #ffffff; font-family: Futura Std Condensed;\">Cylindre<\/span><\/i><\/td>\n<td align=\"CENTER\" bgcolor=\"#CA1E16\" width=\"86\"><span style=\"color: #ffffff; font-family: Futura Std Condensed;\">Volt<\/span><\/td>\n<td align=\"CENTER\" bgcolor=\"#CA1E16\" width=\"86\"><span style=\"color: #ffffff; font-family: Futura Std Condensed;\">dB<\/span><\/td>\n<td align=\"CENTER\" bgcolor=\"#CA1E16\" width=\"86\"><span style=\"color: #ffffff; font-family: Futura Std Condensed;\">Poids <\/span><span style=\"color: #ffffff; font-family: Futura Std Condensed;\">(Kg)<\/span><\/td>\n<td align=\"CENTER\" bgcolor=\"#CA1E16\" width=\"86\"><i><span style=\"color: #ffffff; font-family: Futura Std Condensed;\">Longueur\/largeur\/hauteur (cm)<\/span><\/i><\/td>\n<\/tr>\n<tr>\n<td align=\"CENTER\" bgcolor=\"#DCE2EB\" height=\"17\"><b><span style=\"color: #ca1e16; font-family: Futura Std Condensed;\">1.111.228<\/span><\/b><\/td>\n<td align=\"CENTER\"><b><span style=\"color: #ca1e16; font-family: Futura Std Condensed;\">THUNDER 200<\/span><\/b><\/td>\n<td align=\"CENTER\"><span style=\"color: #000000; font-family: Futura Std Condensed;\">250<\/span><\/td>\n<td align=\"CENTER\"><span style=\"color: #000000; font-family: Futura Std Condensed;\">9<\/span><\/td>\n<td align=\"CENTER\"><span style=\"color: #000000; font-family: Futura Std Condensed;\">11<\/span><\/td>\n<td align=\"CENTER\"><span style=\"color: #000000; font-family: Futura Std Condensed;\">2<\/span><\/td>\n<td align=\"CENTER\"><span style=\"color: #000000; font-family: Futura Std Condensed;\">230\/II<\/span><\/td>\n<td align=\"CENTER\"><span style=\"color: #000000; font-family: Futura Std Condensed;\">95<\/span><\/td>\n<td align=\"CENTER\"><span style=\"color: #000000; font-family: Futura Std Condensed;\">25<\/span><\/td>\n<td align=\"CENTER\"><span style=\"color: #000000; font-family: Futura Std Condensed;\">65x27x44<\/span><\/td>\n<\/tr>\n<\/tbody>\n<\/table>\n<ul>\n<li>Version optionnelle : 230\/50\/III + 5%.<\/li>\n<li>15 Bar + 8% version<\/li>\n<\/ul>\n","protected":false},"excerpt":{"rendered":"<p><img loading=\"lazy\" decoding=\"async\" class=\"alignleft wp-image-16651 size-full\" src=\"https:\/\/www.aircompressormpc.com\/wp-content\/uploads\/2025\/03\/1.211.228-1.jpg\" alt=\"\" width=\"587\" height=\"287\" srcset=\"https:\/\/www.aircompressormpc.com\/wp-content\/uploads\/2025\/03\/1.211.228-1.jpg 587w, https:\/\/www.aircompressormpc.com\/wp-content\/uploads\/2025\/03\/1.211.228-1-300x147.jpg 300w, https:\/\/www.aircompressormpc.com\/wp-content\/uploads\/2025\/03\/1.211.228-1-64x31.jpg 64w\" sizes=\"auto, (max-width: 587px) 100vw, 587px\" \/><\/p>\n","protected":false},"featured_media":16640,"template":"","meta":[],"product_brand":[],"product_cat":[1165],"product_tag":[1166,1167],"class_list":{"0":"post-16637","1":"product","2":"type-product","3":"status-publish","4":"has-post-thumbnail","6":"product_cat-supports-de-sangles","7":"product_tag-banc","8":"product_tag-electrique-fr-2","10":"first","11":"instock","12":"shipping-taxable","13":"purchasable","14":"product-type-simple"},"aioseo_notices":[],"_links":{"self":[{"href":"https:\/\/www.aircompressormpc.com\/fr\/wp-json\/wp\/v2\/product\/16637","targetHints":{"allow":["GET"]}}],"collection":[{"href":"https:\/\/www.aircompressormpc.com\/fr\/wp-json\/wp\/v2\/product"}],"about":[{"href":"https:\/\/www.aircompressormpc.com\/fr\/wp-json\/wp\/v2\/types\/product"}],"wp:featuredmedia":[{"embeddable":true,"href":"https:\/\/www.aircompressormpc.com\/fr\/wp-json\/wp\/v2\/media\/16640"}],"wp:attachment":[{"href":"https:\/\/www.aircompressormpc.com\/fr\/wp-json\/wp\/v2\/media?parent=16637"}],"wp:term":[{"taxonomy":"product_brand","embeddable":true,"href":"https:\/\/www.aircompressormpc.com\/fr\/wp-json\/wp\/v2\/product_brand?post=16637"},{"taxonomy":"product_cat","embeddable":true,"href":"https:\/\/www.aircompressormpc.com\/fr\/wp-json\/wp\/v2\/product_cat?post=16637"},{"taxonomy":"product_tag","embeddable":true,"href":"https:\/\/www.aircompressormpc.com\/fr\/wp-json\/wp\/v2\/product_tag?post=16637"}],"curies":[{"name":"wp","href":"https:\/\/api.w.org\/{rel}","templated":true}]}}