{"id":15822,"date":"2025-02-07T08:13:55","date_gmt":"2025-02-07T08:13:55","guid":{"rendered":"https:\/\/www.aircompressormpc.com\/?post_type=product&#038;p=15822"},"modified":"2025-03-11T09:43:56","modified_gmt":"2025-03-11T09:43:56","slug":"compresseur-moteur-triphase-thunder-134-50l","status":"publish","type":"product","link":"https:\/\/www.aircompressormpc.com\/fr\/producto\/compresseur-moteur-triphase-thunder-134-50l\/","title":{"rendered":"MOTEUR COMPRESSEUR THUNDER 134 MMA (50L)"},"content":{"rendered":"<h1><span style=\"color: #ff0000;\"><strong>S\u00c9RIE THUNDER 134. Moteur compresseur avec g\u00e9n\u00e9rateur.<\/strong><\/span><\/h1>\n<p><strong>Moteur GX390 + M750<\/strong><\/p>\n<h3>Moteur compresseur de 50Lts pour v\u00e9hicule d&rsquo;assistance avec aspiration de 900 lts\/min. et pression maximale de 15 Bar int\u00e9grant un g\u00e9n\u00e9rateur de 3,5 Kva\/II avec moteur DC 180Amp soudure. <\/h3>\n<p><strong>Nos compresseurs de la s\u00e9rie THUNDER sont le compl\u00e9ment parfait de l&rsquo;\u00e9quipement des v\u00e9hicules industriels ou commerciaux qui ont besoin d&rsquo;une autonomie en mati\u00e8re d&rsquo;alimentation en \u00e9lectricit\u00e9 et en eau, mais qui ont des limites d&rsquo;espace et de poids.<\/strong><\/p>\n<p><span style=\"color: #4a4a4a;\">Son moteur <strong>Honda GX390 <\/strong> <strong>garantit une faible consommation d&rsquo;huile et de carburant, tout en offrant un niveau de bruit et de vibrations limit\u00e9.<\/strong> <\/span><\/p>\n<table border=\"0\" frame=\"VOID\" rules=\"NONE\" cellspacing=\"0\">\n<colgroup>\n<col width=\"86\">\n<col width=\"86\">\n<col width=\"86\">\n<col width=\"86\">\n<col width=\"86\">\n<col width=\"86\">\n<col width=\"86\">\n<col width=\"86\">\n<col width=\"86\">\n<col width=\"86\"><\/colgroup>\n<tbody>\n<tr>\n<td align=\"CENTER\" bgcolor=\"#CA1E16\" width=\"86\" height=\"32\"><span style=\"color: #ffffff; font-family: Futura Std Condensed;\">Code<\/span><\/td>\n<td align=\"CENTER\" bgcolor=\"#CA1E16\" width=\"86\"><span style=\"color: #ffffff; font-family: Futura Std Condensed;\">Mod\u00e8le<br \/>\n<\/span><\/td>\n<td align=\"CENTER\" bgcolor=\"#CA1E16\" width=\"86\"><i><span style=\"color: #ffffff; font-family: Futura Std Condensed;\">Litres<\/span><\/i><\/td>\n<td align=\"CENTER\" bgcolor=\"#CA1E16\" width=\"86\"><i><span style=\"color: #ffffff; font-family: Futura Std Condensed;\">G\u00e9n\u00e9rateur<\/span><\/i><\/td>\n<td align=\"CENTER\" bgcolor=\"#CA1E16\" width=\"86\"><i><span style=\"color: #ffffff; font-family: Futura Std Condensed;\">Air aspir\u00e9<\/span><\/i><\/td>\n<td align=\"CENTER\" bgcolor=\"#CA1E16\" width=\"86\"><i><span style=\"color: #ffffff; font-family: Futura Std Condensed;\">Tension de sortie<br \/>\n<\/span><\/i><\/td>\n<td align=\"CENTER\" bgcolor=\"#CA1E16\" width=\"86\"><i><span style=\"color: #ffffff; font-family: Futura Std Condensed;\">Puissance (HP)<\/span><\/i><\/td>\n<td align=\"CENTER\" bgcolor=\"#CA1E16\" width=\"86\"><i><span style=\"color: #ffffff; font-family: Futura Std Condensed;\">P.max.<br \/>\n(Bar)<\/span><\/i><\/td>\n<td align=\"CENTER\" bgcolor=\"#CA1E16\" width=\"86\"><i><span style=\"color: #ffffff; font-family: Futura Std Condensed;\">Longueur\/largeur\/hauteur (cm)<\/span><\/i><\/td>\n<td align=\"CENTER\" bgcolor=\"#CA1E16\" width=\"86\"><span style=\"color: #ffffff; font-family: Futura Std Condensed;\">D\u00e9but<\/span><\/td>\n<\/tr>\n<tr>\n<td align=\"CENTER\" bgcolor=\"#DCE2EB\" height=\"30\"><b><span style=\"color: #ca1e16; font-family: Futura Std Condensed;\">1.101.260<\/span><\/b><\/td>\n<td align=\"CENTER\"><b><span style=\"color: #ca1e16; font-family: Futura Std Condensed;\">THUNDER 130 MMA<\/span><\/b><\/td>\n<td align=\"CENTER\"><span style=\"color: #000000; font-family: Futura Std Condensed;\">50<\/span><\/td>\n<td align=\"CENTER\"><span style=\"color: #000000; font-family: Futura Std Condensed;\">3,5 kVA II<\/span><\/td>\n<td align=\"CENTER\"><span style=\"color: #000000; font-family: Futura Std Condensed;\">900<\/span><\/td>\n<td align=\"CENTER\"><span style=\"color: #000000; font-family: Futura Std Condensed;\">230\/50\/II<\/span><\/td>\n<td align=\"CENTER\"><span style=\"color: #000000; font-family: Futura Std Condensed;\">13<\/span><\/td>\n<td align=\"CENTER\"><span style=\"color: #000000; font-family: Futura Std Condensed;\">14<\/span><\/td>\n<td align=\"CENTER\"><span style=\"color: #000000; font-family: Futura Std Condensed;\">120x50x95<\/span><\/td>\n<td align=\"CENTER\"><span style=\"color: #ca1e16; font-family: Futura Std Condensed;\">\u00c9lectrique\/Manuel<\/span><\/td>\n<\/tr>\n<\/tbody>\n<\/table>\n<p>&nbsp;<\/p>\n","protected":false},"excerpt":{"rendered":"<p><img loading=\"lazy\" decoding=\"async\" class=\"alignnone wp-image-3008\" src=\"https:\/\/www.aircompressormpc.com\/wp-content\/uploads\/2022\/03\/logotipos_eolo_200-iconos-eolo-200-e1713430286571-300x117.png\" alt=\"TCS VRS\" width=\"185\" height=\"69\"><img loading=\"lazy\" decoding=\"async\" class=\"wp-image-2903 alignnone\" src=\"https:\/\/www.aircompressormpc.com\/wp-content\/uploads\/2022\/01\/TCS-300x122.png\" alt=\"TCS\" width=\"195\" height=\"67\"><img loading=\"lazy\" decoding=\"async\" class=\"wp-image-16033 size-full alignleft\" src=\"https:\/\/www.aircompressormpc.com\/wp-content\/uploads\/2025\/02\/1.101.260.jpg\" alt=\"\" width=\"769\" height=\"288\" srcset=\"https:\/\/www.aircompressormpc.com\/wp-content\/uploads\/2025\/02\/1.101.260.jpg 769w, https:\/\/www.aircompressormpc.com\/wp-content\/uploads\/2025\/02\/1.101.260-300x112.jpg 300w, https:\/\/www.aircompressormpc.com\/wp-content\/uploads\/2025\/02\/1.101.260-600x225.jpg 600w, https:\/\/www.aircompressormpc.com\/wp-content\/uploads\/2025\/02\/1.101.260-64x24.jpg 64w\" sizes=\"auto, (max-width: 769px) 100vw, 769px\" \/><\/p>\n","protected":false},"featured_media":7491,"template":"","meta":[],"product_brand":[],"product_cat":[679,681,1241,680],"product_tag":[1344,685,692,1348,683,688,682,687,686,689,684,691,694],"class_list":{"0":"post-15822","1":"product","2":"type-product","3":"status-publish","4":"has-post-thumbnail","6":"product_cat-motocompresseurs","7":"product_cat-serie-thunder","8":"product_cat-serie-thunder-gasolina-fr","9":"product_cat-unites-mobiles","10":"product_tag-13-hp-fr","11":"product_tag-14-bar-fr","12":"product_tag-200a-fr","13":"product_tag-35-kva","14":"product_tag-50-litres-fr","15":"product_tag-900-l-min-fr","16":"product_tag-compresseur-fr","17":"product_tag-equipement-des-vehicules-fr","18":"product_tag-essence-fr","19":"product_tag-generateur-fr","20":"product_tag-honda-fr","21":"product_tag-soudage","22":"product_tag-tonnerre","24":"first","25":"instock","26":"shipping-taxable","27":"purchasable","28":"product-type-simple"},"aioseo_notices":[],"_links":{"self":[{"href":"https:\/\/www.aircompressormpc.com\/fr\/wp-json\/wp\/v2\/product\/15822","targetHints":{"allow":["GET"]}}],"collection":[{"href":"https:\/\/www.aircompressormpc.com\/fr\/wp-json\/wp\/v2\/product"}],"about":[{"href":"https:\/\/www.aircompressormpc.com\/fr\/wp-json\/wp\/v2\/types\/product"}],"wp:featuredmedia":[{"embeddable":true,"href":"https:\/\/www.aircompressormpc.com\/fr\/wp-json\/wp\/v2\/media\/7491"}],"wp:attachment":[{"href":"https:\/\/www.aircompressormpc.com\/fr\/wp-json\/wp\/v2\/media?parent=15822"}],"wp:term":[{"taxonomy":"product_brand","embeddable":true,"href":"https:\/\/www.aircompressormpc.com\/fr\/wp-json\/wp\/v2\/product_brand?post=15822"},{"taxonomy":"product_cat","embeddable":true,"href":"https:\/\/www.aircompressormpc.com\/fr\/wp-json\/wp\/v2\/product_cat?post=15822"},{"taxonomy":"product_tag","embeddable":true,"href":"https:\/\/www.aircompressormpc.com\/fr\/wp-json\/wp\/v2\/product_tag?post=15822"}],"curies":[{"name":"wp","href":"https:\/\/api.w.org\/{rel}","templated":true}]}}