{"id":15651,"date":"2025-01-15T07:55:55","date_gmt":"2025-01-15T07:55:55","guid":{"rendered":"https:\/\/www.aircompressormpc.com\/?post_type=product&#038;p=15651"},"modified":"2025-03-06T13:52:41","modified_gmt":"2025-03-06T13:52:41","slug":"moteur-compresseur-eolo-90-e-50l","status":"publish","type":"product","link":"https:\/\/www.aircompressormpc.com\/fr\/producto\/moteur-compresseur-eolo-90-e-50l\/","title":{"rendered":"MOTEUR COMPRESSEUR EOLO 94 (50 L)"},"content":{"rendered":"<h2><span lang=\"en-us\" style=\"color: #ff0000;\" xml:lang=\"en-us\">Compresseur de la s\u00e9rie EOLO. Compresseur avec moteur \u00e0 essence.<\/span><\/h2>\n<h2>Motocompresseur 50Lts pour v\u00e9hicule d&rsquo;assistance avec aspiration de 900 lts\/min. et pression maximale de 14 Bar. <\/h2>\n<h4>HONDA GX270 + M750 Moteur<\/h4>\n<p>Compresseur bi-cylindre en fonte \u00e0 deux \u00e9tages, entra\u00een\u00e9 par un moteur HONDA. Avec vanne automatique.<\/p>\n<p>Les motocompresseurs EOLO offrent d&rsquo;excellentes performances pour \u00e9quiper les v\u00e9hicules utilitaires ou commerciaux dont l&rsquo;ESPACE et le POIDS sont limit\u00e9s, mais qui n\u00e9cessitent des d\u00e9bits d&rsquo;air \u00e9lev\u00e9s.<\/p>\n<p>Son moteur Honda GX de haute qualit\u00e9 assure une faible consommation de carburant et d&rsquo;huile ainsi que des niveaux de BRUIT ET DE VIBRATION R\u00c9DUITS.<\/p>\n<p>Son design compact et tr\u00e8s calcul\u00e9 fait de la gamme EOLO le FORMAT LE PLUS L\u00c9GER ET LE PLUS PETIT du march\u00e9.<\/p>\n<table border=\"0\" frame=\"VOID\" rules=\"NONE\" cellspacing=\"0\">\n<colgroup>\n<col width=\"86\">\n<col width=\"86\">\n<col width=\"86\">\n<col width=\"86\">\n<col width=\"86\">\n<col width=\"86\">\n<col width=\"86\">\n<col width=\"86\"><\/colgroup>\n<tbody>\n<tr>\n<td align=\"CENTER\" bgcolor=\"#CD1619\" width=\"86\" height=\"17\"><strong><span style=\"color: #ffffff; font-family: Helvetica;\">Code<\/span><\/strong><\/td>\n<td align=\"CENTER\" bgcolor=\"#CD1619\" width=\"86\"><strong><span style=\"color: #ffffff; font-family: Helvetica;\">Nom<\/span><\/strong><\/td>\n<td align=\"CENTER\" bgcolor=\"#CD1619\" width=\"86\"><strong><span style=\"color: #ffffff; font-family: Helvetica;\">Litres<\/span><\/strong><\/td>\n<td align=\"CENTER\" bgcolor=\"#CD1619\" width=\"86\"><strong><span style=\"color: #ffffff; font-family: Helvetica;\">Air aspir\u00e9<\/span><\/strong><\/td>\n<td align=\"CENTER\" bgcolor=\"#CD1619\" width=\"86\"><strong><span style=\"color: #ffffff; font-family: Helvetica;\">Puissance<\/span><\/strong><\/td>\n<td align=\"CENTER\" bgcolor=\"#CD1619\" width=\"86\"><strong><span style=\"color: #ffffff; font-family: Helvetica;\">P. Max<\/span><\/strong><\/td>\n<td align=\"CENTER\" bgcolor=\"#CD1619\" width=\"86\"><strong><span style=\"color: #ffffff; font-family: Helvetica;\">D\u00e9but<\/span><\/strong><\/td>\n<\/tr>\n<tr>\n<td align=\"CENTER\" bgcolor=\"#DCE2EB\" height=\"17\"><b><span style=\"color: #cd1619; font-family: Futura Std Condensed;\">1.101.263<\/span><\/b><\/td>\n<td align=\"CENTER\"><span style=\"color: #cd1619; font-family: Futura Std Condensed;\">EOLO 94<\/span><\/td>\n<td align=\"CENTER\"><span style=\"color: #000000; font-family: Futura Std Condensed;\">50<\/span><\/td>\n<td align=\"CENTER\"><span style=\"color: #000000; font-family: Futura Std Condensed;\">900<\/span><\/td>\n<td align=\"CENTER\"><span style=\"color: #000000; font-family: Futura Std Condensed;\">9 HP<\/span><\/td>\n<td align=\"CENTER\"><span style=\"color: #000000; font-family: Futura Std Condensed;\">14<\/span><\/td>\n<td align=\"CENTER\"><span style=\"color: #000000; font-family: Futura Std Condensed;\">\u00c9lectrique\/Manuel<\/span><\/td>\n<\/tr>\n<\/tbody>\n<\/table>\n<p>&nbsp;<\/p>\n","protected":false},"excerpt":{"rendered":"<p><img loading=\"lazy\" decoding=\"async\" class=\"alignleft wp-image-16401 size-full\" src=\"https:\/\/www.aircompressormpc.com\/wp-content\/uploads\/2025\/01\/1.101.263.jpg\" alt=\"\" width=\"582\" height=\"284\" srcset=\"https:\/\/www.aircompressormpc.com\/wp-content\/uploads\/2025\/01\/1.101.263.jpg 582w, https:\/\/www.aircompressormpc.com\/wp-content\/uploads\/2025\/01\/1.101.263-300x146.jpg 300w, https:\/\/www.aircompressormpc.com\/wp-content\/uploads\/2025\/01\/1.101.263-64x31.jpg 64w\" sizes=\"auto, (max-width: 582px) 100vw, 582px\" \/><\/p>\n<p>&nbsp;<\/p>\n<p><img loading=\"lazy\" decoding=\"async\" class=\"size-medium wp-image-3008 alignleft\" src=\"https:\/\/www.aircompressormpc.com\/wp-content\/uploads\/2022\/03\/logotipos_eolo_200-iconos-eolo-200-300x58.png\" alt=\"TCS VRS\" width=\"300\" height=\"58\"><\/p>\n","protected":false},"featured_media":15957,"template":"","meta":[],"product_brand":[],"product_cat":[679,828,1219,680],"product_tag":[683,688,1230,682,829,686,684],"class_list":{"0":"post-15651","1":"product","2":"type-product","3":"status-publish","4":"has-post-thumbnail","6":"product_cat-motocompresseurs","7":"product_cat-serie-eolo","8":"product_cat-serie-eolo-gasolina-fr","9":"product_cat-unites-mobiles","10":"product_tag-50-litres-fr","11":"product_tag-900-l-min-fr","12":"product_tag-aeolus-90-fr","13":"product_tag-compresseur-fr","14":"product_tag-eolienne","15":"product_tag-essence-fr","16":"product_tag-honda-fr","18":"first","19":"instock","20":"shipping-taxable","21":"purchasable","22":"product-type-simple"},"aioseo_notices":[],"_links":{"self":[{"href":"https:\/\/www.aircompressormpc.com\/fr\/wp-json\/wp\/v2\/product\/15651","targetHints":{"allow":["GET"]}}],"collection":[{"href":"https:\/\/www.aircompressormpc.com\/fr\/wp-json\/wp\/v2\/product"}],"about":[{"href":"https:\/\/www.aircompressormpc.com\/fr\/wp-json\/wp\/v2\/types\/product"}],"wp:featuredmedia":[{"embeddable":true,"href":"https:\/\/www.aircompressormpc.com\/fr\/wp-json\/wp\/v2\/media\/15957"}],"wp:attachment":[{"href":"https:\/\/www.aircompressormpc.com\/fr\/wp-json\/wp\/v2\/media?parent=15651"}],"wp:term":[{"taxonomy":"product_brand","embeddable":true,"href":"https:\/\/www.aircompressormpc.com\/fr\/wp-json\/wp\/v2\/product_brand?post=15651"},{"taxonomy":"product_cat","embeddable":true,"href":"https:\/\/www.aircompressormpc.com\/fr\/wp-json\/wp\/v2\/product_cat?post=15651"},{"taxonomy":"product_tag","embeddable":true,"href":"https:\/\/www.aircompressormpc.com\/fr\/wp-json\/wp\/v2\/product_tag?post=15651"}],"curies":[{"name":"wp","href":"https:\/\/api.w.org\/{rel}","templated":true}]}}