{"id":15648,"date":"2025-01-15T07:33:16","date_gmt":"2025-01-15T07:33:16","guid":{"rendered":"https:\/\/www.aircompressormpc.com\/?post_type=product&#038;p=15648"},"modified":"2025-03-04T13:48:22","modified_gmt":"2025-03-04T13:48:22","slug":"moteur-compresseur-strade-90d-100-13-bar-100l","status":"publish","type":"product","link":"https:\/\/www.aircompressormpc.com\/fr\/producto\/moteur-compresseur-strade-90d-100-13-bar-100l\/","title":{"rendered":"MOTEUR COMPRESSEUR STRADE 90\/100\/15 (100L)"},"content":{"rendered":"<h1><span style=\"color: #ff0000;\"><span style=\"color: #ff0000;\">Compresseur diesel bi-cylindre \u00e0 deux \u00e9tages de la s\u00e9rie K avec r\u00e9servoir de 100 litres.<\/span><\/span><\/h1>\n<h2><strong>Moteur compresseur de 100Lts avec aspiration de 900 lts\/min. et pression maximale de 15 Bar. <\/strong><\/h2>\n<p><strong>Nos compresseurs de la s\u00e9rie STRADE sont sp\u00e9cialement con\u00e7us pour effectuer la plupart des travaux de construction, d&rsquo;entretien des routes et d&rsquo;agriculture.<\/strong><\/p>\n<p>Compresseur en fonte \u00e0 deux \u00e9tages et \u00e0 deux cylindres, entra\u00een\u00e9 par un moteur Honda. Avec vanne automatique.<\/p>\n<p>R\u00e9servoir horizontal de 100 litres, mont\u00e9 sur roues.<\/p>\n<ul>\n<li>Comprend : syst\u00e8me d&rsquo;acc\u00e9l\u00e9ration en fonction de la pression.<\/li>\n<li>\u00c9quipement : fourni avec un manuel et une d\u00e9claration de conformit\u00e9 CE.<\/li>\n<\/ul>\n<table border=\"0\" frame=\"VOID\" rules=\"NONE\" cellspacing=\"0\">\n<colgroup>\n<col width=\"138\" \/>\n<col width=\"138\" \/>\n<col width=\"138\" \/>\n<col width=\"138\" \/>\n<col width=\"138\" \/>\n<col width=\"138\" \/>\n<col width=\"138\" \/>\n<col width=\"138\" \/>\n<col width=\"138\" \/>\n<col width=\"261\" \/><\/colgroup>\n<tbody>\n<tr>\n<td align=\"CENTER\" bgcolor=\"#CD1619\" width=\"138\" height=\"32\"><b><span style=\"color: #ffffff;\">Code<\/span><\/b><\/td>\n<td align=\"CENTER\" bgcolor=\"#CD1619\" width=\"138\"><b><span style=\"color: #ffffff;\">Nom<\/span><\/b><\/td>\n<td align=\"CENTER\" bgcolor=\"#CD1619\" width=\"138\"><b><span style=\"color: #ffffff;\">Groupe<\/span><\/b><\/td>\n<td align=\"CENTER\" bgcolor=\"#CD1619\" width=\"138\"><b><span style=\"color: #ffffff;\">Moteur<\/span><\/b><\/td>\n<td align=\"CENTER\" bgcolor=\"#CD1619\" width=\"138\"><b><span style=\"color: #ffffff;\">Start-up<\/span><\/b><\/td>\n<td align=\"CENTER\" bgcolor=\"#CD1619\" width=\"138\"><b><span style=\"color: #ffffff;\">Air aspir\u00e9<\/span><\/b><\/td>\n<td align=\"CENTER\" bgcolor=\"#CD1619\" width=\"138\"><b><span style=\"color: #ffffff;\">Puissance<\/span><\/b><\/td>\n<td align=\"CENTER\" bgcolor=\"#CD1619\" width=\"138\"><b><span style=\"color: #ffffff;\">Poids<\/span><\/b><\/td>\n<td align=\"CENTER\" bgcolor=\"#CD1619\" width=\"138\"><b><span style=\"color: #ffffff;\">P.max<\/span><\/b><\/td>\n<td align=\"CENTER\" bgcolor=\"#CD1619\" width=\"261\"><b><span style=\"color: #ffffff;\"><br \/>\nLongueur-largeur-hauteur (cm)<\/span><\/b><\/td>\n<\/tr>\n<tr>\n<td align=\"CENTER\" bgcolor=\"#DCE2EB\" height=\"17\"><b><span style=\"color: #cd1619;\">1.131.165<\/span><\/b><\/td>\n<td align=\"CENTER\"><span style=\"color: #cd1619;\">STRADE 90\/100<\/span><\/td>\n<td align=\"CENTER\"><span style=\"color: #cd1619;\">M- 750<\/span><\/td>\n<td align=\"CENTER\">GX-270<\/td>\n<td align=\"CENTER\"><span style=\"color: #000000;\">\u00c9lectrique<\/span><\/td>\n<td align=\"CENTER\"><span style=\"color: #000000;\">900 l\/min<\/span><\/td>\n<td align=\"CENTER\"><span style=\"color: #000000;\">9 ch<\/span><\/td>\n<td align=\"CENTER\">115<\/td>\n<td align=\"CENTER\"><span style=\"color: #000000;\">14<\/span><\/td>\n<td align=\"CENTER\">105 x55x 104<\/td>\n<\/tr>\n<\/tbody>\n<\/table>\n<p style=\"color: #000000; font-family: Verdana, Arial, Helvetica, sans-serif; font-size: 11px; font-style: normal; font-weight: 400; letter-spacing: normal; text-indent: 0px; text-transform: none; white-space: normal; word-spacing: 0px;\">\n","protected":false},"excerpt":{"rendered":"<p><img loading=\"lazy\" decoding=\"async\" class=\"alignleft wp-image-16351 size-full\" src=\"https:\/\/www.aircompressormpc.com\/wp-content\/uploads\/2025\/01\/1.131.165.jpg\" alt=\"\" width=\"605\" height=\"289\" srcset=\"https:\/\/www.aircompressormpc.com\/wp-content\/uploads\/2025\/01\/1.131.165.jpg 605w, https:\/\/www.aircompressormpc.com\/wp-content\/uploads\/2025\/01\/1.131.165-300x143.jpg 300w, https:\/\/www.aircompressormpc.com\/wp-content\/uploads\/2025\/01\/1.131.165-600x287.jpg 600w, https:\/\/www.aircompressormpc.com\/wp-content\/uploads\/2025\/01\/1.131.165-64x31.jpg 64w\" sizes=\"auto, (max-width: 605px) 100vw, 605px\" \/><\/p>\n","protected":false},"featured_media":15669,"template":"","meta":[],"product_brand":[],"product_cat":[679,1123,1259,705],"product_tag":[708,1353,1213,688,1271,873,1210,711],"class_list":{"0":"post-15648","1":"product","2":"type-product","3":"status-publish","4":"has-post-thumbnail","6":"product_cat-motocompresseurs","7":"product_cat-ordinateur-portable","8":"product_cat-serie-strade-petrol","9":"product_cat-strade-fr","10":"product_tag-100-litres-fr","11":"product_tag-11-hp-fr","12":"product_tag-13-bar-fr","13":"product_tag-900-l-min-fr","14":"product_tag-compresseurdiesel","15":"product_tag-diesel-fr","16":"product_tag-kholer-engine-fr","17":"product_tag-strade-fr","19":"first","20":"instock","21":"shipping-taxable","22":"purchasable","23":"product-type-simple"},"aioseo_notices":[],"_links":{"self":[{"href":"https:\/\/www.aircompressormpc.com\/fr\/wp-json\/wp\/v2\/product\/15648","targetHints":{"allow":["GET"]}}],"collection":[{"href":"https:\/\/www.aircompressormpc.com\/fr\/wp-json\/wp\/v2\/product"}],"about":[{"href":"https:\/\/www.aircompressormpc.com\/fr\/wp-json\/wp\/v2\/types\/product"}],"wp:featuredmedia":[{"embeddable":true,"href":"https:\/\/www.aircompressormpc.com\/fr\/wp-json\/wp\/v2\/media\/15669"}],"wp:attachment":[{"href":"https:\/\/www.aircompressormpc.com\/fr\/wp-json\/wp\/v2\/media?parent=15648"}],"wp:term":[{"taxonomy":"product_brand","embeddable":true,"href":"https:\/\/www.aircompressormpc.com\/fr\/wp-json\/wp\/v2\/product_brand?post=15648"},{"taxonomy":"product_cat","embeddable":true,"href":"https:\/\/www.aircompressormpc.com\/fr\/wp-json\/wp\/v2\/product_cat?post=15648"},{"taxonomy":"product_tag","embeddable":true,"href":"https:\/\/www.aircompressormpc.com\/fr\/wp-json\/wp\/v2\/product_tag?post=15648"}],"curies":[{"name":"wp","href":"https:\/\/api.w.org\/{rel}","templated":true}]}}