{"id":15036,"date":"2024-09-25T06:58:43","date_gmt":"2024-09-25T06:58:43","guid":{"rendered":"https:\/\/www.aircompressormpc.com\/?post_type=product&#038;p=15036"},"modified":"2024-09-26T08:44:36","modified_gmt":"2024-09-26T08:44:36","slug":"compresseur-a-vis-erd-10","status":"publish","type":"product","link":"https:\/\/www.aircompressormpc.com\/fr\/producto\/compresseur-a-vis-erd-10\/","title":{"rendered":"COMPRESSEUR \u00c0 VIS ERD 10\/270 (10 Bar)"},"content":{"rendered":"<h1>Compresseur \u00e0 vis \u00e9lectrique g\u00e9r\u00e9 par PLC<\/h1>\n<p>Compresseur \u00e0 vis <b>avanc\u00e9<\/b>, con\u00e7u pour offrir efficacit\u00e9 et fiabilit\u00e9 dans vos applications industrielles.<br \/>\nCe compresseur est g\u00e9r\u00e9 par un automate programmable (contr\u00f4le des heures\/alarmes\/tour\/temp\u00e9rature\/tension\/&#8230;), ce qui permet un contr\u00f4le int\u00e9gral et pr\u00e9cis de son fonctionnement.<br \/>\nMont\u00e9 sur une cuve de 270 Lts avec s\u00e9cheur frigorifique int\u00e9gr\u00e9, avec syst\u00e8me autoportant sur pieds.<\/p>\n<table border=\"0\" frame=\"VOID\" rules=\"NONE\" cellspacing=\"0\">\n<colgroup>\n<col width=\"86\" \/>\n<col width=\"86\" \/>\n<col width=\"86\" \/>\n<col width=\"86\" \/>\n<col width=\"86\" \/>\n<col width=\"86\" \/>\n<col width=\"86\" \/>\n<col width=\"86\" \/><\/colgroup>\n<tbody>\n<tr>\n<td align=\"CENTER\" bgcolor=\"#CD1619\" width=\"86\" height=\"17\"><b><span style=\"color: #ffffff; font-family: Helvetica LT Std Cond;\">Code<\/span><\/b><\/td>\n<td align=\"CENTER\" bgcolor=\"#CD1619\" width=\"86\"><b><span style=\"color: #ffffff; font-family: Helvetica LT Std Cond;\">Nom<\/span><\/b><\/td>\n<td align=\"CENTER\" bgcolor=\"#CD1619\" width=\"86\"><b><span style=\"color: #ffffff; font-family: Helvetica LT Std Cond;\">Tension<\/span><\/b><\/td>\n<td align=\"CENTER\" bgcolor=\"#CD1619\" width=\"86\"><b><span style=\"color: #ffffff; font-family: Helvetica LT Std Cond;\">Air aspir\u00e9<\/span><\/b><\/td>\n<td align=\"CENTER\" bgcolor=\"#CD1619\" width=\"86\"><b><span style=\"color: #ffffff; font-family: Helvetica LT Std Cond;\">Puissance<\/span><\/b><\/td>\n<td align=\"CENTER\" bgcolor=\"#CD1619\" width=\"86\"><b><span style=\"color: #ffffff; font-family: Helvetica LT Std Cond;\">Poids<\/span><\/b><\/td>\n<td align=\"CENTER\" bgcolor=\"#CD1619\" width=\"86\"><b><span style=\"color: #ffffff; font-family: Helvetica LT Std Cond;\">P.max<\/span><\/b><\/td>\n<td align=\"CENTER\" bgcolor=\"#CD1619\" width=\"86\"><b><span style=\"color: #ffffff; font-family: Helvetica LT Std Cond;\">Niveau acoustique<\/span><\/b><\/td>\n<\/tr>\n<tr>\n<td align=\"CENTER\" bgcolor=\"#DCE2EB\" height=\"17\"><b><span style=\"color: #cd1619; font-family: Futura Std Condensed;\">1.200.161<\/span><\/b><\/td>\n<td align=\"CENTER\"><span style=\"color: #cd1619; font-family: Futura Std Condensed;\">ERD 10<\/span><\/td>\n<td align=\"CENTER\"><span style=\"color: #000000; font-family: Futura Std Condensed;\">400\/50\/III<\/span><\/td>\n<td align=\"CENTER\"><span style=\"color: #000000; font-family: Futura Std Condensed;\">995<\/span><\/td>\n<td align=\"CENTER\"><span style=\"color: #000000; font-family: Futura Std Condensed;\">10 hp<\/span><\/td>\n<td align=\"CENTER\"><span style=\"color: #000000; font-family: Futura Std Condensed;\">269<\/span><\/td>\n<td align=\"CENTER\"><span style=\"color: #000000; font-family: Futura Std Condensed;\">10<\/span><\/td>\n<td align=\"CENTER\"><span style=\"color: #000000; font-family: Futura Std Condensed;\">68<\/span><\/td>\n<\/tr>\n<\/tbody>\n<\/table>\n","protected":false},"excerpt":{"rendered":"<p><img loading=\"lazy\" decoding=\"async\" class=\"alignleft wp-image-15104 size-full\" src=\"https:\/\/www.aircompressormpc.com\/wp-content\/uploads\/2024\/09\/1.200.161.jpg\" alt=\"\" width=\"622\" height=\"308\" srcset=\"https:\/\/www.aircompressormpc.com\/wp-content\/uploads\/2024\/09\/1.200.161.jpg 622w, https:\/\/www.aircompressormpc.com\/wp-content\/uploads\/2024\/09\/1.200.161-300x149.jpg 300w, https:\/\/www.aircompressormpc.com\/wp-content\/uploads\/2024\/09\/1.200.161-600x297.jpg 600w, https:\/\/www.aircompressormpc.com\/wp-content\/uploads\/2024\/09\/1.200.161-64x32.jpg 64w\" sizes=\"auto, (max-width: 622px) 100vw, 622px\" \/><\/p>\n","protected":false},"featured_media":15043,"template":"","meta":[],"product_brand":[],"product_cat":[1302,703,1197],"product_tag":[1304,1303],"class_list":{"0":"post-15036","1":"product","2":"type-product","3":"status-publish","4":"has-post-thumbnail","6":"product_cat-compresseur-a-vis-erd","7":"product_cat-electrocompresseurs","8":"product_cat-compresseurs-a-vis","9":"product_tag-erd-fr","10":"product_tag-vis","12":"first","13":"instock","14":"shipping-taxable","15":"purchasable","16":"product-type-simple"},"aioseo_notices":[],"_links":{"self":[{"href":"https:\/\/www.aircompressormpc.com\/fr\/wp-json\/wp\/v2\/product\/15036","targetHints":{"allow":["GET"]}}],"collection":[{"href":"https:\/\/www.aircompressormpc.com\/fr\/wp-json\/wp\/v2\/product"}],"about":[{"href":"https:\/\/www.aircompressormpc.com\/fr\/wp-json\/wp\/v2\/types\/product"}],"wp:featuredmedia":[{"embeddable":true,"href":"https:\/\/www.aircompressormpc.com\/fr\/wp-json\/wp\/v2\/media\/15043"}],"wp:attachment":[{"href":"https:\/\/www.aircompressormpc.com\/fr\/wp-json\/wp\/v2\/media?parent=15036"}],"wp:term":[{"taxonomy":"product_brand","embeddable":true,"href":"https:\/\/www.aircompressormpc.com\/fr\/wp-json\/wp\/v2\/product_brand?post=15036"},{"taxonomy":"product_cat","embeddable":true,"href":"https:\/\/www.aircompressormpc.com\/fr\/wp-json\/wp\/v2\/product_cat?post=15036"},{"taxonomy":"product_tag","embeddable":true,"href":"https:\/\/www.aircompressormpc.com\/fr\/wp-json\/wp\/v2\/product_tag?post=15036"}],"curies":[{"name":"wp","href":"https:\/\/api.w.org\/{rel}","templated":true}]}}