{"id":15014,"date":"2024-09-24T09:10:55","date_gmt":"2024-09-24T09:10:55","guid":{"rendered":"https:\/\/www.aircompressormpc.com\/?post_type=product&#038;p=15014"},"modified":"2024-09-24T09:56:18","modified_gmt":"2024-09-24T09:56:18","slug":"compresseur-a-vis-er-s-7-5-10-bar","status":"publish","type":"product","link":"https:\/\/www.aircompressormpc.com\/fr\/producto\/compresseur-a-vis-er-s-7-5-10-bar\/","title":{"rendered":"ER\/S 7.5 (10 Bar) COMPRESSEUR A VIS"},"content":{"rendered":"<h1><strong>Compresseur \u00e0 vis insonoris\u00e9<\/strong><\/h1>\n<p>  Ce compresseur \u00e0 vis de 7,5 HP \u00e0 entra\u00eenement par courroie offre un fonctionnement silencieux et efficace, id\u00e9al pour les applications industrielles.<br \/>\n\u00c9quip\u00e9 d&rsquo;une transmission par courroie, il garantit une grande durabilit\u00e9 et un faible niveau sonore.<br \/>\nEn outre, il est \u00e9quip\u00e9 d&rsquo;une unit\u00e9 de contr\u00f4le qui surveille la maintenance et les alarmes, assurant ainsi un contr\u00f4le continu de l&rsquo;\u00e9quipement.    <\/p>\n<ul>\n<li><strong>Sortie d&rsquo;air<\/strong>: 3\/4\u2033 H<\/li>\n<li><strong>Cycle d&rsquo;entretien<\/strong>: 2 000 heures<\/li>\n<\/ul>\n<p><strong>En option<\/strong>:  <\/p>\n<ul>\n<li><strong>Kit d&rsquo;entretien<\/strong>: 6.100.611<\/li>\n<li><strong>Huile<\/strong> (5 litres) : 2 300 186<\/li>\n<\/ul>\n<table border=\"0\" frame=\"VOID\" rules=\"NONE\" cellspacing=\"0\">\n<colgroup>\n<col width=\"86\">\n<col width=\"86\">\n<col width=\"86\">\n<col width=\"86\">\n<col width=\"86\">\n<col width=\"86\">\n<col width=\"86\">\n<col width=\"86\"><\/colgroup>\n<tbody>\n<tr>\n<td align=\"CENTER\" bgcolor=\"#CD1619\" width=\"86\" height=\"17\"><b><span style=\"color: #ffffff; font-family: Helvetica LT Std Cond;\">Code<\/span><\/b><\/td>\n<td align=\"CENTER\" bgcolor=\"#CD1619\" width=\"86\"><b><span style=\"color: #ffffff; font-family: Helvetica LT Std Cond;\">Nom<\/span><\/b><\/td>\n<td align=\"CENTER\" bgcolor=\"#CD1619\" width=\"86\"><b><span style=\"color: #ffffff; font-family: Helvetica LT Std Cond;\">Tension<\/span><\/b><\/td>\n<td align=\"CENTER\" bgcolor=\"#CD1619\" width=\"86\"><b><span style=\"color: #ffffff; font-family: Helvetica LT Std Cond;\">Air aspir\u00e9<\/span><\/b><\/td>\n<td align=\"CENTER\" bgcolor=\"#CD1619\" width=\"86\"><b><span style=\"color: #ffffff; font-family: Helvetica LT Std Cond;\">Puissance<\/span><\/b><\/td>\n<td align=\"CENTER\" bgcolor=\"#CD1619\" width=\"86\"><b><span style=\"color: #ffffff; font-family: Helvetica LT Std Cond;\">Poids<\/span><\/b><\/td>\n<td align=\"CENTER\" bgcolor=\"#CD1619\" width=\"86\"><b><span style=\"color: #ffffff; font-family: Helvetica LT Std Cond;\">P.max<\/span><\/b><\/td>\n<td align=\"CENTER\" bgcolor=\"#CD1619\" width=\"86\"><b><span style=\"color: #ffffff; font-family: Helvetica LT Std Cond;\">Niveau acoustique<\/span><\/b><\/td>\n<\/tr>\n<tr>\n<td align=\"CENTER\" bgcolor=\"#DCE2EB\" height=\"17\"><b><span style=\"color: #cd1619; font-family: Futura Std Condensed;\">1.200.134<\/span><\/b><\/td>\n<td align=\"CENTER\"><span style=\"color: #cd1619; font-family: Futura Std Condensed;\">ER 7.5<\/span><\/td>\n<td align=\"CENTER\"><span style=\"color: #000000; font-family: Futura Std Condensed;\">400\/50\/III<\/span><\/td>\n<td align=\"CENTER\"><span style=\"color: #000000; font-family: Futura Std Condensed;\">780<\/span><\/td>\n<td align=\"CENTER\"><span style=\"color: #000000; font-family: Futura Std Condensed;\">7,5 hp<\/span><\/td>\n<td align=\"CENTER\"><span style=\"color: #000000; font-family: Futura Std Condensed;\">163<\/span><\/td>\n<td align=\"CENTER\"><span style=\"color: #000000; font-family: Futura Std Condensed;\">10<\/span><\/td>\n<td align=\"CENTER\"><span style=\"color: #000000; font-family: Futura Std Condensed;\">68<\/span><\/td>\n<\/tr>\n<\/tbody>\n<\/table>\n","protected":false},"excerpt":{"rendered":"<p><img loading=\"lazy\" decoding=\"async\" class=\"alignleft wp-image-15018 size-full\" src=\"https:\/\/www.aircompressormpc.com\/wp-content\/uploads\/2024\/09\/1.200.134.jpg\" alt=\"\" width=\"760\" height=\"308\" srcset=\"https:\/\/www.aircompressormpc.com\/wp-content\/uploads\/2024\/09\/1.200.134.jpg 760w, https:\/\/www.aircompressormpc.com\/wp-content\/uploads\/2024\/09\/1.200.134-300x122.jpg 300w, https:\/\/www.aircompressormpc.com\/wp-content\/uploads\/2024\/09\/1.200.134-600x243.jpg 600w, https:\/\/www.aircompressormpc.com\/wp-content\/uploads\/2024\/09\/1.200.134-64x26.jpg 64w\" sizes=\"auto, (max-width: 760px) 100vw, 760px\" \/><\/p>\n","protected":false},"featured_media":12042,"template":"","meta":[],"product_brand":[],"product_cat":[1324,703,1197],"product_tag":[1327,1303],"class_list":{"0":"post-15014","1":"product","2":"type-product","3":"status-publish","4":"has-post-thumbnail","6":"product_cat-compresseur-a-vis-er-fr","7":"product_cat-electrocompresseurs","8":"product_cat-compresseurs-a-vis","9":"product_tag-er-fr","10":"product_tag-vis","12":"first","13":"instock","14":"shipping-taxable","15":"purchasable","16":"product-type-simple"},"aioseo_notices":[],"_links":{"self":[{"href":"https:\/\/www.aircompressormpc.com\/fr\/wp-json\/wp\/v2\/product\/15014","targetHints":{"allow":["GET"]}}],"collection":[{"href":"https:\/\/www.aircompressormpc.com\/fr\/wp-json\/wp\/v2\/product"}],"about":[{"href":"https:\/\/www.aircompressormpc.com\/fr\/wp-json\/wp\/v2\/types\/product"}],"wp:featuredmedia":[{"embeddable":true,"href":"https:\/\/www.aircompressormpc.com\/fr\/wp-json\/wp\/v2\/media\/12042"}],"wp:attachment":[{"href":"https:\/\/www.aircompressormpc.com\/fr\/wp-json\/wp\/v2\/media?parent=15014"}],"wp:term":[{"taxonomy":"product_brand","embeddable":true,"href":"https:\/\/www.aircompressormpc.com\/fr\/wp-json\/wp\/v2\/product_brand?post=15014"},{"taxonomy":"product_cat","embeddable":true,"href":"https:\/\/www.aircompressormpc.com\/fr\/wp-json\/wp\/v2\/product_cat?post=15014"},{"taxonomy":"product_tag","embeddable":true,"href":"https:\/\/www.aircompressormpc.com\/fr\/wp-json\/wp\/v2\/product_tag?post=15014"}],"curies":[{"name":"wp","href":"https:\/\/api.w.org\/{rel}","templated":true}]}}