{"id":14810,"date":"2022-10-03T10:46:58","date_gmt":"2022-10-03T10:46:58","guid":{"rendered":"https:\/\/www.aircompressormpc.com\/producto\/buse-a-degagement-rapide-a-tube-de-pressage-a-ressort\/"},"modified":"2022-10-03T10:46:58","modified_gmt":"2022-10-03T10:46:58","slug":"buse-a-degagement-rapide-a-tube-de-pressage-a-ressort","status":"publish","type":"product","link":"https:\/\/www.aircompressormpc.com\/fr\/producto\/buse-a-degagement-rapide-a-tube-de-pressage-a-ressort\/","title":{"rendered":"BUSE \u00c0 D\u00c9GAGEMENT RAPIDE \u00ab\u00a0A\u00a0\u00bb TUBE DE PRESSAGE \u00c0 RESSORT"},"content":{"rendered":"<h1 class=\"classic-title\" style=\"margin: 0px 0px 16px; font-size: 24px; font-family: 'Open Sans', sans-serif; font-weight: 300; line-height: 30px; color: #444444; padding-bottom: 8px; border-bottom: 1px solid #eeeeee; font-style: normal; letter-spacing: normal; text-indent: 0px; white-space: normal; word-spacing: 0px; background-color: #ffffff; text-transform: capitalize;\"><span style=\"padding-bottom: 8px; border-bottom: 1px solid #d50019; font-weight: 400;\">BUSE \u00c0 D\u00c9GAGEMENT RAPIDE \u00ab\u00a0A\u00a0\u00bb TUBE DE PRESSAGE \u00c0 RESSORT<\/span><\/h1>\n<p>  Accouplement \u00e0 ressort de type allemand pour tube spiral.  <\/p>\n<table border=\"0\" frame=\"VOID\" rules=\"NONE\" cellspacing=\"0\">\n<colgroup>\n<col width=\"86\">\n<col width=\"86\">\n<col width=\"86\">\n<col width=\"86\">\n<col width=\"86\">\n<col width=\"86\"><\/colgroup>\n<tbody>\n<tr>\n<td align=\"CENTER\" bgcolor=\"#CD1619\" width=\"86\" height=\"17\"><b><span style=\"color: #ffffff; font-family: Futura Std Condensed;\">Code<\/span><\/b><\/td>\n<td align=\"CENTER\" bgcolor=\"#CD1619\" width=\"86\"><b><span style=\"color: #ffffff; font-family: Futura Std Condensed;\">\u00d8<\/span><\/b><\/td>\n<td align=\"CENTER\" bgcolor=\"#CD1619\" width=\"86\"><b><span style=\"color: #ffffff; font-family: Futura Std Condensed;\">B<\/span><\/b><\/td>\n<td align=\"CENTER\" bgcolor=\"#CD1619\" width=\"86\"><b><span style=\"color: #ffffff; font-family: Futura Std Condensed;\">C<\/span><\/b><\/td>\n<td align=\"CENTER\" bgcolor=\"#CD1619\" width=\"86\"><b><span style=\"color: #ffffff; font-family: Futura Std Condensed;\">D<\/span><\/b><\/td>\n<td align=\"CENTER\" bgcolor=\"#CD1619\" width=\"86\"><b><span style=\"color: #ffffff; font-family: Futura Std Condensed;\">CH<\/span><\/b><\/td>\n<\/tr>\n<tr>\n<td align=\"CENTER\" bgcolor=\"#DCE2EB\" height=\"17\"><b><span style=\"color: #cd1619; font-family: Futura Std Condensed;\">2.405.242<\/span><\/b><\/td>\n<td align=\"CENTER\"><span style=\"color: #000000; font-family: Futura Std Condensed;\">6&#215;8<\/span><\/td>\n<td align=\"CENTER\"><span style=\"color: #000000; font-family: Futura Std Condensed;\">127<\/span><\/td>\n<td align=\"CENTER\"><span style=\"color: #000000; font-family: Futura Std Condensed;\">20<\/span><\/td>\n<td align=\"CENTER\"><span style=\"color: #000000; font-family: Futura Std Condensed;\">&#8211;<\/span><\/td>\n<td align=\"CENTER\"><span style=\"color: #000000; font-family: Futura Std Condensed;\">13<\/span><\/td>\n<\/tr>\n<tr>\n<td align=\"CENTER\" bgcolor=\"#DCE2EB\" height=\"17\"><b><span style=\"color: #cd1619; font-family: Futura Std Condensed;\">2.405.243<\/span><\/b><\/td>\n<td align=\"CENTER\"><span style=\"color: #000000; font-family: Futura Std Condensed;\">8&#215;10<\/span><\/td>\n<td align=\"CENTER\"><span style=\"color: #000000; font-family: Futura Std Condensed;\">128<\/span><\/td>\n<td align=\"CENTER\"><span style=\"color: #000000; font-family: Futura Std Condensed;\">20<\/span><\/td>\n<td align=\"CENTER\"><span style=\"color: #000000; font-family: Futura Std Condensed;\">&#8211;<\/span><\/td>\n<td align=\"CENTER\"><span style=\"color: #000000; font-family: Futura Std Condensed;\">15<\/span><\/td>\n<\/tr>\n<tr>\n<td align=\"CENTER\" bgcolor=\"#DCE2EB\" height=\"17\"><b><span style=\"color: #cd1619; font-family: Futura Std Condensed;\">2.405.244<\/span><\/b><\/td>\n<td align=\"CENTER\"><span style=\"color: #000000; font-family: Futura Std Condensed;\">10&#215;12<\/span><\/td>\n<td align=\"CENTER\"><span style=\"color: #000000; font-family: Futura Std Condensed;\">127<\/span><\/td>\n<td align=\"CENTER\"><span style=\"color: #000000; font-family: Futura Std Condensed;\">20<\/span><\/td>\n<td align=\"CENTER\"><span style=\"color: #000000; font-family: Futura Std Condensed;\">&#8211;<\/span><\/td>\n<td align=\"CENTER\"><span style=\"color: #000000; font-family: Futura Std Condensed;\">17<\/span><\/td>\n<\/tr>\n<\/tbody>\n<\/table>\n","protected":false},"excerpt":{"rendered":"<p>BUSE \u00c0 D\u00c9GAGEMENT RAPIDE \u00ab\u00a0A\u00a0\u00bb TUBE DE PRESSAGE \u00c0 RESSORT Accouplement \u00e0 ressort de type allemand pour tube spiral. Code \u00d8 B C D CH 2.405.242 6&#215;8 127 20 &#8211; 13 2.405.243 8&#215;10 128 20 &#8211; 15 2.405.244 10&#215;12 127 20 &#8211; 17<\/p>\n","protected":false},"featured_media":7112,"template":"","meta":[],"product_brand":[],"product_cat":[973,1183,1182],"product_tag":[1306,900],"class_list":{"0":"post-14810","1":"product","2":"type-product","3":"status-publish","4":"has-post-thumbnail","6":"product_cat-accesorios-fr","7":"product_cat-buses","8":"product_cat-raccords","9":"product_tag-bouchon-rapide","10":"product_tag-mpc-fr","12":"first","13":"instock","14":"shipping-taxable","15":"purchasable","16":"product-type-simple"},"aioseo_notices":[],"_links":{"self":[{"href":"https:\/\/www.aircompressormpc.com\/fr\/wp-json\/wp\/v2\/product\/14810","targetHints":{"allow":["GET"]}}],"collection":[{"href":"https:\/\/www.aircompressormpc.com\/fr\/wp-json\/wp\/v2\/product"}],"about":[{"href":"https:\/\/www.aircompressormpc.com\/fr\/wp-json\/wp\/v2\/types\/product"}],"wp:featuredmedia":[{"embeddable":true,"href":"https:\/\/www.aircompressormpc.com\/fr\/wp-json\/wp\/v2\/media\/7112"}],"wp:attachment":[{"href":"https:\/\/www.aircompressormpc.com\/fr\/wp-json\/wp\/v2\/media?parent=14810"}],"wp:term":[{"taxonomy":"product_brand","embeddable":true,"href":"https:\/\/www.aircompressormpc.com\/fr\/wp-json\/wp\/v2\/product_brand?post=14810"},{"taxonomy":"product_cat","embeddable":true,"href":"https:\/\/www.aircompressormpc.com\/fr\/wp-json\/wp\/v2\/product_cat?post=14810"},{"taxonomy":"product_tag","embeddable":true,"href":"https:\/\/www.aircompressormpc.com\/fr\/wp-json\/wp\/v2\/product_tag?post=14810"}],"curies":[{"name":"wp","href":"https:\/\/api.w.org\/{rel}","templated":true}]}}