{"id":14798,"date":"2022-10-05T07:14:25","date_gmt":"2022-10-05T07:14:25","guid":{"rendered":"https:\/\/www.aircompressormpc.com\/producto\/collarin\/"},"modified":"2022-10-05T07:14:25","modified_gmt":"2022-10-05T07:14:25","slug":"collarin","status":"publish","type":"product","link":"https:\/\/www.aircompressormpc.com\/fr\/producto\/collarin\/","title":{"rendered":"COLLARIN"},"content":{"rendered":"<h1 class=\"classic-title\" style=\"margin: 0px 0px 16px; font-size: 24px; font-family: 'Open Sans', sans-serif; font-weight: 300; line-height: 30px; color: #444444; padding-bottom: 8px; border-bottom: 1px solid #eeeeee; font-style: normal; letter-spacing: normal; text-indent: 0px; white-space: normal; word-spacing: 0px; background-color: #ffffff; text-transform: capitalize;\"><span style=\"padding-bottom: 8px; border-bottom: 1px solid #d50019; font-weight: 400;\">TUYAU DROIT M\u00c2LE<\/span><\/h1>\n<p>  \u00c9l\u00e9ment sp\u00e9cial permettant d&rsquo;obtenir des filetages \u00ab\u00a0gaz\u00a0\u00bb sur les tuyaux.  <\/p>\n<table border=\"0\" frame=\"VOID\" rules=\"NONE\" cellspacing=\"0\">\n<colgroup>\n<col width=\"86\">\n<col width=\"86\">\n<col width=\"86\"><\/colgroup>\n<tbody>\n<tr>\n<td align=\"CENTER\" bgcolor=\"#CD1619\" width=\"86\" height=\"17\"><span style=\"color: #ffffff; font-family: Futura Std Condensed;\">Code<\/span><\/td>\n<td align=\"CENTER\" bgcolor=\"#CD1619\" width=\"86\"><span style=\"color: #ffffff; font-family: Futura Std Condensed;\">Filetage<\/span><\/td>\n<td align=\"CENTER\" bgcolor=\"#CD1619\" width=\"86\"><span style=\"color: #ffffff; font-family: Futura Std Condensed;\">\u00d8 <\/span><\/td>\n<\/tr>\n<tr>\n<td align=\"CENTER\" bgcolor=\"#DCE2EB\" height=\"17\"><b><span style=\"color: #cd1619; font-family: Futura Std Condensed;\">2.520.012<\/span><\/b><\/td>\n<td align=\"CENTER\"><span style=\"color: #000000; font-family: Futura Std Condensed;\">1\/2&Prime;<\/span><\/td>\n<td align=\"CENTER\"><span style=\"color: #000000; font-family: Futura Std Condensed;\">20<\/span><\/td>\n<\/tr>\n<tr>\n<td align=\"CENTER\" bgcolor=\"#DCE2EB\" height=\"17\"><b><span style=\"color: #cd1619; font-family: Futura Std Condensed;\">2.525.034<\/span><\/b><\/td>\n<td align=\"CENTER\"><span style=\"color: #000000; font-family: Futura Std Condensed;\">3\/4&Prime;<\/span><\/td>\n<td align=\"CENTER\"><span style=\"color: #000000; font-family: Futura Std Condensed;\">25<\/span><\/td>\n<\/tr>\n<tr>\n<td align=\"CENTER\" bgcolor=\"#DCE2EB\" height=\"17\"><b><span style=\"color: #cd1619; font-family: Futura Std Condensed;\">2.532.100<\/span><\/b><\/td>\n<td align=\"CENTER\"><span style=\"color: #000000; font-family: Futura Std Condensed;\">1&Prime;<\/span><\/td>\n<td align=\"CENTER\"><span style=\"color: #000000; font-family: Futura Std Condensed;\">32<\/span><\/td>\n<\/tr>\n<tr>\n<td align=\"CENTER\" bgcolor=\"#DCE2EB\" height=\"17\"><b><span style=\"color: #cd1619; font-family: Futura Std Condensed;\">2.540.124<\/span><\/b><\/td>\n<td align=\"CENTER\"><span style=\"color: #000000; font-family: Futura Std Condensed;\">1.1\/4&Prime;<\/span><\/td>\n<td align=\"CENTER\"><span style=\"color: #000000; font-family: Futura Std Condensed;\">40<\/span><\/td>\n<\/tr>\n<tr>\n<td align=\"CENTER\" bgcolor=\"#DCE2EB\" height=\"17\"><b><span style=\"color: #cd1619; font-family: Futura Std Condensed;\">2.550.122<\/span><\/b><\/td>\n<td align=\"CENTER\"><span style=\"color: #000000; font-family: Futura Std Condensed;\">1.1\/2&Prime;<\/span><\/td>\n<td align=\"CENTER\"><span style=\"color: #000000; font-family: Futura Std Condensed;\">50<\/span><\/td>\n<\/tr>\n<tr>\n<td align=\"CENTER\" bgcolor=\"#DCE2EB\" height=\"17\"><b><span style=\"color: #cd1619; font-family: Futura Std Condensed;\">2.563.122<\/span><\/b><\/td>\n<td align=\"CENTER\"><span style=\"color: #000000; font-family: Futura Std Condensed;\">2&Prime;<\/span><\/td>\n<td align=\"CENTER\"><span style=\"color: #000000; font-family: Futura Std Condensed;\">63<\/span><\/td>\n<\/tr>\n<\/tbody>\n<\/table>\n","protected":false},"excerpt":{"rendered":"<p><img loading=\"lazy\" decoding=\"async\" class=\"alignnone size-medium wp-image-7202\" src=\"https:\/\/www.aircompressormpc.com\/wp-content\/uploads\/2022\/10\/icono-300x161.jpg\" alt=\"ic\u00f4ne 16\" width=\"300\" height=\"161\" srcset=\"https:\/\/www.aircompressormpc.com\/wp-content\/uploads\/2022\/10\/icono-300x161.jpg 300w, https:\/\/www.aircompressormpc.com\/wp-content\/uploads\/2022\/10\/icono-64x34.jpg 64w, https:\/\/www.aircompressormpc.com\/wp-content\/uploads\/2022\/10\/icono.jpg 306w\" sizes=\"auto, (max-width: 300px) 100vw, 300px\" \/><\/p>\n","protected":false},"featured_media":7260,"template":"","meta":[],"product_brand":[],"product_cat":[973,981,980],"product_tag":[900],"class_list":{"0":"post-14798","1":"product","2":"type-product","3":"status-publish","4":"has-post-thumbnail","6":"product_cat-accesorios-fr","7":"product_cat-installations-pneumatiques","8":"product_cat-traitement-de-lair","9":"product_tag-mpc-fr","11":"first","12":"instock","13":"shipping-taxable","14":"purchasable","15":"product-type-simple"},"aioseo_notices":[],"_links":{"self":[{"href":"https:\/\/www.aircompressormpc.com\/fr\/wp-json\/wp\/v2\/product\/14798","targetHints":{"allow":["GET"]}}],"collection":[{"href":"https:\/\/www.aircompressormpc.com\/fr\/wp-json\/wp\/v2\/product"}],"about":[{"href":"https:\/\/www.aircompressormpc.com\/fr\/wp-json\/wp\/v2\/types\/product"}],"wp:featuredmedia":[{"embeddable":true,"href":"https:\/\/www.aircompressormpc.com\/fr\/wp-json\/wp\/v2\/media\/7260"}],"wp:attachment":[{"href":"https:\/\/www.aircompressormpc.com\/fr\/wp-json\/wp\/v2\/media?parent=14798"}],"wp:term":[{"taxonomy":"product_brand","embeddable":true,"href":"https:\/\/www.aircompressormpc.com\/fr\/wp-json\/wp\/v2\/product_brand?post=14798"},{"taxonomy":"product_cat","embeddable":true,"href":"https:\/\/www.aircompressormpc.com\/fr\/wp-json\/wp\/v2\/product_cat?post=14798"},{"taxonomy":"product_tag","embeddable":true,"href":"https:\/\/www.aircompressormpc.com\/fr\/wp-json\/wp\/v2\/product_tag?post=14798"}],"curies":[{"name":"wp","href":"https:\/\/api.w.org\/{rel}","templated":true}]}}