{"id":14778,"date":"2022-12-01T10:36:55","date_gmt":"2022-12-01T10:36:55","guid":{"rendered":"https:\/\/www.aircompressormpc.com\/producto\/remacher\/"},"modified":"2022-12-01T10:36:55","modified_gmt":"2022-12-01T10:36:55","slug":"remacher","status":"publish","type":"product","link":"https:\/\/www.aircompressormpc.com\/fr\/producto\/remacher\/","title":{"rendered":"REMACHER"},"content":{"rendered":"<h1 class=\"LC20lb MBeuO DKV0Md\">MACHINE \u00c0 RIVETER PNEUMATIQUE<\/h1>\n<h3 class=\"LC20lb MBeuO DKV0Md\">Machine \u00e0 riveter ol\u00e9opneumatique avec une force de traction de 600 kg.<\/h3>\n<p>  &#8211; Rivet AL-AL : \u00d8 2,0 &#8211; 4,8. &#8211; Rivet FE-FE : \u00d8 2,0- 3,2. &#8211; Rivet AL- FE : \u00d8 2.0 &#8211; 4.8. &#8211; Rivet A INOX- FE : \u00d8 2,0 &#8211; 4,8. &#8211; Rivet A INOX- A INOX : \u00d8 2.0 &#8211; 4.0.  <\/p>\n<table border=\"0\" cellspacing=\"0\">\n<colgroup span=\"3\" width=\"85\"><\/colgroup>\n<tbody>\n<tr>\n<td align=\"center\" bgcolor=\"#CD1619\" height=\"17\"><span style=\"color: #ffffff; font-family: Futura Std Condensed;\">Code<\/span><\/td>\n<td align=\"center\" bgcolor=\"#CD1619\"><span style=\"color: #ffffff; font-family: Futura Std Condensed;\">Nom de l&rsquo;entreprise<\/span><\/td>\n<td align=\"center\" bgcolor=\"#CD1619\"><span style=\"color: #ffffff; font-family: Futura Std Condensed;\">Capacit\u00e9<\/span><\/td>\n<\/tr>\n<tr>\n<td align=\"center\" bgcolor=\"#FFFFFF\" height=\"17\"><b><span style=\"color: #cd1619; font-family: Futura Std Condensed;\">3.200.011<\/span><\/b><\/td>\n<td align=\"center\" bgcolor=\"#FFFFFF\"><span style=\"color: #000000; font-family: Futura Std Condensed;\">EN-106 R<\/span><\/td>\n<td align=\"center\"><span style=\"color: #000000; font-family: Futura Std Condensed;\">2 &#8211; 4,8<\/span><\/td>\n<\/tr>\n<\/tbody>\n<\/table>\n<p>&nbsp;<\/p>\n","protected":false},"excerpt":{"rendered":"<p><img loading=\"lazy\" decoding=\"async\" class=\"alignleft wp-image-9044 size-full\" src=\"https:\/\/www.aircompressormpc.com\/wp-content\/uploads\/2022\/12\/ICONO-1.jpg\" alt=\"\" width=\"726\" height=\"166\" srcset=\"https:\/\/www.aircompressormpc.com\/wp-content\/uploads\/2022\/12\/ICONO-1.jpg 726w, https:\/\/www.aircompressormpc.com\/wp-content\/uploads\/2022\/12\/ICONO-1-300x69.jpg 300w, https:\/\/www.aircompressormpc.com\/wp-content\/uploads\/2022\/12\/ICONO-1-600x137.jpg 600w, https:\/\/www.aircompressormpc.com\/wp-content\/uploads\/2022\/12\/ICONO-1-64x15.jpg 64w\" sizes=\"auto, (max-width: 726px) 100vw, 726px\" \/><\/p>\n","protected":false},"featured_media":9043,"template":"","meta":[],"product_brand":[],"product_cat":[914,898],"product_tag":[1313,900],"class_list":{"0":"post-14778","1":"product","2":"type-product","3":"status-publish","4":"has-post-thumbnail","6":"product_cat-autre","7":"product_cat-outil-pneumatique","8":"product_tag-biseladora-fr","9":"product_tag-mpc-fr","11":"first","12":"instock","13":"shipping-taxable","14":"purchasable","15":"product-type-simple"},"aioseo_notices":[],"_links":{"self":[{"href":"https:\/\/www.aircompressormpc.com\/fr\/wp-json\/wp\/v2\/product\/14778","targetHints":{"allow":["GET"]}}],"collection":[{"href":"https:\/\/www.aircompressormpc.com\/fr\/wp-json\/wp\/v2\/product"}],"about":[{"href":"https:\/\/www.aircompressormpc.com\/fr\/wp-json\/wp\/v2\/types\/product"}],"wp:featuredmedia":[{"embeddable":true,"href":"https:\/\/www.aircompressormpc.com\/fr\/wp-json\/wp\/v2\/media\/9043"}],"wp:attachment":[{"href":"https:\/\/www.aircompressormpc.com\/fr\/wp-json\/wp\/v2\/media?parent=14778"}],"wp:term":[{"taxonomy":"product_brand","embeddable":true,"href":"https:\/\/www.aircompressormpc.com\/fr\/wp-json\/wp\/v2\/product_brand?post=14778"},{"taxonomy":"product_cat","embeddable":true,"href":"https:\/\/www.aircompressormpc.com\/fr\/wp-json\/wp\/v2\/product_cat?post=14778"},{"taxonomy":"product_tag","embeddable":true,"href":"https:\/\/www.aircompressormpc.com\/fr\/wp-json\/wp\/v2\/product_tag?post=14778"}],"curies":[{"name":"wp","href":"https:\/\/api.w.org\/{rel}","templated":true}]}}