{"id":14777,"date":"2023-02-16T12:14:35","date_gmt":"2023-02-16T12:14:35","guid":{"rendered":"https:\/\/www.aircompressormpc.com\/producto\/meuleuse-dangle-175-mm\/"},"modified":"2023-02-16T12:14:35","modified_gmt":"2023-02-16T12:14:35","slug":"meuleuse-dangle-175-mm","status":"publish","type":"product","link":"https:\/\/www.aircompressormpc.com\/fr\/producto\/meuleuse-dangle-175-mm\/","title":{"rendered":"MEULEUSE D&rsquo;ANGLE 175 MM"},"content":{"rendered":"<h1 class=\"LC20lb MBeuO DKV0Md\">EN-5104 POLISSEUSE ANGULAIRE 175mm<\/h1>\n<h3 class=\"LC20lb MBeuO DKV0Md\">Polisseuse d&rsquo;angle 175 mm. \u00e0 utiliser avec un b\u00e9ret, pour la remise en \u00e9tat des v\u00e9hicules.<\/h3>\n<table border=\"0\" frame=\"VOID\" rules=\"NONE\" cellspacing=\"0\">\n<colgroup>\n<col width=\"138\">\n<col width=\"138\">\n<col width=\"138\">\n<col width=\"138\">\n<col width=\"138\">\n<col width=\"138\"><\/colgroup>\n<tbody>\n<tr>\n<td align=\"CENTER\" bgcolor=\"#CD1619\" width=\"138\" height=\"17\"><b><span style=\"color: #ffffff;\">Code<\/span><\/b><\/td>\n<td align=\"CENTER\" bgcolor=\"#CD1619\" width=\"138\"><b><span style=\"color: #ffffff;\">Nom<\/span><\/b><\/td>\n<td align=\"CENTER\" bgcolor=\"#CD1619\" width=\"138\"><b><span style=\"color: #ffffff;\">Disque (mm)<\/span><\/b><\/td>\n<td align=\"CENTER\" bgcolor=\"#CD1619\" width=\"138\"><b><span style=\"color: #ffffff;\">R.p.m<\/span><\/b><\/td>\n<td align=\"CENTER\" bgcolor=\"#CD1619\" width=\"138\"><b><span style=\"color: #ffffff;\">Start-up<\/span><\/b><\/td>\n<td align=\"CENTER\" bgcolor=\"#CD1619\" width=\"138\"><b><span style=\"color: #ffffff;\">Sortie d&rsquo;air<\/span><\/b><\/td>\n<\/tr>\n<tr>\n<td align=\"CENTER\" bgcolor=\"#D2E0DA\" height=\"17\"><b><span style=\"color: #cd1619;\">3.200.222<\/span><\/b><\/td>\n<td align=\"CENTER\" bgcolor=\"#FFFFFF\"><span style=\"color: #000000;\">EN-5104<\/span><\/td>\n<td align=\"CENTER\"><span style=\"color: #000000;\">175<\/span><\/td>\n<td align=\"CENTER\"><span style=\"color: #000000;\">2500<\/span><\/td>\n<td align=\"CENTER\"><span style=\"color: #000000;\">Levier<\/span><\/td>\n<td align=\"CENTER\"><span style=\"color: #000000;\">Inf\u00e9rieur<\/span><\/td>\n<\/tr>\n<\/tbody>\n<\/table>\n<p>&nbsp;<\/p>\n","protected":false},"excerpt":{"rendered":"<p><img loading=\"lazy\" decoding=\"async\" class=\"alignleft wp-image-9533 size-full\" src=\"https:\/\/www.aircompressormpc.com\/wp-content\/uploads\/2023\/02\/ICONOS4.jpg\" alt=\"\" width=\"204\" height=\"196\" srcset=\"https:\/\/www.aircompressormpc.com\/wp-content\/uploads\/2023\/02\/ICONOS4.jpg 204w, https:\/\/www.aircompressormpc.com\/wp-content\/uploads\/2023\/02\/ICONOS4-64x61.jpg 64w\" sizes=\"auto, (max-width: 204px) 100vw, 204px\" \/><\/p>\n","protected":false},"featured_media":9529,"template":"","meta":[],"product_brand":[],"product_cat":[914,898],"product_tag":[900,1311],"class_list":{"0":"post-14777","1":"product","2":"type-product","3":"status-publish","4":"has-post-thumbnail","6":"product_cat-autre","7":"product_cat-outil-pneumatique","8":"product_tag-mpc-fr","9":"product_tag-sander-fr","11":"first","12":"instock","13":"shipping-taxable","14":"purchasable","15":"product-type-simple"},"aioseo_notices":[],"_links":{"self":[{"href":"https:\/\/www.aircompressormpc.com\/fr\/wp-json\/wp\/v2\/product\/14777","targetHints":{"allow":["GET"]}}],"collection":[{"href":"https:\/\/www.aircompressormpc.com\/fr\/wp-json\/wp\/v2\/product"}],"about":[{"href":"https:\/\/www.aircompressormpc.com\/fr\/wp-json\/wp\/v2\/types\/product"}],"wp:featuredmedia":[{"embeddable":true,"href":"https:\/\/www.aircompressormpc.com\/fr\/wp-json\/wp\/v2\/media\/9529"}],"wp:attachment":[{"href":"https:\/\/www.aircompressormpc.com\/fr\/wp-json\/wp\/v2\/media?parent=14777"}],"wp:term":[{"taxonomy":"product_brand","embeddable":true,"href":"https:\/\/www.aircompressormpc.com\/fr\/wp-json\/wp\/v2\/product_brand?post=14777"},{"taxonomy":"product_cat","embeddable":true,"href":"https:\/\/www.aircompressormpc.com\/fr\/wp-json\/wp\/v2\/product_cat?post=14777"},{"taxonomy":"product_tag","embeddable":true,"href":"https:\/\/www.aircompressormpc.com\/fr\/wp-json\/wp\/v2\/product_tag?post=14777"}],"curies":[{"name":"wp","href":"https:\/\/api.w.org\/{rel}","templated":true}]}}