{"id":14773,"date":"2023-02-16T12:51:40","date_gmt":"2023-02-16T12:51:40","guid":{"rendered":"https:\/\/www.aircompressormpc.com\/producto\/ponceuse-a-brosse\/"},"modified":"2023-02-16T12:51:40","modified_gmt":"2023-02-16T12:51:40","slug":"ponceuse-a-brosse","status":"publish","type":"product","link":"https:\/\/www.aircompressormpc.com\/fr\/producto\/ponceuse-a-brosse\/","title":{"rendered":"PONCEUSE \u00c0 BROSSE"},"content":{"rendered":"<h1 class=\"LC20lb MBeuO DKV0Md\">EN-4000 MACHINE \u00c0 PONCER LES BROSSES<\/h1>\n<h3 class=\"LC20lb MBeuO DKV0Md\">Ponceuse \u00e0 rouleaux adapt\u00e9e aux rouleaux \u00e0 brosses.<br \/>\nParticuli\u00e8rement adapt\u00e9e au nettoyage et au d\u00e9capage des surfaces. <\/h3>\n<table border=\"0\" frame=\"VOID\" rules=\"NONE\" cellspacing=\"0\">\n<colgroup>\n<col width=\"138\">\n<col width=\"138\">\n<col width=\"138\">\n<col width=\"138\">\n<col width=\"138\">\n<col width=\"138\">\n<col width=\"138\">\n<col width=\"138\"><\/colgroup>\n<tbody>\n<tr>\n<td align=\"CENTER\" bgcolor=\"#CD1619\" width=\"138\" height=\"34\"><span style=\"color: #ffffff;\">Code<\/span><\/td>\n<td align=\"CENTER\" bgcolor=\"#CD1619\" width=\"138\"><span style=\"color: #ffffff;\">Nom<\/span><\/td>\n<td align=\"CENTER\" bgcolor=\"#CD1619\" width=\"138\"><span style=\"color: #ffffff;\">Brosse (mm)<\/span><\/td>\n<td align=\"CENTER\" bgcolor=\"#CD1619\" width=\"138\"><span style=\"color: #ffffff;\">R.p.m<\/span><\/td>\n<td align=\"CENTER\" bgcolor=\"#CD1619\" width=\"138\"><span style=\"color: #ffffff;\">Puissance \/ Pression acoustique (dBa)<\/span><\/td>\n<td align=\"CENTER\" bgcolor=\"#CD1619\" width=\"138\"><span style=\"color: #ffffff;\">Vibration maximale (m\/s2)<\/span><\/td>\n<td align=\"CENTER\" bgcolor=\"#CD1619\" width=\"138\"><span style=\"color: #ffffff;\">Largeur x Longueur (mm)<\/span><\/td>\n<td align=\"CENTER\" bgcolor=\"#CD1619\" width=\"138\"><span style=\"color: #ffffff;\">Sortie d&rsquo;air<\/span><\/td>\n<\/tr>\n<tr>\n<td align=\"CENTER\" bgcolor=\"#D2E0DA\" height=\"17\"><b><span style=\"color: #cd1619;\">3.200.069<\/span><\/b><\/td>\n<td align=\"CENTER\" bgcolor=\"#FFFFFF\"><span style=\"color: #000000;\">EN-4000<\/span><\/td>\n<td align=\"CENTER\"><span style=\"color: #000000;\">\u00d8100 x 20<\/span><\/td>\n<td align=\"CENTER\"><span style=\"color: #000000;\">3500<\/span><\/td>\n<td align=\"CENTER\"><span style=\"color: #000000;\">94\/88<\/span><\/td>\n<td align=\"CENTER\"><span style=\"color: #000000;\">04\/04\/23<\/span><\/td>\n<td align=\"CENTER\"><span style=\"color: #000000;\">160 x 320<\/span><\/td>\n<td align=\"CENTER\"><span style=\"color: #000000;\">Arri\u00e8re<\/span><\/td>\n<\/tr>\n<\/tbody>\n<\/table>\n<p>&nbsp;<\/p>\n<table border=\"0\" frame=\"VOID\" rules=\"NONE\" cellspacing=\"0\">\n<colgroup>\n<col width=\"138\">\n<col width=\"263\"><\/colgroup>\n<tbody>\n<tr>\n<td colspan=\"2\" align=\"CENTER\" width=\"402\" height=\"17\"><span style=\"color: #000000;\">Adaptateur et brosses<\/span><\/td>\n<\/tr>\n<tr>\n<td align=\"CENTER\" bgcolor=\"#CD1619\" height=\"33\"><b><span style=\"color: #ffffff;\">Code<\/span><\/b><\/td>\n<td align=\"CENTER\" bgcolor=\"#CD1619\"><span style=\"color: #ffffff;\">Caract\u00e9ristiques <\/span><\/td>\n<\/tr>\n<tr>\n<td align=\"CENTER\" bgcolor=\"#D2E0DA\" height=\"17\"><b><span style=\"color: #cd1619;\">3.200.070<\/span><\/b><\/td>\n<td align=\"CENTER\"><span style=\"color: #000000;\">Adaptateur de brosse<\/span><\/td>\n<\/tr>\n<tr>\n<td align=\"CENTER\" bgcolor=\"#D2E0DA\" height=\"32\"><b><span style=\"color: #cd1619;\">3.200.071<\/span><\/b><\/td>\n<td align=\"CENTER\"><span style=\"color: #000000;\">Brosse grossi\u00e8re (bande noire)<\/span><\/td>\n<\/tr>\n<tr>\n<td align=\"CENTER\" bgcolor=\"#D2E0DA\" height=\"32\"><b><span style=\"color: #cd1619;\">3.200.072<\/span><\/b><\/td>\n<td align=\"CENTER\"><span style=\"color: #000000;\">Pinceau moyen (bande orange)<\/span><\/td>\n<\/tr>\n<tr>\n<td align=\"CENTER\" bgcolor=\"#D2E0DA\" height=\"17\"><b><span style=\"color: #cd1619;\">3.200.073<\/span><\/b><\/td>\n<td align=\"CENTER\"><span style=\"color: #000000;\">Brosse fine (bande noire)<\/span><\/td>\n<\/tr>\n<tr>\n<td align=\"CENTER\" bgcolor=\"#D2E0DA\" height=\"32\"><b><span style=\"color: #cd1619;\">3.200.075<\/span><\/b><\/td>\n<td align=\"CENTER\"><span style=\"color: #000000;\">Brosse en caoutchouc dent\u00e9e<\/span><\/td>\n<\/tr>\n<\/tbody>\n<\/table>\n","protected":false},"excerpt":{"rendered":"<p><img loading=\"lazy\" decoding=\"async\" class=\"alignleft wp-image-9545 size-full\" src=\"https:\/\/www.aircompressormpc.com\/wp-content\/uploads\/2023\/02\/ICONOS-069.jpg\" alt=\"\" width=\"215\" height=\"202\" srcset=\"https:\/\/www.aircompressormpc.com\/wp-content\/uploads\/2023\/02\/ICONOS-069.jpg 215w, https:\/\/www.aircompressormpc.com\/wp-content\/uploads\/2023\/02\/ICONOS-069-64x60.jpg 64w\" sizes=\"auto, (max-width: 215px) 100vw, 215px\" \/><\/p>\n","protected":false},"featured_media":9544,"template":"","meta":[],"product_brand":[],"product_cat":[898,1200],"product_tag":[900,1311],"class_list":{"0":"post-14773","1":"product","2":"type-product","3":"status-publish","4":"has-post-thumbnail","6":"product_cat-outil-pneumatique","7":"product_cat-ponceuses","8":"product_tag-mpc-fr","9":"product_tag-sander-fr","11":"first","12":"instock","13":"shipping-taxable","14":"purchasable","15":"product-type-simple"},"aioseo_notices":[],"_links":{"self":[{"href":"https:\/\/www.aircompressormpc.com\/fr\/wp-json\/wp\/v2\/product\/14773","targetHints":{"allow":["GET"]}}],"collection":[{"href":"https:\/\/www.aircompressormpc.com\/fr\/wp-json\/wp\/v2\/product"}],"about":[{"href":"https:\/\/www.aircompressormpc.com\/fr\/wp-json\/wp\/v2\/types\/product"}],"wp:featuredmedia":[{"embeddable":true,"href":"https:\/\/www.aircompressormpc.com\/fr\/wp-json\/wp\/v2\/media\/9544"}],"wp:attachment":[{"href":"https:\/\/www.aircompressormpc.com\/fr\/wp-json\/wp\/v2\/media?parent=14773"}],"wp:term":[{"taxonomy":"product_brand","embeddable":true,"href":"https:\/\/www.aircompressormpc.com\/fr\/wp-json\/wp\/v2\/product_brand?post=14773"},{"taxonomy":"product_cat","embeddable":true,"href":"https:\/\/www.aircompressormpc.com\/fr\/wp-json\/wp\/v2\/product_cat?post=14773"},{"taxonomy":"product_tag","embeddable":true,"href":"https:\/\/www.aircompressormpc.com\/fr\/wp-json\/wp\/v2\/product_tag?post=14773"}],"curies":[{"name":"wp","href":"https:\/\/api.w.org\/{rel}","templated":true}]}}