{"id":14772,"date":"2022-12-01T11:45:05","date_gmt":"2022-12-01T11:45:05","guid":{"rendered":"https:\/\/www.aircompressormpc.com\/producto\/2-4-4-8-machine-a-riveter-mallette-essentiel-kit\/"},"modified":"2022-12-01T11:45:05","modified_gmt":"2022-12-01T11:45:05","slug":"2-4-4-8-machine-a-riveter-mallette-essentiel-kit","status":"publish","type":"product","link":"https:\/\/www.aircompressormpc.com\/fr\/producto\/2-4-4-8-machine-a-riveter-mallette-essentiel-kit\/","title":{"rendered":"2.4-4.8 machine \u00e0 riveter + mallette (ESSENTIEL) KIT"},"content":{"rendered":"<h1 class=\"LC20lb MBeuO DKV0Md\">KIT DE MACHINE \u00c0 RIVETER PNEUMATIQUE<\/h1>\n<h3 class=\"LC20lb MBeuO DKV0Md\">Kit de r\u00e9paration et d&rsquo;entretien avec machine \u00e0 riveter.<\/h3>\n<p>  Capacit\u00e9 : -Remache AL-AL : \u00d8 2,0 &#8211; 4,8. Rivet -FE-FE : \u00d8 2,0- 3,2. Rivet -AL-FE : \u00d8 2,0 &#8211; 4,8. -Rivet A INOX- FE : \u00d8 2,0 &#8211; 4,8. -A INOX- A INOX : \u00d8 2.0 &#8211; 4.0.  <\/p>\n<table border=\"0\" cellspacing=\"0\">\n<colgroup span=\"2\" width=\"85\"><\/colgroup>\n<tbody>\n<tr>\n<td align=\"center\" bgcolor=\"#D80000\" height=\"17\"><b><span style=\"color: #ffffff; font-family: Futura Std Condensed;\">Code<\/span><\/b><\/td>\n<td align=\"center\" bgcolor=\"#D80000\"><b><span style=\"color: #ffffff; font-family: Futura Std Condensed;\">Nom de l&rsquo;entreprise<\/span><\/b><\/td>\n<\/tr>\n<tr>\n<td align=\"center\" bgcolor=\"#FFFFFF\" height=\"17\"><b><span style=\"color: #d80000; font-family: Futura Std Condensed;\">3.200.099<\/span><\/b><\/td>\n<td align=\"center\" bgcolor=\"#FFFFFF\"><span style=\"color: #000000; font-family: Futura Std Condensed; font-size: xx-small;\">EN-B106K<\/span><\/td>\n<\/tr>\n<\/tbody>\n<\/table>\n<p>&nbsp;<\/p>\n","protected":false},"excerpt":{"rendered":"<p><img loading=\"lazy\" decoding=\"async\" class=\"alignnone size-medium wp-image-8370\" src=\"https:\/\/www.aircompressormpc.com\/wp-content\/uploads\/2022\/11\/ICONO-300x160.jpg\" alt=\"\" width=\"300\" height=\"160\" srcset=\"https:\/\/www.aircompressormpc.com\/wp-content\/uploads\/2022\/11\/ICONO-300x160.jpg 300w, https:\/\/www.aircompressormpc.com\/wp-content\/uploads\/2022\/11\/ICONO-64x34.jpg 64w, https:\/\/www.aircompressormpc.com\/wp-content\/uploads\/2022\/11\/ICONO.jpg 308w\" sizes=\"auto, (max-width: 300px) 100vw, 300px\" \/><\/p>\n","protected":false},"featured_media":9055,"template":"","meta":[],"product_brand":[],"product_cat":[914,898],"product_tag":[1315,900],"class_list":{"0":"post-14772","1":"product","2":"type-product","3":"status-publish","4":"has-post-thumbnail","6":"product_cat-autre","7":"product_cat-outil-pneumatique","8":"product_tag-machine-a-riveter","9":"product_tag-mpc-fr","11":"first","12":"instock","13":"shipping-taxable","14":"purchasable","15":"product-type-simple"},"aioseo_notices":[],"_links":{"self":[{"href":"https:\/\/www.aircompressormpc.com\/fr\/wp-json\/wp\/v2\/product\/14772","targetHints":{"allow":["GET"]}}],"collection":[{"href":"https:\/\/www.aircompressormpc.com\/fr\/wp-json\/wp\/v2\/product"}],"about":[{"href":"https:\/\/www.aircompressormpc.com\/fr\/wp-json\/wp\/v2\/types\/product"}],"wp:featuredmedia":[{"embeddable":true,"href":"https:\/\/www.aircompressormpc.com\/fr\/wp-json\/wp\/v2\/media\/9055"}],"wp:attachment":[{"href":"https:\/\/www.aircompressormpc.com\/fr\/wp-json\/wp\/v2\/media?parent=14772"}],"wp:term":[{"taxonomy":"product_brand","embeddable":true,"href":"https:\/\/www.aircompressormpc.com\/fr\/wp-json\/wp\/v2\/product_brand?post=14772"},{"taxonomy":"product_cat","embeddable":true,"href":"https:\/\/www.aircompressormpc.com\/fr\/wp-json\/wp\/v2\/product_cat?post=14772"},{"taxonomy":"product_tag","embeddable":true,"href":"https:\/\/www.aircompressormpc.com\/fr\/wp-json\/wp\/v2\/product_tag?post=14772"}],"curies":[{"name":"wp","href":"https:\/\/api.w.org\/{rel}","templated":true}]}}