{"id":14760,"date":"2023-02-17T11:22:15","date_gmt":"2023-02-17T11:22:15","guid":{"rendered":"https:\/\/www.aircompressormpc.com\/producto\/boitier-en-polymere-de-lequilibreur\/"},"modified":"2023-02-17T11:22:15","modified_gmt":"2023-02-17T11:22:15","slug":"boitier-en-polymere-de-lequilibreur","status":"publish","type":"product","link":"https:\/\/www.aircompressormpc.com\/fr\/producto\/boitier-en-polymere-de-lequilibreur\/","title":{"rendered":"BO\u00ceTIER EN POLYM\u00c8RE DE L&rsquo;\u00c9QUILIBREUR"},"content":{"rendered":"<h1 class=\"LC20lb MBeuO DKV0Md\">EN-IRW0 BALANCER 0.5-1.5KG<\/h1>\n<p>  &#8211; Equilibreur de 0,5 \u00e0 5 kg. avec r\u00e9glage de la r\u00e9sistance.<br \/>\n* Comprend les crampons et les fixations.   <\/p>\n<table border=\"0\" frame=\"VOID\" rules=\"NONE\" cellspacing=\"0\">\n<colgroup>\n<col width=\"138\">\n<col width=\"138\">\n<col width=\"138\">\n<col width=\"138\">\n<col width=\"138\">\n<col width=\"138\"><\/colgroup>\n<tbody>\n<tr>\n<td align=\"CENTER\" bgcolor=\"#CC1718\" width=\"138\" height=\"17\"><b><span style=\"color: #ffffff;\">Code<\/span><\/b><\/td>\n<td align=\"CENTER\" bgcolor=\"#CC1718\" width=\"138\"><b><span style=\"color: #ffffff;\">Nom<\/span><\/b><\/td>\n<td align=\"CENTER\" bgcolor=\"#CC1718\" width=\"138\"><b><span style=\"color: #ffffff;\">Capacit\u00e9 (Kg.)<\/span><\/b><\/td>\n<td align=\"CENTER\" bgcolor=\"#CC1718\" width=\"138\"><b><span style=\"color: #ffffff;\">Course du c\u00e2ble d&rsquo;acier (m)<\/span><\/b><\/td>\n<td align=\"CENTER\" bgcolor=\"#CC1718\" width=\"138\"><b><span style=\"color: #ffffff;\">Poids (Kg)<\/span><\/b><\/td>\n<td align=\"CENTER\" bgcolor=\"#CC1718\" width=\"138\"><b><span style=\"color: #ffffff;\">Hauteur x Largeur (mm)<\/span><\/b><\/td>\n<\/tr>\n<tr>\n<td align=\"CENTER\" bgcolor=\"#E6E6E6\" height=\"17\"><b><span style=\"color: #cc1718;\">3.200.066<\/span><\/b><\/td>\n<td align=\"CENTER\"><span style=\"color: #000000;\">EN-IRW0<\/span><\/td>\n<td align=\"CENTER\"><span style=\"color: #000000;\">0,5 &#8211; 1,5  <\/span><\/td>\n<td align=\"CENTER\"><span style=\"color: #000000;\">2<\/span><\/td>\n<td align=\"CENTER\"><span style=\"color: #000000;\">0,5<\/span><\/td>\n<td align=\"CENTER\"><span style=\"color: #000000;\">  223 x 106  <\/span><\/td>\n<\/tr>\n<tr>\n<td align=\"CENTER\" bgcolor=\"#E6E6E6\" height=\"17\"><b><span style=\"color: #cc1718;\">3.200.067<\/span><\/b><\/td>\n<td align=\"CENTER\"><span style=\"color: #000000;\">EN-IRW3<\/span><\/td>\n<td align=\"CENTER\"><span style=\"color: #000000;\">1,0 &#8211; 3,0  <\/span><\/td>\n<td align=\"CENTER\"><span style=\"color: #000000;\">2<\/span><\/td>\n<td align=\"CENTER\"><span style=\"color: #000000;\">0,7<\/span><\/td>\n<td align=\"CENTER\"><span style=\"color: #000000;\">223 x 106<\/span><\/td>\n<\/tr>\n<tr>\n<td align=\"CENTER\" bgcolor=\"#E6E6E6\" height=\"17\"><b><span style=\"color: #cc1718;\">3.200.068<\/span><\/b><\/td>\n<td align=\"CENTER\"><span style=\"color: #000000;\">EN-IRW5<\/span><\/td>\n<td align=\"CENTER\"><span style=\"color: #000000;\">2,5 &#8211; 5,0  <\/span><\/td>\n<td align=\"CENTER\"><span style=\"color: #000000;\">2<\/span><\/td>\n<td align=\"CENTER\"><span style=\"color: #000000;\">0,9<\/span><\/td>\n<td align=\"CENTER\"><span style=\"color: #000000;\">223 x 106<\/span><\/td>\n<\/tr>\n<\/tbody>\n<\/table>\n","protected":false},"excerpt":{"rendered":"<p>EN-IRW0 BALANCER 0.5-1.5KG &#8211; Equilibreur de 0,5 \u00e0 5 kg. avec r\u00e9glage de la r\u00e9sistance. * Comprend les crampons et les fixations. Code Nom Capacit\u00e9 (Kg.) Course du c\u00e2ble d&rsquo;acier (m) Poids (Kg) Hauteur x Largeur (mm) 3.200.066 EN-IRW0 0,5 &#8211; 1,5 2 0,5 223 x 106 3.200.067 EN-IRW3 1,0 &#8211; 3,0 2 0,7 223&hellip;<\/p>\n","protected":false},"featured_media":9613,"template":"","meta":[],"product_brand":[],"product_cat":[898,1199],"product_tag":[900,1311],"class_list":{"0":"post-14760","1":"product","2":"type-product","3":"status-publish","4":"has-post-thumbnail","6":"product_cat-outil-pneumatique","7":"product_cat-equilibreurs","8":"product_tag-mpc-fr","9":"product_tag-sander-fr","11":"first","12":"instock","13":"shipping-taxable","14":"purchasable","15":"product-type-simple"},"aioseo_notices":[],"_links":{"self":[{"href":"https:\/\/www.aircompressormpc.com\/fr\/wp-json\/wp\/v2\/product\/14760","targetHints":{"allow":["GET"]}}],"collection":[{"href":"https:\/\/www.aircompressormpc.com\/fr\/wp-json\/wp\/v2\/product"}],"about":[{"href":"https:\/\/www.aircompressormpc.com\/fr\/wp-json\/wp\/v2\/types\/product"}],"wp:featuredmedia":[{"embeddable":true,"href":"https:\/\/www.aircompressormpc.com\/fr\/wp-json\/wp\/v2\/media\/9613"}],"wp:attachment":[{"href":"https:\/\/www.aircompressormpc.com\/fr\/wp-json\/wp\/v2\/media?parent=14760"}],"wp:term":[{"taxonomy":"product_brand","embeddable":true,"href":"https:\/\/www.aircompressormpc.com\/fr\/wp-json\/wp\/v2\/product_brand?post=14760"},{"taxonomy":"product_cat","embeddable":true,"href":"https:\/\/www.aircompressormpc.com\/fr\/wp-json\/wp\/v2\/product_cat?post=14760"},{"taxonomy":"product_tag","embeddable":true,"href":"https:\/\/www.aircompressormpc.com\/fr\/wp-json\/wp\/v2\/product_tag?post=14760"}],"curies":[{"name":"wp","href":"https:\/\/api.w.org\/{rel}","templated":true}]}}