{"id":14759,"date":"2023-02-17T11:59:05","date_gmt":"2023-02-17T11:59:05","guid":{"rendered":"https:\/\/www.aircompressormpc.com\/producto\/equilibreur-de-la-serie-industrielle\/"},"modified":"2023-02-17T11:59:05","modified_gmt":"2023-02-17T11:59:05","slug":"equilibreur-de-la-serie-industrielle","status":"publish","type":"product","link":"https:\/\/www.aircompressormpc.com\/fr\/producto\/equilibreur-de-la-serie-industrielle\/","title":{"rendered":"\u00c9QUILIBREUR DE LA S\u00c9RIE INDUSTRIELLE"},"content":{"rendered":"<h1 class=\"LC20lb MBeuO DKV0Md\">EN-TW15 BALANCER<\/h1>\n<p>  Equilibreur industriel avec bo\u00eetier ouvert et r\u00e9gulation de la tension.  <\/p>\n<table border=\"0\" frame=\"VOID\" rules=\"NONE\" cellspacing=\"0\">\n<colgroup>\n<col width=\"138\">\n<col width=\"138\">\n<col width=\"138\">\n<col width=\"138\">\n<col width=\"138\">\n<col width=\"138\"><\/colgroup>\n<tbody>\n<tr>\n<td align=\"CENTER\" bgcolor=\"#D80000\" width=\"138\" height=\"17\"><b><span style=\"color: #ffffff;\">Code<\/span><\/b><\/td>\n<td align=\"CENTER\" bgcolor=\"#D80000\" width=\"138\"><b><span style=\"color: #ffffff;\">Capacit\u00e9 (Kg)<\/span><\/b><\/td>\n<td align=\"CENTER\" bgcolor=\"#D80000\" width=\"138\"><b><span style=\"color: #ffffff;\">C\u00e2ble d&rsquo;acier Course (m)<\/span><\/b><\/td>\n<td align=\"CENTER\" bgcolor=\"#D80000\" width=\"138\"><b><span style=\"color: #ffffff;\">Mat\u00e9riau du bo\u00eetier<\/span><\/b><\/td>\n<td align=\"CENTER\" bgcolor=\"#D80000\" width=\"138\"><b><span style=\"color: #ffffff;\">Poids (Kg)<\/span><\/b><\/td>\n<td align=\"CENTER\" bgcolor=\"#D80000\" width=\"138\"><b><span style=\"color: #ffffff;\">Hauteur x Largeur (mm)<\/span><\/b><\/td>\n<\/tr>\n<tr>\n<td align=\"CENTER\" bgcolor=\"#E6E6E6\" height=\"17\"><b><span style=\"color: #d80000;\">3.200.181<\/span><\/b><\/td>\n<td align=\"CENTER\"><span style=\"color: #000000;\">01\/09\/15<\/span><\/td>\n<td align=\"CENTER\"><span style=\"color: #000000;\">1,3<\/span><\/td>\n<td align=\"CENTER\"><span style=\"color: #000000;\">M\u00e9tallique<\/span><\/td>\n<td align=\"CENTER\"><span style=\"color: #000000;\">3,8<\/span><\/td>\n<td align=\"CENTER\"><span style=\"color: #000000;\">340 x 190<\/span><\/td>\n<\/tr>\n<tr>\n<td align=\"CENTER\" bgcolor=\"#E6E6E6\" height=\"17\"><b><span style=\"color: #d80000;\">3.200.182<\/span><\/b><\/td>\n<td align=\"CENTER\"><span style=\"color: #000000;\">15-22<\/span><\/td>\n<td align=\"CENTER\"><span style=\"color: #000000;\">1,5<\/span><\/td>\n<td align=\"CENTER\"><span style=\"color: #000000;\">M\u00e9tallique<\/span><\/td>\n<td align=\"CENTER\"><span style=\"color: #000000;\">7,2<\/span><\/td>\n<td align=\"CENTER\"><span style=\"color: #000000;\">428 x 220<\/span><\/td>\n<\/tr>\n<tr>\n<td align=\"CENTER\" bgcolor=\"#E6E6E6\" height=\"17\"><b><span style=\"color: #d80000;\">3.200.183<\/span><\/b><\/td>\n<td align=\"CENTER\"><span style=\"color: #000000;\">22-30<\/span><\/td>\n<td align=\"CENTER\"><span style=\"color: #000000;\">1,5<\/span><\/td>\n<td align=\"CENTER\"><span style=\"color: #000000;\">M\u00e9tallique<\/span><\/td>\n<td align=\"CENTER\"><span style=\"color: #000000;\">7,6<\/span><\/td>\n<td align=\"CENTER\"><span style=\"color: #000000;\">428 x 220<\/span><\/td>\n<\/tr>\n<tr>\n<td align=\"CENTER\" bgcolor=\"#E6E6E6\" height=\"17\"><b><span style=\"color: #d80000;\">3.200.184<\/span><\/b><\/td>\n<td align=\"CENTER\"><span style=\"color: #000000;\">30-40<\/span><\/td>\n<td align=\"CENTER\"><span style=\"color: #000000;\">1,5<\/span><\/td>\n<td align=\"CENTER\"><span style=\"color: #000000;\">M\u00e9tallique<\/span><\/td>\n<td align=\"CENTER\"><span style=\"color: #000000;\">9,8<\/span><\/td>\n<td align=\"CENTER\"><span style=\"color: #000000;\">428 x 220<\/span><\/td>\n<\/tr>\n<tr>\n<td align=\"CENTER\" bgcolor=\"#E6E6E6\" height=\"17\"><b><span style=\"color: #d80000;\">3.200.185<\/span><\/b><\/td>\n<td align=\"CENTER\"><span style=\"color: #000000;\">40-50<\/span><\/td>\n<td align=\"CENTER\"><span style=\"color: #000000;\">1,5<\/span><\/td>\n<td align=\"CENTER\"><span style=\"color: #000000;\">M\u00e9tallique<\/span><\/td>\n<td align=\"CENTER\"><span style=\"color: #000000;\">10,4<\/span><\/td>\n<td align=\"CENTER\"><span style=\"color: #000000;\">428 x 220<\/span><\/td>\n<\/tr>\n<tr>\n<td align=\"CENTER\" bgcolor=\"#E6E6E6\" height=\"17\"><b><span style=\"color: #d80000;\">3.200.186<\/span><\/b><\/td>\n<td align=\"CENTER\"><span style=\"color: #000000;\">50-60<\/span><\/td>\n<td align=\"CENTER\"><span style=\"color: #000000;\">1,5<\/span><\/td>\n<td align=\"CENTER\"><span style=\"color: #000000;\">M\u00e9tallique<\/span><\/td>\n<td align=\"CENTER\"><span style=\"color: #000000;\">11,6<\/span><\/td>\n<td align=\"CENTER\"><span style=\"color: #000000;\">428 x 220<\/span><\/td>\n<\/tr>\n<tr>\n<td align=\"CENTER\" bgcolor=\"#E6E6E6\" height=\"17\"><b><span style=\"color: #d80000;\">3.200.187<\/span><\/b><\/td>\n<td align=\"CENTER\"><span style=\"color: #000000;\">4.5-9.0<\/span><\/td>\n<td align=\"CENTER\"><span style=\"color: #000000;\">1,5<\/span><\/td>\n<td align=\"CENTER\"><span style=\"color: #000000;\">M\u00e9tallique<\/span><\/td>\n<td align=\"CENTER\"><span style=\"color: #000000;\">3,4<\/span><\/td>\n<td align=\"CENTER\"><span style=\"color: #000000;\">340 x 190<\/span><\/td>\n<\/tr>\n<tr>\n<td align=\"CENTER\" bgcolor=\"#E6E6E6\" height=\"17\"><b><span style=\"color: #d80000;\">3.200.188<\/span><\/b><\/td>\n<td align=\"CENTER\"><span style=\"color: #000000;\">60-70<\/span><\/td>\n<td align=\"CENTER\"><span style=\"color: #000000;\">1,5<\/span><\/td>\n<td align=\"CENTER\"><span style=\"color: #000000;\">M\u00e9tallique<\/span><\/td>\n<td align=\"CENTER\"><span style=\"color: #000000;\">11,8<\/span><\/td>\n<td align=\"CENTER\"><span style=\"color: #000000;\">428 x 220<\/span><\/td>\n<\/tr>\n<tr>\n<td align=\"CENTER\" bgcolor=\"#E6E6E6\" height=\"17\"><b><span style=\"color: #d80000;\">3.200.189<\/span><\/b><\/td>\n<td align=\"CENTER\"><span style=\"color: #000000;\">70 &#8211; 90<\/span><\/td>\n<td align=\"CENTER\"><span style=\"color: #000000;\">2,1<\/span><\/td>\n<td align=\"CENTER\"><span style=\"color: #000000;\">M\u00e9tallique<\/span><\/td>\n<td align=\"CENTER\"><span style=\"color: #000000;\">27<\/span><\/td>\n<td align=\"CENTER\"><span style=\"color: #000000;\">490 x 350<\/span><\/td>\n<\/tr>\n<\/tbody>\n<\/table>\n<p>&nbsp;<\/p>\n","protected":false},"excerpt":{"rendered":"<p>EN-TW15 BALANCER Equilibreur industriel avec bo\u00eetier ouvert et r\u00e9gulation de la tension. Code Capacit\u00e9 (Kg) C\u00e2ble d&rsquo;acier Course (m) Mat\u00e9riau du bo\u00eetier Poids (Kg) Hauteur x Largeur (mm) 3.200.181 01\/09\/15 1,3 M\u00e9tallique 3,8 340 x 190 3.200.182 15-22 1,5 M\u00e9tallique 7,2 428 x 220 3.200.183 22-30 1,5 M\u00e9tallique 7,6 428 x 220 3.200.184 30-40 1,5&hellip;<\/p>\n","protected":false},"featured_media":9622,"template":"","meta":[],"product_brand":[],"product_cat":[898,1199],"product_tag":[900,1311],"class_list":{"0":"post-14759","1":"product","2":"type-product","3":"status-publish","4":"has-post-thumbnail","6":"product_cat-outil-pneumatique","7":"product_cat-equilibreurs","8":"product_tag-mpc-fr","9":"product_tag-sander-fr","11":"first","12":"instock","13":"shipping-taxable","14":"purchasable","15":"product-type-simple"},"aioseo_notices":[],"_links":{"self":[{"href":"https:\/\/www.aircompressormpc.com\/fr\/wp-json\/wp\/v2\/product\/14759","targetHints":{"allow":["GET"]}}],"collection":[{"href":"https:\/\/www.aircompressormpc.com\/fr\/wp-json\/wp\/v2\/product"}],"about":[{"href":"https:\/\/www.aircompressormpc.com\/fr\/wp-json\/wp\/v2\/types\/product"}],"wp:featuredmedia":[{"embeddable":true,"href":"https:\/\/www.aircompressormpc.com\/fr\/wp-json\/wp\/v2\/media\/9622"}],"wp:attachment":[{"href":"https:\/\/www.aircompressormpc.com\/fr\/wp-json\/wp\/v2\/media?parent=14759"}],"wp:term":[{"taxonomy":"product_brand","embeddable":true,"href":"https:\/\/www.aircompressormpc.com\/fr\/wp-json\/wp\/v2\/product_brand?post=14759"},{"taxonomy":"product_cat","embeddable":true,"href":"https:\/\/www.aircompressormpc.com\/fr\/wp-json\/wp\/v2\/product_cat?post=14759"},{"taxonomy":"product_tag","embeddable":true,"href":"https:\/\/www.aircompressormpc.com\/fr\/wp-json\/wp\/v2\/product_tag?post=14759"}],"curies":[{"name":"wp","href":"https:\/\/api.w.org\/{rel}","templated":true}]}}