{"id":14758,"date":"2023-02-17T10:46:28","date_gmt":"2023-02-17T10:46:28","guid":{"rendered":"https:\/\/www.aircompressormpc.com\/producto\/equilibreur-de-tuyaux-integre\/"},"modified":"2024-08-01T08:01:58","modified_gmt":"2024-08-01T08:01:58","slug":"equilibreur-de-tuyaux-integre","status":"publish","type":"product","link":"https:\/\/www.aircompressormpc.com\/fr\/producto\/equilibreur-de-tuyaux-integre\/","title":{"rendered":"\u00c9QUILIBREUR DE TUYAUX INT\u00c9GR\u00c9"},"content":{"rendered":"<h1 class=\"LC20lb MBeuO DKV0Md\">EN-W0 BALANCEUR AVEC POIGNEE 0.5-1.5 Kg<\/h1>\n<p>  &#8211; Mod\u00e8le 3.200.285 : 0,5 &#8211; 1,5 Kg.<br \/>\n&#8211; Mod\u00e8le 3.200.289 : 1,0-3,0 Kg.<br \/>\n&#8211; Mod\u00e8le 3.200.288 : 2,5-5,0 Kg.    <\/p>\n<table border=\"0\" frame=\"VOID\" rules=\"NONE\" cellspacing=\"0\">\n<colgroup>\n<col width=\"138\">\n<col width=\"138\">\n<col width=\"138\">\n<col width=\"138\">\n<col width=\"138\">\n<col width=\"138\">\n<col width=\"138\">\n<col width=\"138\">\n<col width=\"138\">\n<col width=\"138\"><\/colgroup>\n<tbody>\n<tr>\n<td align=\"CENTER\" bgcolor=\"#CC1718\" width=\"138\" height=\"17\"><b><span style=\"color: #ffffff;\">Code<\/span><\/b><\/td>\n<td align=\"CENTER\" bgcolor=\"#CC1718\" width=\"138\"><b><span style=\"color: #ffffff;\">Nom de l&rsquo;appareil<\/span><\/b><\/td>\n<td align=\"CENTER\" bgcolor=\"#CC1718\" width=\"138\"><b><span style=\"color: #ffffff;\">Capacit\u00e9 (Kg.)<\/span><\/b><\/td>\n<td align=\"CENTER\" bgcolor=\"#CC1718\" width=\"138\"><b><span style=\"color: #ffffff;\">\u00d8 Int. (mm)<\/span><\/b><\/td>\n<td align=\"CENTER\" bgcolor=\"#CC1718\" width=\"138\"><b><span style=\"color: #ffffff;\">\u00d8 Ext. (mm)<\/span><\/b><\/td>\n<td align=\"CENTER\" bgcolor=\"#CC1718\" width=\"138\"><b><span style=\"color: #ffffff;\">Course du tuyau (m)<\/span><\/b><\/td>\n<td align=\"CENTER\" bgcolor=\"#CC1718\" width=\"138\"><b><span style=\"color: #ffffff;\">Poids (Kg)<\/span><\/b><\/td>\n<td align=\"CENTER\" bgcolor=\"#CC1718\" width=\"138\"><b><span style=\"color: #ffffff;\">Hauteur x largeur x \u00e9paisseur (mm)<\/span><\/b><\/td>\n<td align=\"CENTER\" bgcolor=\"#CC1718\" width=\"138\"><b><span style=\"color: #ffffff;\">Admission d&rsquo;air<\/span><\/b><\/td>\n<td align=\"CENTER\" bgcolor=\"#CC1718\" width=\"138\"><b><span style=\"color: #ffffff;\">Sortie d&rsquo;air<\/span><\/b><\/td>\n<\/tr>\n<tr>\n<td align=\"CENTER\" bgcolor=\"#CCCCCC\" height=\"17\"><b><span style=\"color: #cc1718;\">3.200.285<\/span><\/b><\/td>\n<td align=\"CENTER\"><span style=\"color: #000000;\">EN-W0<\/span><\/td>\n<td align=\"CENTER\"><span style=\"color: #000000;\">0,5 -1,5  <\/span><\/td>\n<td align=\"CENTER\"><span style=\"color: #000000;\">6,5<\/span><\/td>\n<td align=\"CENTER\"><span style=\"color: #000000;\">10<\/span><\/td>\n<td align=\"CENTER\"><span style=\"color: #000000;\">1,3<\/span><\/td>\n<td align=\"CENTER\"><span style=\"color: #000000;\">1,6<\/span><\/td>\n<td align=\"CENTER\"><span style=\"color: #000000;\">255 x 195 x 93<\/span><\/td>\n<td align=\"CENTER\"><span style=\"color: #000000;\">H 1\/8<\/span><\/td>\n<td align=\"CENTER\"><span style=\"color: #000000;\">M 1\/4<\/span><\/td>\n<\/tr>\n<tr>\n<td align=\"CENTER\" bgcolor=\"#CCCCCC\" height=\"17\"><b><span style=\"color: #cc1718;\">3.200.288<\/span><\/b><\/td>\n<td align=\"CENTER\"><span style=\"color: #000000;\">EN-W5<\/span><\/td>\n<td align=\"CENTER\"><span style=\"color: #000000;\">2,5-5,0  <\/span><\/td>\n<td align=\"CENTER\"><span style=\"color: #000000;\">6,5<\/span><\/td>\n<td align=\"CENTER\"><span style=\"color: #000000;\">10<\/span><\/td>\n<td align=\"CENTER\"><span style=\"color: #000000;\">1,3<\/span><\/td>\n<td align=\"CENTER\"><span style=\"color: #000000;\">1,8<\/span><\/td>\n<td align=\"CENTER\"><span style=\"color: #000000;\">255 x 195 x 93<\/span><\/td>\n<td align=\"CENTER\"><span style=\"color: #000000;\">H 1\/8<\/span><\/td>\n<td align=\"CENTER\"><span style=\"color: #000000;\">M 1\/4<\/span><\/td>\n<\/tr>\n<\/tbody>\n<\/table>\n","protected":false},"excerpt":{"rendered":"<p><img loading=\"lazy\" decoding=\"async\" class=\"alignleft wp-image-9604\" src=\"https:\/\/www.aircompressormpc.com\/wp-content\/uploads\/2023\/02\/ICONO.jpg\" alt=\"\" width=\"90\" height=\"91\" srcset=\"https:\/\/www.aircompressormpc.com\/wp-content\/uploads\/2023\/02\/ICONO.jpg 90w, https:\/\/www.aircompressormpc.com\/wp-content\/uploads\/2023\/02\/ICONO-64x65.jpg 64w\" sizes=\"auto, (max-width: 90px) 100vw, 90px\" \/><\/p>\n","protected":false},"featured_media":9599,"template":"","meta":[],"product_brand":[],"product_cat":[898,1199],"product_tag":[900,1311],"class_list":{"0":"post-14758","1":"product","2":"type-product","3":"status-publish","4":"has-post-thumbnail","6":"product_cat-outil-pneumatique","7":"product_cat-equilibreurs","8":"product_tag-mpc-fr","9":"product_tag-sander-fr","11":"first","12":"instock","13":"shipping-taxable","14":"purchasable","15":"product-type-simple"},"aioseo_notices":[],"_links":{"self":[{"href":"https:\/\/www.aircompressormpc.com\/fr\/wp-json\/wp\/v2\/product\/14758","targetHints":{"allow":["GET"]}}],"collection":[{"href":"https:\/\/www.aircompressormpc.com\/fr\/wp-json\/wp\/v2\/product"}],"about":[{"href":"https:\/\/www.aircompressormpc.com\/fr\/wp-json\/wp\/v2\/types\/product"}],"wp:featuredmedia":[{"embeddable":true,"href":"https:\/\/www.aircompressormpc.com\/fr\/wp-json\/wp\/v2\/media\/9599"}],"wp:attachment":[{"href":"https:\/\/www.aircompressormpc.com\/fr\/wp-json\/wp\/v2\/media?parent=14758"}],"wp:term":[{"taxonomy":"product_brand","embeddable":true,"href":"https:\/\/www.aircompressormpc.com\/fr\/wp-json\/wp\/v2\/product_brand?post=14758"},{"taxonomy":"product_cat","embeddable":true,"href":"https:\/\/www.aircompressormpc.com\/fr\/wp-json\/wp\/v2\/product_cat?post=14758"},{"taxonomy":"product_tag","embeddable":true,"href":"https:\/\/www.aircompressormpc.com\/fr\/wp-json\/wp\/v2\/product_tag?post=14758"}],"curies":[{"name":"wp","href":"https:\/\/api.w.org\/{rel}","templated":true}]}}