{"id":14755,"date":"2023-10-09T06:41:35","date_gmt":"2023-10-09T06:41:35","guid":{"rendered":"https:\/\/www.aircompressormpc.com\/producto\/rouleau-de-tuyau-12-mts\/"},"modified":"2024-10-24T07:03:20","modified_gmt":"2024-10-24T07:03:20","slug":"rouleau-de-tuyau-12-mts","status":"publish","type":"product","link":"https:\/\/www.aircompressormpc.com\/fr\/producto\/rouleau-de-tuyau-12-mts\/","title":{"rendered":"ROULEAU DE TUYAU 12 mts."},"content":{"rendered":"<h1>Enrouleur de tuyau MPC.<\/h1>\n<p>Enrouleur de tuyau en PVC de 12 m\u00e8tres.<\/p>\n<p>Caract\u00e9ristiques :<\/p>\n<p>&#8211; Sortie 1\/4&Prime; &#8211; Tuyau 12&Prime; &#8211; Diam\u00e8tre int\u00e9rieur : 9,5 mm &#8211; Diam\u00e8tre ext\u00e9rieur : 12 mm &#8211; 20 BAR \/ 300 PSI &#8211; Mat\u00e9riau du tuyau : polym\u00e8re hybride.<\/p>\n<table border=\"0\" frame=\"VOID\" rules=\"NONE\" cellspacing=\"0\">\n<colgroup>\n<col width=\"86\" \/>\n<col width=\"86\" \/>\n<col width=\"86\" \/>\n<col width=\"86\" \/><\/colgroup>\n<tbody>\n<tr>\n<td align=\"CENTER\" bgcolor=\"#CD1619\" width=\"86\" height=\"17\"><span style=\"color: #ffffff; font-family: Futura Std Condensed;\">Code<\/span><\/td>\n<td align=\"CENTER\" bgcolor=\"#CD1619\" width=\"86\"><span style=\"color: #ffffff; font-family: Futura Std Condensed;\">Longueur (m)<\/span><\/td>\n<td align=\"CENTER\" bgcolor=\"#CD1619\" width=\"86\"><span style=\"color: #ffffff; font-family: Futura Std Condensed;\">d\/D (mm)<\/span><\/td>\n<td align=\"CENTER\" bgcolor=\"#CD1619\" width=\"86\"><span style=\"color: #ffffff; font-family: Futura Std Condensed;\">P. Travail(Bar)<\/span><\/td>\n<\/tr>\n<tr>\n<td align=\"CENTER\" bgcolor=\"#DCE2EB\" height=\"17\"><b><span style=\"color: #cd1619; font-family: Futura Std Condensed;\">2.232.122<\/span><\/b><\/td>\n<td align=\"CENTER\"><span style=\"color: #000000; font-family: Futura Std Condensed;\">12<\/span><\/td>\n<td align=\"CENTER\"><span style=\"color: #000000; font-family: Futura Std Condensed;\">9,5 x12<\/span><\/td>\n<td align=\"CENTER\"><span style=\"color: #000000; font-family: Futura Std Condensed;\">20<\/span><\/td>\n<\/tr>\n<\/tbody>\n<\/table>\n","protected":false},"excerpt":{"rendered":"<p><img loading=\"lazy\" decoding=\"async\" class=\"alignleft wp-image-15387 size-full\" src=\"https:\/\/www.aircompressormpc.com\/wp-content\/uploads\/2023\/10\/2.232.122.jpg\" alt=\"TUYAU\" width=\"468\" height=\"308\" srcset=\"https:\/\/www.aircompressormpc.com\/wp-content\/uploads\/2023\/10\/2.232.122.jpg 468w, https:\/\/www.aircompressormpc.com\/wp-content\/uploads\/2023\/10\/2.232.122-300x197.jpg 300w, https:\/\/www.aircompressormpc.com\/wp-content\/uploads\/2023\/10\/2.232.122-64x42.jpg 64w\" sizes=\"auto, (max-width: 468px) 100vw, 468px\" \/><\/p>\n","protected":false},"featured_media":11125,"template":"","meta":[],"product_brand":[],"product_cat":[973,1180],"product_tag":[1310,1309],"class_list":{"0":"post-14755","1":"product","2":"type-product","3":"status-publish","4":"has-post-thumbnail","6":"product_cat-accesorios-fr","7":"product_cat-tuyaux","8":"product_tag-enrouleur","9":"product_tag-enrouleur-de-tuyau","11":"first","12":"instock","13":"shipping-taxable","14":"purchasable","15":"product-type-simple"},"aioseo_notices":[],"_links":{"self":[{"href":"https:\/\/www.aircompressormpc.com\/fr\/wp-json\/wp\/v2\/product\/14755","targetHints":{"allow":["GET"]}}],"collection":[{"href":"https:\/\/www.aircompressormpc.com\/fr\/wp-json\/wp\/v2\/product"}],"about":[{"href":"https:\/\/www.aircompressormpc.com\/fr\/wp-json\/wp\/v2\/types\/product"}],"wp:featuredmedia":[{"embeddable":true,"href":"https:\/\/www.aircompressormpc.com\/fr\/wp-json\/wp\/v2\/media\/11125"}],"wp:attachment":[{"href":"https:\/\/www.aircompressormpc.com\/fr\/wp-json\/wp\/v2\/media?parent=14755"}],"wp:term":[{"taxonomy":"product_brand","embeddable":true,"href":"https:\/\/www.aircompressormpc.com\/fr\/wp-json\/wp\/v2\/product_brand?post=14755"},{"taxonomy":"product_cat","embeddable":true,"href":"https:\/\/www.aircompressormpc.com\/fr\/wp-json\/wp\/v2\/product_cat?post=14755"},{"taxonomy":"product_tag","embeddable":true,"href":"https:\/\/www.aircompressormpc.com\/fr\/wp-json\/wp\/v2\/product_tag?post=14755"}],"curies":[{"name":"wp","href":"https:\/\/api.w.org\/{rel}","templated":true}]}}