{"id":14748,"date":"2023-04-12T12:20:08","date_gmt":"2023-04-12T12:20:08","guid":{"rendered":"https:\/\/www.aircompressormpc.com\/producto\/tete-de-cd-1-500\/"},"modified":"2025-04-30T08:50:46","modified_gmt":"2025-04-30T08:50:46","slug":"tete-de-cd-1-500","status":"publish","type":"product","link":"https:\/\/www.aircompressormpc.com\/fr\/producto\/tete-de-cd-1-500\/","title":{"rendered":"T\u00caTE DE CDS-1.500"},"content":{"rendered":"<h1>T\u00eates de compresseur sans huile \u00e0 entra\u00eenement direct.<\/h1>\n<ul>\n<li>T\u00eate coaxiale \u00e0 deux cylindres \u00e0 1.400 tr\/min, avec corps en aluminium moul\u00e9, cylindres rev\u00eatus de c\u00e9ramique. Refroidissement par air forc\u00e9.<\/li>\n<li>Comprend : Condensateur 35mF\/450V. 6.102.369 Amortisseur M-8.<\/li>\n<li>Facilit\u00e9 d&rsquo;utilisation.<\/li>\n<\/ul>\n<table class=\"table table-striped table-bordered attributes-table\" border=\"0\">\n<tbody>\n<tr>\n<th title=\"\" scope=\"col\" data-toggle=\"tooltip\" data-placement=\"top\" data-original-title=\"DN\">Tours<\/th>\n<td>1.400 tr\/min<\/td>\n<\/tr>\n<tr>\n<th title=\"\" scope=\"col\" data-toggle=\"tooltip\" data-placement=\"top\" data-original-title=\"M\/PG\">Pression<\/th>\n<td>9 Bar<\/td>\n<\/tr>\n<tr>\n<th title=\"\" scope=\"col\" data-toggle=\"tooltip\" data-placement=\"top\" data-original-title=\"M\/PG\">Puissance<\/th>\n<td>230\/50\/II<\/td>\n<\/tr>\n<tr>\n<th title=\"\" scope=\"col\" data-toggle=\"tooltip\" data-placement=\"top\" data-original-title=\"M\/PG\">Poids<\/th>\n<td>17,5 kg<\/td>\n<\/tr>\n<tr>\n<th title=\"\" scope=\"col\" data-toggle=\"tooltip\" data-placement=\"top\" data-original-title=\"M\/PG\">Admission d&rsquo;air<\/th>\n<td>210 L \/ min<\/td>\n<\/tr>\n<tr>\n<th title=\"\" scope=\"col\" data-toggle=\"tooltip\" data-placement=\"top\" data-original-title=\"M\/PG\">Capacit\u00e9 d&rsquo;huile<\/th>\n<td>Sans huile<\/td>\n<\/tr>\n<\/tbody>\n<\/table>\n<p><strong>Pi\u00e8ces d\u00e9tach\u00e9es pour t\u00eate :<\/strong> 2.300.107 Filtre d&rsquo;aspiration 1\/2\u2033 2.300.132 Bidon d&rsquo;huile 1l. <strong>Comprend :<\/strong> 6.000.000 Condenseur 35 \u03bcF\/450V. 6.000.369 Amortisseur M-8<\/p>\n","protected":false},"excerpt":{"rendered":"<p><img loading=\"lazy\" decoding=\"async\" class=\"alignleft wp-image-15571 size-full\" src=\"https:\/\/www.aircompressormpc.com\/wp-content\/uploads\/2023\/04\/iconos-cds-1500.jpg\" alt=\"\" width=\"493\" height=\"478\" srcset=\"https:\/\/www.aircompressormpc.com\/wp-content\/uploads\/2023\/04\/iconos-cds-1500.jpg 493w, https:\/\/www.aircompressormpc.com\/wp-content\/uploads\/2023\/04\/iconos-cds-1500-300x291.jpg 300w, https:\/\/www.aircompressormpc.com\/wp-content\/uploads\/2023\/04\/iconos-cds-1500-64x62.jpg 64w\" sizes=\"auto, (max-width: 493px) 100vw, 493px\" \/><\/p>\n<p>&nbsp;<\/p>\n","protected":false},"featured_media":10032,"template":"","meta":[],"product_brand":[],"product_cat":[973,1174,1176],"product_tag":[786,1277],"class_list":{"0":"post-14748","1":"product","2":"type-product","3":"status-publish","4":"has-post-thumbnail","6":"product_cat-accesorios-fr","7":"product_cat-tetes-de-compresseur","8":"product_cat-tetes-sans-huile-silencieuses","9":"product_tag-2-hp-fr","10":"product_tag-tete-coaxiale","12":"first","13":"instock","14":"shipping-taxable","15":"purchasable","16":"product-type-simple"},"aioseo_notices":[],"_links":{"self":[{"href":"https:\/\/www.aircompressormpc.com\/fr\/wp-json\/wp\/v2\/product\/14748","targetHints":{"allow":["GET"]}}],"collection":[{"href":"https:\/\/www.aircompressormpc.com\/fr\/wp-json\/wp\/v2\/product"}],"about":[{"href":"https:\/\/www.aircompressormpc.com\/fr\/wp-json\/wp\/v2\/types\/product"}],"wp:featuredmedia":[{"embeddable":true,"href":"https:\/\/www.aircompressormpc.com\/fr\/wp-json\/wp\/v2\/media\/10032"}],"wp:attachment":[{"href":"https:\/\/www.aircompressormpc.com\/fr\/wp-json\/wp\/v2\/media?parent=14748"}],"wp:term":[{"taxonomy":"product_brand","embeddable":true,"href":"https:\/\/www.aircompressormpc.com\/fr\/wp-json\/wp\/v2\/product_brand?post=14748"},{"taxonomy":"product_cat","embeddable":true,"href":"https:\/\/www.aircompressormpc.com\/fr\/wp-json\/wp\/v2\/product_cat?post=14748"},{"taxonomy":"product_tag","embeddable":true,"href":"https:\/\/www.aircompressormpc.com\/fr\/wp-json\/wp\/v2\/product_tag?post=14748"}],"curies":[{"name":"wp","href":"https:\/\/api.w.org\/{rel}","templated":true}]}}