{"id":14747,"date":"2023-10-09T06:19:08","date_gmt":"2023-10-09T06:19:08","guid":{"rendered":"https:\/\/www.aircompressormpc.com\/producto\/rouleau-de-tuyau-10-mts\/"},"modified":"2024-10-24T06:54:44","modified_gmt":"2024-10-24T06:54:44","slug":"rouleau-de-tuyau-10-mts","status":"publish","type":"product","link":"https:\/\/www.aircompressormpc.com\/fr\/producto\/rouleau-de-tuyau-10-mts\/","title":{"rendered":"ROULEAU DE TUYAU 10 mts."},"content":{"rendered":"<h1>Enrouleur de tuyau MPC.<\/h1>\n<p>Enrouleur de tuyau en PVC de 10 m\u00e8tres.<\/p>\n<p>Caract\u00e9ristiques :<\/p>\n<p>&#8211; Sortie 1\/4&Prime; &#8211; Tuyau 10&Prime; &#8211; Diam\u00e8tre int\u00e9rieur : 8mm &#8211; Diam\u00e8tre ext\u00e9rieur : 12mm &#8211; 10 BAR &#8211; Mat\u00e9riau du tuyau : PVC<\/p>\n<table border=\"0\" frame=\"VOID\" rules=\"NONE\" cellspacing=\"0\">\n<colgroup>\n<col width=\"86\" \/>\n<col width=\"86\" \/>\n<col width=\"86\" \/>\n<col width=\"86\" \/><\/colgroup>\n<tbody>\n<tr>\n<td align=\"CENTER\" bgcolor=\"#CD1619\" width=\"86\" height=\"17\"><span style=\"color: #ffffff; font-family: Futura Std Condensed;\">Code<\/span><\/td>\n<td align=\"CENTER\" bgcolor=\"#CD1619\" width=\"86\"><span style=\"color: #ffffff; font-family: Futura Std Condensed;\">Longueur (m)<\/span><\/td>\n<td align=\"CENTER\" bgcolor=\"#CD1619\" width=\"86\"><span style=\"color: #ffffff; font-family: Futura Std Condensed;\">d\/D (mm)<\/span><\/td>\n<td align=\"CENTER\" bgcolor=\"#CD1619\" width=\"86\"><span style=\"color: #ffffff; font-family: Futura Std Condensed;\">P. Travail(Bar)<\/span><\/td>\n<\/tr>\n<tr>\n<td align=\"CENTER\" bgcolor=\"#DCE2EB\" height=\"17\"><b><span style=\"color: #cd1619; font-family: Futura Std Condensed;\">2.232.121<\/span><\/b><\/td>\n<td align=\"CENTER\"><span style=\"color: #000000; font-family: Futura Std Condensed;\">10<\/span><\/td>\n<td align=\"CENTER\"><span style=\"color: #000000; font-family: Futura Std Condensed;\">8&#215;12<\/span><\/td>\n<td align=\"CENTER\"><span style=\"color: #000000; font-family: Futura Std Condensed;\">10<\/span><\/td>\n<\/tr>\n<\/tbody>\n<\/table>\n","protected":false},"excerpt":{"rendered":"<p><img loading=\"lazy\" decoding=\"async\" class=\"alignleft wp-image-15390 size-full\" src=\"https:\/\/www.aircompressormpc.com\/wp-content\/uploads\/2023\/10\/2.232.121.jpg\" alt=\"\" width=\"468\" height=\"308\" srcset=\"https:\/\/www.aircompressormpc.com\/wp-content\/uploads\/2023\/10\/2.232.121.jpg 468w, https:\/\/www.aircompressormpc.com\/wp-content\/uploads\/2023\/10\/2.232.121-300x197.jpg 300w, https:\/\/www.aircompressormpc.com\/wp-content\/uploads\/2023\/10\/2.232.121-64x42.jpg 64w\" sizes=\"auto, (max-width: 468px) 100vw, 468px\" \/><\/p>\n","protected":false},"featured_media":11131,"template":"","meta":[],"product_brand":[],"product_cat":[973,1180],"product_tag":[1310,1309],"class_list":{"0":"post-14747","1":"product","2":"type-product","3":"status-publish","4":"has-post-thumbnail","6":"product_cat-accesorios-fr","7":"product_cat-tuyaux","8":"product_tag-enrouleur","9":"product_tag-enrouleur-de-tuyau","11":"first","12":"instock","13":"shipping-taxable","14":"purchasable","15":"product-type-simple"},"aioseo_notices":[],"_links":{"self":[{"href":"https:\/\/www.aircompressormpc.com\/fr\/wp-json\/wp\/v2\/product\/14747","targetHints":{"allow":["GET"]}}],"collection":[{"href":"https:\/\/www.aircompressormpc.com\/fr\/wp-json\/wp\/v2\/product"}],"about":[{"href":"https:\/\/www.aircompressormpc.com\/fr\/wp-json\/wp\/v2\/types\/product"}],"wp:featuredmedia":[{"embeddable":true,"href":"https:\/\/www.aircompressormpc.com\/fr\/wp-json\/wp\/v2\/media\/11131"}],"wp:attachment":[{"href":"https:\/\/www.aircompressormpc.com\/fr\/wp-json\/wp\/v2\/media?parent=14747"}],"wp:term":[{"taxonomy":"product_brand","embeddable":true,"href":"https:\/\/www.aircompressormpc.com\/fr\/wp-json\/wp\/v2\/product_brand?post=14747"},{"taxonomy":"product_cat","embeddable":true,"href":"https:\/\/www.aircompressormpc.com\/fr\/wp-json\/wp\/v2\/product_cat?post=14747"},{"taxonomy":"product_tag","embeddable":true,"href":"https:\/\/www.aircompressormpc.com\/fr\/wp-json\/wp\/v2\/product_tag?post=14747"}],"curies":[{"name":"wp","href":"https:\/\/api.w.org\/{rel}","templated":true}]}}