{"id":14745,"date":"2023-05-09T11:24:57","date_gmt":"2023-05-09T11:24:57","guid":{"rendered":"https:\/\/www.aircompressormpc.com\/producto\/reservoirs-horizontaux\/"},"modified":"2024-08-01T07:53:55","modified_gmt":"2024-08-01T07:53:55","slug":"reservoirs-horizontaux","status":"publish","type":"product","link":"https:\/\/www.aircompressormpc.com\/fr\/producto\/reservoirs-horizontaux\/","title":{"rendered":"R\u00c9SERVOIRS HORIZONTAUX"},"content":{"rendered":"<p>R\u00c9SERVOIRS HORIZONTAUX &#8211; Nous disposons d&rsquo;une large gamme de mod\u00e8les de r\u00e9servoirs de compresseurs de diff\u00e9rentes capacit\u00e9s.<br \/>\n* Vanne de vidange automatique en option.<br \/>\n* Fabriqu\u00e9 selon la norme 2009\/105 \/ CE.<br \/>\n* Livr\u00e9es sans accessoires.     <\/p>\n<table style=\"border-collapse: collapse; width: 240pt;\" border=\"0\" width=\"320\" cellspacing=\"0\" cellpadding=\"0\">\n<tbody>\n<tr style=\"height: 15.0pt;\">\n<td style=\"height: 15pt; width: 60pt; text-align: center;\" width=\"80\" height=\"20\">Code<\/td>\n<td style=\"width: 60pt; text-align: center;\" width=\"80\">Caract\u00e9ristiques<\/td>\n<td style=\"width: 60pt; text-align: center;\" width=\"80\">Vol.<\/td>\n<td style=\"width: 60pt; text-align: center;\" width=\"80\">Bar.<\/td>\n<\/tr>\n<tr style=\"height: 15.0pt;\">\n<td class=\"xl65\" style=\"height: 15.0pt;\" align=\"right\" height=\"20\">6.120.006<\/td>\n<td>Peinture (rouge)<\/td>\n<td align=\"right\">25<\/td>\n<td align=\"right\">10<\/td>\n<\/tr>\n<tr style=\"height: 15.0pt;\">\n<td class=\"xl65\" style=\"height: 15.0pt;\" align=\"right\" height=\"20\">6.120.007<\/td>\n<td>Peinture (rouge)<\/td>\n<td align=\"right\">50<\/td>\n<td align=\"right\">10<\/td>\n<\/tr>\n<tr style=\"height: 15.0pt;\">\n<td class=\"xl65\" style=\"height: 15.0pt;\" align=\"right\" height=\"20\">6.120.012<\/td>\n<td>Peinture (rouge)<\/td>\n<td align=\"right\">100<\/td>\n<td align=\"right\">10<\/td>\n<\/tr>\n<tr style=\"height: 15.0pt;\">\n<td class=\"xl65\" style=\"height: 15.0pt;\" align=\"right\" height=\"20\">6.120.015<\/td>\n<td>Peinture (rouge)<\/td>\n<td align=\"right\">200<\/td>\n<td align=\"right\">10<\/td>\n<\/tr>\n<tr style=\"height: 15.0pt;\">\n<td class=\"xl65\" style=\"height: 15.0pt;\" align=\"right\" height=\"20\">6.120.017<\/td>\n<td>Peinture (rouge)<\/td>\n<td align=\"right\">270<\/td>\n<td align=\"right\">10<\/td>\n<\/tr>\n<tr style=\"height: 15.0pt;\">\n<td class=\"xl65\" style=\"height: 15.0pt;\" align=\"right\" height=\"20\">6.120.019<\/td>\n<td>Peinture (rouge)<\/td>\n<td align=\"right\">500<\/td>\n<td align=\"right\">10<\/td>\n<\/tr>\n<\/tbody>\n<\/table>\n<p style=\"text-align: center;\">\n","protected":false},"excerpt":{"rendered":"<p>R\u00c9SERVOIRS HORIZONTAUX &#8211; Nous disposons d&rsquo;une large gamme de mod\u00e8les de r\u00e9servoirs de compresseurs de diff\u00e9rentes capacit\u00e9s. * Vanne de vidange automatique en option. * Fabriqu\u00e9 selon la norme 2009\/105 \/ CE. * Livr\u00e9es sans accessoires. Code Caract\u00e9ristiques Vol. Bar. 6.120.006 Peinture (rouge) 25 10 6.120.007 Peinture (rouge) 50 10 6.120.012 Peinture (rouge) 100 10&hellip;<\/p>\n","protected":false},"featured_media":657,"template":"","meta":[],"product_brand":[],"product_cat":[980,1188],"product_tag":[1308],"class_list":{"0":"post-14745","1":"product","2":"type-product","3":"status-publish","4":"has-post-thumbnail","6":"product_cat-traitement-de-lair","7":"product_cat-reservoir-du-compresseur","8":"product_tag-entrepots","10":"first","11":"instock","12":"shipping-taxable","13":"purchasable","14":"product-type-simple"},"aioseo_notices":[],"_links":{"self":[{"href":"https:\/\/www.aircompressormpc.com\/fr\/wp-json\/wp\/v2\/product\/14745","targetHints":{"allow":["GET"]}}],"collection":[{"href":"https:\/\/www.aircompressormpc.com\/fr\/wp-json\/wp\/v2\/product"}],"about":[{"href":"https:\/\/www.aircompressormpc.com\/fr\/wp-json\/wp\/v2\/types\/product"}],"wp:featuredmedia":[{"embeddable":true,"href":"https:\/\/www.aircompressormpc.com\/fr\/wp-json\/wp\/v2\/media\/657"}],"wp:attachment":[{"href":"https:\/\/www.aircompressormpc.com\/fr\/wp-json\/wp\/v2\/media?parent=14745"}],"wp:term":[{"taxonomy":"product_brand","embeddable":true,"href":"https:\/\/www.aircompressormpc.com\/fr\/wp-json\/wp\/v2\/product_brand?post=14745"},{"taxonomy":"product_cat","embeddable":true,"href":"https:\/\/www.aircompressormpc.com\/fr\/wp-json\/wp\/v2\/product_cat?post=14745"},{"taxonomy":"product_tag","embeddable":true,"href":"https:\/\/www.aircompressormpc.com\/fr\/wp-json\/wp\/v2\/product_tag?post=14745"}],"curies":[{"name":"wp","href":"https:\/\/api.w.org\/{rel}","templated":true}]}}