{"id":14733,"date":"2023-11-27T12:07:45","date_gmt":"2023-11-27T12:07:45","guid":{"rendered":"https:\/\/www.aircompressormpc.com\/producto\/racor-90o-h-h\/"},"modified":"2023-11-27T12:07:45","modified_gmt":"2023-11-27T12:07:45","slug":"racor-90o-h-h","status":"publish","type":"product","link":"https:\/\/www.aircompressormpc.com\/fr\/producto\/racor-90o-h-h\/","title":{"rendered":"RACOR 90\u00ba H-H"},"content":{"rendered":"<h1 class=\"classic-title\" style=\"margin: 0px 0px 16px; font-size: 24px; font-family: 'Open Sans', sans-serif; font-weight: 300; line-height: 30px; color: #444444; padding-bottom: 8px; border-bottom: 1px solid #eeeeee; font-style: normal; letter-spacing: normal; text-indent: 0px; white-space: normal; word-spacing: 0px; background-color: #ffffff; text-transform: capitalize;\"><span style=\"padding-bottom: 8px; border-bottom: 1px solid #d50019; font-weight: 400;\">rACOR 90\u00ba H-H<\/span><\/h1>\n<p>  Raccord filet\u00e9 \u00e0 90\u00b0.<br \/>\nUtilis\u00e9 pour connecter un composant femelle \u00e0 un tube en cuivre\/aluminium \u00e0 angle droit, par l&rsquo;interm\u00e9diaire d&rsquo;un \u00e9crou d&rsquo;\u00e9tanch\u00e9it\u00e9 \u00e0 45\u00b0.   <\/p>\n<table border=\"0\" cellspacing=\"0\">\n<colgroup span=\"8\" width=\"85\"><\/colgroup>\n<tbody>\n<tr>\n<td align=\"center\" bgcolor=\"#CD1619\" height=\"17\"><b><span style=\"color: #ffffff; font-family: Futura Std Condensed;\">Code<\/span><\/b><\/td>\n<td align=\"center\" bgcolor=\"#CD1619\"><b><span style=\"color: #ffffff; font-family: Futura Std Condensed;\">\u00d8F<\/span><\/b><\/td>\n<td align=\"center\" bgcolor=\"#CD1619\"><b><span style=\"color: #ffffff; font-family: Futura Std Condensed;\">\u00d8F1<\/span><\/b><\/td>\n<td align=\"center\" bgcolor=\"#CD1619\"><b><span style=\"color: #ffffff; font-family: Futura Std Condensed;\">I<\/span><\/b><\/td>\n<td align=\"center\" bgcolor=\"#CD1619\"><b><span style=\"color: #ffffff; font-family: Futura Std Condensed;\">I1<\/span><\/b><\/td>\n<td align=\"center\" bgcolor=\"#CD1619\"><b><span style=\"color: #ffffff; font-family: Futura Std Condensed;\">H<\/span><\/b><\/td>\n<td align=\"center\" bgcolor=\"#CD1619\"><b><span style=\"color: #ffffff; font-family: Futura Std Condensed;\">L<\/span><\/b><\/td>\n<td align=\"center\" bgcolor=\"#CD1619\"><b><span style=\"color: #ffffff; font-family: Futura Std Condensed;\">CH<\/span><\/b><\/td>\n<\/tr>\n<tr>\n<td align=\"center\" bgcolor=\"#DCE2EB\" height=\"17\"><b><span style=\"color: #cd1619; font-family: Futura Std Condensed;\">2.414.131<\/span><\/b><\/td>\n<td align=\"center\"><span style=\"font-family: Liberation Serif;\">1\/8\u2033<\/span><\/td>\n<td align=\"center\"><span style=\"font-family: Liberation Serif;\">1\/8\u2033<\/span><\/td>\n<td align=\"center\"><span style=\"color: #000000; font-family: Futura Std Condensed;\">8<\/span><\/td>\n<td align=\"center\"><span style=\"color: #000000; font-family: Futura Std Condensed;\">8<\/span><\/td>\n<td align=\"center\"><span style=\"color: #000000; font-family: Futura Std Condensed;\">18,5<\/span><\/td>\n<td align=\"center\"><span style=\"color: #000000; font-family: Futura Std Condensed;\">21<\/span><\/td>\n<td align=\"center\"><span style=\"color: #000000; font-family: Futura Std Condensed;\">10<\/span><\/td>\n<\/tr>\n<tr>\n<td align=\"center\" bgcolor=\"#DCE2EB\" height=\"17\"><b><span style=\"color: #cd1619; font-family: Futura Std Condensed;\">2.414.132<\/span><\/b><\/td>\n<td align=\"center\"><span style=\"font-family: Liberation Serif;\">1\/4\u2033<\/span><\/td>\n<td align=\"center\"><span style=\"font-family: Liberation Serif;\">1\/4\u2033<\/span><\/td>\n<td align=\"center\"><span style=\"color: #000000; font-family: Futura Std Condensed;\">11<\/span><\/td>\n<td align=\"center\"><span style=\"color: #000000; font-family: Futura Std Condensed;\">11<\/span><\/td>\n<td align=\"center\"><span style=\"color: #000000; font-family: Futura Std Condensed;\">23,5<\/span><\/td>\n<td align=\"center\"><span style=\"color: #000000; font-family: Futura Std Condensed;\">23,5<\/span><\/td>\n<td align=\"center\"><span style=\"color: #000000; font-family: Futura Std Condensed;\">13<\/span><\/td>\n<\/tr>\n<tr>\n<td align=\"center\" bgcolor=\"#DCE2EB\" height=\"17\"><b><span style=\"color: #cd1619; font-family: Futura Std Condensed;\">2.414.133<\/span><\/b><\/td>\n<td align=\"center\"><span style=\"font-family: Liberation Serif;\">3\/8\u2033<\/span><\/td>\n<td align=\"center\"><span style=\"font-family: Liberation Serif;\">3\/8\u2033<\/span><\/td>\n<td align=\"center\"><span style=\"color: #000000; font-family: Futura Std Condensed;\">11,5<\/span><\/td>\n<td align=\"center\"><span style=\"color: #000000; font-family: Futura Std Condensed;\">11,5<\/span><\/td>\n<td align=\"center\"><span style=\"color: #000000; font-family: Futura Std Condensed;\">26<\/span><\/td>\n<td align=\"center\"><span style=\"color: #000000; font-family: Futura Std Condensed;\">28<\/span><\/td>\n<td align=\"center\"><span style=\"color: #000000; font-family: Futura Std Condensed;\">17<\/span><\/td>\n<\/tr>\n<tr>\n<td align=\"center\" bgcolor=\"#DCE2EB\" height=\"17\"><b><span style=\"color: #cd1619; font-family: Futura Std Condensed;\">2.414.134<\/span><\/b><\/td>\n<td align=\"center\"><span style=\"font-family: Liberation Serif;\">1\/2\u2033<\/span><\/td>\n<td align=\"center\"><span style=\"font-family: Liberation Serif;\">1\/2\u2033<\/span><\/td>\n<td align=\"center\"><span style=\"color: #000000; font-family: Futura Std Condensed;\">14<\/span><\/td>\n<td align=\"center\"><span style=\"color: #000000; font-family: Futura Std Condensed;\">14<\/span><\/td>\n<td align=\"center\"><span style=\"color: #000000; font-family: Futura Std Condensed;\">31<\/span><\/td>\n<td align=\"center\"><span style=\"color: #000000; font-family: Futura Std Condensed;\">33,5<\/span><\/td>\n<td align=\"center\"><span style=\"color: #000000; font-family: Futura Std Condensed;\">21<\/span><\/td>\n<\/tr>\n<tr>\n<td align=\"center\" bgcolor=\"#DCE2EB\" height=\"17\"><b><span style=\"color: #cd1619; font-family: Futura Std Condensed;\">2.414.135<\/span><\/b><\/td>\n<td align=\"center\"><span style=\"font-family: Liberation Serif;\">3\/4\u2033<\/span><\/td>\n<td align=\"center\"><span style=\"font-family: Liberation Serif;\">3\/4\u2033<\/span><\/td>\n<td align=\"center\"><span style=\"color: #000000; font-family: Futura Std Condensed;\">16<\/span><\/td>\n<td align=\"center\"><span style=\"color: #000000; font-family: Futura Std Condensed;\">16,5<\/span><\/td>\n<td align=\"center\"><span style=\"color: #000000; font-family: Futura Std Condensed;\">33<\/span><\/td>\n<td align=\"center\"><span style=\"color: #000000; font-family: Futura Std Condensed;\">36,5<\/span><\/td>\n<td align=\"center\"><span style=\"color: #000000; font-family: Futura Std Condensed;\">25<\/span><\/td>\n<\/tr>\n<tr>\n<td align=\"center\" bgcolor=\"#DCE2EB\" height=\"17\"><b><span style=\"color: #cd1619; font-family: Futura Std Condensed;\">2.414.136<\/span><\/b><\/td>\n<td align=\"center\"><span style=\"font-family: Liberation Serif;\">1&Prime;<\/span><\/td>\n<td align=\"center\"><span style=\"font-family: Liberation Serif;\">1&Prime;<\/span><\/td>\n<td align=\"center\"><span style=\"color: #000000; font-family: Futura Std Condensed;\">17<\/span><\/td>\n<td align=\"center\"><span style=\"color: #000000; font-family: Futura Std Condensed;\">19<\/span><\/td>\n<td align=\"center\"><span style=\"color: #000000; font-family: Futura Std Condensed;\">39<\/span><\/td>\n<td align=\"center\"><span style=\"color: #000000; font-family: Futura Std Condensed;\">45<\/span><\/td>\n<td align=\"center\"><span style=\"color: #000000; font-family: Futura Std Condensed;\">30<\/span><\/td>\n<\/tr>\n<\/tbody>\n<\/table>\n","protected":false},"excerpt":{"rendered":"<p><img loading=\"lazy\" decoding=\"async\" class=\"alignleft wp-image-11647 size-full\" src=\"https:\/\/www.aircompressormpc.com\/wp-content\/uploads\/2023\/11\/ICONOS-RACOR.jpg\" alt=\"\" width=\"369\" height=\"121\" srcset=\"https:\/\/www.aircompressormpc.com\/wp-content\/uploads\/2023\/11\/ICONOS-RACOR.jpg 369w, https:\/\/www.aircompressormpc.com\/wp-content\/uploads\/2023\/11\/ICONOS-RACOR-300x98.jpg 300w, https:\/\/www.aircompressormpc.com\/wp-content\/uploads\/2023\/11\/ICONOS-RACOR-64x21.jpg 64w\" sizes=\"auto, (max-width: 369px) 100vw, 369px\" \/><\/p>\n","protected":false},"featured_media":11757,"template":"","meta":[],"product_brand":[],"product_cat":[973,1305,1182],"product_tag":[1306,900],"class_list":{"0":"post-14733","1":"product","2":"type-product","3":"status-publish","4":"has-post-thumbnail","6":"product_cat-accesorios-fr","7":"product_cat-raccords-pneumatiques","8":"product_cat-raccords","9":"product_tag-bouchon-rapide","10":"product_tag-mpc-fr","12":"first","13":"instock","14":"shipping-taxable","15":"purchasable","16":"product-type-simple"},"aioseo_notices":[],"_links":{"self":[{"href":"https:\/\/www.aircompressormpc.com\/fr\/wp-json\/wp\/v2\/product\/14733","targetHints":{"allow":["GET"]}}],"collection":[{"href":"https:\/\/www.aircompressormpc.com\/fr\/wp-json\/wp\/v2\/product"}],"about":[{"href":"https:\/\/www.aircompressormpc.com\/fr\/wp-json\/wp\/v2\/types\/product"}],"wp:featuredmedia":[{"embeddable":true,"href":"https:\/\/www.aircompressormpc.com\/fr\/wp-json\/wp\/v2\/media\/11757"}],"wp:attachment":[{"href":"https:\/\/www.aircompressormpc.com\/fr\/wp-json\/wp\/v2\/media?parent=14733"}],"wp:term":[{"taxonomy":"product_brand","embeddable":true,"href":"https:\/\/www.aircompressormpc.com\/fr\/wp-json\/wp\/v2\/product_brand?post=14733"},{"taxonomy":"product_cat","embeddable":true,"href":"https:\/\/www.aircompressormpc.com\/fr\/wp-json\/wp\/v2\/product_cat?post=14733"},{"taxonomy":"product_tag","embeddable":true,"href":"https:\/\/www.aircompressormpc.com\/fr\/wp-json\/wp\/v2\/product_tag?post=14733"}],"curies":[{"name":"wp","href":"https:\/\/api.w.org\/{rel}","templated":true}]}}